{"id":7918,"date":"2023-02-23T16:23:04","date_gmt":"2023-02-23T22:23:04","guid":{"rendered":"https:\/\/tecsecmty.com\/index.php\/producto\/saxxon-lkv314pro-divisor-de-video-hdmi-1-entrada-y-4-salidas-soporta-resolucion-ultra-hd-4k-2k-30hz-soporta-3d-distancia-de-conexion-a-30-metros-en-entrada-y-25-metros-en-la-salida-audio-d\/"},"modified":"2023-03-22T23:23:54","modified_gmt":"2023-03-23T05:23:54","slug":"saxxon-lkv314pro-divisor-de-video-hdmi-1-entrada-y-4-salidas-soporta-resolucion-ultra-hd-4k-2k-30hz-soporta-3d-distancia-de-conexion-a-30-metros-en-entrada-y-25-metros-en-la-salida-audio-d","status":"publish","type":"product","link":"https:\/\/tecsecmty.com\/index.php\/producto\/saxxon-lkv314pro-divisor-de-video-hdmi-1-entrada-y-4-salidas-soporta-resolucion-ultra-hd-4k-2k-30hz-soporta-3d-distancia-de-conexion-a-30-metros-en-entrada-y-25-metros-en-la-salida-audio-d\/","title":{"rendered":"SAXXON LKV314PRO &#8211; Divisor de Video HDMI\/ 1 Entrada y 4 Salidas\/ Soporta Resoluci\u00f3n Ultra HD, 4K &amp; 2K @ 30Hz\/ Soporta 3D\/ Distancia de conexi\u00f3n a 30 Metros en Entrada y 25 Metros en la Salida\/ Audio de Alta Definici\u00f3n\/"},"content":{"rendered":"<div class=\"row aling-items-center padding-bottom-2x\">\n<div class=\"col-lg-12\">\n<h3 class=\"ql-align-justify\">Los divisores LKV314PRO distribuyen se\u00f1ales HDMI de 1 v\u00eda desde se\u00f1ales STB, reproductores de DVD Blu-ray o PS3, etc. a 4 se\u00f1ales HDMI para conectar el proyector, DLP, LCD u otras pantallas HD simult\u00e1neamente.<\/h3>\n<\/div>\n<\/div>\n<div class=\"row aling-items-center padding-bottom-2x\">\n<div class=\"col-lg-12\">\n<h5 class=\"card-title text-center\">Soporte para m\u00faltiples resoluciones de video<\/h5>\n<h3 class=\"ql-align-justify\">Los equipos LKV318PRO soportan m\u00faltiples formatos de se\u00f1ales, los cuales pueden ser desde se\u00f1ales ultra HD como 4K x 2K\u00a0(3840\u00a0x\u00a02160\u00a0@\u00a030Hz)\u00a0y 1080p\u00a0Full\u00a0HD, as\u00ed como tambi\u00e9n los siguientes tipos de resoluciones:\u00a0480i@60Hz, 480p@60Hz, 576i@50Hz, 576p@50Hz, 720p@50\/60Hz, 1080i@50\/60Hz, 1080p@50\/60Hz, 1080p@24Hz 3D, 720p@50\/60Hz 3D, 4K\u00d72K@30Hz.<\/h3>\n<p><img decoding=\"async\" class=\"overview-center-img-\" src=\"https:\/\/tvc.mx\/media\/11389\/LKV314PRO_1.png\" alt=\"\" \/><\/div>\n<\/div>\n<div class=\"row aling-items-center padding-bottom-2x\">\n<div class=\"col-lg-12\">\n<h5 class=\"card-title text-center\">Soporte a salidas de audio digitales.<\/h5>\n<h3 class=\"ql-align-justify\">Admite el formato de audio digital, como el soporte de audio de alta definici\u00f3n: Dolby TrueHD y DTS-HD M\u00e1ster Audio.<\/h3>\n<p><img decoding=\"async\" class=\"overview-center-img-\" src=\"https:\/\/tvc.mx\/media\/11390\/LKV314PRO_2.png\" alt=\"\" \/><\/div>\n<\/div>\n<div class=\"row aling-items-center padding-bottom-2x\">\n<div class=\"col-lg-12\">\n<h5 class=\"card-title text-center\">Especificaciones t\u00e9cnicas<\/h5>\n<h3 class=\"ql-align-justify\">Compatible con HDCP<\/h3>\n<h3 class=\"ql-align-justify\">Tasa m\u00e1xima de transferencia: 10.2Gbps.<\/h3>\n<h3 class=\"ql-align-justify\">Temperatura de operaci\u00f3n: -10\u00b0C ~ 55\u00b0C.<\/h3>\n<h3 class=\"ql-align-justify\">Temperatura de almacenamiento: -20\u00b0C ~ 70\u00b0C.<\/h3>\n<h3 class=\"ql-align-justify\">Humedad de operaci\u00f3n (sin condensaci\u00f3n): 0 ~ 95%.<\/h3>\n<h3 class=\"ql-align-justify\">Material de fabricaci\u00f3n: Aleaci\u00f3n de aluminio.<\/h3>\n<p><img decoding=\"async\" class=\"overview-center-img-\" src=\"https:\/\/tvc.mx\/media\/11416\/Especificaciones.png\" alt=\"\" \/><\/div>\n<\/div>\n","protected":false},"excerpt":{"rendered":"<p>Los divisores LKV314PRO distribuyen se\u00f1ales HDMI de 1 v\u00eda desde se\u00f1ales STB, reproductores de DVD Blu-ray o PS3, etc. a 4 se\u00f1ales HDMI para conectar el proyector, DLP, LCD u otras pantallas HD simult\u00e1neamente. Soporte para m\u00faltiples resoluciones de video Los equipos LKV318PRO soportan m\u00faltiples&hellip;<\/p>\n","protected":false},"featured_media":7917,"comment_status":"open","ping_status":"closed","template":"","meta":{"om_disable_all_campaigns":false,"_monsterinsights_skip_tracking":false,"_monsterinsights_sitenote_active":false,"_monsterinsights_sitenote_note":"","_monsterinsights_sitenote_category":0},"product_brand":[],"product_cat":[714],"product_tag":[613,611,612,616,615,610,614,617],"class_list":{"0":"post-7918","1":"product","2":"type-product","3":"status-publish","4":"has-post-thumbnail","6":"product_cat-divisores-splitters-video-hdmi-saxxon-video-vigilancia","7":"product_tag-bosch","8":"product_tag-manhattan","9":"product_tag-saxxon","10":"product_tag-surveon","11":"product_tag-utepo","12":"product_tag-videovigilancia","13":"product_tag-vivotek","14":"product_tag-zteco","16":"first","17":"instock","18":"sale","19":"taxable","20":"shipping-taxable","21":"purchasable","22":"product-type-simple"},"aioseo_notices":[],"_links":{"self":[{"href":"https:\/\/tecsecmty.com\/index.php\/wp-json\/wp\/v2\/product\/7918","targetHints":{"allow":["GET"]}}],"collection":[{"href":"https:\/\/tecsecmty.com\/index.php\/wp-json\/wp\/v2\/product"}],"about":[{"href":"https:\/\/tecsecmty.com\/index.php\/wp-json\/wp\/v2\/types\/product"}],"replies":[{"embeddable":true,"href":"https:\/\/tecsecmty.com\/index.php\/wp-json\/wp\/v2\/comments?post=7918"}],"version-history":[{"count":0,"href":"https:\/\/tecsecmty.com\/index.php\/wp-json\/wp\/v2\/product\/7918\/revisions"}],"wp:featuredmedia":[{"embeddable":true,"href":"https:\/\/tecsecmty.com\/index.php\/wp-json\/wp\/v2\/media\/7917"}],"wp:attachment":[{"href":"https:\/\/tecsecmty.com\/index.php\/wp-json\/wp\/v2\/media?parent=7918"}],"wp:term":[{"taxonomy":"product_brand","embeddable":true,"href":"https:\/\/tecsecmty.com\/index.php\/wp-json\/wp\/v2\/product_brand?post=7918"},{"taxonomy":"product_cat","embeddable":true,"href":"https:\/\/tecsecmty.com\/index.php\/wp-json\/wp\/v2\/product_cat?post=7918"},{"taxonomy":"product_tag","embeddable":true,"href":"https:\/\/tecsecmty.com\/index.php\/wp-json\/wp\/v2\/product_tag?post=7918"}],"curies":[{"name":"wp","href":"https:\/\/api.w.org\/{rel}","templated":true}]}}