{"id":7920,"date":"2023-02-23T16:23:06","date_gmt":"2023-02-23T22:23:06","guid":{"rendered":"https:\/\/tecsecmty.com\/index.php\/producto\/saxxon-lkv314v20-divisor-de-video-hdmi-1-entrada-y-4-salidas-soporta-resoluciones-de-hasta-4k-2k-60hz-compatible-con-hdmi2-0-y-hdcp2-0-soporta-hdmi-3d\/"},"modified":"2023-03-22T23:23:54","modified_gmt":"2023-03-23T05:23:54","slug":"saxxon-lkv314v20-divisor-de-video-hdmi-1-entrada-y-4-salidas-soporta-resoluciones-de-hasta-4k-2k-60hz-compatible-con-hdmi2-0-y-hdcp2-0-soporta-hdmi-3d","status":"publish","type":"product","link":"https:\/\/tecsecmty.com\/index.php\/producto\/saxxon-lkv314v20-divisor-de-video-hdmi-1-entrada-y-4-salidas-soporta-resoluciones-de-hasta-4k-2k-60hz-compatible-con-hdmi2-0-y-hdcp2-0-soporta-hdmi-3d\/","title":{"rendered":"SAXXON LKV314V20- Divisor de Video HDMI\/ 1 Entrada y 4 Salidas\/ Soporta Resoluciones de Hasta 4k &amp; 2k @ 60Hz\/ Compatible con HDMI2.0 y HDCP2.0\/ Soporta HDMI 3D"},"content":{"rendered":"<div class=\"row aling-items-center padding-bottom-2x\">\n<div class=\"col-lg-12\">\n<h5 class=\"card-title text-center\">Informaci\u00f3n general.<\/h5>\n<p>Este divisor HDMI distribuye la se\u00f1al HDMI de 1 v\u00eda desde STB, reproductores de DVD Blu-ray o PS3, etc., a se\u00f1ales HDMI id\u00e9nticas de 4 v\u00edas para conectar a un proyector, DLP, LCD u otras pantallas HD simult\u00e1neamente. Sus resoluciones admitidas son de hasta 4K @ 60Hz y HDCP2.2, especificaciones.\u00a0Es compatible con HDMI 3D.<\/p>\n<p><img decoding=\"async\" class=\"overview-center-img-web\" src=\"https:\/\/tvc.mx\/media\/114477\/SAXXON-LKV314V20-Divisor-HDMI-de-1-entrada-y-4-salidas-Banner.png\" alt=\"\" \/><\/div>\n<\/div>\n<div class=\"row align-items-center padding-bottom-2x\">\n<div class=\"col-md-5\"><img decoding=\"async\" class=\"d-block m-auto img-thumbnail\" src=\"https:\/\/tvc.mx\/media\/114481\/SAXXON-LKV314V20-Divisor-HDMI-de-1-entrada-y-4-salidas-OVL1.png\" alt=\" \" \/><\/div>\n<div class=\"col-md-7 text-md-left text-center\">\n<h2>Caracter\u00edsticas.<\/h2>\n<p class=\"text-muted\">\n<ul>\n<li class=\"ql-align-justify\">Distribuya 1 fuente HDMI a 4 pantallas HDMI<\/li>\n<li class=\"ql-align-justify\">Soporta resoluci\u00f3n hasta ultra HD 4K\u00a0\u00d7\u00a02K @ 60Hz<\/li>\n<li class=\"ql-align-justify\">Soporta mayor ancho de banda de hasta 18Gpbs<\/li>\n<li class=\"ql-align-justify\">Soporte HDMI 3D<\/li>\n<li class=\"ql-align-justify\">Plug and play, f\u00e1cil de usar<\/li>\n<li class=\"ql-align-justify\">Buena Compatibilidad<\/li>\n<li class=\"ql-align-justify\">Dise\u00f1o de disipador t\u00e9rmico de metal.\u00a0M\u00e1s estable<\/li>\n<li class=\"ql-align-justify\">HDMI2.0 y compatible con HDCP2.0<\/li>\n<li class=\"ql-align-justify\">Incluye fuente de alimentaci\u00f3n externa de 5V DC<\/li>\n<li class=\"ql-align-justify\">Distancia m\u00e1xima hasta 5 metros en HDMI<\/li>\n<\/ul>\n<p>&nbsp;<\/p>\n<\/div>\n<\/div>\n<hr class=\"padding-bottom-2x\" \/>\n<div class=\"row align-items-center padding-bottom-2x\">\n<div class=\"col-md-5 order-md-2\"><img decoding=\"async\" class=\"d-block m-auto img-thumbnail\" src=\"https:\/\/tvc.mx\/media\/114493\/SAXXON-LKV314V20-Divisor-HDMI-de-1-entrada-y-4-salidas-OVL2.png\" alt=\" \" \/><\/div>\n<div class=\"col-md-7 order-md-1 text-md-left text-center\">\n<h2>Especificaciones.<\/h2>\n<p class=\"text-muted\">\n<ul>\n<li>Puertos de entrada: 1 x HDMI.<\/li>\n<li>Puertos de salida: 4 x HDMI.<\/li>\n<li>Led indicador de encendido: 1.<\/li>\n<li>Led indicador de se\u00f1al: 4.<\/li>\n<li>HDMI versi\u00f3n: Compatible con DVI1.0. HDMI1.4, HDMI2.0.<\/li>\n<li>HDCP version: Compatible con HDCP1.4, HDCP2.2.<\/li>\n<li>Rango de frecuencia: 25Mhz &#8211; 600Mhz.<\/li>\n<li>Formulario de video: Soporta video Full HD de 12 bits, 3D y 4kx2K@30\/60Hz ultra HD video.<\/li>\n<li>Salidas y entradas de se\u00f1al TMDS: .5-1.5Vp-p (TMDS).<\/li>\n<li>Salida y entrada de se\u00f1al DDC: 5Vp-p (TTL).<\/li>\n<li>Audio: Soporta audio estandar, DSD (Transmision directa digital) y HD(HBR) audio.<\/li>\n<li>Resoluci\u00f3n HDMI: 480i, 480p, 756i, 720p, 1080i, 1080p, 4kx2k@24\/25\/30\/60Hz.<\/li>\n<li>Temperatura de trabajo: 0\u00b0C &#8211; 60\u00b0C.<\/li>\n<li>Fuente de poder: DC5V \/ 2A.<\/li>\n<li>Consumo: &lt;8W.<\/li>\n<li>Dimensiones: 158mm A x 80mm P x 17mm A.<\/li>\n<li>Peso: 196g.<\/li>\n<li>Color: Negro.<\/li>\n<\/ul>\n<p>&nbsp;<\/p>\n<\/div>\n<\/div>\n<hr class=\"padding-bottom-2x\" \/>\n<div class=\"row aling-items-center padding-bottom-2x\">\n<div class=\"col-lg-12\">\n<h5 class=\"card-title text-center\">Aplicaciones.<\/h5>\n<p>&nbsp;<\/p>\n<p><img decoding=\"async\" class=\"overview-center-img-web\" src=\"https:\/\/tvc.mx\/media\/114497\/SAXXON-LKV314V20-Divisor-HDMI-de-1-entrada-y-4-salidas-Banner2.png\" alt=\"\" \/><\/div>\n<\/div>\n","protected":false},"excerpt":{"rendered":"<p>Informaci\u00f3n general. Este divisor HDMI distribuye la se\u00f1al HDMI de 1 v\u00eda desde STB, reproductores de DVD Blu-ray o PS3, etc., a se\u00f1ales HDMI id\u00e9nticas de 4 v\u00edas para conectar a un proyector, DLP, LCD u otras pantallas HD simult\u00e1neamente. Sus resoluciones admitidas son de&hellip;<\/p>\n","protected":false},"featured_media":7919,"comment_status":"open","ping_status":"closed","template":"","meta":{"om_disable_all_campaigns":false,"_monsterinsights_skip_tracking":false,"_monsterinsights_sitenote_active":false,"_monsterinsights_sitenote_note":"","_monsterinsights_sitenote_category":0},"product_brand":[],"product_cat":[714],"product_tag":[613,611,612,616,615,610,614,617],"class_list":{"0":"post-7920","1":"product","2":"type-product","3":"status-publish","4":"has-post-thumbnail","6":"product_cat-divisores-splitters-video-hdmi-saxxon-video-vigilancia","7":"product_tag-bosch","8":"product_tag-manhattan","9":"product_tag-saxxon","10":"product_tag-surveon","11":"product_tag-utepo","12":"product_tag-videovigilancia","13":"product_tag-vivotek","14":"product_tag-zteco","16":"first","17":"instock","18":"sale","19":"taxable","20":"shipping-taxable","21":"purchasable","22":"product-type-simple"},"aioseo_notices":[],"_links":{"self":[{"href":"https:\/\/tecsecmty.com\/index.php\/wp-json\/wp\/v2\/product\/7920","targetHints":{"allow":["GET"]}}],"collection":[{"href":"https:\/\/tecsecmty.com\/index.php\/wp-json\/wp\/v2\/product"}],"about":[{"href":"https:\/\/tecsecmty.com\/index.php\/wp-json\/wp\/v2\/types\/product"}],"replies":[{"embeddable":true,"href":"https:\/\/tecsecmty.com\/index.php\/wp-json\/wp\/v2\/comments?post=7920"}],"version-history":[{"count":0,"href":"https:\/\/tecsecmty.com\/index.php\/wp-json\/wp\/v2\/product\/7920\/revisions"}],"wp:featuredmedia":[{"embeddable":true,"href":"https:\/\/tecsecmty.com\/index.php\/wp-json\/wp\/v2\/media\/7919"}],"wp:attachment":[{"href":"https:\/\/tecsecmty.com\/index.php\/wp-json\/wp\/v2\/media?parent=7920"}],"wp:term":[{"taxonomy":"product_brand","embeddable":true,"href":"https:\/\/tecsecmty.com\/index.php\/wp-json\/wp\/v2\/product_brand?post=7920"},{"taxonomy":"product_cat","embeddable":true,"href":"https:\/\/tecsecmty.com\/index.php\/wp-json\/wp\/v2\/product_cat?post=7920"},{"taxonomy":"product_tag","embeddable":true,"href":"https:\/\/tecsecmty.com\/index.php\/wp-json\/wp\/v2\/product_tag?post=7920"}],"curies":[{"name":"wp","href":"https:\/\/api.w.org\/{rel}","templated":true}]}}