{"id":7922,"date":"2023-02-23T16:23:08","date_gmt":"2023-02-23T22:23:08","guid":{"rendered":"https:\/\/tecsecmty.com\/index.php\/producto\/saxxon-lkv318hdr-v2-0-divisor-de-video-hdmi-de-1-entrada-y-8-salidas-soporta-resolucion-ultra-hd-4k2k-30-hz-distancia-de-10-metros-en-entrada-y-salida-switch-edid\/"},"modified":"2023-03-22T23:23:55","modified_gmt":"2023-03-23T05:23:55","slug":"saxxon-lkv318hdr-v2-0-divisor-de-video-hdmi-de-1-entrada-y-8-salidas-soporta-resolucion-ultra-hd-4k2k-30-hz-distancia-de-10-metros-en-entrada-y-salida-switch-edid","status":"publish","type":"product","link":"https:\/\/tecsecmty.com\/index.php\/producto\/saxxon-lkv318hdr-v2-0-divisor-de-video-hdmi-de-1-entrada-y-8-salidas-soporta-resolucion-ultra-hd-4k2k-30-hz-distancia-de-10-metros-en-entrada-y-salida-switch-edid\/","title":{"rendered":"SAXXON LKV318HDR-V2.0 &#8211; Divisor de Video HDMI de 1 Entrada y 8 Salidas\/ Soporta Resoluci\u00f3n Ultra HD 4K&amp;2K @30 Hz\/ Distancia de 10 Metros en Entrada y Salida\/ Switch EDID\/"},"content":{"rendered":"<h5 class=\"card-title text-center\">Informaci\u00f3n General<\/h5>\n<p>El divisor o splitter HDMI de Saxxon con amplificador de se\u00f1al, 2 salidas, te permitir\u00e1 enviar audio y video digital a dos pantallas al mismo tiempo desde una sola fuente, ya sea de un Blu-Ray, DVD, consola de videojuegos o un decodificador satelital o de cable.<\/p>\n<p>Gracias a su amplificador de se\u00f1al HDMI, no perder\u00e1s calidad en imagen ni sonido, a pesar de la divisi\u00f3n.<\/p>\n<p>Es ideal para restaurantes, hoteles, salas de espera o cualquier lugar en donde se necesite ver la misma imagen en diferentes zonas o direcciones.<\/p>\n<p>Su instalaci\u00f3n es muy sencilla, ya que cada puerto HDMI est\u00e1 debidamente se\u00f1alado como entrada(input) o salidas(output), para que \u00fanicamente conectes los cables desde la fuente de audio y video al divisor y de ah\u00ed a las pantallas.<\/p>\n<p>Soporta resoluciones 4K, 2K o Full HD 1080p y HDCP, para transmitir aun cuando el contenido est\u00e9 protegido.<\/p>\n<p>Tiene dise\u00f1o compacto y discreto para que lo instales, sin que estorbe.<\/p>\n<p>Es compatible con equipos que cuentan con entrada HDMI* de las marcas de mayor prestigio, como LG*, Samsung*, Sony*, Polaroid*, Panasonic*, SHARP*, Philips**, JVC*, XBOX*, PlayStation*, etc.<\/p>\n","protected":false},"excerpt":{"rendered":"<p>Informaci\u00f3n General El divisor o splitter HDMI de Saxxon con amplificador de se\u00f1al, 2 salidas, te permitir\u00e1 enviar audio y video digital a dos pantallas al mismo tiempo desde una sola fuente, ya sea de un Blu-Ray, DVD, consola de videojuegos o un decodificador satelital&hellip;<\/p>\n","protected":false},"featured_media":7921,"comment_status":"open","ping_status":"closed","template":"","meta":{"om_disable_all_campaigns":false,"_monsterinsights_skip_tracking":false,"_monsterinsights_sitenote_active":false,"_monsterinsights_sitenote_note":"","_monsterinsights_sitenote_category":0},"product_brand":[],"product_cat":[714],"product_tag":[613,611,612,616,615,610,614,617],"class_list":{"0":"post-7922","1":"product","2":"type-product","3":"status-publish","4":"has-post-thumbnail","6":"product_cat-divisores-splitters-video-hdmi-saxxon-video-vigilancia","7":"product_tag-bosch","8":"product_tag-manhattan","9":"product_tag-saxxon","10":"product_tag-surveon","11":"product_tag-utepo","12":"product_tag-videovigilancia","13":"product_tag-vivotek","14":"product_tag-zteco","16":"first","17":"instock","18":"sale","19":"taxable","20":"shipping-taxable","21":"purchasable","22":"product-type-simple"},"aioseo_notices":[],"_links":{"self":[{"href":"https:\/\/tecsecmty.com\/index.php\/wp-json\/wp\/v2\/product\/7922","targetHints":{"allow":["GET"]}}],"collection":[{"href":"https:\/\/tecsecmty.com\/index.php\/wp-json\/wp\/v2\/product"}],"about":[{"href":"https:\/\/tecsecmty.com\/index.php\/wp-json\/wp\/v2\/types\/product"}],"replies":[{"embeddable":true,"href":"https:\/\/tecsecmty.com\/index.php\/wp-json\/wp\/v2\/comments?post=7922"}],"version-history":[{"count":0,"href":"https:\/\/tecsecmty.com\/index.php\/wp-json\/wp\/v2\/product\/7922\/revisions"}],"wp:featuredmedia":[{"embeddable":true,"href":"https:\/\/tecsecmty.com\/index.php\/wp-json\/wp\/v2\/media\/7921"}],"wp:attachment":[{"href":"https:\/\/tecsecmty.com\/index.php\/wp-json\/wp\/v2\/media?parent=7922"}],"wp:term":[{"taxonomy":"product_brand","embeddable":true,"href":"https:\/\/tecsecmty.com\/index.php\/wp-json\/wp\/v2\/product_brand?post=7922"},{"taxonomy":"product_cat","embeddable":true,"href":"https:\/\/tecsecmty.com\/index.php\/wp-json\/wp\/v2\/product_cat?post=7922"},{"taxonomy":"product_tag","embeddable":true,"href":"https:\/\/tecsecmty.com\/index.php\/wp-json\/wp\/v2\/product_tag?post=7922"}],"curies":[{"name":"wp","href":"https:\/\/api.w.org\/{rel}","templated":true}]}}