{"id":7924,"date":"2023-02-23T16:23:09","date_gmt":"2023-02-23T22:23:09","guid":{"rendered":"https:\/\/tecsecmty.com\/index.php\/producto\/saxxon-lkv401ms-switch-de-video-hdmi-multivista-para-4-entradas-y-1-salida-resolucion-1080p60hz-multiples-modos-de-vista-modo-dual-y-3-modos-cuadruples-muestra-el-video-de-4-dispositivos-en-un-m\/"},"modified":"2023-03-22T23:23:56","modified_gmt":"2023-03-23T05:23:56","slug":"saxxon-lkv401ms-switch-de-video-hdmi-multivista-para-4-entradas-y-1-salida-resolucion-1080p60hz-multiples-modos-de-vista-modo-dual-y-3-modos-cuadruples-muestra-el-video-de-4-dispositivos-en-un-m","status":"publish","type":"product","link":"https:\/\/tecsecmty.com\/index.php\/producto\/saxxon-lkv401ms-switch-de-video-hdmi-multivista-para-4-entradas-y-1-salida-resolucion-1080p60hz-multiples-modos-de-vista-modo-dual-y-3-modos-cuadruples-muestra-el-video-de-4-dispositivos-en-un-m\/","title":{"rendered":"SAXXON LKV401MS- Switch de Video HDMI Multivista para 4 Entradas y 1 Salida\/ Resoluci\u00f3n 1080p@60Hz\/ M\u00faltiples Modos de Vista: Modo Dual y 3 Modos Cu\u00e1druples\/ Muestra el Video de 4 Dispositivos en un Monitor"},"content":{"rendered":"<div class=\"row aling-items-center padding-bottom-2x\">\n<div class=\"col-lg-12\">\n<h3 class=\"ql-align-justify\">Los equipos LKV401MS, son switches 4 en 1 multivista.<\/h3>\n<\/div>\n<\/div>\n<div class=\"row aling-items-center padding-bottom-2x\">\n<div class=\"col-lg-12\">\n<h5 class=\"card-title text-center\">M\u00faltiples entrada y 1 sola salida<\/h5>\n<h3 class=\"ql-align-justify\">Los equipos LKV401MS, son switches 4 en 1 multivista, ya que cuenta con 4 entradas HDMI para la conexi\u00f3n de 4 dispositivos diferentes con salida hacia 1 solo monitor.<\/h3>\n<p><img decoding=\"async\" class=\"overview-center-img-\" src=\"https:\/\/tvc.mx\/media\/10518\/LKV401MS_3.png\" alt=\"\" \/><\/div>\n<\/div>\n<div class=\"row aling-items-center padding-bottom-2x\">\n<div class=\"col-lg-12\">\n<h5 class=\"card-title text-center\">Control de cualquier dispositivo conectado.<\/h5>\n<h3 class=\"ql-align-justify\">Cambie y controle cualquiera de los cuatro dispositivos fuente mientras controla las otras tres conexiones en tiempo real.<\/h3>\n<p><img decoding=\"async\" class=\"overview-center-img-\" src=\"https:\/\/tvc.mx\/media\/11237\/LKV401MS_2.png\" alt=\"\" \/><\/div>\n<\/div>\n<div class=\"row aling-items-center padding-bottom-2x\">\n<div class=\"col-lg-12\">\n<h3 class=\"ql-align-justify\">Es compatible con modo cu\u00e1druple, modo de pantalla completa y modo dual. La resoluci\u00f3n de se\u00f1al HDMI admitida es de hasta 1080p a 60Hz. Se usa ampliamente en muchas aplicaciones que requieren monitoreo en tiempo real de m\u00faltiples dispositivos, como reproductores de DVD, c\u00e1maras y computadoras.<\/h3>\n<p><img decoding=\"async\" class=\"overview-center-img-\" src=\"https:\/\/tvc.mx\/media\/11239\/Multiviewer_1.png\" alt=\"\" \/><\/div>\n<\/div>\n","protected":false},"excerpt":{"rendered":"<p>Los equipos LKV401MS, son switches 4 en 1 multivista. M\u00faltiples entrada y 1 sola salida Los equipos LKV401MS, son switches 4 en 1 multivista, ya que cuenta con 4 entradas HDMI para la conexi\u00f3n de 4 dispositivos diferentes con salida hacia 1 solo monitor. Control&hellip;<\/p>\n","protected":false},"featured_media":7923,"comment_status":"open","ping_status":"closed","template":"","meta":{"om_disable_all_campaigns":false,"_monsterinsights_skip_tracking":false,"_monsterinsights_sitenote_active":false,"_monsterinsights_sitenote_note":"","_monsterinsights_sitenote_category":0},"product_brand":[],"product_cat":[714],"product_tag":[613,611,612,616,615,610,614,617],"class_list":{"0":"post-7924","1":"product","2":"type-product","3":"status-publish","4":"has-post-thumbnail","6":"product_cat-divisores-splitters-video-hdmi-saxxon-video-vigilancia","7":"product_tag-bosch","8":"product_tag-manhattan","9":"product_tag-saxxon","10":"product_tag-surveon","11":"product_tag-utepo","12":"product_tag-videovigilancia","13":"product_tag-vivotek","14":"product_tag-zteco","16":"first","17":"instock","18":"sale","19":"taxable","20":"shipping-taxable","21":"purchasable","22":"product-type-simple"},"aioseo_notices":[],"_links":{"self":[{"href":"https:\/\/tecsecmty.com\/index.php\/wp-json\/wp\/v2\/product\/7924","targetHints":{"allow":["GET"]}}],"collection":[{"href":"https:\/\/tecsecmty.com\/index.php\/wp-json\/wp\/v2\/product"}],"about":[{"href":"https:\/\/tecsecmty.com\/index.php\/wp-json\/wp\/v2\/types\/product"}],"replies":[{"embeddable":true,"href":"https:\/\/tecsecmty.com\/index.php\/wp-json\/wp\/v2\/comments?post=7924"}],"version-history":[{"count":0,"href":"https:\/\/tecsecmty.com\/index.php\/wp-json\/wp\/v2\/product\/7924\/revisions"}],"wp:featuredmedia":[{"embeddable":true,"href":"https:\/\/tecsecmty.com\/index.php\/wp-json\/wp\/v2\/media\/7923"}],"wp:attachment":[{"href":"https:\/\/tecsecmty.com\/index.php\/wp-json\/wp\/v2\/media?parent=7924"}],"wp:term":[{"taxonomy":"product_brand","embeddable":true,"href":"https:\/\/tecsecmty.com\/index.php\/wp-json\/wp\/v2\/product_brand?post=7924"},{"taxonomy":"product_cat","embeddable":true,"href":"https:\/\/tecsecmty.com\/index.php\/wp-json\/wp\/v2\/product_cat?post=7924"},{"taxonomy":"product_tag","embeddable":true,"href":"https:\/\/tecsecmty.com\/index.php\/wp-json\/wp\/v2\/product_tag?post=7924"}],"curies":[{"name":"wp","href":"https:\/\/api.w.org\/{rel}","templated":true}]}}