{"id":7928,"date":"2023-02-23T16:23:14","date_gmt":"2023-02-23T22:23:14","guid":{"rendered":"https:\/\/tecsecmty.com\/index.php\/producto\/saxxon-lkv223kvm-kit-extensor-kvm-de-video-hdmi-y-puerto-usb-resolucion-1080p-60-hz-hdr-hasta-70-metros-con-cat6-6a-7-cero-latencia-loop-hdmi-en-transmisor-salida-de-audio-funcion-edid\/"},"modified":"2023-03-22T23:23:54","modified_gmt":"2023-03-23T05:23:54","slug":"saxxon-lkv223kvm-kit-extensor-kvm-de-video-hdmi-y-puerto-usb-resolucion-1080p-60-hz-hdr-hasta-70-metros-con-cat6-6a-7-cero-latencia-loop-hdmi-en-transmisor-salida-de-audio-funcion-edid","status":"publish","type":"product","link":"https:\/\/tecsecmty.com\/index.php\/producto\/saxxon-lkv223kvm-kit-extensor-kvm-de-video-hdmi-y-puerto-usb-resolucion-1080p-60-hz-hdr-hasta-70-metros-con-cat6-6a-7-cero-latencia-loop-hdmi-en-transmisor-salida-de-audio-funcion-edid\/","title":{"rendered":"SAXXON LKV223KVM &#8211; Kit Extensor KVM de Video HDMI y Puerto USB\/ Resoluci\u00f3n 1080P @ 60 Hz\/ HDR\/ Hasta 70 metros con Cat6\/6A\/7\/ Cero latencia\/ Loop HDMI en Transmisor\/ Salida de audio\/ Funci\u00f3n EDID\/"},"content":{"rendered":"<h5 class=\"card-title text-center\">Informaci\u00f3n General<\/h5>\n<p>El extensor HDMI KVM, est\u00e1 compuesto por una unidad transmisora \u200b\u200by una unidad receptora.\u00a0La se\u00f1al HDMI se puede extender hasta 70 metros a trav\u00e9s de un cable de red(UTP), y la resoluci\u00f3n admitida es de hasta 1080p a 60Hz.\u00a0Puedes compartir una vista remota y acceder a m\u00faltiples opciones desde cualquier consola mediante conectores USB (teclado y rat\u00f3n USB).<\/p>\n<h5 class=\"card-title text-center\">Caracter\u00edsticas Principales<\/h5>\n<p>La resoluci\u00f3n m\u00e1s alta admitida es 1920 \u00d7 1080 @ 60\u202fHz,\u00a0solo se necesita un adaptador de alimentaci\u00f3n para el transmisor, el receptor funciona con el transmisor a trav\u00e9s del cable CAT6.\u00a0Soluci\u00f3n ideal para exhibici\u00f3n HDMI, videoconferencia y centro de espect\u00e1culos, etc.<\/p>\n<ul>\n<li>Distribuya 1 fuente HDMI a 1 pantalla HD a trav\u00e9s de un cable de red simult\u00e1neamente.<\/li>\n<li>Admita un HDMI Loop-out.<\/li>\n<li>Compatible con cables de red CAT6 \/ 6a \/ 7.<\/li>\n<li>La distancia de transmisi\u00f3n es 40 m \/ 131 pies.<\/li>\n<li>La resoluci\u00f3n m\u00e1s alta es hasta 1920 \u00d7 1080 @ 60Hz.<\/li>\n<li>Salida de audio<\/li>\n<li>Funci\u00f3n KVM \/ EDID<\/li>\n<\/ul>\n","protected":false},"excerpt":{"rendered":"<p>Informaci\u00f3n General El extensor HDMI KVM, est\u00e1 compuesto por una unidad transmisora \u200b\u200by una unidad receptora.\u00a0La se\u00f1al HDMI se puede extender hasta 70 metros a trav\u00e9s de un cable de red(UTP), y la resoluci\u00f3n admitida es de hasta 1080p a 60Hz.\u00a0Puedes compartir una vista remota&hellip;<\/p>\n","protected":false},"featured_media":7927,"comment_status":"open","ping_status":"closed","template":"","meta":{"om_disable_all_campaigns":false,"_monsterinsights_skip_tracking":false,"_monsterinsights_sitenote_active":false,"_monsterinsights_sitenote_note":"","_monsterinsights_sitenote_category":0},"product_brand":[],"product_cat":[715],"product_tag":[613,611,612,616,615,610,614,617],"class_list":{"0":"post-7928","1":"product","2":"type-product","3":"status-publish","4":"has-post-thumbnail","6":"product_cat-extensores-4k-hd","7":"product_tag-bosch","8":"product_tag-manhattan","9":"product_tag-saxxon","10":"product_tag-surveon","11":"product_tag-utepo","12":"product_tag-videovigilancia","13":"product_tag-vivotek","14":"product_tag-zteco","16":"first","17":"instock","18":"sale","19":"taxable","20":"shipping-taxable","21":"purchasable","22":"product-type-simple"},"aioseo_notices":[],"_links":{"self":[{"href":"https:\/\/tecsecmty.com\/index.php\/wp-json\/wp\/v2\/product\/7928","targetHints":{"allow":["GET"]}}],"collection":[{"href":"https:\/\/tecsecmty.com\/index.php\/wp-json\/wp\/v2\/product"}],"about":[{"href":"https:\/\/tecsecmty.com\/index.php\/wp-json\/wp\/v2\/types\/product"}],"replies":[{"embeddable":true,"href":"https:\/\/tecsecmty.com\/index.php\/wp-json\/wp\/v2\/comments?post=7928"}],"version-history":[{"count":0,"href":"https:\/\/tecsecmty.com\/index.php\/wp-json\/wp\/v2\/product\/7928\/revisions"}],"wp:featuredmedia":[{"embeddable":true,"href":"https:\/\/tecsecmty.com\/index.php\/wp-json\/wp\/v2\/media\/7927"}],"wp:attachment":[{"href":"https:\/\/tecsecmty.com\/index.php\/wp-json\/wp\/v2\/media?parent=7928"}],"wp:term":[{"taxonomy":"product_brand","embeddable":true,"href":"https:\/\/tecsecmty.com\/index.php\/wp-json\/wp\/v2\/product_brand?post=7928"},{"taxonomy":"product_cat","embeddable":true,"href":"https:\/\/tecsecmty.com\/index.php\/wp-json\/wp\/v2\/product_cat?post=7928"},{"taxonomy":"product_tag","embeddable":true,"href":"https:\/\/tecsecmty.com\/index.php\/wp-json\/wp\/v2\/product_tag?post=7928"}],"curies":[{"name":"wp","href":"https:\/\/api.w.org\/{rel}","templated":true}]}}