{"id":7936,"date":"2023-02-23T16:23:24","date_gmt":"2023-02-23T22:23:24","guid":{"rendered":"https:\/\/tecsecmty.com\/index.php\/producto\/saxxon-lkv380-kit-extensor-hdmi-sobre-la-linea-electrica-resolucion-1080p-hasta-300-metros-hdbit-loop-hdmi-transmision-de-ir-110-a-240vca\/"},"modified":"2023-03-22T23:23:55","modified_gmt":"2023-03-23T05:23:55","slug":"saxxon-lkv380-kit-extensor-hdmi-sobre-la-linea-electrica-resolucion-1080p-hasta-300-metros-hdbit-loop-hdmi-transmision-de-ir-110-a-240vca","status":"publish","type":"product","link":"https:\/\/tecsecmty.com\/index.php\/producto\/saxxon-lkv380-kit-extensor-hdmi-sobre-la-linea-electrica-resolucion-1080p-hasta-300-metros-hdbit-loop-hdmi-transmision-de-ir-110-a-240vca\/","title":{"rendered":"SAXXON LKV380- Kit extensor HDMI sobre la linea electrica\/ Resolucion 1080p \/ Hasta 300 Metros \/ HdBIT \/ Loop HDMI \/ transmision de ir \/ 110 a 240VCA"},"content":{"rendered":"<div class=\"row aling-items-center padding-bottom-2x\">\n<div class=\"col-lg-12\">\n<h3 class=\"ql-align-justify\">HDbitT es un protocolo de transmisi\u00f3n de video y audio en alta definici\u00f3n v\u00eda red, comparado con la tecnolog\u00eda tradicional, este provee una mayor estabilidad en rendimiento, claridad de imagen, transmisi\u00f3n a distancias mayores entre otras.<\/h3>\n<\/div>\n<\/div>\n<div class=\"row aling-items-center padding-bottom-2x\">\n<div class=\"col-lg-12\">\n<h5 class=\"card-title text-center\">Se\u00f1al HDMI a trav\u00e9s de energ\u00eda el\u00e9ctrica<\/h5>\n<h3 class=\"ql-align-justify\">Con un gran rendimiento y capacidad, los transmisores Saxxon LKV380 permiten extender la se\u00f1al AV en alta definici\u00f3n hacia una HDTV en su domicilio sin necesidad de tener que cablear nuevamente entre las habitaciones. Solamente utilice su cableado el\u00e9ctrico para as\u00ed poder crear una soluci\u00f3n de transmisi\u00f3n digital HDMI.<\/h3>\n<p><img decoding=\"async\" class=\"overview-center-img- aligncenter\" src=\"https:\/\/tvc.mx\/media\/10351\/App4.png\" alt=\"\" \/><\/div>\n<\/div>\n<div class=\"row aling-items-center padding-bottom-2x\">\n<div class=\"col-lg-12\">\n<h5 class=\"card-title text-center\">Alto rendimiento en 1080P<\/h5>\n<h3 class=\"ql-align-justify\">Con el alto rendimiento en la transmisi\u00f3n, permite tener una calidad alta y una se\u00f1al HD disponible en 1080P a trav\u00e9s del cableado de su hogar, lo cual significa que no hay necesidad de alg\u00fan cableado adicional.<\/h3>\n<p><img decoding=\"async\" class=\"overview-center-img- aligncenter\" src=\"https:\/\/tvc.mx\/media\/10362\/App5.png\" alt=\"\" \/><\/div>\n<\/div>\n<div class=\"row aling-items-center padding-bottom-2x\">\n<div class=\"col-lg-12\">\n<h5 class=\"card-title text-center\">Conexi\u00f3n Plug and Play<\/h5>\n<h3 class=\"ql-align-justify\">Solamente conecte el transmisor en la salida de la corriente el\u00e9ctrica. El receptor con\u00e9ctelo en su TV HD o proyector v\u00eda cable HDMI, as\u00ed de f\u00e1cil y sencillo, no requiere de herramientas o perforaciones en sus paredes.<\/h3>\n<p><img decoding=\"async\" class=\"overview-center-img- aligncenter\" src=\"https:\/\/tvc.mx\/media\/10363\/App6.png\" alt=\"\" \/><\/div>\n<\/div>\n<div class=\"row aling-items-center padding-bottom-2x\">\n<div class=\"col-lg-12\">\n<h5 class=\"card-title text-center\">Especificaciones t\u00e9cnicas<\/h5>\n<h3 class=\"ql-align-justify\">Se\u00f1al HDMI: Compatible con HDCP.<\/h3>\n<h3 class=\"ql-align-justify\">Protocolo de transporte: HDbitT.<\/h3>\n<h3 class=\"ql-align-justify\">Temperatura de funcionamiento: 0\u00b0C ~ 60\u00b0C.<\/h3>\n<h3 class=\"ql-align-justify\">Voltaje de entrada: AC 100V ~ 240V<\/h3>\n<h3 class=\"ql-align-justify\">Consumo de corriente: Tx: 7.5W; Rx: 7W.<\/h3>\n<p><img decoding=\"async\" class=\"overview-center-img- aligncenter\" src=\"https:\/\/tvc.mx\/media\/10368\/Especificaciones.png\" alt=\"\" \/><\/div>\n<\/div>\n","protected":false},"excerpt":{"rendered":"<p>HDbitT es un protocolo de transmisi\u00f3n de video y audio en alta definici\u00f3n v\u00eda red, comparado con la tecnolog\u00eda tradicional, este provee una mayor estabilidad en rendimiento, claridad de imagen, transmisi\u00f3n a distancias mayores entre otras. Se\u00f1al HDMI a trav\u00e9s de energ\u00eda el\u00e9ctrica Con un&hellip;<\/p>\n","protected":false},"featured_media":7935,"comment_status":"open","ping_status":"closed","template":"","meta":{"om_disable_all_campaigns":false,"_monsterinsights_skip_tracking":false,"_monsterinsights_sitenote_active":false,"_monsterinsights_sitenote_note":"","_monsterinsights_sitenote_category":0},"product_brand":[],"product_cat":[715],"product_tag":[613,611,612,616,615,610,614,617],"class_list":{"0":"post-7936","1":"product","2":"type-product","3":"status-publish","4":"has-post-thumbnail","6":"product_cat-extensores-4k-hd","7":"product_tag-bosch","8":"product_tag-manhattan","9":"product_tag-saxxon","10":"product_tag-surveon","11":"product_tag-utepo","12":"product_tag-videovigilancia","13":"product_tag-vivotek","14":"product_tag-zteco","16":"first","17":"instock","18":"sale","19":"taxable","20":"shipping-taxable","21":"purchasable","22":"product-type-simple"},"aioseo_notices":[],"_links":{"self":[{"href":"https:\/\/tecsecmty.com\/index.php\/wp-json\/wp\/v2\/product\/7936","targetHints":{"allow":["GET"]}}],"collection":[{"href":"https:\/\/tecsecmty.com\/index.php\/wp-json\/wp\/v2\/product"}],"about":[{"href":"https:\/\/tecsecmty.com\/index.php\/wp-json\/wp\/v2\/types\/product"}],"replies":[{"embeddable":true,"href":"https:\/\/tecsecmty.com\/index.php\/wp-json\/wp\/v2\/comments?post=7936"}],"version-history":[{"count":0,"href":"https:\/\/tecsecmty.com\/index.php\/wp-json\/wp\/v2\/product\/7936\/revisions"}],"wp:featuredmedia":[{"embeddable":true,"href":"https:\/\/tecsecmty.com\/index.php\/wp-json\/wp\/v2\/media\/7935"}],"wp:attachment":[{"href":"https:\/\/tecsecmty.com\/index.php\/wp-json\/wp\/v2\/media?parent=7936"}],"wp:term":[{"taxonomy":"product_brand","embeddable":true,"href":"https:\/\/tecsecmty.com\/index.php\/wp-json\/wp\/v2\/product_brand?post=7936"},{"taxonomy":"product_cat","embeddable":true,"href":"https:\/\/tecsecmty.com\/index.php\/wp-json\/wp\/v2\/product_cat?post=7936"},{"taxonomy":"product_tag","embeddable":true,"href":"https:\/\/tecsecmty.com\/index.php\/wp-json\/wp\/v2\/product_tag?post=7936"}],"curies":[{"name":"wp","href":"https:\/\/api.w.org\/{rel}","templated":true}]}}