{"id":7950,"date":"2023-02-23T16:23:38","date_gmt":"2023-02-23T22:23:38","guid":{"rendered":"https:\/\/tecsecmty.com\/index.php\/producto\/saxxon-lkv683s-kit-extensor-hdmi-con-resolucion-4k-30hz-distancia-de-conexion-hasta-120-metros-formato-de-conexion-de-uno-a-uno-o-uno-a-muchos-soporta-hasta-253-receptores-conexion-con-cable-ca\/"},"modified":"2023-03-22T23:23:56","modified_gmt":"2023-03-23T05:23:56","slug":"saxxon-lkv683s-kit-extensor-hdmi-con-resolucion-4k-30hz-distancia-de-conexion-hasta-120-metros-formato-de-conexion-de-uno-a-uno-o-uno-a-muchos-soporta-hasta-253-receptores-conexion-con-cable-ca","status":"publish","type":"product","link":"https:\/\/tecsecmty.com\/index.php\/producto\/saxxon-lkv683s-kit-extensor-hdmi-con-resolucion-4k-30hz-distancia-de-conexion-hasta-120-metros-formato-de-conexion-de-uno-a-uno-o-uno-a-muchos-soporta-hasta-253-receptores-conexion-con-cable-ca\/","title":{"rendered":"SAXXON LKV683S- Kit extensor HDMI con Resolucion 4K @ 30Hz\/ Distancia de conexi\u00f3n Hasta 120 Metros\/ Formato de conexi\u00f3n de Uno a Uno o Uno a Muchos\/ Soporta hasta 253 Receptores\/ Conexi\u00f3n con cable CAT 5E &amp; 6\/ Control RS232\/ HdBIT\/ Transmision de IR\/"},"content":{"rendered":"<div class=\"row aling-items-center padding-bottom-2x\">\n<div class=\"col-lg-12\">\n<h3 class=\"ql-align-justify\">Este extensor HDMI aplica tecnolog\u00eda HDbitT, para transmitir se\u00f1al HDMI sobre un solo cable CAT5 \/ 5e \/ 6 para hacer que la distancia de transmisi\u00f3n sea de hasta 394 pies (120 metros).<\/h3>\n<\/div>\n<\/div>\n<div class=\"row aling-items-center padding-bottom-2x\">\n<div class=\"col-lg-12\">\n<h3 class=\"ql-align-justify\">La resoluci\u00f3n m\u00e1xima soportada es de 4Kx2K (3840&#215;2160 @ 30Hz) y permite extender la se\u00f1al HDMI ilimitadamente con conexi\u00f3n en cascada.<\/h3>\n<p><img decoding=\"async\" class=\"overview-center-img-\" src=\"https:\/\/tvc.mx\/media\/10406\/LKV683S_2.png\" alt=\"\" \/><\/div>\n<\/div>\n<div class=\"row aling-items-center padding-bottom-2x\">\n<div class=\"col-lg-12\">\n<h5 class=\"card-title text-center\">Con capacidad para infrarrojos<\/h5>\n<h3 class=\"ql-align-justify\">Los transmisores LKV683S cuentan con la capacidad de poder transmitir se\u00f1ales infrarrojas para el control de la reproducci\u00f3n de la se\u00f1al de video de la fuente transmisora desde la ubicaci\u00f3n que se est\u00e1 recibiendo dicha se\u00f1al.<\/h3>\n<p><img decoding=\"async\" class=\"overview-center-img-\" src=\"https:\/\/tvc.mx\/media\/10411\/LKV683S_3.png\" alt=\"\" \/><\/div>\n<\/div>\n<div class=\"row aling-items-center padding-bottom-2x\">\n<div class=\"col-lg-12\">\n<h5 class=\"card-title text-center\">Especificaciones t\u00e9cnicas<\/h5>\n<h3>Se\u00f1al HDMI: Compatible con HDCP.<\/h3>\n<h3>Protocolo de transporte: HDbitT.<\/h3>\n<h3>Cable de red: UTP\/STP CAT5\/5e\/6 100% cobre.<\/h3>\n<h3>Distancia de transmisi\u00f3n: Hasta 120m para 4K x2K @ 30Hz, con cable UTP CAT6 100% cobre.<\/h3>\n<h3>Temperatura de funcionamiento: 0\u00b0C ~60\u00b0C.<\/h3>\n<h3>Fuente de alimentaci\u00f3n: 5VDC\/2A.<\/h3>\n<h3>Consumo de corriente: &lt;8W.<\/h3>\n<p><img decoding=\"async\" class=\"overview-center-img- aligncenter\" src=\"https:\/\/tvc.mx\/media\/10412\/Especificaciones.png\" alt=\"\" \/><\/div>\n<\/div>\n","protected":false},"excerpt":{"rendered":"<p>Este extensor HDMI aplica tecnolog\u00eda HDbitT, para transmitir se\u00f1al HDMI sobre un solo cable CAT5 \/ 5e \/ 6 para hacer que la distancia de transmisi\u00f3n sea de hasta 394 pies (120 metros). La resoluci\u00f3n m\u00e1xima soportada es de 4Kx2K (3840&#215;2160 @ 30Hz) y permite&hellip;<\/p>\n","protected":false},"featured_media":7949,"comment_status":"open","ping_status":"closed","template":"","meta":{"om_disable_all_campaigns":false,"_monsterinsights_skip_tracking":false,"_monsterinsights_sitenote_active":false,"_monsterinsights_sitenote_note":"","_monsterinsights_sitenote_category":0},"product_brand":[],"product_cat":[715],"product_tag":[613,611,612,616,615,610,614,617],"class_list":{"0":"post-7950","1":"product","2":"type-product","3":"status-publish","4":"has-post-thumbnail","6":"product_cat-extensores-4k-hd","7":"product_tag-bosch","8":"product_tag-manhattan","9":"product_tag-saxxon","10":"product_tag-surveon","11":"product_tag-utepo","12":"product_tag-videovigilancia","13":"product_tag-vivotek","14":"product_tag-zteco","16":"first","17":"instock","18":"sale","19":"taxable","20":"shipping-taxable","21":"purchasable","22":"product-type-simple"},"aioseo_notices":[],"_links":{"self":[{"href":"https:\/\/tecsecmty.com\/index.php\/wp-json\/wp\/v2\/product\/7950","targetHints":{"allow":["GET"]}}],"collection":[{"href":"https:\/\/tecsecmty.com\/index.php\/wp-json\/wp\/v2\/product"}],"about":[{"href":"https:\/\/tecsecmty.com\/index.php\/wp-json\/wp\/v2\/types\/product"}],"replies":[{"embeddable":true,"href":"https:\/\/tecsecmty.com\/index.php\/wp-json\/wp\/v2\/comments?post=7950"}],"version-history":[{"count":0,"href":"https:\/\/tecsecmty.com\/index.php\/wp-json\/wp\/v2\/product\/7950\/revisions"}],"wp:featuredmedia":[{"embeddable":true,"href":"https:\/\/tecsecmty.com\/index.php\/wp-json\/wp\/v2\/media\/7949"}],"wp:attachment":[{"href":"https:\/\/tecsecmty.com\/index.php\/wp-json\/wp\/v2\/media?parent=7950"}],"wp:term":[{"taxonomy":"product_brand","embeddable":true,"href":"https:\/\/tecsecmty.com\/index.php\/wp-json\/wp\/v2\/product_brand?post=7950"},{"taxonomy":"product_cat","embeddable":true,"href":"https:\/\/tecsecmty.com\/index.php\/wp-json\/wp\/v2\/product_cat?post=7950"},{"taxonomy":"product_tag","embeddable":true,"href":"https:\/\/tecsecmty.com\/index.php\/wp-json\/wp\/v2\/product_tag?post=7950"}],"curies":[{"name":"wp","href":"https:\/\/api.w.org\/{rel}","templated":true}]}}