{"id":7952,"date":"2023-02-23T16:23:41","date_gmt":"2023-02-23T22:23:41","guid":{"rendered":"https:\/\/tecsecmty.com\/index.php\/producto\/saxxon-lkv712pro-kit-extensor-hdmi-de-2-puertos-hasta-40-metros-cat6-6a-7-resolucion-1080p-loop-hdmi-transmisor-ir-plug-and-play\/"},"modified":"2023-03-22T23:23:56","modified_gmt":"2023-03-23T05:23:56","slug":"saxxon-lkv712pro-kit-extensor-hdmi-de-2-puertos-hasta-40-metros-cat6-6a-7-resolucion-1080p-loop-hdmi-transmisor-ir-plug-and-play","status":"publish","type":"product","link":"https:\/\/tecsecmty.com\/index.php\/producto\/saxxon-lkv712pro-kit-extensor-hdmi-de-2-puertos-hasta-40-metros-cat6-6a-7-resolucion-1080p-loop-hdmi-transmisor-ir-plug-and-play\/","title":{"rendered":"SAXXON LKV712PRO- Kit extensor HDMI de 2 Puertos\/ Hasta 40 metros\/ CAT6\/ 6A\/ 7\/ Resolucion 1080p\/ loop HDMI\/ Transmisor IR\/ Plug and play"},"content":{"rendered":"<div class=\"row aling-items-center padding-bottom-2x\">\n<div class=\"col-lg-12\">\n<h3 class=\"ql-align-justify\">Este divisor de extensi\u00f3n HDMI incluye un transmisor y dos receptores, extiende 1 fuente HDMI a 2 pantallas HDMI sobre un solo cable CAT6 \/ 6a \/ 7 100% cobre hasta 40 m \/ 131 pies.<\/h3>\n<p><img decoding=\"async\" class=\"overview-center-img-\" src=\"https:\/\/tvc.mx\/media\/11596\/LKV712PRO_2.png\" alt=\"\" \/><\/div>\n<\/div>\n<div class=\"row aling-items-center padding-bottom-2x\">\n<div class=\"col-lg-12\">\n<h5 class=\"card-title text-center\">Gran resoluci\u00f3n de video soportada<\/h5>\n<h3 class=\"ql-align-justify\">La resoluci\u00f3n m\u00e1s alta admitida es 1920 \u00d7 1080 @ 60Hz,\u00a0y admite la transferencia IR, el paso EDID y solo se necesita un adaptador de alimentaci\u00f3n para el transmisor, el receptor funciona con el transmisor a trav\u00e9s del cable CAT6.\u00a0Soluci\u00f3n ideal para exhibici\u00f3n HDMI, video conferencia y centro de espect\u00e1culos, etc.<\/h3>\n<p><img decoding=\"async\" class=\"overview-center-img-\" src=\"https:\/\/tvc.mx\/media\/11597\/LKV712PRO_3.png\" alt=\"\" \/><\/div>\n<\/div>\n<div class=\"row aling-items-center padding-bottom-2x\">\n<div class=\"col-lg-12\">\n<h5 class=\"card-title text-center\">Especificaciones t\u00e9cnicas<\/h5>\n<h3 class=\"ql-align-justify\">Distribuya 1 fuente HDMI a 2 pantallas HD a trav\u00e9s de un cable de red simult\u00e1neamente.<\/h3>\n<h3 class=\"ql-align-justify\">Admita un HDMI Loop-out.<\/h3>\n<h3 class=\"ql-align-justify\">Compatible con cables de red CAT6 \/ 6a \/ 7.<\/h3>\n<h3 class=\"ql-align-justify\">La distancia de transmisi\u00f3n es 40 m \/ 131 pies.<\/h3>\n<h3 class=\"ql-align-justify\">La resoluci\u00f3n m\u00e1s alta es hasta 1920 \u00d7 1080 @ 60Hz.<\/h3>\n<h3 class=\"ql-align-justify\">Soporte 20 ~ 60Hz IR passback.<\/h3>\n<h3 class=\"ql-align-justify\">Soporte EDID.<\/h3>\n<h3 class=\"ql-align-justify\">Energ\u00eda de la ayuda del transmisor a la unidad del receptor sobre el cable CAT6.<\/h3>\n<p><img decoding=\"async\" class=\"overview-center-img-\" src=\"https:\/\/tvc.mx\/media\/11598\/Especificaciones.png\" alt=\"\" \/><\/div>\n<\/div>\n","protected":false},"excerpt":{"rendered":"<p>Este divisor de extensi\u00f3n HDMI incluye un transmisor y dos receptores, extiende 1 fuente HDMI a 2 pantallas HDMI sobre un solo cable CAT6 \/ 6a \/ 7 100% cobre hasta 40 m \/ 131 pies. Gran resoluci\u00f3n de video soportada La resoluci\u00f3n m\u00e1s alta&hellip;<\/p>\n","protected":false},"featured_media":7951,"comment_status":"open","ping_status":"closed","template":"","meta":{"om_disable_all_campaigns":false,"_monsterinsights_skip_tracking":false,"_monsterinsights_sitenote_active":false,"_monsterinsights_sitenote_note":"","_monsterinsights_sitenote_category":0},"product_brand":[],"product_cat":[715],"product_tag":[613,611,612,616,615,610,614,617],"class_list":{"0":"post-7952","1":"product","2":"type-product","3":"status-publish","4":"has-post-thumbnail","6":"product_cat-extensores-4k-hd","7":"product_tag-bosch","8":"product_tag-manhattan","9":"product_tag-saxxon","10":"product_tag-surveon","11":"product_tag-utepo","12":"product_tag-videovigilancia","13":"product_tag-vivotek","14":"product_tag-zteco","16":"first","17":"instock","18":"sale","19":"taxable","20":"shipping-taxable","21":"purchasable","22":"product-type-simple"},"aioseo_notices":[],"_links":{"self":[{"href":"https:\/\/tecsecmty.com\/index.php\/wp-json\/wp\/v2\/product\/7952","targetHints":{"allow":["GET"]}}],"collection":[{"href":"https:\/\/tecsecmty.com\/index.php\/wp-json\/wp\/v2\/product"}],"about":[{"href":"https:\/\/tecsecmty.com\/index.php\/wp-json\/wp\/v2\/types\/product"}],"replies":[{"embeddable":true,"href":"https:\/\/tecsecmty.com\/index.php\/wp-json\/wp\/v2\/comments?post=7952"}],"version-history":[{"count":0,"href":"https:\/\/tecsecmty.com\/index.php\/wp-json\/wp\/v2\/product\/7952\/revisions"}],"wp:featuredmedia":[{"embeddable":true,"href":"https:\/\/tecsecmty.com\/index.php\/wp-json\/wp\/v2\/media\/7951"}],"wp:attachment":[{"href":"https:\/\/tecsecmty.com\/index.php\/wp-json\/wp\/v2\/media?parent=7952"}],"wp:term":[{"taxonomy":"product_brand","embeddable":true,"href":"https:\/\/tecsecmty.com\/index.php\/wp-json\/wp\/v2\/product_brand?post=7952"},{"taxonomy":"product_cat","embeddable":true,"href":"https:\/\/tecsecmty.com\/index.php\/wp-json\/wp\/v2\/product_cat?post=7952"},{"taxonomy":"product_tag","embeddable":true,"href":"https:\/\/tecsecmty.com\/index.php\/wp-json\/wp\/v2\/product_tag?post=7952"}],"curies":[{"name":"wp","href":"https:\/\/api.w.org\/{rel}","templated":true}]}}