{"id":7956,"date":"2023-02-23T16:23:45","date_gmt":"2023-02-23T22:23:45","guid":{"rendered":"https:\/\/tecsecmty.com\/index.php\/producto\/saxxon-lkv724p-kit-extensor-hdmi-de-4-puertos-resolucion-4k30hz-hasta-40-metros-con-resolucion-4k-y-70m-a-1080p-cat-6-6a-7-loop-hdmi-transmisor-ir-plug-and-play\/"},"modified":"2023-03-22T23:23:56","modified_gmt":"2023-03-23T05:23:56","slug":"saxxon-lkv724p-kit-extensor-hdmi-de-4-puertos-resolucion-4k30hz-hasta-40-metros-con-resolucion-4k-y-70m-a-1080p-cat-6-6a-7-loop-hdmi-transmisor-ir-plug-and-play","status":"publish","type":"product","link":"https:\/\/tecsecmty.com\/index.php\/producto\/saxxon-lkv724p-kit-extensor-hdmi-de-4-puertos-resolucion-4k30hz-hasta-40-metros-con-resolucion-4k-y-70m-a-1080p-cat-6-6a-7-loop-hdmi-transmisor-ir-plug-and-play\/","title":{"rendered":"SAXXON LKV724P- Kit Extensor HDMI de 4 Puertos\/ Resolucion 4K@30Hz\/ Hasta 40 metros con resoluci\u00f3n 4K y 70m a 1080P\/ Cat 6\/ 6A\/ 7\/ Loop HDMI\/ Transmisor IR\/ Plug and play"},"content":{"rendered":"<div class=\"row align-items-center padding-bottom-2x\">\n<div class=\"col-md-5\"><img decoding=\"async\" class=\"d-block m-auto img-thumbnail\" src=\"https:\/\/tvc.mx\/media\/545023\/Saxxon-LKV724P-Extensor-Video-Overview1.png\" alt=\" \" \/><\/div>\n<div class=\"col-md-7 text-md-left text-center\">\n<h2>Informaci\u00f3n General<\/h2>\n<p class=\"text-muted\">\n<p class=\"ql-align-justify\">El extensor SAXXON LKV724P permite distribuir la se\u00f1al de video desde un transmisor hacia 4 dispositivos finales a una alta resoluci\u00f3n, ya que cuenta con capacidad de video de hasta 4K @ 30Hz. Para esta resoluci\u00f3n (4K@30Hz) permite enviar el video hasta una distancia m\u00e1xima de 40m a trav\u00e9s de cable Cat 6\/ 6A\/ 7. Tambi\u00e9n cuenta con un bucle para que puedan visualizar el video de forma local y remota.<\/p>\n<p>&nbsp;<\/p>\n<\/div>\n<\/div>\n<hr class=\"padding-bottom-2x\" \/>\n<div class=\"row align-items-center padding-bottom-2x\">\n<div class=\"col-md-5 order-md-2\"><img decoding=\"async\" class=\"d-block m-auto img-thumbnail\" src=\"https:\/\/tvc.mx\/media\/545039\/Saxxon-LKV724P-Extensor-Video-Overview2.png\" alt=\" \" \/><\/div>\n<div class=\"col-md-7 order-md-1 text-md-left text-center\">\n<h2>Cero Latencia<\/h2>\n<p class=\"text-muted\">\n<p class=\"ql-align-justify\">Gracias a su capacidad de transmisi\u00f3n, el equipo LKV724P cuenta con cero latencia en la transmisi\u00f3n de la informaci\u00f3n para que as\u00ed no presenten ning\u00fan inconveniente al momento de visualizar su imagen.<\/p>\n<p>&nbsp;<\/p>\n<\/div>\n<\/div>\n<hr class=\"padding-bottom-2x\" \/>\n<div class=\"row align-items-center padding-bottom-2x\">\n<div class=\"col-md-5 order-md-2\"><img decoding=\"async\" class=\"d-block m-auto img-thumbnail\" src=\"https:\/\/tvc.mx\/media\/545063\/Saxxon-LKV724P-Extensor-Video-Overview3.png\" alt=\" \" \/><\/div>\n<div class=\"col-md-7 order-md-1 text-md-left text-center\">\n<h2>Video en 4K<\/h2>\n<p class=\"text-muted\">\n<p class=\"ql-align-justify\">Cuenta con una resoluci\u00f3n m\u00e1xima de hasta 4K@30Hz con HDR, para una imagen m\u00e1s clara, con mayor saturaci\u00f3n y con detalles m\u00e1s sobresalientes del video que est\u00e9 transmitiendo.<\/p>\n<p>&nbsp;<\/p>\n<\/div>\n<\/div>\n<hr class=\"padding-bottom-2x\" \/>\n<div class=\"row align-items-center padding-bottom-2x\">\n<div class=\"col-md-5\"><img decoding=\"async\" class=\"d-block m-auto img-thumbnail\" src=\"https:\/\/tvc.mx\/media\/545211\/Saxxon-LKV724P-Extensor-Video-Overview4.png\" alt=\" \" \/><\/div>\n<div class=\"col-md-7 text-md-left text-center\">\n<h2>Energ\u00eda a trav\u00e9s de un solo cable<\/h2>\n<p class=\"text-muted\">\n<p class=\"ql-align-justify\">El extensor HDMI LKV724P permite transmitir energ\u00eda el\u00e9ctrica a trav\u00e9s del mismo transmisor para que los dispositivos receptores puedan energizarse y funcionar sin necesidad de tener alguna fuente de energ\u00eda externa.<\/p>\n<\/div>\n<\/div>\n","protected":false},"excerpt":{"rendered":"<p>Informaci\u00f3n General El extensor SAXXON LKV724P permite distribuir la se\u00f1al de video desde un transmisor hacia 4 dispositivos finales a una alta resoluci\u00f3n, ya que cuenta con capacidad de video de hasta 4K @ 30Hz. Para esta resoluci\u00f3n (4K@30Hz) permite enviar el video hasta una&hellip;<\/p>\n","protected":false},"featured_media":7955,"comment_status":"open","ping_status":"closed","template":"","meta":{"om_disable_all_campaigns":false,"_monsterinsights_skip_tracking":false,"_monsterinsights_sitenote_active":false,"_monsterinsights_sitenote_note":"","_monsterinsights_sitenote_category":0},"product_brand":[],"product_cat":[715],"product_tag":[613,611,612,616,615,610,614,617],"class_list":{"0":"post-7956","1":"product","2":"type-product","3":"status-publish","4":"has-post-thumbnail","6":"product_cat-extensores-4k-hd","7":"product_tag-bosch","8":"product_tag-manhattan","9":"product_tag-saxxon","10":"product_tag-surveon","11":"product_tag-utepo","12":"product_tag-videovigilancia","13":"product_tag-vivotek","14":"product_tag-zteco","16":"first","17":"instock","18":"sale","19":"taxable","20":"shipping-taxable","21":"purchasable","22":"product-type-simple"},"aioseo_notices":[],"_links":{"self":[{"href":"https:\/\/tecsecmty.com\/index.php\/wp-json\/wp\/v2\/product\/7956","targetHints":{"allow":["GET"]}}],"collection":[{"href":"https:\/\/tecsecmty.com\/index.php\/wp-json\/wp\/v2\/product"}],"about":[{"href":"https:\/\/tecsecmty.com\/index.php\/wp-json\/wp\/v2\/types\/product"}],"replies":[{"embeddable":true,"href":"https:\/\/tecsecmty.com\/index.php\/wp-json\/wp\/v2\/comments?post=7956"}],"version-history":[{"count":0,"href":"https:\/\/tecsecmty.com\/index.php\/wp-json\/wp\/v2\/product\/7956\/revisions"}],"wp:featuredmedia":[{"embeddable":true,"href":"https:\/\/tecsecmty.com\/index.php\/wp-json\/wp\/v2\/media\/7955"}],"wp:attachment":[{"href":"https:\/\/tecsecmty.com\/index.php\/wp-json\/wp\/v2\/media?parent=7956"}],"wp:term":[{"taxonomy":"product_brand","embeddable":true,"href":"https:\/\/tecsecmty.com\/index.php\/wp-json\/wp\/v2\/product_brand?post=7956"},{"taxonomy":"product_cat","embeddable":true,"href":"https:\/\/tecsecmty.com\/index.php\/wp-json\/wp\/v2\/product_cat?post=7956"},{"taxonomy":"product_tag","embeddable":true,"href":"https:\/\/tecsecmty.com\/index.php\/wp-json\/wp\/v2\/product_tag?post=7956"}],"curies":[{"name":"wp","href":"https:\/\/api.w.org\/{rel}","templated":true}]}}