{"id":7960,"date":"2023-02-23T16:23:49","date_gmt":"2023-02-23T22:23:49","guid":{"rendered":"https:\/\/tecsecmty.com\/index.php\/producto\/saxxon-lkv314vw-controlador-de-videowall-de-2-x-2-resolucion-1080p-a-60-hz-distribuye-1-entrada-hdmi-en-4-pantallas-1-salida-de-audio-modo-pantalla-completa-o-clon-facil-instalacion\/"},"modified":"2023-03-22T23:23:55","modified_gmt":"2023-03-23T05:23:55","slug":"saxxon-lkv314vw-controlador-de-videowall-de-2-x-2-resolucion-1080p-a-60-hz-distribuye-1-entrada-hdmi-en-4-pantallas-1-salida-de-audio-modo-pantalla-completa-o-clon-facil-instalacion","status":"publish","type":"product","link":"https:\/\/tecsecmty.com\/index.php\/producto\/saxxon-lkv314vw-controlador-de-videowall-de-2-x-2-resolucion-1080p-a-60-hz-distribuye-1-entrada-hdmi-en-4-pantallas-1-salida-de-audio-modo-pantalla-completa-o-clon-facil-instalacion\/","title":{"rendered":"SAXXON LKV314VW- Controlador de Videowall de 2 x 2\/ Resoluci\u00f3n 1080p a 60 Hz\/ Distribuye 1 Entrada HDMI en 4 Pantallas\/ 1 Salida de Audio\/ Modo Pantalla Completa o Clon\/ Facil Instalaci\u00f3n\/"},"content":{"rendered":"<div class=\"row aling-items-center padding-bottom-2x\">\n<div class=\"col-lg-12\">\n<h5 class=\"card-title text-center\">Informaci\u00f3n general.<\/h5>\n<p>Este controlador de pared de v\u00eddeo es una soluci\u00f3n perfecta para v\u00eddeo wall de 2&#215;2, admite 1 entrada de fuente HDMI y 4 salidas HDMI a cuatro monitores. Admite fuentes de se\u00f1al HDMI compatibles con HDCP hasta HD 1080p a 60Hz. Es ideal para aplicaciones de visualizaci\u00f3n de pared de v\u00eddeo en clubes, exposiciones, lobbies de edificios y otros lugares similares.<\/p>\n<p><img decoding=\"async\" class=\"overview-center-img-web\" src=\"https:\/\/tvc.mx\/media\/38691\/Banner.png\" alt=\"\" \/><\/div>\n<\/div>\n<div class=\"row align-items-center padding-bottom-2x\">\n<div class=\"col-md-5\"><img decoding=\"async\" class=\"d-block m-auto img-thumbnail\" src=\"https:\/\/tvc.mx\/media\/38694\/OVL1.png\" alt=\" \" \/><\/div>\n<div class=\"col-md-7 text-md-left text-center\">\n<h2>Caracter\u00edsticas.<\/h2>\n<p class=\"text-muted\">\n<ol>\n<li>4 salidas HDMI, divide el v\u00eddeo de entrada en cuatro partes y se extiende a cuatro pantallas del mismo tama\u00f1o.<\/li>\n<li>La resoluci\u00f3n admitida es de hasta 1080p a 60Hz.<\/li>\n<li>Soporte de modo de pantalla de pared de v\u00eddeo y modo de pantalla de clonaci\u00f3n.<\/li>\n<li>Con un puerto de salida de audio de 3.5 mm, acceda f\u00e1cilmente al equipo de audio.<\/li>\n<li>Dise\u00f1o para escritorio y pared, f\u00e1cil para la instalaci\u00f3n<\/li>\n<li>Cambie los modos de salida con el bot\u00f3n de modo.<\/li>\n<li>Plug and play.<\/li>\n<\/ol>\n<\/div>\n<\/div>\n","protected":false},"excerpt":{"rendered":"<p>Informaci\u00f3n general. Este controlador de pared de v\u00eddeo es una soluci\u00f3n perfecta para v\u00eddeo wall de 2&#215;2, admite 1 entrada de fuente HDMI y 4 salidas HDMI a cuatro monitores. Admite fuentes de se\u00f1al HDMI compatibles con HDCP hasta HD 1080p a 60Hz. Es ideal&hellip;<\/p>\n","protected":false},"featured_media":7959,"comment_status":"open","ping_status":"closed","template":"","meta":{"om_disable_all_campaigns":false,"_monsterinsights_skip_tracking":false,"_monsterinsights_sitenote_active":false,"_monsterinsights_sitenote_note":"","_monsterinsights_sitenote_category":0},"product_brand":[],"product_cat":[719],"product_tag":[613,611,612,616,615,610,614,617],"class_list":{"0":"post-7960","1":"product","2":"type-product","3":"status-publish","4":"has-post-thumbnail","6":"product_cat-controladores-videowall-saxxon-video-vigilancia","7":"product_tag-bosch","8":"product_tag-manhattan","9":"product_tag-saxxon","10":"product_tag-surveon","11":"product_tag-utepo","12":"product_tag-videovigilancia","13":"product_tag-vivotek","14":"product_tag-zteco","16":"first","17":"instock","18":"sale","19":"taxable","20":"shipping-taxable","21":"purchasable","22":"product-type-simple"},"aioseo_notices":[],"_links":{"self":[{"href":"https:\/\/tecsecmty.com\/index.php\/wp-json\/wp\/v2\/product\/7960","targetHints":{"allow":["GET"]}}],"collection":[{"href":"https:\/\/tecsecmty.com\/index.php\/wp-json\/wp\/v2\/product"}],"about":[{"href":"https:\/\/tecsecmty.com\/index.php\/wp-json\/wp\/v2\/types\/product"}],"replies":[{"embeddable":true,"href":"https:\/\/tecsecmty.com\/index.php\/wp-json\/wp\/v2\/comments?post=7960"}],"version-history":[{"count":0,"href":"https:\/\/tecsecmty.com\/index.php\/wp-json\/wp\/v2\/product\/7960\/revisions"}],"wp:featuredmedia":[{"embeddable":true,"href":"https:\/\/tecsecmty.com\/index.php\/wp-json\/wp\/v2\/media\/7959"}],"wp:attachment":[{"href":"https:\/\/tecsecmty.com\/index.php\/wp-json\/wp\/v2\/media?parent=7960"}],"wp:term":[{"taxonomy":"product_brand","embeddable":true,"href":"https:\/\/tecsecmty.com\/index.php\/wp-json\/wp\/v2\/product_brand?post=7960"},{"taxonomy":"product_cat","embeddable":true,"href":"https:\/\/tecsecmty.com\/index.php\/wp-json\/wp\/v2\/product_cat?post=7960"},{"taxonomy":"product_tag","embeddable":true,"href":"https:\/\/tecsecmty.com\/index.php\/wp-json\/wp\/v2\/product_tag?post=7960"}],"curies":[{"name":"wp","href":"https:\/\/api.w.org\/{rel}","templated":true}]}}