{"id":7962,"date":"2023-02-23T16:23:51","date_gmt":"2023-02-23T22:23:51","guid":{"rendered":"https:\/\/tecsecmty.com\/index.php\/producto\/saxxon-an5535b1-pantalla-led-de-55-pulgadas-para-video-wall-1080p-marco-ultra-delgado-3-5-mm-brillo-500-cd-m2-pip-1-hdmi-1-dvi-1-vga-1-b-nc\/"},"modified":"2023-03-22T23:23:51","modified_gmt":"2023-03-23T05:23:51","slug":"saxxon-an5535b1-pantalla-led-de-55-pulgadas-para-video-wall-1080p-marco-ultra-delgado-3-5-mm-brillo-500-cd-m2-pip-1-hdmi-1-dvi-1-vga-1-b-nc","status":"publish","type":"product","link":"https:\/\/tecsecmty.com\/index.php\/producto\/saxxon-an5535b1-pantalla-led-de-55-pulgadas-para-video-wall-1080p-marco-ultra-delgado-3-5-mm-brillo-500-cd-m2-pip-1-hdmi-1-dvi-1-vga-1-b-nc\/","title":{"rendered":"SAXXON AN5535B1 &#8211; Pantalla LED de 55 pulgadas para video wall \/ 1080p \/ Marco ultra delgado 3.5 mm \/ Brillo 500 CD \/ M2 \/ PIP \/ 1 HDMI \/ 1 DVI \/ 1 VGA \/ 1 B NC \/"},"content":{"rendered":"<div class=\"row aling-items-center padding-bottom-2x\">\n<div class=\"col-lg-12\">\n<h5 class=\"card-title text-center\">EL modelo SAXXON AN5535B1 es una pantalla LED con marco ultra delgado de 55 pulgadas ideal para video wall.<\/h5>\n<p>&nbsp;<\/p>\n<p><img decoding=\"async\" class=\"overview-center-img-web\" src=\"https:\/\/tvc.mx\/media\/104825\/Pantalla-LED-de-55-pulgadas-para-video-wall.--Banner.png\" alt=\"\" \/><\/div>\n<\/div>\n<div class=\"row align-items-center padding-bottom-2x\">\n<div class=\"col-md-5\"><img decoding=\"async\" class=\"d-block m-auto img-thumbnail\" src=\"https:\/\/tvc.mx\/media\/104829\/Pantalla-LED-de-55-pulgadas-para-video-wall.-OVL1.png\" alt=\" \" \/><\/div>\n<div class=\"col-md-7 text-md-left text-center\">\n<h2>Minimiza las distracciones al estar visualizando gracias a sus biseles ultra delgados.<\/h2>\n<p class=\"text-muted\">\n<p>Maximiza el impacto visual de productos y mensajes con la serie de\u00a0pantallas UDC con biseles superescasos. Lo delgado de los biseles son\u00a0tan escasos como 1.7 mm de bisel a bisel ayudan a crear la sensaci\u00f3n de\u00a0cercan\u00eda entre los lienzos digitales, proporciona a la audiencia una experiencia de visualizaci\u00f3n superior con m\u00ednimas distracciones. El pulcro\u00a0estilo de la pantalla puede encajar naturalmente en cualquier ambiente\u00a0con su dise\u00f1o discreto.<\/p>\n<p>&nbsp;<\/p>\n<\/div>\n<\/div>\n<hr class=\"padding-bottom-2x\" \/>\n<div class=\"row align-items-center padding-bottom-2x\">\n<div class=\"col-md-5 order-md-2\"><img decoding=\"async\" class=\"d-block m-auto img-thumbnail\" src=\"https:\/\/tvc.mx\/media\/104833\/Pantalla-LED-de-55-pulgadas-para-video-wall.-OVL2.png\" alt=\" \" \/><\/div>\n<div class=\"col-md-7 order-md-1 text-md-left text-center\">\n<h2>Entrega tu mensaje con una maravillosa calidad de imagen.<\/h2>\n<p class=\"text-muted\">\n<p>Transmita su mensaje con im\u00e1genes din\u00e1micas que diferencian su empresa y capta la atenci\u00f3n. LED directo (d-LED) BLU (unidad de retroiluminaci\u00f3n) La tecnolog\u00eda combinada con la nueva soluci\u00f3n de atenuaci\u00f3n de la retroiluminaci\u00f3n proporciona UDC muestra una definici\u00f3n de color m\u00e1s amplia y tonos negros m\u00e1s ricos mientras consume menos potencia que los LFD convencionales de l\u00e1mpara fluorescente de c\u00e1todo fr\u00edo (CCFL). Con relaciones de contraste mejoradas y resoluci\u00f3n de alta definici\u00f3n completa (FHD), Las pantallas generan im\u00e1genes brillantes y de alta calidad que la audiencia puede sumergirse en.<\/p>\n<p>&nbsp;<\/p>\n<\/div>\n<\/div>\n<hr class=\"padding-bottom-2x\" \/>\n<div class=\"row align-items-center padding-bottom-2x\">\n<div class=\"col-md-5\"><img decoding=\"async\" class=\"d-block m-auto img-thumbnail\" src=\"https:\/\/tvc.mx\/media\/104837\/Pantalla-LED-de-55-pulgadas-para-video-wall.-OVL3.png\" alt=\" \" \/><\/div>\n<div class=\"col-md-7 text-md-left text-center\">\n<h2>Mejor imagen y luces mas brillantes.<\/h2>\n<p class=\"text-muted\">\n<p>Con un panel DID intensamente iluminado, su mensaje siempre est\u00e1 en el destacar. Su alto nivel de brillo y contraste aclaran la pantalla y legible en p\u00fablico. De hecho, en promedio es 1,5 veces m\u00e1s brillante que la televisi\u00f3n<\/p>\n<p>Pantallas.<\/p>\n<p>Adem\u00e1s, con una temperatura de funcionamiento baja, este LFD de Saxxon ser\u00e1 completamente confiable en los pr\u00f3ximos a\u00f1os.<\/p>\n<p>&nbsp;<\/p>\n<\/div>\n<\/div>\n<hr class=\"padding-bottom-2x\" \/>\n<div class=\"row align-items-center padding-bottom-2x\">\n<div class=\"col-md-5 order-md-2\"><img decoding=\"async\" class=\"d-block m-auto img-thumbnail\" src=\"https:\/\/tvc.mx\/media\/104841\/Pantalla-LED-de-55-pulgadas-para-video-wall.-OVL4.png\" alt=\" \" \/><\/div>\n<div class=\"col-md-7 order-md-1 text-md-left text-center\">\n<h2>Entrega de contenido v\u00edvida y confiable para las necesidades de tu negocio.<\/h2>\n<p class=\"text-muted\">\n<p>Dise\u00f1ado para mantener un rendimiento constante en diferentes interiores condiciones ambientales, la pared de v\u00eddeo de Saxxon produce un atractivo y experiencia de visualizaci\u00f3n pr\u00e9mium impactante. El elevado contraste de la pared de v\u00eddeo relaciones (46 pulgadas: 4000: 1 y 55 pulgadas: 4.000: 1) y alto brillo de 700 nits Produce una calidad de imagen uniforme y n\u00edtida y una presentaci\u00f3n de colores vivos. Independientemente de las condiciones de iluminaci\u00f3n circundantes. Con funcionamiento continuo 24\/7 rendimiento y confiabilidad, Saxxon V\u00eddeo Wall puede brindar contenido cuando y donde sea m\u00e1s efectivo para sus necesidades comerciales espec\u00edficas. Esta combinaci\u00f3n de beneficios de dise\u00f1o integrados hace que V\u00eddeo Wall sea una opci\u00f3n para la entrega de contenido en entornos empresariales donde se requiere una mejor legibilidad esencial.<\/p>\n<\/div>\n<\/div>\n","protected":false},"excerpt":{"rendered":"<p>EL modelo SAXXON AN5535B1 es una pantalla LED con marco ultra delgado de 55 pulgadas ideal para video wall. &nbsp; Minimiza las distracciones al estar visualizando gracias a sus biseles ultra delgados. Maximiza el impacto visual de productos y mensajes con la serie de\u00a0pantallas UDC&hellip;<\/p>\n","protected":false},"featured_media":7961,"comment_status":"open","ping_status":"closed","template":"","meta":{"om_disable_all_campaigns":false,"_monsterinsights_skip_tracking":false,"_monsterinsights_sitenote_active":false,"_monsterinsights_sitenote_note":"","_monsterinsights_sitenote_category":0},"product_brand":[],"product_cat":[720],"product_tag":[613,611,612,616,615,610,614,617],"class_list":{"0":"post-7962","1":"product","2":"type-product","3":"status-publish","4":"has-post-thumbnail","6":"product_cat-pantallas-videowall-saxxon-video-vigilancia","7":"product_tag-bosch","8":"product_tag-manhattan","9":"product_tag-saxxon","10":"product_tag-surveon","11":"product_tag-utepo","12":"product_tag-videovigilancia","13":"product_tag-vivotek","14":"product_tag-zteco","16":"first","17":"instock","18":"sale","19":"taxable","20":"shipping-taxable","21":"purchasable","22":"product-type-simple"},"aioseo_notices":[],"_links":{"self":[{"href":"https:\/\/tecsecmty.com\/index.php\/wp-json\/wp\/v2\/product\/7962","targetHints":{"allow":["GET"]}}],"collection":[{"href":"https:\/\/tecsecmty.com\/index.php\/wp-json\/wp\/v2\/product"}],"about":[{"href":"https:\/\/tecsecmty.com\/index.php\/wp-json\/wp\/v2\/types\/product"}],"replies":[{"embeddable":true,"href":"https:\/\/tecsecmty.com\/index.php\/wp-json\/wp\/v2\/comments?post=7962"}],"version-history":[{"count":0,"href":"https:\/\/tecsecmty.com\/index.php\/wp-json\/wp\/v2\/product\/7962\/revisions"}],"wp:featuredmedia":[{"embeddable":true,"href":"https:\/\/tecsecmty.com\/index.php\/wp-json\/wp\/v2\/media\/7961"}],"wp:attachment":[{"href":"https:\/\/tecsecmty.com\/index.php\/wp-json\/wp\/v2\/media?parent=7962"}],"wp:term":[{"taxonomy":"product_brand","embeddable":true,"href":"https:\/\/tecsecmty.com\/index.php\/wp-json\/wp\/v2\/product_brand?post=7962"},{"taxonomy":"product_cat","embeddable":true,"href":"https:\/\/tecsecmty.com\/index.php\/wp-json\/wp\/v2\/product_cat?post=7962"},{"taxonomy":"product_tag","embeddable":true,"href":"https:\/\/tecsecmty.com\/index.php\/wp-json\/wp\/v2\/product_tag?post=7962"}],"curies":[{"name":"wp","href":"https:\/\/api.w.org\/{rel}","templated":true}]}}