{"id":7966,"date":"2023-02-23T16:23:56","date_gmt":"2023-02-23T22:23:56","guid":{"rendered":"https:\/\/tecsecmty.com\/index.php\/producto\/startech-vidwallmnt-soporte-para-pantallas-de-video-wall-de-45-a-70-pulgadas-carga-70kg-antirrobo\/"},"modified":"2023-03-22T23:24:26","modified_gmt":"2023-03-23T05:24:26","slug":"startech-vidwallmnt-soporte-para-pantallas-de-video-wall-de-45-a-70-pulgadas-carga-70kg-antirrobo","status":"publish","type":"product","link":"https:\/\/tecsecmty.com\/index.php\/producto\/startech-vidwallmnt-soporte-para-pantallas-de-video-wall-de-45-a-70-pulgadas-carga-70kg-antirrobo\/","title":{"rendered":"STARTECH VIDWALLMNT- SOPORTE PARA PANTALLAS DE VIDEO WALL DE 45 A 70 PULGADAS\/ CARGA 70KG\/ ANTIRROBO"},"content":{"rendered":"<div class=\"row aling-items-center padding-bottom-2x\">\n<div class=\"col-lg-12\">\n<h5 class=\"card-title text-center\">Informaci\u00f3n General<\/h5>\n<p>Este soporte profesional para el montaje de mosaicos de video\u00a0tiene un innovador dise\u00f1o desplegable que permite de forma r\u00e1pida y f\u00e1cil la alineaci\u00f3n y el ajuste de las pantallas.<\/p>\n<p><img decoding=\"async\" class=\"overview-center-img-web\" src=\"https:\/\/tvc.mx\/media\/160946\/Startech-VIDWALLMNT-SoporteDe-Video-Wall-Para-Pantallas-45-70-Pulgadas2.png\" alt=\"\" \/><\/div>\n<\/div>\n<div class=\"row aling-items-center padding-bottom-2x\">\n<div class=\"col-lg-12\">\n<h5 class=\"card-title text-center\">Caracter\u00edsticas Principales<\/h5>\n<ul>\n<li>Cree un impresionante muro multi-video mediante este soporte de televisor de pantalla plana, con capacidad para pantallas de 45&#8243; a 70&#8243; (dise\u00f1o antirrobo)<\/li>\n<li>El dise\u00f1o desplegable (hasta 306 mm) permite el acceso a la parte trasera de las pantallas, para su ajuste<\/li>\n<li>6 puntos para micro-ajustes (vertical, inclinaci\u00f3n y giro) que permiten la alineaci\u00f3n precisa de la pantalla<\/li>\n<\/ul>\n<p><img decoding=\"async\" class=\"overview-center-img-web\" src=\"https:\/\/tvc.mx\/media\/160954\/Blanco.png\" alt=\"\" \/><\/div>\n<\/div>\n<div class=\"row aling-items-center padding-bottom-2x\">\n<div class=\"col-lg-12\">\n<h5 class=\"card-title text-center\">Vers\u00e1til sistema de montaje de mosaicos de video<\/h5>\n<p>Dise\u00f1ado en acero de servicio pesado, el soporte para el montaje de muros multiv\u00eddeo\u00a0permite la instalaci\u00f3n segura de pantallas entre 45&#8243; a 70&#8243; de tama\u00f1o y un peso total de hasta 70 kg.<\/p>\n<p>El uso de varios soportes VIDWALLMNT para montaje le permite crear un impresionante mosaico de video, ya que puede alinear\u00a0sus pantallas a la vez. Soluci\u00f3n ideal en el caso de pantallas utilizadas en entornos p\u00fablicos, de empresa o comerciales, y adem\u00e1s incluye funci\u00f3n de disuasi\u00f3n de robo (se requiere un candado).<\/p>\n<p><img decoding=\"async\" class=\"overview-center-img-web\" src=\"https:\/\/tvc.mx\/media\/160950\/Startech-VIDWALLMNT-SoporteDe-Video-Wall-Para-Pantallas-45-70-Pulgadas3.png\" alt=\"\" \/><\/div>\n<\/div>\n","protected":false},"excerpt":{"rendered":"<p>Informaci\u00f3n General Este soporte profesional para el montaje de mosaicos de video\u00a0tiene un innovador dise\u00f1o desplegable que permite de forma r\u00e1pida y f\u00e1cil la alineaci\u00f3n y el ajuste de las pantallas. Caracter\u00edsticas Principales Cree un impresionante muro multi-video mediante este soporte de televisor de pantalla&hellip;<\/p>\n","protected":false},"featured_media":7965,"comment_status":"open","ping_status":"closed","template":"","meta":{"om_disable_all_campaigns":false,"_monsterinsights_skip_tracking":false,"_monsterinsights_sitenote_active":false,"_monsterinsights_sitenote_note":"","_monsterinsights_sitenote_category":0},"product_brand":[],"product_cat":[721],"product_tag":[613,611,612,616,615,610,614,617],"class_list":{"0":"post-7966","1":"product","2":"type-product","3":"status-publish","4":"has-post-thumbnail","6":"product_cat-soportes-y-bases-videowall-saxxon-video-vigilancia","7":"product_tag-bosch","8":"product_tag-manhattan","9":"product_tag-saxxon","10":"product_tag-surveon","11":"product_tag-utepo","12":"product_tag-videovigilancia","13":"product_tag-vivotek","14":"product_tag-zteco","16":"first","17":"instock","18":"sale","19":"taxable","20":"shipping-taxable","21":"purchasable","22":"product-type-simple"},"aioseo_notices":[],"_links":{"self":[{"href":"https:\/\/tecsecmty.com\/index.php\/wp-json\/wp\/v2\/product\/7966","targetHints":{"allow":["GET"]}}],"collection":[{"href":"https:\/\/tecsecmty.com\/index.php\/wp-json\/wp\/v2\/product"}],"about":[{"href":"https:\/\/tecsecmty.com\/index.php\/wp-json\/wp\/v2\/types\/product"}],"replies":[{"embeddable":true,"href":"https:\/\/tecsecmty.com\/index.php\/wp-json\/wp\/v2\/comments?post=7966"}],"version-history":[{"count":0,"href":"https:\/\/tecsecmty.com\/index.php\/wp-json\/wp\/v2\/product\/7966\/revisions"}],"wp:featuredmedia":[{"embeddable":true,"href":"https:\/\/tecsecmty.com\/index.php\/wp-json\/wp\/v2\/media\/7965"}],"wp:attachment":[{"href":"https:\/\/tecsecmty.com\/index.php\/wp-json\/wp\/v2\/media?parent=7966"}],"wp:term":[{"taxonomy":"product_brand","embeddable":true,"href":"https:\/\/tecsecmty.com\/index.php\/wp-json\/wp\/v2\/product_brand?post=7966"},{"taxonomy":"product_cat","embeddable":true,"href":"https:\/\/tecsecmty.com\/index.php\/wp-json\/wp\/v2\/product_cat?post=7966"},{"taxonomy":"product_tag","embeddable":true,"href":"https:\/\/tecsecmty.com\/index.php\/wp-json\/wp\/v2\/product_tag?post=7966"}],"curies":[{"name":"wp","href":"https:\/\/api.w.org\/{rel}","templated":true}]}}