{"id":799,"date":"2023-02-15T23:19:04","date_gmt":"2023-02-15T23:19:04","guid":{"rendered":"https:\/\/tecsecmty.com\/index.php\/producto\/domo-turbohd-2-megapixel-1080p-imagen-a-color-24-7-lente-2-8-mm-luz-blanca-20-mts-exterior-ip67-wdr-130db-sensor-pir-salida-de-alarma\/"},"modified":"2023-03-22T23:20:39","modified_gmt":"2023-03-23T05:20:39","slug":"domo-turbohd-2-megapixel-1080p-imagen-a-color-24-7-lente-2-8-mm-luz-blanca-20-mts-exterior-ip67-wdr-130db-sensor-pir-salida-de-alarma","status":"publish","type":"product","link":"https:\/\/tecsecmty.com\/index.php\/producto\/domo-turbohd-2-megapixel-1080p-imagen-a-color-24-7-lente-2-8-mm-luz-blanca-20-mts-exterior-ip67-wdr-130db-sensor-pir-salida-de-alarma\/","title":{"rendered":"Domo TURBOHD 2 Megapixel (1080p) \/ Imagen a color 24\/7 \/ Lente 2.8 mm \/ Luz Blanca 20 mts \/ Exterior IP67 \/ WDR 130dB \/ Sensor PIR \/ Salida de alarma"},"content":{"rendered":"<div class=\"container\">\n<div class=\"row\">\n<div class=\"col-md-12\">\n<div class=\"row\">\n<div class=\"row\">\n<div class=\"col-md-12\">\n<h4 class=\"text-primary center info-text\" style=\"text-align: center\">Informaci\u00f3n de Producto<\/h4>\n<\/div>\n<\/div>\n<div class=\"row\" style=\"text-align: center\">\n<div class=\"col-md-12\">\n<h3>Domo TURBOHD 2 Megapixel (1080p) \/ Imagen a color 24\/7 \/ Lente 2.8 mm \/ Luz Blanca 20 mts \/ Exterior IP67 \/ WDR 130dB \/ Sensor PIR \/ Salida de alarma<\/h3>\n<\/div>\n<\/div>\n<div id=\"producto_container\" class=\"row\" style=\"text-align: center\">\n<div class=\"col-md-4\"><img decoding=\"async\" class=\"img-responsive center-block\" src=\"https:\/\/ftp3.syscom.mx\/usuarios\/fotos\/BancoFotografiasSyscom\/HIKVISION\/DS2CE72DFTPIRXOF28\/DS2CE72DFTPIRXOF28-p.PNG\" alt=\"DS-2CE72DFT-PIRXOF28\" \/><\/p>\n<div class=\"row\">\n<div id=\"galerias\" class=\"col-sm-12\"><\/div>\n<\/div>\n<\/div>\n<div class=\"col-md-4\">\n<div><img decoding=\"async\" class=\"img-responsive img-thumbnail\" src=\"https:\/\/ftp3.syscom.mx\/usuarios\/fotos\/logotipos\/hikvision.png\" \/><\/div>\n<div><img decoding=\"async\" class=\"icono_info_product\" src=\"https:\/\/ftp3.syscom.mx\/usuarios\/ftp\/syscom_mx\/6-14-2-17-sirena-integrada.png\" \/><img decoding=\"async\" class=\"icono_info_product\" src=\"https:\/\/ftp3.syscom.mx\/cdn-cgi\/image\/format=auto,width=75\/usuarios\/fotos\/colorvu1.png\" \/><img decoding=\"async\" class=\"icono_info_product\" src=\"https:\/\/ftp3.syscom.mx\/cdn-cgi\/image\/format=auto,width=75\/usuarios\/ftp\/syscom_mx\/1-10-45-7-estrobo.png?v=1586970620\" \/><\/div>\n<div>\n<p>Modelo:\u00a0<span class=\"modelo-marca\">DS-2CE72DFT-PIRXOF28<\/span><\/p>\n<p>Marca:\u00a0<span class=\"modelo-marca\">HIKVISION<\/span><\/p>\n<\/div>\n<div>\n<h2 class=\"no_margin_top\"><\/h2>\n<\/div>\n<\/div>\n<\/div>\n<\/div>\n<div class=\"row \" style=\"text-align: center\">\n<div class=\"col-md-12\">\n<div class=\"row\">\n<h3 class=\"text-primary\">Especificaciones:<\/h3>\n<\/div>\n<div class=\"row well\">\n<p><img decoding=\"async\" src=\"https:\/\/www.google.com\/url?q=https:\/\/ftp3.syscom.mx\/usuarios\/jsosa\/banners\/colorvu-2.jpg&amp;sa=D&amp;source=hangouts&amp;ust=1576162823022000&amp;usg=AFQjCNF9asAF45aLr0ovSlEyB7ECI1mBOw\" alt=\"\" \/><img decoding=\"async\" src=\"https:\/\/ftp3.syscom.mx\/usuarios\/xguereque\/Imagenes\/hikvision\/colorvu-2.jpg\" alt=\"\" width=\"100%\" \/><\/p>\n<div><\/div>\n<p>&nbsp;<\/p>\n<p>&nbsp;<\/p>\n<div class=\"row\">\n<div class=\"col-sm-6 col-md-4\">\n<div class=\"embed-responsive embed-responsive-16by9\">\n<p><a href=\"https:\/\/ftp3.syscom.mx\/usuarios\/jsosa\/HIKVISION\/imagenes\/colorvu\/1.png\"><img decoding=\"async\" class=\"fr-fic fr-dii\" src=\"https:\/\/ftp3.syscom.mx\/usuarios\/jsosa\/HIKVISION\/imagenes\/colorvu\/1.png\" height=\"236\" \/><\/a><\/p>\n<\/div>\n<\/div>\n<div class=\"col-sm-6 col-md-4\">\n<div class=\"embed-responsive embed-responsive-16by9\">\n<p><a href=\"https:\/\/ftp3.syscom.mx\/usuarios\/jsosa\/HIKVISION\/imagenes\/colorvu\/4.png\"><img decoding=\"async\" class=\"fr-fic fr-dii\" src=\"https:\/\/ftp3.syscom.mx\/usuarios\/jsosa\/HIKVISION\/imagenes\/colorvu\/4.png\" height=\"236\" \/><\/a><\/p>\n<\/div>\n<\/div>\n<div class=\"col-sm-6 col-md-4\">\n<div class=\"embed-responsive embed-responsive-16by9\">\n<p><a href=\"https:\/\/ftp3.syscom.mx\/usuarios\/jsosa\/HIKVISION\/imagenes\/colorvu\/3.png\"><img decoding=\"async\" class=\"fr-fic fr-dii\" src=\"https:\/\/ftp3.syscom.mx\/usuarios\/jsosa\/HIKVISION\/imagenes\/colorvu\/3.png\" height=\"236\" \/><\/a><\/p>\n<\/div>\n<\/div>\n<\/div>\n<p>&nbsp;<\/p>\n<div class=\"row\">\n<div class=\"col-sm-6 col-md-4\">\n<div class=\"embed-responsive embed-responsive-16by9\">\n<p><a href=\"https:\/\/ftp3.syscom.mx\/usuarios\/jsosa\/HIKVISION\/imagenes\/colorvu\/2.png\"><img decoding=\"async\" class=\"fr-fic fr-dii\" src=\"https:\/\/ftp3.syscom.mx\/usuarios\/jsosa\/HIKVISION\/imagenes\/colorvu\/2.png\" height=\"236\" \/><\/a><\/p>\n<\/div>\n<\/div>\n<div class=\"col-sm-6 col-md-4\">\n<div class=\"embed-responsive embed-responsive-16by9\">\n<p><a href=\"https:\/\/ftp3.syscom.mx\/usuarios\/jsosa\/HIKVISION\/imagenes\/colorvu\/5.png\"><img decoding=\"async\" class=\"fr-fic fr-dii\" src=\"https:\/\/ftp3.syscom.mx\/usuarios\/jsosa\/HIKVISION\/imagenes\/colorvu\/5.png\" height=\"236\" \/><\/a><\/p>\n<\/div>\n<\/div>\n<div class=\"col-sm-6 col-md-4\">\n<div class=\"embed-responsive embed-responsive-16by9\">\n<p><a href=\"https:\/\/ftp3.syscom.mx\/usuarios\/jsosa\/HIKVISION\/imagenes\/colorvu\/6.png\"><img decoding=\"async\" class=\"fr-fic fr-dii\" src=\"https:\/\/ftp3.syscom.mx\/usuarios\/jsosa\/HIKVISION\/imagenes\/colorvu\/6.png\" height=\"236\" \/><\/a><\/p>\n<\/div>\n<\/div>\n<\/div>\n<div class=\"row\">\n<p>&nbsp;<\/p>\n<div class=\"row\">\n<div class=\"col-sm-4\">\n<div><strong>Caracter\u00edsticas principales:<\/strong><\/p>\n<ul>\n<li>Resoluci\u00f3n M\u00e1xima 2 Megapixel (1920 x 1080)<\/li>\n<li>Iluminaci\u00f3n minima: 0.0005 Lux @ (F1.0, AGC ON, 0 Lux con IR)<\/li>\n<li>Lente fijo: 2.8 mm (angulo de apertura 104\u00b0)<\/li>\n<li>20 Metros de luz blanca (ayuda a iluminar el sitio para mantener la imagen siempre a color).<\/li>\n<li>Soporta 4 Tecnologias, selecci\u00f3nable en el mazo de cables (HD-TVI, HD-CVI, AHD,CVBS Analogico 1200TVL\u00b4s)<\/li>\n<li>WDR de 130dB<\/li>\n<li>Funciones: BLC \/ HLC \/ Global \/ HLS \/ 3D DNR \/ Mirror.<\/li>\n<li><strong>Sensor PIR integrado para evitar falsas alarmas por movimiento.<\/strong><\/li>\n<li><strong>Rango del sensor PIR: angulo 110\u00ba, rango 11 mts.<\/strong><\/li>\n<li><strong>Luz blanca integrada que se activa cuando el sensor PIR detecte movimiento.<\/strong><\/li>\n<li><strong>Sirena integrada para alertar (93.5 dB a 1 metro de distancia).<\/strong><\/li>\n<li><strong>Estrobo color rojo y azul para alertar.<\/strong><\/li>\n<li><strong>Video demostrativo clic\u00a0<a href=\"https:\/\/soporte.syscom.mx\/es\/articles\/4582985-hikvision-funcionamiento-de-camara-ds-2ce72dft-pirxof28\" target=\"_blank\" rel=\"noopener\">aqu\u00ed<\/a><\/strong><\/li>\n<li><strong>Guia de configuraci\u00f3n por horarios clic\u00a0<a href=\"https:\/\/soporte.syscom.mx\/es\/articles\/4583000-epcom-configurar-horarios-de-operacion-de-funciones-de-la-camara-ds-2ce72dft-pirxof28-y-ds-2ce12dft-pirxof28\" target=\"_blank\" rel=\"noopener\">aqu\u00ed<\/a><\/strong><\/li>\n<\/ul>\n<p><strong>Accesorios:<\/strong><\/p>\n<ul>\n<li><strong>Montaje de pared, modelo:\u00a0<\/strong><a href=\"https:\/\/www.syscom.mx\/producto\/DS-1272ZJ-110-TRS-HIKVISION-139817.html\">DS-1272ZJ-110-TRS<\/a><\/li>\n<li><strong>Montaje de poste vertical, modelo:\u00a0<\/strong><a href=\"https:\/\/www.syscom.mx\/producto\/DS-1275ZJ-SUS-HIKVISION-156172.html\">DS-1275ZJ-SUS<\/a><\/li>\n<li><strong>Montaje de esquina, modelo:\u00a0<\/strong><a href=\"https:\/\/www.syscom.mx\/producto\/DS-1276ZJ-SUS-HIKVISION-156173.html\">DS-1276ZJ-SUS<\/a><\/li>\n<li><strong>Montaje de techo inclinado, modelo:\u00a0<\/strong><a href=\"https:\/\/www.syscom.mx\/producto\/DS-1281ZJ-S-HIKVISION-93443.html\">DS-1281ZJ-S\u00a0<\/a><\/li>\n<li><strong>Caja de conexiones, modelo:\u00a0<\/strong><a href=\"https:\/\/www.syscom.mx\/producto\/DS-1280ZJ-S-HIKVISION-84927.html\">DS-1280ZJ-S\u00a0<\/a><\/li>\n<li><strong>Caja de conexiones, modelo:<a href=\"https:\/\/ftp3.syscom.mx\/usuarios\/ftp\/2020\/02\/05\/994e1\/DS-2CE72DFT-PIRXOF28%201.1%2020190703.PDF\">\u00a0<\/a><\/strong><a href=\"https:\/\/ftp3.syscom.mx\/usuarios\/ftp\/2020\/02\/05\/994e1\/DS-2CE72DFT-PIRXOF28%201.1%2020190703.PDF\">DS-1280ZJ-TR13\u00a0<\/a><\/li>\n<\/ul>\n<\/div>\n<\/div>\n<div class=\"col-sm-4\">\n<div><strong>Caracter\u00edsticas Destacadas:<\/strong>Las c\u00e1maras ColorVu cuentan con F stop ajustando a 1.0, lo que le permite una mayor captaci\u00f3n y aprovechamiento de la luz, su luz blanca permite iluminar los ambientes muy oscuros para brindar una imagen a color 24\/7, es por ello que ColorVu se encuentra entre las\u00a0<strong>m\u00e1s selecci\u00f3nadas por los clientes en ambientes como bares, tiendas, hogar, oficina, hospitales, perimetrales.<\/strong><\/p>\n<p>Las c\u00e1maras cuentan con un sensor PIR, este\u00a0<strong>\u00fanicamente<\/strong>\u00a0se activa cuando hay detecci\u00f3n de una persona o masa:<\/p>\n<ul>\n<li>Evitar falsas alarmas por polvo, viento o cambios de iluminaci\u00f3n.<\/li>\n<li>Evitar falsas alarmas por movimiento de objetos como cortinas, \u00e1rboles, animales peque\u00f1os.<\/li>\n<\/ul>\n<\/div>\n<\/div>\n<div class=\"col-sm-4\">\n<div><strong>Caracter\u00edsticas F\u00edsicas y El\u00e9ctricas:<\/strong><\/p>\n<ul>\n<li>Temperatura de Operaci\u00f3n: &#8211; 40\u00b0C a 60\u00b0C.<\/li>\n<li>Alimentaci\u00f3n: 12Vcc \/ 6.6 Watts.<\/li>\n<li>Protecci\u00f3n: Interior \/ Exterior IP67.<\/li>\n<li>Fabricado en material de metal y policarbonato.<\/li>\n<li>Dimensi\u00f3nes: 109.82 x 93.66 mm.<\/li>\n<li>Peso: 390 gramos.<\/li>\n<li>Garant\u00eda de 2 a\u00f1os.<\/li>\n<li>Usar grabadores TURBOHD que soporten H.265+ para la compatibilidad de la opci\u00f3n de PIR para evitar falsas alarmas.<\/li>\n<li>Se recomienda utilizar el sensor PIR para ambientes controlados ya que puede generar falsas alarmas en condiciones adversas, se recomienda usar el PIR para uso en interior.<\/li>\n<\/ul>\n<\/div>\n<\/div>\n<\/div>\n<\/div>\n<p>&nbsp;<\/p>\n<h1><strong>Recursos<\/strong><\/h1>\n<p>&nbsp;<\/p>\n<div class=\"row default_margin_bottom\">\n<div class=\"col-sm-4\"><a href=\"https:\/\/www.hikvision.com\/es-la\/support\/download\/software\/ivms4200-series\/?q=serie%20ivms4200&amp;position=1\" target=\"_blank\" rel=\"noopener\"><img decoding=\"async\" class=\"img-responsive\" src=\"https:\/\/ftp3.syscom.mx\/usuarios\/gmagos\/HIK\/IP\/IPC\/Imagenes%20pagina\/Descargas%20IVMS4200.jpg\" \/><\/a><\/div>\n<div class=\"col-sm-4\"><a href=\"https:\/\/appstore.hikvision.com\/\" target=\"_blank\" rel=\"noopener\"><img decoding=\"async\" class=\"img-responsive\" src=\"https:\/\/ftp3.syscom.mx\/usuarios\/gmagos\/HIK\/IP\/IPC\/Imagenes%20pagina\/Descargas%20de%20app.jpg\" \/><\/a><\/div>\n<div class=\"col-sm-4\"><a href=\"https:\/\/ftp3.syscom.mx\/usuarios\/ftp\/2020\/02\/05\/994e1\/DS-2CE72DFT-PIRXOF28%201.1%2020190703.PDF\" target=\"_blank\" rel=\"noopener\"><img decoding=\"async\" class=\"img-responsive\" src=\"https:\/\/ftp3.syscom.mx\/usuarios\/gmagos\/HIK\/IP\/IPC\/Imagenes%20pagina\/Descarga%20de%20PDF.jpg\" \/><\/a><\/div>\n<\/div>\n<p>&nbsp;<\/p>\n<p>&nbsp;<\/p>\n<p><img decoding=\"async\" class=\"fr-fic fr-dii\" src=\"https:\/\/ftp3.syscom.mx\/usuarios\/jsosa\/HIKVISION\/imagenes\/banners\/solution%20complete.png\" \/><\/p>\n<p>&nbsp;<\/p>\n<\/div>\n<\/div>\n<\/div>\n<\/div>\n<\/div>\n<\/div>\n<p><img decoding=\"async\" class=\"aligncenter\" src=\"https:\/\/tracker.metricool.com\/c3po.jpg?hash=95c94f37730bb8f54dd4308f1f878f9\" \/><\/p>\n","protected":false},"excerpt":{"rendered":"<p>Informaci\u00f3n de Producto Domo TURBOHD 2 Megapixel (1080p) \/ Imagen a color 24\/7 \/ Lente 2.8 mm \/ Luz Blanca 20 mts \/ Exterior IP67 \/ WDR 130dB \/ Sensor PIR \/ Salida de alarma Modelo:\u00a0DS-2CE72DFT-PIRXOF28 Marca:\u00a0HIKVISION Especificaciones: &nbsp; &nbsp; &nbsp; &nbsp; Caracter\u00edsticas principales: Resoluci\u00f3n&hellip;<\/p>\n","protected":false},"featured_media":1561,"comment_status":"open","ping_status":"closed","template":"","meta":{"om_disable_all_campaigns":false,"_monsterinsights_skip_tracking":false,"_monsterinsights_sitenote_active":false,"_monsterinsights_sitenote_note":"","_monsterinsights_sitenote_category":0},"product_brand":[],"product_cat":[45],"product_tag":[42,38,46,37],"class_list":{"0":"post-799","1":"product","2":"type-product","3":"status-publish","4":"has-post-thumbnail","6":"product_cat-domo","7":"product_tag-camaras","8":"product_tag-camaras-de-seguridad","9":"product_tag-camaras-domo","10":"product_tag-hikvision","12":"first","13":"instock","14":"taxable","15":"shipping-taxable","16":"product-type-simple"},"aioseo_notices":[],"_links":{"self":[{"href":"https:\/\/tecsecmty.com\/index.php\/wp-json\/wp\/v2\/product\/799","targetHints":{"allow":["GET"]}}],"collection":[{"href":"https:\/\/tecsecmty.com\/index.php\/wp-json\/wp\/v2\/product"}],"about":[{"href":"https:\/\/tecsecmty.com\/index.php\/wp-json\/wp\/v2\/types\/product"}],"replies":[{"embeddable":true,"href":"https:\/\/tecsecmty.com\/index.php\/wp-json\/wp\/v2\/comments?post=799"}],"version-history":[{"count":2,"href":"https:\/\/tecsecmty.com\/index.php\/wp-json\/wp\/v2\/product\/799\/revisions"}],"predecessor-version":[{"id":1562,"href":"https:\/\/tecsecmty.com\/index.php\/wp-json\/wp\/v2\/product\/799\/revisions\/1562"}],"wp:featuredmedia":[{"embeddable":true,"href":"https:\/\/tecsecmty.com\/index.php\/wp-json\/wp\/v2\/media\/1561"}],"wp:attachment":[{"href":"https:\/\/tecsecmty.com\/index.php\/wp-json\/wp\/v2\/media?parent=799"}],"wp:term":[{"taxonomy":"product_brand","embeddable":true,"href":"https:\/\/tecsecmty.com\/index.php\/wp-json\/wp\/v2\/product_brand?post=799"},{"taxonomy":"product_cat","embeddable":true,"href":"https:\/\/tecsecmty.com\/index.php\/wp-json\/wp\/v2\/product_cat?post=799"},{"taxonomy":"product_tag","embeddable":true,"href":"https:\/\/tecsecmty.com\/index.php\/wp-json\/wp\/v2\/product_tag?post=799"}],"curies":[{"name":"wp","href":"https:\/\/api.w.org\/{rel}","templated":true}]}}