{"id":800,"date":"2023-02-15T23:19:04","date_gmt":"2023-02-15T23:19:04","guid":{"rendered":"https:\/\/tecsecmty.com\/index.php\/producto\/eyeball-turbohd-4k-8megapixeles-gran-angular-102%e2%88%9e-lente-2-8-mm-exterior-ip67-ir-exir-30-mts-dwdr-tvi-ahd-cvi-cvbs\/"},"modified":"2023-03-22T23:20:40","modified_gmt":"2023-03-23T05:20:40","slug":"eyeball-turbohd-4k-8megapixeles-gran-angular-102-lente-2-8-mm-exterior-ip67-ir-exir-30-mts-dwdr-tvi-ahd-cvi-cvbs","status":"publish","type":"product","link":"https:\/\/tecsecmty.com\/index.php\/producto\/eyeball-turbohd-4k-8megapixeles-gran-angular-102-lente-2-8-mm-exterior-ip67-ir-exir-30-mts-dwdr-tvi-ahd-cvi-cvbs\/","title":{"rendered":"Eyeball TURBOHD 4K (8Megapixeles) \/ Gran Angular 102 \/ Lente 2.8 mm \/ Exterior IP67\/ IR EXIR 30 mts \/ dWDR \/ TVI-AHD-CVI-CVBS"},"content":{"rendered":"<div class=\"container\">\n<div class=\"row\">\n<div class=\"col-md-12\">\n<div class=\"row\">\n<div class=\"row\">\n<div class=\"col-md-12\">\n<h4 class=\"text-primary center info-text\" style=\"text-align: center\">Informaci\u00f3n de Producto<\/h4>\n<\/div>\n<\/div>\n<div class=\"row\" style=\"text-align: center\">\n<div class=\"col-md-12\">\n<h3>Eyeball TURBOHD 4K (8Megapixeles) \/ Gran Angular 102\u00b0 \/ Lente 2.8 mm \/ Exterior IP67\/ IR EXIR 30 mts \/ dWDR \/ TVI-AHD-CVI-CVBS<\/h3>\n<\/div>\n<\/div>\n<div id=\"producto_container\" class=\"row\" style=\"text-align: center\">\n<div class=\"col-md-4\"><img decoding=\"async\" class=\"img-responsive center-block\" src=\"https:\/\/ftp3.syscom.mx\/usuarios\/fotos\/BancoFotografiasSyscom\/HIKVISION\/DS2CE76U1TITMF\/DS2CE76U1TITMF-p.PNG\" alt=\"DS-2CE76U1T-ITMF\" \/><\/p>\n<div class=\"row\">\n<div id=\"galerias\" class=\"col-sm-12\"><\/div>\n<\/div>\n<\/div>\n<div class=\"col-md-4\">\n<div><img decoding=\"async\" class=\"img-responsive img-thumbnail\" src=\"https:\/\/ftp3.syscom.mx\/usuarios\/fotos\/logotipos\/hikvision.png\" \/><\/div>\n<div><img decoding=\"async\" class=\"icono_info_product\" src=\"https:\/\/ftp3.syscom.mx\/usuarios\/fotos\/ultraexir.png?v=1542822132?v=1.04\" \/><img decoding=\"async\" class=\"icono_info_product\" src=\"https:\/\/ftp3.syscom.mx\/usuarios\/fotos\/4k1.png?v=1534268246\" \/><img decoding=\"async\" class=\"icono_info_product\" src=\"https:\/\/ftp3.syscom.mx\/usuarios\/ftp\/downloads\/METALICAS.jpg\" \/><\/div>\n<div>\n<p>Modelo:\u00a0<span class=\"modelo-marca\">DS-2CE76U1T-ITMF<\/span><\/p>\n<p>Marca:\u00a0<span class=\"modelo-marca\">HIKVISION<\/span><\/p>\n<\/div>\n<div>\n<h2 class=\"no_margin_top\"><\/h2>\n<\/div>\n<\/div>\n<\/div>\n<\/div>\n<div class=\"row \" style=\"text-align: center\">\n<div class=\"col-md-12\">\n<div class=\"row\">\n<h3 class=\"text-primary\">Especificaciones:<\/h3>\n<\/div>\n<div class=\"row well\">\n<p><img decoding=\"async\" class=\"fr-fic fr-dii\" src=\"http:\/\/ftp3.syscom.mx\/usuarios\/jdelafuente\/HIKVISION\/hikvision%20logo%20complete.png\" \/><\/p>\n<p>&nbsp;<\/p>\n<div class=\"container\">\n<div class=\"row default_margin_top\">\n<div class=\"col-sm-4 default_margin_bottom\">\n<div class=\"panel_segmento_m2m\">\n<h3><strong>Caracter\u00edsticas Principales:<\/strong><\/h3>\n<ul>\n<li>Resoluci\u00f3n m\u00e1xima: 8.29 Megap\u00edxel (3840 x 2160).<\/li>\n<li>Sensor CMOS scan progresivo.<\/li>\n<li>Lente fijo: 2.8 mm (\u00e1ngulo de visi\u00f3n 102.2\u00ba).<\/li>\n<li>30 mts IR EXIR.<\/li>\n<li>Soporta 4 tecnolog\u00edas\u00a0<strong>(TVI \/ AHD \/ CVI \/ CVBS).<\/strong><\/li>\n<li>Permite seleccionar la resoluci\u00f3n entre 8 Megap\u00edxel \/ 5 Megap\u00edxel \/ 4 Megap\u00edxel \/ 2 Megap\u00edxel.<\/li>\n<li>Funciones: dWDR \/ BLC \/ DNR \/ Mirror.<\/li>\n<\/ul>\n<\/div>\n<\/div>\n<div class=\"col-sm-4 default_margin_bottom\">\n<h3 class=\"center panel_segmento_m2m\"><strong>M\u00e1xima Compatibilidad<\/strong>\u00a0<img decoding=\"async\" class=\"img-responsive fr-fil fr-dib\" src=\"http:\/\/ftp3.syscom.mx\/usuarios\/anavarrete\/Noe\/imagen1.png\" \/><\/h3>\n<\/div>\n<div class=\"col-sm-4 default_margin_bottom\">\n<div class=\"panel_segmento_m2m\">\n<h3><strong>Caracter\u00edsticas f\u00edsicas y el\u00e9ctricas:<\/strong><\/h3>\n<p>&nbsp;<\/p>\n<ul>\n<li>Temperatura de operaci\u00f3n: -40\u00baC a 60\u00baC.<\/li>\n<li>Alimentaci\u00f3n: 12 Vcc \/ 5.3 Watts.<\/li>\n<li>Protecci\u00f3n: IP67.<\/li>\n<li>Fabricado en metal.<\/li>\n<li>Dimensiones: 90\u00a0x 79.37\u00a0mm.<\/li>\n<li>Peso: 310 grs.<\/li>\n<li>Garant\u00eda: 2\u00a0a\u00f1os.<\/li>\n<\/ul>\n<p><strong>Accesorios:<\/strong><\/p>\n<ul>\n<li><strong>Montaje de pared, modelo:\u00a0<\/strong><a href=\"https:\/\/www.syscom.mx\/producto\/DS-1272ZJ-110-TRS-HIKVISION-139817.html\">DS-1272ZJ-110-TRS\u00a0<\/a><\/li>\n<li><strong>Montaje de poste vertical, modelo:\u00a0<\/strong><a href=\"https:\/\/www.syscom.mx\/producto\/DS-1275ZJ-SUS-HIKVISION-156172.html\">DS-1275ZJ-SUS<\/a><\/li>\n<li><strong>Montaje de esquina, modelo:\u00a0<\/strong><a href=\"https:\/\/www.syscom.mx\/producto\/DS-1276ZJ-SUS-HIKVISION-156173.html\">DS-1276ZJ-SUS\u00a0<\/a><\/li>\n<li><strong>Caja de conexiones, modelo:\u00a0<\/strong><a href=\"https:\/\/www.syscom.mx\/producto\/DS-1280ZJ-XS-HIKVISION-84491.html\">DS-1280ZJ-XS<\/a><\/li>\n<\/ul>\n<\/div>\n<\/div>\n<\/div>\n<\/div>\n<div class=\"row\">\n<div class=\"col-sm-12\">\n<div><\/div>\n<\/div>\n<\/div>\n<p>&nbsp;<\/p>\n<h1><strong>Recursos<\/strong><\/h1>\n<p>&nbsp;<\/p>\n<div class=\"row default_margin_bottom\">\n<div class=\"col-sm-4\"><a href=\"https:\/\/www.hikvision.com\/es-la\/support\/download\/software\/ivms4200-series\/?q=serie%20ivms4200&amp;position=1\" target=\"_blank\" rel=\"noopener\"><img decoding=\"async\" class=\"img-responsive\" src=\"https:\/\/ftp3.syscom.mx\/usuarios\/gmagos\/HIK\/IP\/IPC\/Imagenes%20pagina\/Descargas%20IVMS4200.jpg\" \/><\/a><\/div>\n<div class=\"col-sm-4\"><a href=\"https:\/\/appstore.hikvision.com\/\" target=\"_blank\" rel=\"noopener\"><img decoding=\"async\" class=\"img-responsive\" src=\"https:\/\/ftp3.syscom.mx\/usuarios\/gmagos\/HIK\/IP\/IPC\/Imagenes%20pagina\/Descargas%20de%20app.jpg\" \/><\/a><\/div>\n<div class=\"col-sm-4\"><a href=\"https:\/\/ftp3.syscom.mx\/usuarios\/emendoza\/elesbanmch\/HIKVISON\/SPECS\/Especificaciones%20DS-2CE76U1T-ITMF.pdf\" target=\"_blank\" rel=\"noopener\"><img decoding=\"async\" class=\"img-responsive\" src=\"https:\/\/ftp3.syscom.mx\/usuarios\/gmagos\/HIK\/IP\/IPC\/Imagenes%20pagina\/Descarga%20de%20PDF.jpg\" \/><\/a><\/div>\n<\/div>\n<p>&nbsp;<\/p>\n<p>&nbsp;<\/p>\n<div class=\"container\">\n<div class=\"col-sm-6 col-md-4\">\n<div class=\"embed-responsive embed-responsive-16by9\"><\/div>\n<\/div>\n<\/div>\n<p>&nbsp;<\/p>\n<p><img decoding=\"async\" class=\"img-responsive fr-fil fr-dib\" src=\"https:\/\/ftp3.syscom.mx\/usuarios\/jsosa\/GIF\/4Ka.jpg\" \/><\/p>\n<\/div>\n<\/div>\n<\/div>\n<\/div>\n<\/div>\n<\/div>\n<p><img decoding=\"async\" class=\"aligncenter\" src=\"https:\/\/tracker.metricool.com\/c3po.jpg?hash=95c94f37730bb8f54dd4308f1f878f9\" \/><\/p>\n","protected":false},"excerpt":{"rendered":"<p>Informaci\u00f3n de Producto Eyeball TURBOHD 4K (8Megapixeles) \/ Gran Angular 102\u00b0 \/ Lente 2.8 mm \/ Exterior IP67\/ IR EXIR 30 mts \/ dWDR \/ TVI-AHD-CVI-CVBS Modelo:\u00a0DS-2CE76U1T-ITMF Marca:\u00a0HIKVISION Especificaciones: &nbsp; Caracter\u00edsticas Principales: Resoluci\u00f3n m\u00e1xima: 8.29 Megap\u00edxel (3840 x 2160). Sensor CMOS scan progresivo. Lente fijo:&hellip;<\/p>\n","protected":false},"featured_media":1564,"comment_status":"open","ping_status":"closed","template":"","meta":{"om_disable_all_campaigns":false,"_monsterinsights_skip_tracking":false,"_monsterinsights_sitenote_active":false,"_monsterinsights_sitenote_note":"","_monsterinsights_sitenote_category":0},"product_brand":[],"product_cat":[45],"product_tag":[42,38,46,37],"class_list":{"0":"post-800","1":"product","2":"type-product","3":"status-publish","4":"has-post-thumbnail","6":"product_cat-domo","7":"product_tag-camaras","8":"product_tag-camaras-de-seguridad","9":"product_tag-camaras-domo","10":"product_tag-hikvision","12":"first","13":"instock","14":"taxable","15":"shipping-taxable","16":"product-type-simple"},"aioseo_notices":[],"_links":{"self":[{"href":"https:\/\/tecsecmty.com\/index.php\/wp-json\/wp\/v2\/product\/800","targetHints":{"allow":["GET"]}}],"collection":[{"href":"https:\/\/tecsecmty.com\/index.php\/wp-json\/wp\/v2\/product"}],"about":[{"href":"https:\/\/tecsecmty.com\/index.php\/wp-json\/wp\/v2\/types\/product"}],"replies":[{"embeddable":true,"href":"https:\/\/tecsecmty.com\/index.php\/wp-json\/wp\/v2\/comments?post=800"}],"version-history":[{"count":2,"href":"https:\/\/tecsecmty.com\/index.php\/wp-json\/wp\/v2\/product\/800\/revisions"}],"predecessor-version":[{"id":1565,"href":"https:\/\/tecsecmty.com\/index.php\/wp-json\/wp\/v2\/product\/800\/revisions\/1565"}],"wp:featuredmedia":[{"embeddable":true,"href":"https:\/\/tecsecmty.com\/index.php\/wp-json\/wp\/v2\/media\/1564"}],"wp:attachment":[{"href":"https:\/\/tecsecmty.com\/index.php\/wp-json\/wp\/v2\/media?parent=800"}],"wp:term":[{"taxonomy":"product_brand","embeddable":true,"href":"https:\/\/tecsecmty.com\/index.php\/wp-json\/wp\/v2\/product_brand?post=800"},{"taxonomy":"product_cat","embeddable":true,"href":"https:\/\/tecsecmty.com\/index.php\/wp-json\/wp\/v2\/product_cat?post=800"},{"taxonomy":"product_tag","embeddable":true,"href":"https:\/\/tecsecmty.com\/index.php\/wp-json\/wp\/v2\/product_tag?post=800"}],"curies":[{"name":"wp","href":"https:\/\/api.w.org\/{rel}","templated":true}]}}