{"id":802,"date":"2023-02-15T23:19:04","date_gmt":"2023-02-15T23:19:04","guid":{"rendered":"https:\/\/tecsecmty.com\/index.php\/producto\/audio-por-coaxitron-turret-turbohd-1080p-imagen-a-color-24-7-lente-2-8-mm-colorvu-lite-luz-blanca-20-mts-ip66-policarbonato\/"},"modified":"2023-03-22T23:20:40","modified_gmt":"2023-03-23T05:20:40","slug":"audio-por-coaxitron-turret-turbohd-1080p-imagen-a-color-24-7-lente-2-8-mm-colorvu-lite-luz-blanca-20-mts-ip66-policarbonato","status":"publish","type":"product","link":"https:\/\/tecsecmty.com\/index.php\/producto\/audio-por-coaxitron-turret-turbohd-1080p-imagen-a-color-24-7-lente-2-8-mm-colorvu-lite-luz-blanca-20-mts-ip66-policarbonato\/","title":{"rendered":"AUDIO POR COAXITRON \/ Turret TURBOHD 1080p \/ Imagen a Color 24\/7 \/ Lente 2.8 mm \/ ColorVu Lite \/ Luz Blanca 20 mts \/ IP66 \/ Policarbonato"},"content":{"rendered":"<div class=\"container\">\n<div class=\"row\">\n<div class=\"col-md-12\">\n<div class=\"row\">\n<div class=\"row\">\n<div class=\"col-md-12\">\n<h4 class=\"text-primary center info-text\">Informaci\u00f3n de Producto<\/h4>\n<\/div>\n<\/div>\n<div class=\"row\">\n<div class=\"col-md-12\">\n<h3>AUDIO POR COAXITRON \/ Turret TURBOHD 1080p \/ Imagen a Color 24\/7 \/ Lente 2.8 mm \/ ColorVu Lite \/ Luz Blanca 20 mts \/ IP66 \/ Policarbonato<\/h3>\n<\/div>\n<\/div>\n<div id=\"producto_container\" class=\"row\">\n<div class=\"col-md-4\"><img decoding=\"async\" class=\"img-responsive center-block\" src=\"https:\/\/ftp3.syscom.mx\/usuarios\/fotos\/BancoFotografiasSyscom\/HILOOKBYHIKVISION\/THCT129PS\/THCT129PS-p.PNG\" alt=\"THC-T129-PS\" \/><\/p>\n<div class=\"row\">\n<div id=\"galerias\" class=\"col-sm-12\"><\/div>\n<\/div>\n<\/div>\n<div class=\"col-md-4\">\n<div><img decoding=\"async\" class=\"img-responsive img-thumbnail\" src=\"https:\/\/ftp3.syscom.mx\/usuarios\/fotos\/logotipos\/hilook_by_hikvision.png\" \/><\/div>\n<div><img decoding=\"async\" class=\"icono_info_product\" src=\"https:\/\/ftp3.syscom.mx\/cdn-cgi\/image\/format=auto,width=75\/usuarios\/ftp\/syscom_mx\/4-12-36-20-microfotint.png\" \/><img decoding=\"async\" class=\"icono_info_product\" src=\"https:\/\/ftp3.syscom.mx\/usuarios\/ftp\/syscom_mx\/4-10-20-3-colorvulite.png\" \/><img decoding=\"async\" class=\"icono_info_product\" src=\"https:\/\/ftp3.syscom.mx\/usuarios\/ftp\/syscom_mx\/1-15-31-54-ip-66.png\" \/><\/div>\n<div>\n<p>Modelo:\u00a0<span class=\"modelo-marca\">THC-T129-PS<\/span><\/p>\n<p>Marca:\u00a0<span class=\"modelo-marca\">HiLook by HIKVISION<\/span><\/p>\n<\/div>\n<div>\n<h2 class=\"no_margin_top\"><\/h2>\n<\/div>\n<\/div>\n<\/div>\n<\/div>\n<div class=\"row \">\n<div class=\"col-md-12\">\n<div class=\"row\">\n<h3 class=\"text-primary\">Especificaciones:<\/h3>\n<\/div>\n<div class=\"row well\">\n<p><img decoding=\"async\" src=\"https:\/\/ftp3.syscom.mx\/usuarios\/gmagos\/HIK\/banners\/HiLook\/BANNER-PRODUCTOS%20Colorvu%20Lite.png\" alt=\"\" width=\"100%\" height=\"100%\" \/><\/p>\n<p>&nbsp;<\/p>\n<div class=\"row\">\n<div class=\"col-sm-6 col-md-4\">\n<div class=\"embed-responsive embed-responsive-16by9\">\n<p><a href=\"https:\/\/ftp3.syscom.mx\/usuarios\/jsosa\/HIKVISION\/imagenes\/colorvu\/1.png\"><img decoding=\"async\" class=\"fr-fic fr-dii\" src=\"https:\/\/ftp3.syscom.mx\/usuarios\/jsosa\/HIKVISION\/imagenes\/colorvu\/1.png\" height=\"236\" \/><\/a><\/p>\n<\/div>\n<\/div>\n<div class=\"col-sm-6 col-md-4\">\n<div class=\"embed-responsive embed-responsive-16by9\">\n<p><a href=\"https:\/\/ftp3.syscom.mx\/usuarios\/jsosa\/HIKVISION\/imagenes\/colorvu\/4.png\"><img decoding=\"async\" class=\"fr-fic fr-dii\" src=\"https:\/\/ftp3.syscom.mx\/usuarios\/jsosa\/HIKVISION\/imagenes\/colorvu\/4.png\" height=\"236\" \/><\/a><\/p>\n<\/div>\n<\/div>\n<div class=\"col-sm-6 col-md-4\">\n<div class=\"embed-responsive embed-responsive-16by9\">\n<p><a href=\"https:\/\/ftp3.syscom.mx\/usuarios\/jsosa\/HIKVISION\/imagenes\/colorvu\/3.png\"><img decoding=\"async\" class=\"fr-fic fr-dii\" src=\"https:\/\/ftp3.syscom.mx\/usuarios\/jsosa\/HIKVISION\/imagenes\/colorvu\/3.png\" height=\"236\" \/><\/a><\/p>\n<\/div>\n<\/div>\n<\/div>\n<p>&nbsp;<\/p>\n<div class=\"row\">\n<div class=\"col-sm-6 col-md-4\">\n<div class=\"embed-responsive embed-responsive-16by9\">\n<p><a href=\"https:\/\/ftp3.syscom.mx\/usuarios\/jsosa\/HIKVISION\/imagenes\/colorvu\/2.png\"><img decoding=\"async\" class=\"fr-fic fr-dii\" src=\"https:\/\/ftp3.syscom.mx\/usuarios\/jsosa\/HIKVISION\/imagenes\/colorvu\/2.png\" height=\"236\" \/><\/a><\/p>\n<\/div>\n<\/div>\n<div class=\"col-sm-6 col-md-4\">\n<div class=\"embed-responsive embed-responsive-16by9\">\n<p><a href=\"https:\/\/ftp3.syscom.mx\/usuarios\/jsosa\/HIKVISION\/imagenes\/colorvu\/5.png\"><img decoding=\"async\" class=\"fr-fic fr-dii\" src=\"https:\/\/ftp3.syscom.mx\/usuarios\/jsosa\/HIKVISION\/imagenes\/colorvu\/5.png\" height=\"236\" \/><\/a><\/p>\n<\/div>\n<\/div>\n<div class=\"col-sm-6 col-md-4\">\n<div class=\"embed-responsive embed-responsive-16by9\">\n<p><a href=\"https:\/\/ftp3.syscom.mx\/usuarios\/jsosa\/HIKVISION\/imagenes\/colorvu\/6.png\"><img decoding=\"async\" class=\"fr-fic fr-dii\" src=\"https:\/\/ftp3.syscom.mx\/usuarios\/jsosa\/HIKVISION\/imagenes\/colorvu\/6.png\" height=\"236\" \/><\/a><\/p>\n<\/div>\n<\/div>\n<\/div>\n<div class=\"row\">\n<p>&nbsp;<\/p>\n<div class=\"row\">\n<div class=\"col-sm-4\">\n<div><strong>Caracter\u00edsticas principales:<\/strong><\/p>\n<ul>\n<li>Resoluci\u00f3n M\u00e1xima 1920 x 1080 (2 Megapixel)<\/li>\n<li>Iluminaci\u00f3n minima: 0.001 Lux @ (F1.0, AGC ON, 0 Lux con IR)<\/li>\n<li>Lente fijo: 2.8 mm (angulo de apertura 102\u00b0)<\/li>\n<li>Microfono integrado (audio por Caoxitron)<\/li>\n<li>20 Metros de luz blanca (Ayuda a iluminar el sitio para mantener la imagen siempre a color)<\/li>\n<li>Soporta 4 Tecnologias, selecci\u00f3nable en el mazo de cables (HD-TVI, HD-CVI, AHD,CVBS)<\/li>\n<li>dWDR<\/li>\n<\/ul>\n<\/div>\n<\/div>\n<div class=\"col-sm-4\">\n<div><strong>Caracter\u00edsticas Destacadas:<\/strong>Las c\u00e1maras ColorVu cuentan con F stop ajustando a 1.0, lo que le permite una mayor captaci\u00f3n y aprovechamiento de la luz, su luz blanca permite iluminar los ambientes muy oscuros para brindar una imagen a color 24\/7, es por ello que ColorVu se encuentra entre las\u00a0<strong>m\u00e1s selecci\u00f3nadas por los clientes en ambientes como bares, tiendas, hogar, oficina, hospitales, perimetrales.<\/strong><\/p>\n<\/div>\n<\/div>\n<div class=\"col-sm-4\">\n<div><strong>Caracter\u00edsticas F\u00edsicas y El\u00e9ctricas:<\/strong><\/p>\n<ul>\n<li>Temperatura de Operaci\u00f3n: &#8211; 40\u00b0C a 60\u00b0C.<\/li>\n<li>Alimentaci\u00f3n: 12 Vcc \/ 2.4 Watts.<\/li>\n<li>Protecci\u00f3n: Interior \/ Exterior IP66.<\/li>\n<li>Dimensi\u00f3nes: 82.65 x 91.0 x 69.16 mm.<\/li>\n<li>Peso: 238.5 gramos.<\/li>\n<li>Garant\u00eda de 2 a\u00f1os.<\/li>\n<\/ul>\n<\/div>\n<\/div>\n<\/div>\n<\/div>\n<p>&nbsp;<\/p>\n<p><img decoding=\"async\" src=\"https:\/\/ftp3.syscom.mx\/usuarios\/jsosa\/GIF\/bannerepcom.jpg\" alt=\"\" width=\"100%\" height=\"100%\" \/><\/p>\n<\/div>\n<\/div>\n<\/div>\n<\/div>\n<\/div>\n<\/div>\n<p><img decoding=\"async\" src=\"https:\/\/tracker.metricool.com\/c3po.jpg?hash=95c94f37730bb8f54dd4308f1f878f9\" \/><\/p>\n","protected":false},"excerpt":{"rendered":"<p>Informaci\u00f3n de Producto AUDIO POR COAXITRON \/ Turret TURBOHD 1080p \/ Imagen a Color 24\/7 \/ Lente 2.8 mm \/ ColorVu Lite \/ Luz Blanca 20 mts \/ IP66 \/ Policarbonato Modelo:\u00a0THC-T129-PS Marca:\u00a0HiLook by HIKVISION Especificaciones: &nbsp; &nbsp; &nbsp; Caracter\u00edsticas principales: Resoluci\u00f3n M\u00e1xima 1920 x&hellip;<\/p>\n","protected":false},"featured_media":1571,"comment_status":"open","ping_status":"closed","template":"","meta":{"om_disable_all_campaigns":false,"_monsterinsights_skip_tracking":false,"_monsterinsights_sitenote_active":false,"_monsterinsights_sitenote_note":"","_monsterinsights_sitenote_category":0},"product_brand":[],"product_cat":[45],"product_tag":[42,38,46,37],"class_list":{"0":"post-802","1":"product","2":"type-product","3":"status-publish","4":"has-post-thumbnail","6":"product_cat-domo","7":"product_tag-camaras","8":"product_tag-camaras-de-seguridad","9":"product_tag-camaras-domo","10":"product_tag-hikvision","12":"first","13":"instock","14":"taxable","15":"shipping-taxable","16":"product-type-simple"},"aioseo_notices":[],"_links":{"self":[{"href":"https:\/\/tecsecmty.com\/index.php\/wp-json\/wp\/v2\/product\/802","targetHints":{"allow":["GET"]}}],"collection":[{"href":"https:\/\/tecsecmty.com\/index.php\/wp-json\/wp\/v2\/product"}],"about":[{"href":"https:\/\/tecsecmty.com\/index.php\/wp-json\/wp\/v2\/types\/product"}],"replies":[{"embeddable":true,"href":"https:\/\/tecsecmty.com\/index.php\/wp-json\/wp\/v2\/comments?post=802"}],"version-history":[{"count":2,"href":"https:\/\/tecsecmty.com\/index.php\/wp-json\/wp\/v2\/product\/802\/revisions"}],"predecessor-version":[{"id":1572,"href":"https:\/\/tecsecmty.com\/index.php\/wp-json\/wp\/v2\/product\/802\/revisions\/1572"}],"wp:featuredmedia":[{"embeddable":true,"href":"https:\/\/tecsecmty.com\/index.php\/wp-json\/wp\/v2\/media\/1571"}],"wp:attachment":[{"href":"https:\/\/tecsecmty.com\/index.php\/wp-json\/wp\/v2\/media?parent=802"}],"wp:term":[{"taxonomy":"product_brand","embeddable":true,"href":"https:\/\/tecsecmty.com\/index.php\/wp-json\/wp\/v2\/product_brand?post=802"},{"taxonomy":"product_cat","embeddable":true,"href":"https:\/\/tecsecmty.com\/index.php\/wp-json\/wp\/v2\/product_cat?post=802"},{"taxonomy":"product_tag","embeddable":true,"href":"https:\/\/tecsecmty.com\/index.php\/wp-json\/wp\/v2\/product_tag?post=802"}],"curies":[{"name":"wp","href":"https:\/\/api.w.org\/{rel}","templated":true}]}}