{"id":803,"date":"2023-02-15T23:19:05","date_gmt":"2023-02-15T23:19:05","guid":{"rendered":"https:\/\/tecsecmty.com\/index.php\/producto\/domo-turbohd-2-megapixel-1080p-gran-angular-101%e2%88%9e-lente-2-8-mm-30-mts-ir-exir-exterior-ip67-4-tecnologias-dwdr\/"},"modified":"2023-03-22T23:20:40","modified_gmt":"2023-03-23T05:20:40","slug":"domo-turbohd-2-megapixel-1080p-gran-angular-101-lente-2-8-mm-30-mts-ir-exir-exterior-ip67-4-tecnologias-dwdr","status":"publish","type":"product","link":"https:\/\/tecsecmty.com\/index.php\/producto\/domo-turbohd-2-megapixel-1080p-gran-angular-101-lente-2-8-mm-30-mts-ir-exir-exterior-ip67-4-tecnologias-dwdr\/","title":{"rendered":"Domo TURBOHD 2 Megapixel (1080p) \/ Gran Angular 101 \/ Lente 2.8 mm \/ 30 mts IR EXIR \/ Exterior IP67 \/ 4 Tecnologias \/ dWDR"},"content":{"rendered":"<div class=\"container\">\n<div class=\"row\">\n<div class=\"col-md-12\">\n<div class=\"row\">\n<div class=\"row\">\n<div class=\"col-md-12\">\n<h4 class=\"text-primary center info-text\" style=\"text-align: center\">Informaci\u00f3n de Producto<\/h4>\n<\/div>\n<\/div>\n<div class=\"row\" style=\"text-align: center\">\n<div class=\"col-md-12\">\n<h3>Domo TURBOHD 2 Megapixel (1080p) \/ Gran Angular 101\u00b0 \/ Lente 2.8 mm \/ 30 mts IR EXIR \/ Exterior IP67 \/ 4 Tecnolog\u00edas \/ dWDR<\/h3>\n<\/div>\n<\/div>\n<div id=\"producto_container\" class=\"row\" style=\"text-align: center\">\n<div class=\"col-md-4\">\n<p><img decoding=\"async\" class=\"img-responsive center-block\" src=\"https:\/\/ftp3.syscom.mx\/usuarios\/fotos\/BancoFotografiasSyscom\/HIKVISION\/DS2CE76D0TITMF(C)\/DS2CE76D0TITMF(C)-p.PNG\" alt=\"DS-2CE76D0T-ITMF(C)\" \/><\/p>\n<div class=\"row\">\n<div id=\"galerias\" class=\"col-sm-12\"><\/div>\n<\/div>\n<\/div>\n<div class=\"col-md-4\">\n<div><img decoding=\"async\" class=\"img-responsive img-thumbnail\" src=\"https:\/\/ftp3.syscom.mx\/usuarios\/fotos\/logotipos\/hikvision.png\" \/><\/div>\n<div><img decoding=\"async\" class=\"icono_info_product\" src=\"https:\/\/ftp3.syscom.mx\/usuarios\/ftp\/downloads\/METALICAS.jpg\" \/><img decoding=\"async\" class=\"icono_info_product\" src=\"https:\/\/ftp3.syscom.mx\/usuarios\/fotos\/t_4.png\" \/><img decoding=\"async\" class=\"icono_info_product\" src=\"https:\/\/ftp3.syscom.mx\/usuarios\/fotos\/ultraexir.png\" \/><\/div>\n<div>\n<p>Modelo:\u00a0<span class=\"modelo-marca\">DS-2CE76D0T-ITMF(C)<\/span><\/p>\n<p>Marca:\u00a0<span class=\"modelo-marca\">HIKVISION<\/span><\/p>\n<\/div>\n<\/div>\n<\/div>\n<\/div>\n<div class=\"row \" style=\"text-align: center\">\n<div class=\"col-md-12\">\n<div class=\"row\">\n<h3 class=\"text-primary\">Especificaciones:<\/h3>\n<\/div>\n<div class=\"row well\">\n<p><img decoding=\"async\" class=\"fr-fic fr-dii\" src=\"https:\/\/ftp3.syscom.mx\/usuarios\/jsosa\/HIKVISION\/imagenes\/logo\/hikvision%20see%20far.png\" \/><\/p>\n<p>&nbsp;<\/p>\n<p><img decoding=\"async\" class=\"fr-fic fr-dii\" src=\"https:\/\/ftp3.syscom.mx\/usuarios\/anavarrete\/Noe\/imagen1.png\" \/><\/p>\n<p>&nbsp;<\/p>\n<div class=\"row\">\n<div class=\"col-sm-6\">\n<div>\n<p><strong>Caracter\u00edsticas principales:<\/strong><\/p>\n<ul>\n<li>Resoluci\u00f3n m\u00e1xima: 1920 x 1080 (2 Megapixel).<\/li>\n<li>Lente fijo: 2.8 mm (angulo de visi\u00f3n 101\u00b0).<\/li>\n<li>30 mts smart IR (vision nocturna).<\/li>\n<li>Soporta las 4 tecnolog\u00edas del mercado (TVI \/ AHD \/ CVI \/ CVBS).<\/li>\n<li>dWDR \/ AGC \/ BLC \/ HLC \/ 2D DNR.<\/li>\n<li>Soporta coaxitron.<\/li>\n<li>El cambio de tecnolog\u00eda (TVI-AHD-CVBS-CVI) se puede realizar \u00fanicamente cuando la c\u00e1mara est\u00e1 en su resoluci\u00f3n m\u00e1xima, no se puede cambiar la tecnolog\u00eda si la c\u00e1mara no esta en su resoluci\u00f3n m\u00e1xima.<\/li>\n<\/ul>\n<\/div>\n<\/div>\n<div class=\"col-sm-6\">\n<div>\n<p><strong>Caracter\u00edsticas F\u00edsicas y El\u00e9ctricas:<\/strong><\/p>\n<ul>\n<li>Alimentaci\u00f3n \/ Consumo: 12 Vcc \/ 3 Watts.<\/li>\n<li>Protecci\u00f3n: IP67 (interior \/ exterior).<\/li>\n<li>Fabricada en metal.<\/li>\n<li>Dimensiones: 82.6 x 90 x 79.37 mm.<\/li>\n<li>Peso: 290 g.<\/li>\n<li>Garant\u00eda: 2 a\u00f1os.<\/li>\n<\/ul>\n<p><strong>Accesorios:<\/strong><\/p>\n<ul>\n<li><strong>Montaje de pared, modelo:\u00a0<a href=\"https:\/\/www.syscom.mx\/producto\/DS-1272ZJ-110-TRS-HIKVISION-139817.html\" target=\"_blank\" rel=\"noopener\">DS-1272ZJ-110-TRS<\/a><\/strong><\/li>\n<li><strong>Montaje de poste vertical, modelo:<\/strong>\u00a0<a href=\"https:\/\/www.syscom.mx\/producto\/DS-1275ZJ-SUS-HIKVISION-156172.html\">DS-1275ZJ-SUS<\/a><\/li>\n<li><strong>Montaje de esquina, modelo:<a href=\"https:\/\/www.syscom.mx\/producto\/DS-1276ZJ-SUS-HIKVISION-156173.html\">\u00a0<\/a><\/strong><a href=\"https:\/\/www.syscom.mx\/producto\/DS-1276ZJ-SUS-HIKVISION-156173.html\">DS-1276ZJ-SUS\u00a0<\/a><\/li>\n<li><strong>Caja de conexiones, modelo:\u00a0<\/strong><a href=\"https:\/\/www.syscom.mx\/producto\/DS-1280ZJ-XS-HIKVISION-84491.html\">DS-1280ZJ-XS<\/a><\/li>\n<\/ul>\n<p>&nbsp;<\/p>\n<\/div>\n<\/div>\n<\/div>\n<p>&nbsp;<\/p>\n<p>&nbsp;<\/p>\n<h1><strong>Recursos<\/strong><\/h1>\n<p>&nbsp;<\/p>\n<div class=\"row default_margin_bottom\">\n<div class=\"col-sm-4\"><a href=\"https:\/\/www.hikvision.com\/es-la\/support\/download\/software\/ivms4200-series\/?q=serie%20ivms4200&amp;position=1\" target=\"_blank\" rel=\"noopener\"><img decoding=\"async\" class=\"img-responsive\" src=\"https:\/\/ftp3.syscom.mx\/usuarios\/gmagos\/HIK\/IP\/IPC\/Imagenes%20pagina\/Descargas%20IVMS4200.jpg\" \/><\/a><\/div>\n<div class=\"col-sm-4\"><a href=\"https:\/\/appstore.hikvision.com\/\" target=\"_blank\" rel=\"noopener\"><img decoding=\"async\" class=\"img-responsive\" src=\"https:\/\/ftp3.syscom.mx\/usuarios\/gmagos\/HIK\/IP\/IPC\/Imagenes%20pagina\/Descargas%20de%20app.jpg\" \/><\/a><\/div>\n<div class=\"col-sm-4\"><a href=\"https:\/\/ftp3.syscom.mx\/usuarios\/ftp\/2021\/07\/27\/d229d\/Especificaci%C3%B3nes%20T%C3%A9cnicas%20-%20DS-2CE76D0T-ITMF-C.pdf\" target=\"_blank\" rel=\"noopener\"><img decoding=\"async\" class=\"img-responsive\" src=\"https:\/\/ftp3.syscom.mx\/usuarios\/gmagos\/HIK\/IP\/IPC\/Imagenes%20pagina\/Descarga%20de%20PDF.jpg\" \/><\/a><\/div>\n<\/div>\n<p>&nbsp;<\/p>\n<\/div>\n<\/div>\n<\/div>\n<\/div>\n<\/div>\n<\/div>\n<p><img decoding=\"async\" class=\"aligncenter\" src=\"https:\/\/tracker.metricool.com\/c3po.jpg?hash=95c94f37730bb8f54dd4308f1f878f9\" \/><\/p>\n","protected":false},"excerpt":{"rendered":"<p>Informaci\u00f3n de Producto Domo TURBOHD 2 Megapixel (1080p) \/ Gran Angular 101\u00b0 \/ Lente 2.8 mm \/ 30 mts IR EXIR \/ Exterior IP67 \/ 4 Tecnolog\u00edas \/ dWDR Modelo:\u00a0DS-2CE76D0T-ITMF(C) Marca:\u00a0HIKVISION Especificaciones: &nbsp; &nbsp; Caracter\u00edsticas principales: Resoluci\u00f3n m\u00e1xima: 1920 x 1080 (2 Megapixel). Lente fijo:&hellip;<\/p>\n","protected":false},"featured_media":1574,"comment_status":"open","ping_status":"closed","template":"","meta":{"om_disable_all_campaigns":false,"_monsterinsights_skip_tracking":false,"_monsterinsights_sitenote_active":false,"_monsterinsights_sitenote_note":"","_monsterinsights_sitenote_category":0},"product_brand":[],"product_cat":[45],"product_tag":[42,38,46,37],"class_list":{"0":"post-803","1":"product","2":"type-product","3":"status-publish","4":"has-post-thumbnail","6":"product_cat-domo","7":"product_tag-camaras","8":"product_tag-camaras-de-seguridad","9":"product_tag-camaras-domo","10":"product_tag-hikvision","12":"first","13":"instock","14":"taxable","15":"shipping-taxable","16":"product-type-simple"},"aioseo_notices":[],"_links":{"self":[{"href":"https:\/\/tecsecmty.com\/index.php\/wp-json\/wp\/v2\/product\/803","targetHints":{"allow":["GET"]}}],"collection":[{"href":"https:\/\/tecsecmty.com\/index.php\/wp-json\/wp\/v2\/product"}],"about":[{"href":"https:\/\/tecsecmty.com\/index.php\/wp-json\/wp\/v2\/types\/product"}],"replies":[{"embeddable":true,"href":"https:\/\/tecsecmty.com\/index.php\/wp-json\/wp\/v2\/comments?post=803"}],"version-history":[{"count":3,"href":"https:\/\/tecsecmty.com\/index.php\/wp-json\/wp\/v2\/product\/803\/revisions"}],"predecessor-version":[{"id":1576,"href":"https:\/\/tecsecmty.com\/index.php\/wp-json\/wp\/v2\/product\/803\/revisions\/1576"}],"wp:featuredmedia":[{"embeddable":true,"href":"https:\/\/tecsecmty.com\/index.php\/wp-json\/wp\/v2\/media\/1574"}],"wp:attachment":[{"href":"https:\/\/tecsecmty.com\/index.php\/wp-json\/wp\/v2\/media?parent=803"}],"wp:term":[{"taxonomy":"product_brand","embeddable":true,"href":"https:\/\/tecsecmty.com\/index.php\/wp-json\/wp\/v2\/product_brand?post=803"},{"taxonomy":"product_cat","embeddable":true,"href":"https:\/\/tecsecmty.com\/index.php\/wp-json\/wp\/v2\/product_cat?post=803"},{"taxonomy":"product_tag","embeddable":true,"href":"https:\/\/tecsecmty.com\/index.php\/wp-json\/wp\/v2\/product_tag?post=803"}],"curies":[{"name":"wp","href":"https:\/\/api.w.org\/{rel}","templated":true}]}}