{"id":8033,"date":"2023-02-23T22:16:27","date_gmt":"2023-02-24T04:16:27","guid":{"rendered":"https:\/\/tecsecmty.com\/index.php\/producto\/yli-mb500zlw-soporte-en-zl-para-instalacion-de-chapa-magnetica-modelo-ym500ws-para-exteriores\/"},"modified":"2023-03-22T23:25:00","modified_gmt":"2023-03-23T05:25:00","slug":"yli-mb500zlw-soporte-en-zl-para-instalacion-de-chapa-magnetica-modelo-ym500ws-para-exteriores","status":"publish","type":"product","link":"https:\/\/tecsecmty.com\/index.php\/producto\/yli-mb500zlw-soporte-en-zl-para-instalacion-de-chapa-magnetica-modelo-ym500ws-para-exteriores\/","title":{"rendered":"YLI MB500ZLW &#8211; Soporte en ZL para instalacion de chapa magnetica modelo YM500WS para exteriores"},"content":{"rendered":"<div class=\"row aling-items-center padding-bottom-2x\">\n<div class=\"col-lg-12\">\n<h5 class=\"card-title text-center\">INFORMACI\u00d3N GENERAL<\/h5>\n<p><strong>Soporte ZL para puerta interior<\/strong><\/p>\n<p>Est\u00e1 hecho de dos partes y se usa en la puerta.<\/p>\n<p>El aluminio de alta resistencia es el principal.<\/p>\n<p><img decoding=\"async\" class=\"overview-center-img-web\" src=\"https:\/\/tvc.mx\/media\/403359\/YLI-YLI4740034-SOPORTE-ZL-PARA-CERRADURA-YM500WS-CENTRAL.png\" alt=\"\" \/><\/div>\n<\/div>\n<div class=\"row align-items-center padding-bottom-2x\">\n<div class=\"col-md-5 order-md-2\"><img decoding=\"async\" class=\"d-block m-auto img-thumbnail\" src=\"https:\/\/tvc.mx\/media\/403363\/YLI-YLI4740034-SOPORTE-ZL-PARA-CERRADURA-YM500WS-IZQ.png\" alt=\" \" \/><\/div>\n<div class=\"col-md-7 order-md-1 text-md-left text-center\">\n<h2>Caracter\u00edsticas Principales<\/h2>\n<p class=\"text-muted\">\n<ul>\n<li>Aluminio especial, firme y duradero.<\/li>\n<li>Dise\u00f1o especial, apto para todo tipo de puertas.<\/li>\n<li>La mejor opci\u00f3n de control de acceso.<\/li>\n<\/ul>\n<p>&nbsp;<\/p>\n<\/div>\n<\/div>\n<hr class=\"padding-bottom-2x\" \/>\n<div class=\"row align-items-center padding-bottom-2x\">\n<div class=\"col-md-5\"><img decoding=\"async\" class=\"d-block m-auto img-thumbnail\" src=\"https:\/\/tvc.mx\/media\/403367\/YLI-YLI4740034-SOPORTE-ZL-PARA-CERRADURA-YM500WS-INCLUYE.png\" alt=\" \" \/><\/div>\n<div class=\"col-md-7 text-md-left text-center\">\n<h2>Especificaciones T\u00e9cnicas<\/h2>\n<p class=\"text-muted\">\n<ul>\n<li><strong>Dimensi\u00f3n:<\/strong><\/li>\n<\/ul>\n<p>L: 265x70x45 (mm) Z: 185x70x61 (mm) (MBK-500ZL)<\/p>\n<ul>\n<li><strong>Material de:<\/strong><\/li>\n<\/ul>\n<p class=\"ql-indent-1\">Aluminio de alta resistencia, chorro de arena acabado<\/p>\n<ul>\n<li><strong>Adecuado para:<\/strong><\/li>\n<\/ul>\n<p class=\"ql-indent-1\">Puerta estrecha<\/p>\n<ul>\n<li><strong>Modo de apertura de la puerta:<\/strong><\/li>\n<\/ul>\n<p class=\"ql-indent-1\">90 grados<\/p>\n<ul>\n<li><strong>Acabado de:<\/strong><\/li>\n<\/ul>\n<p class=\"ql-indent-1\">Aluminio<\/p>\n<ul>\n<li><strong><em>Peso:<\/em><\/strong><\/li>\n<\/ul>\n<p class=\"ql-indent-1\">1,3 kg<\/p>\n<p>&nbsp;<\/p>\n<\/div>\n<\/div>\n<hr class=\"padding-bottom-2x\" \/>\n<div class=\"row align-items-center padding-bottom-2x\">\n<div class=\"col-md-5 order-md-2\"><img decoding=\"async\" class=\"d-block m-auto img-thumbnail\" src=\"https:\/\/tvc.mx\/media\/403375\/YLI-YLI4740034-SOPORTE-ZL-PARA-CERRADURA-YM500WS-DER.png\" alt=\" \" \/><\/div>\n<div class=\"col-md-7 order-md-1 text-md-left text-center\">\n<h2>Incluye<\/h2>\n<p class=\"text-muted\">\n<ul>\n<li>Solo soporte<\/li>\n<li>Manual de usuario<\/li>\n<\/ul>\n<\/div>\n<\/div>\n","protected":false},"excerpt":{"rendered":"<p>INFORMACI\u00d3N GENERAL Soporte ZL para puerta interior Est\u00e1 hecho de dos partes y se usa en la puerta. El aluminio de alta resistencia es el principal. Caracter\u00edsticas Principales Aluminio especial, firme y duradero. Dise\u00f1o especial, apto para todo tipo de puertas. La mejor opci\u00f3n de&hellip;<\/p>\n","protected":false},"featured_media":8032,"comment_status":"open","ping_status":"closed","template":"","meta":{"om_disable_all_campaigns":false,"_monsterinsights_skip_tracking":false,"_monsterinsights_sitenote_active":false,"_monsterinsights_sitenote_note":"","_monsterinsights_sitenote_category":0},"product_brand":[],"product_cat":[734],"product_tag":[81,727,730,66,731,728,729],"class_list":{"0":"post-8033","1":"product","2":"type-product","3":"status-publish","4":"has-post-thumbnail","6":"product_cat-accesorios-cerraduras-yli-acceso-asistencia","7":"product_tag-acceso-y-asistencia","8":"product_tag-cerraduras","9":"product_tag-commax-wulian","10":"product_tag-dahua","11":"product_tag-wejoin","12":"product_tag-yli","13":"product_tag-zkteco","15":"first","16":"instock","17":"sale","18":"taxable","19":"shipping-taxable","20":"purchasable","21":"product-type-simple"},"aioseo_notices":[],"_links":{"self":[{"href":"https:\/\/tecsecmty.com\/index.php\/wp-json\/wp\/v2\/product\/8033","targetHints":{"allow":["GET"]}}],"collection":[{"href":"https:\/\/tecsecmty.com\/index.php\/wp-json\/wp\/v2\/product"}],"about":[{"href":"https:\/\/tecsecmty.com\/index.php\/wp-json\/wp\/v2\/types\/product"}],"replies":[{"embeddable":true,"href":"https:\/\/tecsecmty.com\/index.php\/wp-json\/wp\/v2\/comments?post=8033"}],"version-history":[{"count":0,"href":"https:\/\/tecsecmty.com\/index.php\/wp-json\/wp\/v2\/product\/8033\/revisions"}],"wp:featuredmedia":[{"embeddable":true,"href":"https:\/\/tecsecmty.com\/index.php\/wp-json\/wp\/v2\/media\/8032"}],"wp:attachment":[{"href":"https:\/\/tecsecmty.com\/index.php\/wp-json\/wp\/v2\/media?parent=8033"}],"wp:term":[{"taxonomy":"product_brand","embeddable":true,"href":"https:\/\/tecsecmty.com\/index.php\/wp-json\/wp\/v2\/product_brand?post=8033"},{"taxonomy":"product_cat","embeddable":true,"href":"https:\/\/tecsecmty.com\/index.php\/wp-json\/wp\/v2\/product_cat?post=8033"},{"taxonomy":"product_tag","embeddable":true,"href":"https:\/\/tecsecmty.com\/index.php\/wp-json\/wp\/v2\/product_tag?post=8033"}],"curies":[{"name":"wp","href":"https:\/\/api.w.org\/{rel}","templated":true}]}}