{"id":8037,"date":"2023-02-23T22:16:31","date_gmt":"2023-02-24T04:16:31","guid":{"rendered":"https:\/\/tecsecmty.com\/index.php\/producto\/yli-mbk180nlc-soporte-lc-para-cerradura-magnetica-ym180nled-y-ym180ndled\/"},"modified":"2023-03-22T23:25:00","modified_gmt":"2023-03-23T05:25:00","slug":"yli-mbk180nlc-soporte-lc-para-cerradura-magnetica-ym180nled-y-ym180ndled","status":"publish","type":"product","link":"https:\/\/tecsecmty.com\/index.php\/producto\/yli-mbk180nlc-soporte-lc-para-cerradura-magnetica-ym180nled-y-ym180ndled\/","title":{"rendered":"YLI MBK180NLC &#8211; Soporte LC para Cerradura Magn\u00e9tica YM180NLED y YM180NDLED"},"content":{"rendered":"<div class=\"row aling-items-center padding-bottom-2x\">\n<div class=\"col-lg-12\">\n<h5 class=\"card-title text-center\">Informaci\u00f3n general<\/h5>\n<p><strong>Modelo: \u00a0MBK180NLC.<\/strong><\/p>\n<p>El cable de alimentaci\u00f3n se puede ocultar en el interior, el nuevo tipo de Soporte LC\u00a0<strong>MBK180NLC<\/strong>, es elegante y el cable se puede proteger.<\/p>\n<p>Soporte en<strong>\u00a0LC<\/strong>\u00a0compatible con Cerradura Magn\u00e9tica\u00a0<strong>YM180NLED y YM180NDLED<\/strong><\/p>\n<p><img decoding=\"async\" class=\"overview-center-img-web\" src=\"https:\/\/tvc.mx\/media\/543739\/YLI-MBK180NLC-Soporte-para-cerradura.png\" alt=\"\" \/><\/div>\n<\/div>\n<div class=\"row align-items-center padding-bottom-2x\">\n<div class=\"col-md-5 order-md-2\"><img decoding=\"async\" class=\"d-block m-auto img-thumbnail\" src=\"https:\/\/tvc.mx\/media\/525603\/MBK280NLC-SOPORTE-LC-YLI2.png\" alt=\" \" \/><\/div>\n<div class=\"col-md-7 order-md-1 text-md-left text-center\">\n<h2>Principales Caracter\u00edsticas<\/h2>\n<p class=\"text-muted\">\n<p><strong>Dimensi\u00f3n:<\/strong><\/p>\n<ul>\n<li>MBK-180NLC tama\u00f1o: 185.5x39x39mm<\/li>\n<\/ul>\n<p>&nbsp;<\/p>\n<\/div>\n<\/div>\n<hr class=\"padding-bottom-2x\" \/>\n<div class=\"row align-items-center padding-bottom-2x\">\n<div class=\"col-md-5\"><img decoding=\"async\" class=\"d-block m-auto img-thumbnail\" src=\"https:\/\/tvc.mx\/media\/525607\/MBK280NLC-SOPORTE-LC-YLI3.png\" alt=\" \" \/><\/div>\n<div class=\"col-md-7 text-md-left text-center\">\n<h2>Funciones<\/h2>\n<p class=\"text-muted\">\n<p>Soporte especial para Cerradura Magn\u00e9ticas manteniendo la elegancia del entorno externo de la puerta.<\/p>\n<ul>\n<li>Esta fabricado de aluminio de alta resistencia, acabado en chorro de arena.<\/li>\n<li>Puerta de 90 grados<\/li>\n<li>Acabado de aluminio anodizado<\/li>\n<li>Peso .22kg<\/li>\n<li>Certificado CE-EMC RoHS REACH WEEE<\/li>\n<\/ul>\n<\/div>\n<\/div>\n","protected":false},"excerpt":{"rendered":"<p>Informaci\u00f3n general Modelo: \u00a0MBK180NLC. El cable de alimentaci\u00f3n se puede ocultar en el interior, el nuevo tipo de Soporte LC\u00a0MBK180NLC, es elegante y el cable se puede proteger. Soporte en\u00a0LC\u00a0compatible con Cerradura Magn\u00e9tica\u00a0YM180NLED y YM180NDLED Principales Caracter\u00edsticas Dimensi\u00f3n: MBK-180NLC tama\u00f1o: 185.5x39x39mm &nbsp; Funciones Soporte especial&hellip;<\/p>\n","protected":false},"featured_media":8036,"comment_status":"open","ping_status":"closed","template":"","meta":{"om_disable_all_campaigns":false,"_monsterinsights_skip_tracking":false,"_monsterinsights_sitenote_active":false,"_monsterinsights_sitenote_note":"","_monsterinsights_sitenote_category":0},"product_brand":[],"product_cat":[734],"product_tag":[81,727,730,66,731,728,729],"class_list":{"0":"post-8037","1":"product","2":"type-product","3":"status-publish","4":"has-post-thumbnail","6":"product_cat-accesorios-cerraduras-yli-acceso-asistencia","7":"product_tag-acceso-y-asistencia","8":"product_tag-cerraduras","9":"product_tag-commax-wulian","10":"product_tag-dahua","11":"product_tag-wejoin","12":"product_tag-yli","13":"product_tag-zkteco","15":"first","16":"instock","17":"sale","18":"taxable","19":"shipping-taxable","20":"purchasable","21":"product-type-simple"},"aioseo_notices":[],"_links":{"self":[{"href":"https:\/\/tecsecmty.com\/index.php\/wp-json\/wp\/v2\/product\/8037","targetHints":{"allow":["GET"]}}],"collection":[{"href":"https:\/\/tecsecmty.com\/index.php\/wp-json\/wp\/v2\/product"}],"about":[{"href":"https:\/\/tecsecmty.com\/index.php\/wp-json\/wp\/v2\/types\/product"}],"replies":[{"embeddable":true,"href":"https:\/\/tecsecmty.com\/index.php\/wp-json\/wp\/v2\/comments?post=8037"}],"version-history":[{"count":0,"href":"https:\/\/tecsecmty.com\/index.php\/wp-json\/wp\/v2\/product\/8037\/revisions"}],"wp:featuredmedia":[{"embeddable":true,"href":"https:\/\/tecsecmty.com\/index.php\/wp-json\/wp\/v2\/media\/8036"}],"wp:attachment":[{"href":"https:\/\/tecsecmty.com\/index.php\/wp-json\/wp\/v2\/media?parent=8037"}],"wp:term":[{"taxonomy":"product_brand","embeddable":true,"href":"https:\/\/tecsecmty.com\/index.php\/wp-json\/wp\/v2\/product_brand?post=8037"},{"taxonomy":"product_cat","embeddable":true,"href":"https:\/\/tecsecmty.com\/index.php\/wp-json\/wp\/v2\/product_cat?post=8037"},{"taxonomy":"product_tag","embeddable":true,"href":"https:\/\/tecsecmty.com\/index.php\/wp-json\/wp\/v2\/product_tag?post=8037"}],"curies":[{"name":"wp","href":"https:\/\/api.w.org\/{rel}","templated":true}]}}