{"id":8047,"date":"2023-02-23T22:16:43","date_gmt":"2023-02-24T04:16:43","guid":{"rendered":"https:\/\/tecsecmty.com\/index.php\/producto\/yli-mbk280nzl-soporte-de-fijacion-zl-de-aluminio-para-puerta-con-apertura-interior-compatible-con-cerradura-magnetica-ym280n-y-ym280nled\/"},"modified":"2023-03-22T23:25:01","modified_gmt":"2023-03-23T05:25:01","slug":"yli-mbk280nzl-soporte-de-fijacion-zl-de-aluminio-para-puerta-con-apertura-interior-compatible-con-cerradura-magnetica-ym280n-y-ym280nled","status":"publish","type":"product","link":"https:\/\/tecsecmty.com\/index.php\/producto\/yli-mbk280nzl-soporte-de-fijacion-zl-de-aluminio-para-puerta-con-apertura-interior-compatible-con-cerradura-magnetica-ym280n-y-ym280nled\/","title":{"rendered":"YLI MBK280NZL &#8211; Soporte de fijaci\u00f3n ZL de aluminio para puerta con apertura interior \/ Compatible con cerradura magn\u00e9tica YM280N y YM280NLED"},"content":{"rendered":"<h5 class=\"card-title text-center\">DESCRIPCI\u00d3N<\/h5>\n<p>Las cerraduras electromagn\u00e9ticas son una de las mejores elecciones si se desea un control de acceso profesional, el tipo de puerta y el sentido en que abre en ocasiones complica el uso de electroimanes, es por esto que YLI cuenta con la m\u00e1s amplia variedad de accesorios y en esta ocasi\u00f3n les presentamos el accesorio YLI MBK280NZL, Para instalar en puertas que abren hacia adentro, en aquellos casos que se requiera proteger el electroim\u00e1n con una instalaci\u00f3n interior, \u00e9ste deber\u00e1 colocarse sobre puesto en la pared arriba del marco de la puerta en la esquina opuesta a las bisagras, y un soporte en \u201cZ\u201d<\/p>\n<p><strong>ESPECIFICACIONES<\/strong><\/p>\n<p>Dimensiones<\/p>\n<p class=\"ql-indent-1\">L: 185&#215;41.8&#215;25.4 (mm) Z: 130x38x38 (mm) (MBK-180NZL)<\/p>\n<p class=\"ql-indent-1\">L: 250&#215;48.8&#215;30.4 (mm) Z: 180x50x50 (mm) (MBK-280NZL)<\/p>\n<p class=\"ql-indent-1\">L: 260&#215;54.7&#215;32.5 (mm) Z: 189x57x50 (mm) (MBK-350NZL)<\/p>\n<p class=\"ql-indent-1\">L: 265x73x45 (mm) Z: 185x70x61 (mm) (MBK-500NZL)<\/p>\n<p>Material de aluminio de alta resistencia, chorro de arena acabado.<\/p>\n<p>Puerta estrecha adecuada.<\/p>\n<p>Modo de apertura de la puerta de 90 grados.<\/p>\n<p>Acabado para aluminio anodizado.<\/p>\n<p>Peso: 1.1 kg.<\/p>\n<p><strong>FUNCIONES<\/strong><\/p>\n<p>Este accesorio puede utilizarse en situaciones donde la puerta abra hacia adentro, dando la seguridad del acceso ocultando la chapa, manteniendo sin alterar la elegancia del entorno externo de la puerta.<\/p>\n<p>Soporte NZL:<\/p>\n<p class=\"ql-indent-1\">1. Est\u00e1 hecho de dos partes y se usa en la puerta interior.<\/p>\n<p class=\"ql-indent-1\">2. MBK-180NZL \/ MBK-280NZL \/ MBK-350NZL \/ MBK-500NZL son para su elecci\u00f3n.<\/p>\n<p class=\"ql-indent-1\">3. El aluminio de alta resistencia es el principal.<\/p>\n","protected":false},"excerpt":{"rendered":"<p>DESCRIPCI\u00d3N Las cerraduras electromagn\u00e9ticas son una de las mejores elecciones si se desea un control de acceso profesional, el tipo de puerta y el sentido en que abre en ocasiones complica el uso de electroimanes, es por esto que YLI cuenta con la m\u00e1s amplia&hellip;<\/p>\n","protected":false},"featured_media":8046,"comment_status":"open","ping_status":"closed","template":"","meta":{"om_disable_all_campaigns":false,"_monsterinsights_skip_tracking":false,"_monsterinsights_sitenote_active":false,"_monsterinsights_sitenote_note":"","_monsterinsights_sitenote_category":0},"product_brand":[],"product_cat":[734],"product_tag":[81,727,730,66,731,728,729],"class_list":{"0":"post-8047","1":"product","2":"type-product","3":"status-publish","4":"has-post-thumbnail","6":"product_cat-accesorios-cerraduras-yli-acceso-asistencia","7":"product_tag-acceso-y-asistencia","8":"product_tag-cerraduras","9":"product_tag-commax-wulian","10":"product_tag-dahua","11":"product_tag-wejoin","12":"product_tag-yli","13":"product_tag-zkteco","15":"first","16":"instock","17":"sale","18":"taxable","19":"shipping-taxable","20":"purchasable","21":"product-type-simple"},"aioseo_notices":[],"_links":{"self":[{"href":"https:\/\/tecsecmty.com\/index.php\/wp-json\/wp\/v2\/product\/8047","targetHints":{"allow":["GET"]}}],"collection":[{"href":"https:\/\/tecsecmty.com\/index.php\/wp-json\/wp\/v2\/product"}],"about":[{"href":"https:\/\/tecsecmty.com\/index.php\/wp-json\/wp\/v2\/types\/product"}],"replies":[{"embeddable":true,"href":"https:\/\/tecsecmty.com\/index.php\/wp-json\/wp\/v2\/comments?post=8047"}],"version-history":[{"count":0,"href":"https:\/\/tecsecmty.com\/index.php\/wp-json\/wp\/v2\/product\/8047\/revisions"}],"wp:featuredmedia":[{"embeddable":true,"href":"https:\/\/tecsecmty.com\/index.php\/wp-json\/wp\/v2\/media\/8046"}],"wp:attachment":[{"href":"https:\/\/tecsecmty.com\/index.php\/wp-json\/wp\/v2\/media?parent=8047"}],"wp:term":[{"taxonomy":"product_brand","embeddable":true,"href":"https:\/\/tecsecmty.com\/index.php\/wp-json\/wp\/v2\/product_brand?post=8047"},{"taxonomy":"product_cat","embeddable":true,"href":"https:\/\/tecsecmty.com\/index.php\/wp-json\/wp\/v2\/product_cat?post=8047"},{"taxonomy":"product_tag","embeddable":true,"href":"https:\/\/tecsecmty.com\/index.php\/wp-json\/wp\/v2\/product_tag?post=8047"}],"curies":[{"name":"wp","href":"https:\/\/api.w.org\/{rel}","templated":true}]}}