{"id":8049,"date":"2023-02-23T22:16:45","date_gmt":"2023-02-24T04:16:45","guid":{"rendered":"https:\/\/tecsecmty.com\/index.php\/producto\/yli-mbk280ul-soporte-para-montaje-de-electroiman-para-puerta-de-vidrio-sin-marco-de-280-kg-compatible-con-los-modelos-yli-ym280-ym280n-ym280nled\/"},"modified":"2023-03-22T23:25:01","modified_gmt":"2023-03-23T05:25:01","slug":"yli-mbk280ul-soporte-para-montaje-de-electroiman-para-puerta-de-vidrio-sin-marco-de-280-kg-compatible-con-los-modelos-yli-ym280-ym280n-ym280nled","status":"publish","type":"product","link":"https:\/\/tecsecmty.com\/index.php\/producto\/yli-mbk280ul-soporte-para-montaje-de-electroiman-para-puerta-de-vidrio-sin-marco-de-280-kg-compatible-con-los-modelos-yli-ym280-ym280n-ym280nled\/","title":{"rendered":"YLI MBK280UL &#8211; Soporte para montaje de electroim\u00e1n para puerta de vidrio sin marco de 280 Kg\/ Compatible con los modelos YLI\/ YM280, YM280N, YM280NLED"},"content":{"rendered":"<h5 class=\"card-title text-center\">DESCRIPCI\u00d3N<\/h5>\n<p class=\"ql-align-justify\">Las cerraduras electromagn\u00e9ticas son una de las mejores elecciones si se desea un control de acceso profesional, el tipo de puerta y el sentido en que abre en ocasiones complica el uso de electroimanes, es por esto que YLI cuenta con la m\u00e1s amplia variedad de accesorios y en esta ocasi\u00f3n les presentamos el accesorio YM280U, un accesorio dise\u00f1ado para puertas de vidrio sin marco, donde puede instalarse el im\u00e1n directo en la preparaci\u00f3n del marco.<\/p>\n<p class=\"ql-align-justify\"><strong>ESPECIFICACIONES<\/strong><\/p>\n<ul>\n<li class=\"ql-align-justify\">Compatible con modelos YM280.<\/li>\n<li class=\"ql-align-justify\">En forma de U.<\/li>\n<li class=\"ql-align-justify\">Material:\u2026\u2026\u2026\u2026\u2026\u2026.Aluminio.<\/li>\n<li class=\"ql-align-justify\">Grosor de la puerta:\u2026 8 &#8211; 15 mm.<\/li>\n<li class=\"ql-align-justify\">Detenci\u00f3n:\u2026\u2026\u2026\u2026\u2026280 Kg de presi\u00f3n.<\/li>\n<li class=\"ql-align-justify\">Dimensiones:\u2026\u2026\u2026.. 180x41x28(mm)(ABK-280UL)<\/li>\n<li class=\"ql-align-justify\">Adecuado para puertas de vidrio sin marco.<\/li>\n<\/ul>\n<p class=\"ql-align-justify\"><strong>FUNCIONES<\/strong><\/p>\n<p class=\"ql-align-justify\">Este accesorio puede utilizarse en situaciones donde la puerta es de vidrio o un panel delgado que no permita su perforaci\u00f3n, manteniendo la seguridad del acceso sin alterar la elegancia del entorno.\u00a0Este soporte es ideal para la instalaci\u00f3n de un electroim\u00e1n en un marco de madera o concreto con una puerta totalmente de vidrio o un panel delgado que no necesite ser perforado.<\/p>\n<p><img decoding=\"async\" class=\"overview-center-img-web\" src=\"https:\/\/tvc.mx\/media\/63063\/CENTRAL.png\" alt=\"\" \/><\/p>\n","protected":false},"excerpt":{"rendered":"<p>DESCRIPCI\u00d3N Las cerraduras electromagn\u00e9ticas son una de las mejores elecciones si se desea un control de acceso profesional, el tipo de puerta y el sentido en que abre en ocasiones complica el uso de electroimanes, es por esto que YLI cuenta con la m\u00e1s amplia&hellip;<\/p>\n","protected":false},"featured_media":8048,"comment_status":"open","ping_status":"closed","template":"","meta":{"om_disable_all_campaigns":false,"_monsterinsights_skip_tracking":false,"_monsterinsights_sitenote_active":false,"_monsterinsights_sitenote_note":"","_monsterinsights_sitenote_category":0},"product_brand":[],"product_cat":[734],"product_tag":[81,727,730,66,731,728,729],"class_list":{"0":"post-8049","1":"product","2":"type-product","3":"status-publish","4":"has-post-thumbnail","6":"product_cat-accesorios-cerraduras-yli-acceso-asistencia","7":"product_tag-acceso-y-asistencia","8":"product_tag-cerraduras","9":"product_tag-commax-wulian","10":"product_tag-dahua","11":"product_tag-wejoin","12":"product_tag-yli","13":"product_tag-zkteco","15":"first","16":"instock","17":"sale","18":"taxable","19":"shipping-taxable","20":"purchasable","21":"product-type-simple"},"aioseo_notices":[],"_links":{"self":[{"href":"https:\/\/tecsecmty.com\/index.php\/wp-json\/wp\/v2\/product\/8049","targetHints":{"allow":["GET"]}}],"collection":[{"href":"https:\/\/tecsecmty.com\/index.php\/wp-json\/wp\/v2\/product"}],"about":[{"href":"https:\/\/tecsecmty.com\/index.php\/wp-json\/wp\/v2\/types\/product"}],"replies":[{"embeddable":true,"href":"https:\/\/tecsecmty.com\/index.php\/wp-json\/wp\/v2\/comments?post=8049"}],"version-history":[{"count":0,"href":"https:\/\/tecsecmty.com\/index.php\/wp-json\/wp\/v2\/product\/8049\/revisions"}],"wp:featuredmedia":[{"embeddable":true,"href":"https:\/\/tecsecmty.com\/index.php\/wp-json\/wp\/v2\/media\/8048"}],"wp:attachment":[{"href":"https:\/\/tecsecmty.com\/index.php\/wp-json\/wp\/v2\/media?parent=8049"}],"wp:term":[{"taxonomy":"product_brand","embeddable":true,"href":"https:\/\/tecsecmty.com\/index.php\/wp-json\/wp\/v2\/product_brand?post=8049"},{"taxonomy":"product_cat","embeddable":true,"href":"https:\/\/tecsecmty.com\/index.php\/wp-json\/wp\/v2\/product_cat?post=8049"},{"taxonomy":"product_tag","embeddable":true,"href":"https:\/\/tecsecmty.com\/index.php\/wp-json\/wp\/v2\/product_tag?post=8049"}],"curies":[{"name":"wp","href":"https:\/\/api.w.org\/{rel}","templated":true}]}}