{"id":8065,"date":"2023-02-23T22:17:01","date_gmt":"2023-02-24T04:17:01","guid":{"rendered":"https:\/\/tecsecmty.com\/index.php\/producto\/yli-yc-83-2-brazo-cierra-puerta-automatico-para-puertas-de-100-kg-compatible-con-puertas-de-madera-vidrio-metal-velocidad-ajustable-de-cierre-instalacion-izquierda-o-derecha\/"},"modified":"2023-03-22T23:25:04","modified_gmt":"2023-03-23T05:25:04","slug":"yli-yc-83-2-brazo-cierra-puerta-automatico-para-puertas-de-100-kg-compatible-con-puertas-de-madera-vidrio-metal-velocidad-ajustable-de-cierre-instalacion-izquierda-o-derecha","status":"publish","type":"product","link":"https:\/\/tecsecmty.com\/index.php\/producto\/yli-yc-83-2-brazo-cierra-puerta-automatico-para-puertas-de-100-kg-compatible-con-puertas-de-madera-vidrio-metal-velocidad-ajustable-de-cierre-instalacion-izquierda-o-derecha\/","title":{"rendered":"YLI YC-83-2 &#8211; Brazo cierra puerta autom\u00e1tico \/ Para puertas de 100 kg \/ Compatible con puertas de madera, vidrio, metal \/ Velocidad ajustable de cierre \/ Instalaci\u00f3n izquierda o derecha"},"content":{"rendered":"<div class=\"row aling-items-center padding-bottom-2x\">\n<div class=\"col-lg-12\">\n<h5 class=\"card-title text-center\">Descripci\u00f3n general<\/h5>\n<p class=\"ql-align-justify\">Los cierra-puertas son adecuados para la mayor\u00eda y se encuentran en edificios de gran escala como hospitales, hoteles, grandes almacenes, etc. Se cerrar\u00e1 la puerta autom\u00e1ticamente despu\u00e9s de abrirla.<\/p>\n<p><img decoding=\"async\" class=\"overview-center-img-web\" src=\"https:\/\/tvc.mx\/media\/69639\/CENTRAL.png\" alt=\"\" \/><\/div>\n<\/div>\n<div class=\"row align-items-center padding-bottom-2x\">\n<div class=\"col-md-5\"><img decoding=\"async\" class=\"d-block m-auto img-thumbnail\" src=\"https:\/\/tvc.mx\/media\/80296\/YLI4740045-2.jpg\" alt=\" \" \/><\/div>\n<div class=\"col-md-7 text-md-left text-center\">\n<h2>Funciones<\/h2>\n<p class=\"text-muted\">\n<p>El cierra-puertas se instala en la parte superior de la hoja de la puerta con una sola abertura, se aplica a la puerta de madera, la puerta de acero y la puerta contra incendios. Se puede aplicar a una sola puerta con el ancho m\u00e1ximo de la puerta de 1200 mm y el peso de la puerta de 80-100 kg.<\/p>\n<p>&nbsp;<\/p>\n<\/div>\n<\/div>\n<hr class=\"padding-bottom-2x\" \/>\n<div class=\"row align-items-center padding-bottom-2x\">\n<div class=\"col-md-5 order-md-2\"><img decoding=\"async\" class=\"d-block m-auto img-thumbnail\" src=\"https:\/\/tvc.mx\/media\/80300\/YLI4740045-1.jpg\" alt=\" \" \/><\/div>\n<div class=\"col-md-7 order-md-1 text-md-left text-center\">\n<h2>Especificaciones<\/h2>\n<p class=\"text-muted\">\n<ul>\n<li class=\"ql-align-justify\">Dimensi\u00f3n del cuerpo principal: 226L x 44.5A x 72A (mm)<\/li>\n<li class=\"ql-align-justify\">Ancho de la puerta max: 1200mm<\/li>\n<li class=\"ql-align-justify\">Peso de la puerta max: 80-100kg<\/li>\n<li class=\"ql-align-justify\">Funci\u00f3n de comprobaci\u00f3n de ack NO<\/li>\n<li class=\"ql-align-justify\">\u00c1ngulo abierto: m\u00e1ximo 180<\/li>\n<li class=\"ql-align-justify\">Ajuste de velocidad de cierre: Velocidad 1: 180 \u00b0 -15 \u00b0 \/ Velocidad 2: 15 \u00b0 -0 \u00b0<\/li>\n<li class=\"ql-align-justify\">Temperatura aplicable: -20 \u2103 -45 \u2103<\/li>\n<li class=\"ql-align-justify\">Aplicabilidad: puerta abierta izquierda o derecha<\/li>\n<li class=\"ql-align-justify\">Aprob\u00f3 la prueba de durabilidad: 500,000 ciclos<\/li>\n<li class=\"ql-align-justify\">Peso: 2.1kg<\/li>\n<\/ul>\n<\/div>\n<\/div>\n","protected":false},"excerpt":{"rendered":"<p>Descripci\u00f3n general Los cierra-puertas son adecuados para la mayor\u00eda y se encuentran en edificios de gran escala como hospitales, hoteles, grandes almacenes, etc. Se cerrar\u00e1 la puerta autom\u00e1ticamente despu\u00e9s de abrirla. Funciones El cierra-puertas se instala en la parte superior de la hoja de la&hellip;<\/p>\n","protected":false},"featured_media":8064,"comment_status":"open","ping_status":"closed","template":"","meta":{"om_disable_all_campaigns":false,"_monsterinsights_skip_tracking":false,"_monsterinsights_sitenote_active":false,"_monsterinsights_sitenote_note":"","_monsterinsights_sitenote_category":0},"product_brand":[],"product_cat":[734],"product_tag":[81,727,730,66,731,728,729],"class_list":{"0":"post-8065","1":"product","2":"type-product","3":"status-publish","4":"has-post-thumbnail","6":"product_cat-accesorios-cerraduras-yli-acceso-asistencia","7":"product_tag-acceso-y-asistencia","8":"product_tag-cerraduras","9":"product_tag-commax-wulian","10":"product_tag-dahua","11":"product_tag-wejoin","12":"product_tag-yli","13":"product_tag-zkteco","15":"first","16":"instock","17":"sale","18":"taxable","19":"shipping-taxable","20":"purchasable","21":"product-type-simple"},"aioseo_notices":[],"_links":{"self":[{"href":"https:\/\/tecsecmty.com\/index.php\/wp-json\/wp\/v2\/product\/8065","targetHints":{"allow":["GET"]}}],"collection":[{"href":"https:\/\/tecsecmty.com\/index.php\/wp-json\/wp\/v2\/product"}],"about":[{"href":"https:\/\/tecsecmty.com\/index.php\/wp-json\/wp\/v2\/types\/product"}],"replies":[{"embeddable":true,"href":"https:\/\/tecsecmty.com\/index.php\/wp-json\/wp\/v2\/comments?post=8065"}],"version-history":[{"count":0,"href":"https:\/\/tecsecmty.com\/index.php\/wp-json\/wp\/v2\/product\/8065\/revisions"}],"wp:featuredmedia":[{"embeddable":true,"href":"https:\/\/tecsecmty.com\/index.php\/wp-json\/wp\/v2\/media\/8064"}],"wp:attachment":[{"href":"https:\/\/tecsecmty.com\/index.php\/wp-json\/wp\/v2\/media?parent=8065"}],"wp:term":[{"taxonomy":"product_brand","embeddable":true,"href":"https:\/\/tecsecmty.com\/index.php\/wp-json\/wp\/v2\/product_brand?post=8065"},{"taxonomy":"product_cat","embeddable":true,"href":"https:\/\/tecsecmty.com\/index.php\/wp-json\/wp\/v2\/product_cat?post=8065"},{"taxonomy":"product_tag","embeddable":true,"href":"https:\/\/tecsecmty.com\/index.php\/wp-json\/wp\/v2\/product_tag?post=8065"}],"curies":[{"name":"wp","href":"https:\/\/api.w.org\/{rel}","templated":true}]}}