{"id":8067,"date":"2023-02-23T22:17:02","date_gmt":"2023-02-24T04:17:02","guid":{"rendered":"https:\/\/tecsecmty.com\/index.php\/producto\/yli-yc812-brazo-cierra-puerta-automatico-para-puertas-de-65-kg-compatible-con-puertas-de-madera-vidrio-metal-velocidad-ajustable-de-cierre-instalacion-izquierda-o-derecha\/"},"modified":"2023-03-22T23:25:04","modified_gmt":"2023-03-23T05:25:04","slug":"yli-yc812-brazo-cierra-puerta-automatico-para-puertas-de-65-kg-compatible-con-puertas-de-madera-vidrio-metal-velocidad-ajustable-de-cierre-instalacion-izquierda-o-derecha","status":"publish","type":"product","link":"https:\/\/tecsecmty.com\/index.php\/producto\/yli-yc812-brazo-cierra-puerta-automatico-para-puertas-de-65-kg-compatible-con-puertas-de-madera-vidrio-metal-velocidad-ajustable-de-cierre-instalacion-izquierda-o-derecha\/","title":{"rendered":"YLI YC812 &#8211; Brazo cierra puerta autom\u00e1tico \/ Para puertas de 65 kg \/ Compatible con puertas de madera, vidrio, metal \/ Velocidad ajustable de cierre \/ Instalaci\u00f3n izquierda o derecha"},"content":{"rendered":"<div class=\"row aling-items-center padding-bottom-2x\">\n<div class=\"col-lg-12\">\n<h5 class=\"card-title text-center\">Descripci\u00f3n general<\/h5>\n<p class=\"ql-align-justify\">El brazo YLI modelo\u00a0<strong>YC812\u00a0<\/strong>para puerta, es un elemento dise\u00f1ado para cerrar efectiva y suavemente cualquier tipo de puerta, instalado adecuadamente cerrar\u00e1 suavemente operando sin molestos ruidos. Los brazos cumplen la funci\u00f3n de cerrar la puerta sin necesidad que sea empujada. Estos dispositivos autom\u00e1ticos, acompa\u00f1ados por cerraduras el\u00e9ctricas y lectores de tarjetas o de huella conforman un sistema efectivo para el control de acceso.<\/p>\n<p><img decoding=\"async\" class=\"overview-center-img-web\" src=\"https:\/\/tvc.mx\/media\/65685\/CENTRAL.png\" alt=\"\" \/><\/div>\n<\/div>\n<div class=\"row align-items-center padding-bottom-2x\">\n<div class=\"col-md-5\"><img decoding=\"async\" class=\"d-block m-auto img-thumbnail\" src=\"https:\/\/tvc.mx\/media\/80308\/YLI4740045-2.jpg\" alt=\" \" \/><\/div>\n<div class=\"col-md-7 text-md-left text-center\">\n<h2>Funciones<\/h2>\n<p class=\"text-muted\">\n<p>Se instalan en la parte superior de la puerta y en la parte superior del marco de la puerta, haciendo siempre fuerza hacia el cierre. Estos dispositivos est\u00e1n dise\u00f1ados para ser utilizados en diferentes tipos de puertas y seg\u00fan el volumen de tr\u00e1fico peatonal y el nivel de seguridad. Cierrapuertas instalado en la parte superior de la hoja de la puerta con abertura \u00fanica, es aplicable a puertas de madera, puerta de acero, puerta contraincendios. Mente adecuado para una sola puerta con el ancho m\u00e1ximo de la puerta de 1000 mm y peso de la puerta 20-45kg.<\/p>\n<p>&nbsp;<\/p>\n<\/div>\n<\/div>\n<hr class=\"padding-bottom-2x\" \/>\n<div class=\"row align-items-center padding-bottom-2x\">\n<div class=\"col-md-5 order-md-2\"><img decoding=\"async\" class=\"d-block m-auto img-thumbnail\" src=\"https:\/\/tvc.mx\/media\/80312\/YLI4740045-1.jpg\" alt=\" \" \/><\/div>\n<div class=\"col-md-7 order-md-1 text-md-left text-center\">\n<h2>Par\u00e1metros t\u00e9cnicos<\/h2>\n<p class=\"text-muted\">\n<ul>\n<li class=\"ql-align-justify\">Dimensi\u00f3n del cuerpo principal: 180(L) x 40 (A) x 63 (P)mm.<\/li>\n<li class=\"ql-align-justify\">Ancho de puerta: max 950mm.<\/li>\n<li class=\"ql-align-justify\">Peso de la puerta: m\u00e1x. 20-45kg.<\/li>\n<li class=\"ql-align-justify\">\u00c1ngulo abierto: m\u00e1ximo 180.<\/li>\n<li class=\"ql-align-justify\">Ajuste de velocidad de cierre: Velocidad 1: 180\u00b0 -15\u00b0; Velocidad 2: 15\u00b0 -0\u00b0.<\/li>\n<li class=\"ql-align-justify\">Temperatura aplicable: -20\u00b0C +45\u00b0C.<\/li>\n<li class=\"ql-align-justify\">Aplicabilidad: izquierda abierta o derecha puerta abierta.<\/li>\n<li class=\"ql-align-justify\">Prueba de durabilidad aprobada: 300,000 ciclos.<\/li>\n<li class=\"ql-align-justify\">Peso: 1.5kg.<\/li>\n<\/ul>\n<\/div>\n<\/div>\n","protected":false},"excerpt":{"rendered":"<p>Descripci\u00f3n general El brazo YLI modelo\u00a0YC812\u00a0para puerta, es un elemento dise\u00f1ado para cerrar efectiva y suavemente cualquier tipo de puerta, instalado adecuadamente cerrar\u00e1 suavemente operando sin molestos ruidos. Los brazos cumplen la funci\u00f3n de cerrar la puerta sin necesidad que sea empujada. Estos dispositivos autom\u00e1ticos,&hellip;<\/p>\n","protected":false},"featured_media":8066,"comment_status":"open","ping_status":"closed","template":"","meta":{"om_disable_all_campaigns":false,"_monsterinsights_skip_tracking":false,"_monsterinsights_sitenote_active":false,"_monsterinsights_sitenote_note":"","_monsterinsights_sitenote_category":0},"product_brand":[],"product_cat":[734],"product_tag":[81,727,730,66,731,728,729],"class_list":{"0":"post-8067","1":"product","2":"type-product","3":"status-publish","4":"has-post-thumbnail","6":"product_cat-accesorios-cerraduras-yli-acceso-asistencia","7":"product_tag-acceso-y-asistencia","8":"product_tag-cerraduras","9":"product_tag-commax-wulian","10":"product_tag-dahua","11":"product_tag-wejoin","12":"product_tag-yli","13":"product_tag-zkteco","15":"first","16":"instock","17":"sale","18":"taxable","19":"shipping-taxable","20":"purchasable","21":"product-type-simple"},"aioseo_notices":[],"_links":{"self":[{"href":"https:\/\/tecsecmty.com\/index.php\/wp-json\/wp\/v2\/product\/8067","targetHints":{"allow":["GET"]}}],"collection":[{"href":"https:\/\/tecsecmty.com\/index.php\/wp-json\/wp\/v2\/product"}],"about":[{"href":"https:\/\/tecsecmty.com\/index.php\/wp-json\/wp\/v2\/types\/product"}],"replies":[{"embeddable":true,"href":"https:\/\/tecsecmty.com\/index.php\/wp-json\/wp\/v2\/comments?post=8067"}],"version-history":[{"count":0,"href":"https:\/\/tecsecmty.com\/index.php\/wp-json\/wp\/v2\/product\/8067\/revisions"}],"wp:featuredmedia":[{"embeddable":true,"href":"https:\/\/tecsecmty.com\/index.php\/wp-json\/wp\/v2\/media\/8066"}],"wp:attachment":[{"href":"https:\/\/tecsecmty.com\/index.php\/wp-json\/wp\/v2\/media?parent=8067"}],"wp:term":[{"taxonomy":"product_brand","embeddable":true,"href":"https:\/\/tecsecmty.com\/index.php\/wp-json\/wp\/v2\/product_brand?post=8067"},{"taxonomy":"product_cat","embeddable":true,"href":"https:\/\/tecsecmty.com\/index.php\/wp-json\/wp\/v2\/product_cat?post=8067"},{"taxonomy":"product_tag","embeddable":true,"href":"https:\/\/tecsecmty.com\/index.php\/wp-json\/wp\/v2\/product_tag?post=8067"}],"curies":[{"name":"wp","href":"https:\/\/api.w.org\/{rel}","templated":true}]}}