{"id":8069,"date":"2023-02-23T22:17:06","date_gmt":"2023-02-24T04:17:06","guid":{"rendered":"https:\/\/tecsecmty.com\/index.php\/producto\/zkteco-cr60w-enrolador-de-tarjetas-mifare-cardissuer-conectividad-usb-para-registrar-huespedes-en-soluciones-hoteleras\/"},"modified":"2023-03-22T23:25:15","modified_gmt":"2023-03-23T05:25:15","slug":"zkteco-cr60w-enrolador-de-tarjetas-mifare-cardissuer-conectividad-usb-para-registrar-huespedes-en-soluciones-hoteleras","status":"publish","type":"product","link":"https:\/\/tecsecmty.com\/index.php\/producto\/zkteco-cr60w-enrolador-de-tarjetas-mifare-cardissuer-conectividad-usb-para-registrar-huespedes-en-soluciones-hoteleras\/","title":{"rendered":"ZKTECO CR60W &#8211; Enrolador de Tarjetas Mifare Cardissuer \/ Conectividad USB para Registrar Huespedes en Soluci\u00f3nes Hoteleras"},"content":{"rendered":"<div class=\"row aling-items-center padding-bottom-2x\">\n<div class=\"col-lg-12\">\n<h5 class=\"card-title text-center\">Descripci\u00f3n<\/h5>\n<p>La serie\u00a0CR60\u00a0son\u00a0accesorios dise\u00f1ados\u00a0para leer\u00a0y escribir\u00a0tarjetas de proximidad.\u00a0Se conectan\u00a0al PC\u00a0a trav\u00e9s del puerto\u00a0USB\u00a0(Plug\u00a0&amp; Play). Permiten\u00a0las transacciones\u00a0de alta velocidad\u00a0e incorporan\u00a0indicadores LED.\u00a0El lector\u00a0CR60W\u00a0es\u00a0compatible\u00a0con todo tipo de\u00a0Windows<\/p>\n<p>Tambi\u00e9n lee el mismo n\u00famero de serie que los dispositivos ZK Software.<\/p>\n<p class=\"ql-align-justify\"><strong>Caracter\u00edsticas principales:<\/strong><\/p>\n<ul>\n<li>Enrolador hotelero de tarjetas MIFARE 13.56 Mhz.<\/li>\n<li>Lectura y escritura.<\/li>\n<li>Comunicaci\u00f3n USB 2.0.<\/li>\n<li>Rango de lectura hasta 5 cm.<\/li>\n<li>Indicador LED.<\/li>\n<li>Compatible con Windows XP, 2003, Vista, 7 y superiores (32 y 64 bits).<\/li>\n<li>Software de gesti\u00f3n.<\/li>\n<\/ul>\n<p><img decoding=\"async\" class=\"overview-center-img-web\" src=\"https:\/\/tvc.mx\/media\/428279\/Lector-de-tarjetas-mifare-Cardissuer-CR60W-ZKT-TVC-Overview1.png\" alt=\"\" \/><\/div>\n<\/div>\n<div class=\"row align-items-center padding-bottom-2x\">\n<div class=\"col-md-5\"><img decoding=\"async\" class=\"d-block m-auto img-thumbnail\" src=\"https:\/\/tvc.mx\/media\/278667\/Lector-de-Tarjetas-Mifare-Cardissuer-Conectividad-USB-Especificaciones-CR60W-ZKTECO.png\" alt=\" \" \/><\/div>\n<div class=\"col-md-7 text-md-left text-center\">\n<h2>Especificaciones t\u00e9cnicas<\/h2>\n<p class=\"text-muted\">\n<ul>\n<li>Frecuencia: 13.56MHZ.<\/li>\n<li>Voltaje de Operaci\u00f3n: DC5V (\u00b14%).<\/li>\n<li>Corriente Est\u00e1tica: 65mA.<\/li>\n<li>Corriente de Trabajo: 80mA.<\/li>\n<li>Rango de Lectura: 30mm-100mm.<\/li>\n<li>Interfaz USB: Temperatura -10\u00b0c &#8211; 70\u00b0C.<\/li>\n<li>Dimensiones: 111mm x 81mm x 26.6mm.<\/li>\n<\/ul>\n<p>&nbsp;<\/p>\n<\/div>\n<\/div>\n<hr class=\"padding-bottom-2x\" \/>\n<div class=\"row align-items-center padding-bottom-2x\">\n<div class=\"col-md-5\"><img decoding=\"async\" class=\"d-block m-auto img-thumbnail\" src=\"https:\/\/tvc.mx\/media\/428295\/Lector-de-tarjetas-mifare-Cardissuer-CR60W-ZKT-TVC-Overview2.png\" alt=\" \" \/><\/div>\n<div class=\"col-md-7 text-md-left text-center\">\n<h2>Incluye<\/h2>\n<p class=\"text-muted\">\n<p>Lector de Tarjetas Mifare 13.5 Mhz.<\/p>\n<p>Cable de de datos USB.<\/p>\n<\/div>\n<\/div>\n","protected":false},"excerpt":{"rendered":"<p>Descripci\u00f3n La serie\u00a0CR60\u00a0son\u00a0accesorios dise\u00f1ados\u00a0para leer\u00a0y escribir\u00a0tarjetas de proximidad.\u00a0Se conectan\u00a0al PC\u00a0a trav\u00e9s del puerto\u00a0USB\u00a0(Plug\u00a0&amp; Play). Permiten\u00a0las transacciones\u00a0de alta velocidad\u00a0e incorporan\u00a0indicadores LED.\u00a0El lector\u00a0CR60W\u00a0es\u00a0compatible\u00a0con todo tipo de\u00a0Windows Tambi\u00e9n lee el mismo n\u00famero de serie que los dispositivos ZK Software. Caracter\u00edsticas principales: Enrolador hotelero de tarjetas MIFARE 13.56 Mhz.&hellip;<\/p>\n","protected":false},"featured_media":8068,"comment_status":"open","ping_status":"closed","template":"","meta":{"om_disable_all_campaigns":false,"_monsterinsights_skip_tracking":false,"_monsterinsights_sitenote_active":false,"_monsterinsights_sitenote_note":"","_monsterinsights_sitenote_category":0},"product_brand":[],"product_cat":[737],"product_tag":[81,727,730,66,731,728,729],"class_list":{"0":"post-8069","1":"product","2":"type-product","3":"status-publish","4":"has-post-thumbnail","6":"product_cat-accesorios-cerraduras-zkteco-acceso-asistencia","7":"product_tag-acceso-y-asistencia","8":"product_tag-cerraduras","9":"product_tag-commax-wulian","10":"product_tag-dahua","11":"product_tag-wejoin","12":"product_tag-yli","13":"product_tag-zkteco","15":"first","16":"instock","17":"sale","18":"taxable","19":"shipping-taxable","20":"purchasable","21":"product-type-simple"},"aioseo_notices":[],"_links":{"self":[{"href":"https:\/\/tecsecmty.com\/index.php\/wp-json\/wp\/v2\/product\/8069","targetHints":{"allow":["GET"]}}],"collection":[{"href":"https:\/\/tecsecmty.com\/index.php\/wp-json\/wp\/v2\/product"}],"about":[{"href":"https:\/\/tecsecmty.com\/index.php\/wp-json\/wp\/v2\/types\/product"}],"replies":[{"embeddable":true,"href":"https:\/\/tecsecmty.com\/index.php\/wp-json\/wp\/v2\/comments?post=8069"}],"version-history":[{"count":0,"href":"https:\/\/tecsecmty.com\/index.php\/wp-json\/wp\/v2\/product\/8069\/revisions"}],"wp:featuredmedia":[{"embeddable":true,"href":"https:\/\/tecsecmty.com\/index.php\/wp-json\/wp\/v2\/media\/8068"}],"wp:attachment":[{"href":"https:\/\/tecsecmty.com\/index.php\/wp-json\/wp\/v2\/media?parent=8069"}],"wp:term":[{"taxonomy":"product_brand","embeddable":true,"href":"https:\/\/tecsecmty.com\/index.php\/wp-json\/wp\/v2\/product_brand?post=8069"},{"taxonomy":"product_cat","embeddable":true,"href":"https:\/\/tecsecmty.com\/index.php\/wp-json\/wp\/v2\/product_cat?post=8069"},{"taxonomy":"product_tag","embeddable":true,"href":"https:\/\/tecsecmty.com\/index.php\/wp-json\/wp\/v2\/product_tag?post=8069"}],"curies":[{"name":"wp","href":"https:\/\/api.w.org\/{rel}","templated":true}]}}