{"id":807,"date":"2023-02-15T23:19:06","date_gmt":"2023-02-15T23:19:06","guid":{"rendered":"https:\/\/tecsecmty.com\/index.php\/producto\/domo-turbohd-5-megapixel-lente-motorizado-2-7-13-5-mm-ir-exir-40-mts-tvi-ahd-cvi-cvbs-ik10-ip67-dwdr\/"},"modified":"2023-03-22T23:20:40","modified_gmt":"2023-03-23T05:20:40","slug":"domo-turbohd-5-megapixel-lente-motorizado-2-7-13-5-mm-ir-exir-40-mts-tvi-ahd-cvi-cvbs-ik10-ip67-dwdr","status":"publish","type":"product","link":"https:\/\/tecsecmty.com\/index.php\/producto\/domo-turbohd-5-megapixel-lente-motorizado-2-7-13-5-mm-ir-exir-40-mts-tvi-ahd-cvi-cvbs-ik10-ip67-dwdr\/","title":{"rendered":"Domo TURBOHD 5 Megapixel \/ Lente Motorizado 2.7 &#8211; 13.5 mm \/ IR EXIR 40 mts \/ TVI-AHD-CVI-CVBS \/ IK10 \/ IP67 \/ dWDR"},"content":{"rendered":"<div class=\"container\">\n<div class=\"row\">\n<div class=\"col-md-12\">\n<div class=\"row\">\n<div class=\"row\">\n<div class=\"col-md-12\">\n<h4 class=\"text-primary center info-text\" style=\"text-align: center\">Informaci\u00f3n de Producto<\/h4>\n<\/div>\n<\/div>\n<div class=\"row\" style=\"text-align: center\">\n<div class=\"col-md-12\">\n<h3>Domo TURBOHD 5 Megapixel \/ Lente Motorizado 2.7 &#8211; 13.5 mm \/ IR EXIR 40 mts \/ TVI-AHD-CVI-CVBS \/ IK10 \/ IP67 \/ dWDR<\/h3>\n<\/div>\n<\/div>\n<div id=\"producto_container\" class=\"row\" style=\"text-align: center\">\n<div class=\"col-md-4\"><img decoding=\"async\" class=\"img-responsive center-block\" src=\"https:\/\/ftp3.syscom.mx\/usuarios\/fotos\/BancoFotografiasSyscom\/HIKVISION\/DS2CE5AH0TVPIT3ZE(C)\/DS2CE5AH0TVPIT3ZE(C)-p.PNG\" alt=\"DS-2CE5AH0T-VPIT3ZE(C)\" \/><\/p>\n<div class=\"row\">\n<div id=\"galerias\" class=\"col-sm-12\"><\/div>\n<\/div>\n<\/div>\n<div class=\"col-md-4\">\n<div><img decoding=\"async\" class=\"img-responsive img-thumbnail\" src=\"https:\/\/ftp3.syscom.mx\/usuarios\/fotos\/logotipos\/hikvision.png\" \/><\/div>\n<div><img decoding=\"async\" class=\"icono_info_product\" src=\"https:\/\/ftp3.syscom.mx\/usuarios\/fotos\/t_4.png?v=1639251562\" \/><img decoding=\"async\" class=\"icono_info_product\" src=\"https:\/\/ftp3.syscom.mx\/usuarios\/ftp\/downloads\/METALICAS.jpg?v=1639251562\" \/><img decoding=\"async\" class=\"icono_info_product\" src=\"https:\/\/ftp3.syscom.mx\/usuarios\/fotos\/5mp\/5mp.png?v=1523977886?v=1639251562\" \/><\/div>\n<div>\n<p>Modelo:\u00a0<span class=\"modelo-marca\">DS-2CE5AH0T-VPIT3ZE(C)<\/span><\/p>\n<p>Marca:\u00a0<span class=\"modelo-marca\">HIKVISION<\/span><\/p>\n<\/div>\n<\/div>\n<\/div>\n<\/div>\n<div class=\"row \" style=\"text-align: center\">\n<div class=\"col-md-12\">\n<div class=\"row\">\n<h3 class=\"text-primary\">Especificaciones:<\/h3>\n<\/div>\n<div class=\"row well\">\n<p><img decoding=\"async\" class=\"fr-fic fr-dii\" src=\"https:\/\/ftp3.syscom.mx\/usuarios\/jsosa\/HIKVISION\/imagenes\/logo\/hikvision%20see%20far.png\" \/><\/p>\n<p>&nbsp;<\/p>\n<div class=\"row\">\n<div class=\"col-sm-6\">\n<div><strong>Caracter\u00edsticas principales:<\/strong><\/p>\n<ul>\n<li>Resoluci\u00f3n M\u00e1xima: 5 Megapixeles (2560 x 1944).<\/li>\n<li>Lente montorizado 2.7 mm &#8211; 13.5mm (95\u00b0 &#8211; 26\u00b0).<\/li>\n<li>Soporta 4 tecnolog\u00edas (TVI \/ AHD \/ CVI \/ CVBS).<\/li>\n<li>Permite seleccionar la resoluci\u00f3n entre 5Megapixeles \/ 4 Megapixeles \/ 2 Megapixeles.\n<ul>\n<li>AHD: 5MP @ 20 FPS \/ 4MP @ 30 FPS<\/li>\n<li>CVI: 4MP @ 30 FPS \/ 4MP @ 25FPS<\/li>\n<\/ul>\n<\/li>\n<li>Funciones: dWDR.<\/li>\n<li><span data-sheets-value=\"{\" data-sheets-userformat=\"{\">El cambio de tecnolog\u00eda (TVI-AHD-CVBS-CVI) se puede realizar \u00fanicamente cuando la c\u00e1mara est\u00e1 en su resoluci\u00f3n m\u00e1xima, no se puede cambiar la tecnolog\u00eda si la c\u00e1mara no esta en su resoluci\u00f3n m\u00e1xima.<\/span><\/li>\n<\/ul>\n<p><strong><span data-sheets-value=\"{\" data-sheets-userformat=\"{\">Accesorios:<\/span><\/strong><\/p>\n<ul>\n<li><strong><span data-sheets-value=\"{\" data-sheets-userformat=\"{\">Caja de conexiones, modelo:\u00a0<\/span><\/strong><a href=\"https:\/\/www.syscom.mx\/producto\/DS-1280ZJ-DM45-HIKVISION-162831.html\">DS-1280ZJ-DM45<\/a><\/li>\n<li><strong><span data-sheets-value=\"{\" data-sheets-userformat=\"{\">Caja de conexiones, modelo:\u00a0<\/span><\/strong><a href=\"https:\/\/www.syscom.mx\/producto\/DS-1280ZJ-DM45-HIKVISION-162831.html\">DS-1281ZJ-DM45\u00a0<\/a><\/li>\n<li><strong><span data-sheets-value=\"{\" data-sheets-userformat=\"{\">Montaje de esquina, modelo:\u00a0<\/span><\/strong><a href=\"https:\/\/www.syscom.mx\/producto\/DS-1276ZJ-SUS-HIKVISION-156173.html\">DS-1276ZJ-SUS\u00a0<\/a><\/li>\n<li><strong><span data-sheets-value=\"{\" data-sheets-userformat=\"{\">Montaje de pared, modelo:\u00a0<\/span><\/strong><a href=\"https:\/\/www.syscom.mx\/producto\/DS-1273ZJ-140-DM45-HIKVISION-162828.html\">DS-1273ZJ-140-DM45\u00a0<\/a><\/li>\n<li><strong><span data-sheets-value=\"{\" data-sheets-userformat=\"{\">Montaje vertical, modelo:\u00a0<\/span><\/strong><a href=\"https:\/\/www.syscom.mx\/producto\/DS-1271ZJ-140-DM45-HIKVISION-162829.html\">DS-1271ZJ-140-DM45\u00a0<\/a><\/li>\n<li><strong><span data-sheets-value=\"{\" data-sheets-userformat=\"{\">Montaje de poste vertical, modelo:\u00a0<\/span><\/strong><a href=\"https:\/\/www.syscom.mx\/producto\/DS-1275ZJ-SUS-HIKVISION-156172.html\">DS-1275ZJ-SUS<\/a><\/li>\n<\/ul>\n<\/div>\n<\/div>\n<div class=\"col-sm-6\">\n<div><strong>Caracter\u00edsticas F\u00edsicas y El\u00e9ctricas:<\/strong><\/p>\n<ul>\n<li>Aplicaciones: Interior\/Exterior IP67.<\/li>\n<li>Protecci\u00f3n: IK10.<\/li>\n<li>Temperatura de Operaci\u00f3n: -40~60\u00baC.<\/li>\n<li>Alimentaci\u00f3n: 12Vcc.<\/li>\n<li>Consumo el\u00e9ctrico: 7.4 W (IR encendido).<\/li>\n<li>Dimensiones: 145.2 m x 111.3mm.<\/li>\n<li>Material: Metal.<\/li>\n<li>Peso: 863 gr.<\/li>\n<li>Garant\u00eda: 2 A\u00f1os.<\/li>\n<\/ul>\n<\/div>\n<\/div>\n<\/div>\n<p>&nbsp;<\/p>\n<h1><strong>Recursos<\/strong><\/h1>\n<p>&nbsp;<\/p>\n<div class=\"row default_margin_bottom\">\n<div class=\"col-sm-4\"><a href=\"https:\/\/www.hikvision.com\/es-la\/support\/download\/software\/ivms4200-series\/?q=serie%20ivms4200&amp;position=1\" target=\"_blank\" rel=\"noopener\"><img decoding=\"async\" class=\"img-responsive\" src=\"https:\/\/ftp3.syscom.mx\/usuarios\/gmagos\/HIK\/IP\/IPC\/Imagenes%20pagina\/Descargas%20IVMS4200.jpg\" \/><\/a><\/div>\n<div class=\"col-sm-4\"><a href=\"https:\/\/appstore.hikvision.com\/\" target=\"_blank\" rel=\"noopener\"><img decoding=\"async\" class=\"img-responsive\" src=\"https:\/\/ftp3.syscom.mx\/usuarios\/gmagos\/HIK\/IP\/IPC\/Imagenes%20pagina\/Descargas%20de%20app.jpg\" \/><\/a><\/div>\n<div class=\"col-sm-4\"><a href=\"https:\/\/ftp3.syscom.mx\/usuarios\/ftp\/2021\/12\/09\/c1366\/Especificaci%C3%B3nes%20T%C3%A9cnicas%20-%20DS-2CE5AH0T-VPIT3ZE(C).pdf\" target=\"_blank\" rel=\"noopener\"><img decoding=\"async\" class=\"img-responsive\" src=\"https:\/\/ftp3.syscom.mx\/usuarios\/gmagos\/HIK\/IP\/IPC\/Imagenes%20pagina\/Descarga%20de%20PDF.jpg\" \/><\/a><\/div>\n<\/div>\n<p>&nbsp;<\/p>\n<p><img decoding=\"async\" class=\"fr-fic fr-dii\" src=\"https:\/\/ftp3.syscom.mx\/usuarios\/jsosa\/HIKVISION\/imagenes\/banners\/solution%20complete.png\" height=\"248\" \/><\/p>\n<p>&nbsp;<\/p>\n<\/div>\n<\/div>\n<\/div>\n<\/div>\n<\/div>\n<\/div>\n<p><img decoding=\"async\" class=\"aligncenter\" src=\"https:\/\/tracker.metricool.com\/c3po.jpg?hash=95c94f37730bb8f54dd4308f1f878f9\" \/><\/p>\n","protected":false},"excerpt":{"rendered":"<p>Informaci\u00f3n de Producto Domo TURBOHD 5 Megapixel \/ Lente Motorizado 2.7 &#8211; 13.5 mm \/ IR EXIR 40 mts \/ TVI-AHD-CVI-CVBS \/ IK10 \/ IP67 \/ dWDR Modelo:\u00a0DS-2CE5AH0T-VPIT3ZE(C) Marca:\u00a0HIKVISION Especificaciones: &nbsp; Caracter\u00edsticas principales: Resoluci\u00f3n M\u00e1xima: 5 Megapixeles (2560 x 1944). Lente montorizado 2.7 mm &#8211;&hellip;<\/p>\n","protected":false},"featured_media":1591,"comment_status":"open","ping_status":"closed","template":"","meta":{"om_disable_all_campaigns":false,"_monsterinsights_skip_tracking":false,"_monsterinsights_sitenote_active":false,"_monsterinsights_sitenote_note":"","_monsterinsights_sitenote_category":0},"product_brand":[],"product_cat":[45],"product_tag":[42,38,46,37],"class_list":{"0":"post-807","1":"product","2":"type-product","3":"status-publish","4":"has-post-thumbnail","6":"product_cat-domo","7":"product_tag-camaras","8":"product_tag-camaras-de-seguridad","9":"product_tag-camaras-domo","10":"product_tag-hikvision","12":"first","13":"instock","14":"taxable","15":"shipping-taxable","16":"product-type-simple"},"aioseo_notices":[],"_links":{"self":[{"href":"https:\/\/tecsecmty.com\/index.php\/wp-json\/wp\/v2\/product\/807","targetHints":{"allow":["GET"]}}],"collection":[{"href":"https:\/\/tecsecmty.com\/index.php\/wp-json\/wp\/v2\/product"}],"about":[{"href":"https:\/\/tecsecmty.com\/index.php\/wp-json\/wp\/v2\/types\/product"}],"replies":[{"embeddable":true,"href":"https:\/\/tecsecmty.com\/index.php\/wp-json\/wp\/v2\/comments?post=807"}],"version-history":[{"count":2,"href":"https:\/\/tecsecmty.com\/index.php\/wp-json\/wp\/v2\/product\/807\/revisions"}],"predecessor-version":[{"id":1592,"href":"https:\/\/tecsecmty.com\/index.php\/wp-json\/wp\/v2\/product\/807\/revisions\/1592"}],"wp:featuredmedia":[{"embeddable":true,"href":"https:\/\/tecsecmty.com\/index.php\/wp-json\/wp\/v2\/media\/1591"}],"wp:attachment":[{"href":"https:\/\/tecsecmty.com\/index.php\/wp-json\/wp\/v2\/media?parent=807"}],"wp:term":[{"taxonomy":"product_brand","embeddable":true,"href":"https:\/\/tecsecmty.com\/index.php\/wp-json\/wp\/v2\/product_brand?post=807"},{"taxonomy":"product_cat","embeddable":true,"href":"https:\/\/tecsecmty.com\/index.php\/wp-json\/wp\/v2\/product_cat?post=807"},{"taxonomy":"product_tag","embeddable":true,"href":"https:\/\/tecsecmty.com\/index.php\/wp-json\/wp\/v2\/product_tag?post=807"}],"curies":[{"name":"wp","href":"https:\/\/api.w.org\/{rel}","templated":true}]}}