{"id":8073,"date":"2023-02-23T22:17:09","date_gmt":"2023-02-24T04:17:09","guid":{"rendered":"https:\/\/tecsecmty.com\/index.php\/producto\/zkteco-lmb120zl-soporte-de-fijacion-en-zl-para-contrachapa-magnetica-modelo-lm120-clave-zkt0850001\/"},"modified":"2023-03-22T23:25:26","modified_gmt":"2023-03-23T05:25:26","slug":"zkteco-lmb120zl-soporte-de-fijacion-en-zl-para-contrachapa-magnetica-modelo-lm120-clave-zkt0850001","status":"publish","type":"product","link":"https:\/\/tecsecmty.com\/index.php\/producto\/zkteco-lmb120zl-soporte-de-fijacion-en-zl-para-contrachapa-magnetica-modelo-lm120-clave-zkt0850001\/","title":{"rendered":"ZKTECO LMB120ZL &#8211; Soporte de fijaci\u00f3n en ZL para contrachapa magn\u00e9tica Modelo LM120 clave ZKT0850001"},"content":{"rendered":"<div class=\"row aling-items-center padding-bottom-2x\">\n<div class=\"col-lg-12\">\n<h5 class=\"card-title text-center\">Descripci\u00f3n<\/h5>\n<p class=\"ql-align-justify\">El soporte en Z. \u00a1Son fuertes, confiables y de buen precio! Se requieren soportes L y Z para aplicaciones de puertas con apertura de 90\u00b0.<\/p>\n<p class=\"ql-align-justify\">El soporte \u00abL\u00bb se usa para montar la cerradura magn\u00e9tica sobre la puerta y el soporte \u00abZ\u00bb se une a la puerta para alinear la placa de armadura con el im\u00e1n.<\/p>\n<p class=\"ql-align-justify\">Se utilizan para la conversi\u00f3n de cerraduras de oscilaci\u00f3n est\u00e1ndar para adaptarse a las aplicaciones de oscilaci\u00f3n. Nuestros soportes aseguran que el im\u00e1n permanezca en el lado protegido de las puertas.<\/p>\n<p class=\"ql-align-justify\">El soporte en L se usa para fijar el im\u00e1n a la jamba para adaptarse a las aplicaciones t\u00edpicas de puertas de apertura hacia afuera.<\/p>\n<p class=\"ql-align-justify\">Los soportes deben combinarse con nuestras cerraduras magn\u00e9ticas para aplicaciones en puertas batientes. Nuestras cerraduras magn\u00e9ticas son excelentes para \u00e1reas de tr\u00e1fico bajo, medio y alto, como oficinas, tiendas de conveniencia, entradas y salidas de edificios.<\/p>\n<p><img decoding=\"async\" class=\"overview-center-img-web\" src=\"https:\/\/tvc.mx\/media\/386407\/Soporte-de-fijaci%C3%B3n-en-ZL-para-contrachapa-magn%C3%A9tica-LM120ZL-ZKTeco-TVC-O1.png\" alt=\"\" \/><\/div>\n<\/div>\n<div class=\"row align-items-center padding-bottom-2x\">\n<div class=\"col-md-5\"><img decoding=\"async\" class=\"d-block m-auto img-thumbnail\" src=\"https:\/\/tvc.mx\/media\/386643\/Soporte-de-fijaci%C3%B3n-en-ZL-para-contrachapa-magn%C3%A9tica-LM120ZL-ZKTeco-TVC-P9.png\" alt=\" \" \/><\/div>\n<div class=\"col-md-7 text-md-left text-center\">\n<h2>Funci\u00f3n<\/h2>\n<p class=\"text-muted\">\n<p class=\"ql-align-justify\">El soporte LZ es empleada cuando por la raz\u00f3n que sea el electroim\u00e1n no puede ser colocado directamente sobre el marco. En estas el electroim\u00e1n est\u00e1 sujeto sobre el marco superior de la puerta y la pared, haciendo el anclaje m\u00e1s s\u00f3lido. Normalmente empleado en las puertas que se abren hacia dentro.<\/p>\n<p>&nbsp;<\/p>\n<\/div>\n<\/div>\n<hr class=\"padding-bottom-2x\" \/>\n<div class=\"row align-items-center padding-bottom-2x\">\n<div class=\"col-md-5\"><img decoding=\"async\" class=\"d-block m-auto img-thumbnail\" src=\"https:\/\/tvc.mx\/media\/386411\/Soporte-de-fijaci%C3%B3n-en-ZL-para-contrachapa-magn%C3%A9tica-LM120ZL-ZKTeco-TVC-O2.png\" alt=\" \" \/><\/div>\n<div class=\"col-md-7 text-md-left text-center\">\n<h2>Especificaciones t\u00e9cnicas<\/h2>\n<p class=\"text-muted\">\n<ul>\n<li>Adecuado para:\u00a0LM120<\/li>\n<li>Modo de apertura: puerta de 90\u00b0<\/li>\n<li>Material: Aluminio anodizado<\/li>\n<\/ul>\n<p>&nbsp;<\/p>\n<\/div>\n<\/div>\n<hr class=\"padding-bottom-2x\" \/>\n<div class=\"row align-items-center padding-bottom-2x\">\n<div class=\"col-md-5 order-md-2\"><img decoding=\"async\" class=\"d-block m-auto img-thumbnail\" src=\"https:\/\/tvc.mx\/media\/386415\/Soporte-de-fijaci%C3%B3n-en-ZL-para-contrachapa-magn%C3%A9tica-LM120ZL-ZKTeco-TVC-O3.png\" alt=\" \" \/><\/div>\n<div class=\"col-md-7 order-md-1 text-md-left text-center\">\n<h2>Incluye<\/h2>\n<p class=\"text-muted\">\n<ul>\n<li>Soporte met\u00e1lico ZL<\/li>\n<\/ul>\n<\/div>\n<\/div>\n","protected":false},"excerpt":{"rendered":"<p>Descripci\u00f3n El soporte en Z. \u00a1Son fuertes, confiables y de buen precio! Se requieren soportes L y Z para aplicaciones de puertas con apertura de 90\u00b0. El soporte \u00abL\u00bb se usa para montar la cerradura magn\u00e9tica sobre la puerta y el soporte \u00abZ\u00bb se une&hellip;<\/p>\n","protected":false},"featured_media":8072,"comment_status":"open","ping_status":"closed","template":"","meta":{"om_disable_all_campaigns":false,"_monsterinsights_skip_tracking":false,"_monsterinsights_sitenote_active":false,"_monsterinsights_sitenote_note":"","_monsterinsights_sitenote_category":0},"product_brand":[],"product_cat":[737],"product_tag":[81,727,730,66,731,728,729],"class_list":{"0":"post-8073","1":"product","2":"type-product","3":"status-publish","4":"has-post-thumbnail","6":"product_cat-accesorios-cerraduras-zkteco-acceso-asistencia","7":"product_tag-acceso-y-asistencia","8":"product_tag-cerraduras","9":"product_tag-commax-wulian","10":"product_tag-dahua","11":"product_tag-wejoin","12":"product_tag-yli","13":"product_tag-zkteco","15":"first","16":"instock","17":"sale","18":"taxable","19":"shipping-taxable","20":"purchasable","21":"product-type-simple"},"aioseo_notices":[],"_links":{"self":[{"href":"https:\/\/tecsecmty.com\/index.php\/wp-json\/wp\/v2\/product\/8073","targetHints":{"allow":["GET"]}}],"collection":[{"href":"https:\/\/tecsecmty.com\/index.php\/wp-json\/wp\/v2\/product"}],"about":[{"href":"https:\/\/tecsecmty.com\/index.php\/wp-json\/wp\/v2\/types\/product"}],"replies":[{"embeddable":true,"href":"https:\/\/tecsecmty.com\/index.php\/wp-json\/wp\/v2\/comments?post=8073"}],"version-history":[{"count":0,"href":"https:\/\/tecsecmty.com\/index.php\/wp-json\/wp\/v2\/product\/8073\/revisions"}],"wp:featuredmedia":[{"embeddable":true,"href":"https:\/\/tecsecmty.com\/index.php\/wp-json\/wp\/v2\/media\/8072"}],"wp:attachment":[{"href":"https:\/\/tecsecmty.com\/index.php\/wp-json\/wp\/v2\/media?parent=8073"}],"wp:term":[{"taxonomy":"product_brand","embeddable":true,"href":"https:\/\/tecsecmty.com\/index.php\/wp-json\/wp\/v2\/product_brand?post=8073"},{"taxonomy":"product_cat","embeddable":true,"href":"https:\/\/tecsecmty.com\/index.php\/wp-json\/wp\/v2\/product_cat?post=8073"},{"taxonomy":"product_tag","embeddable":true,"href":"https:\/\/tecsecmty.com\/index.php\/wp-json\/wp\/v2\/product_tag?post=8073"}],"curies":[{"name":"wp","href":"https:\/\/api.w.org\/{rel}","templated":true}]}}