{"id":8075,"date":"2023-02-23T22:17:11","date_gmt":"2023-02-24T04:17:11","guid":{"rendered":"https:\/\/tecsecmty.com\/index.php\/producto\/zkteco-lmb200u-soporte-en-u-para-instalacion-de-contrachapa-magnetica-en-puertas-de-vidrio-sin-marco-compatible-con-cerradura-magnetica-con-modelo-lm200led-clave-zkt0850002\/"},"modified":"2023-03-22T23:25:26","modified_gmt":"2023-03-23T05:25:26","slug":"zkteco-lmb200u-soporte-en-u-para-instalacion-de-contrachapa-magnetica-en-puertas-de-vidrio-sin-marco-compatible-con-cerradura-magnetica-con-modelo-lm200led-clave-zkt0850002","status":"publish","type":"product","link":"https:\/\/tecsecmty.com\/index.php\/producto\/zkteco-lmb200u-soporte-en-u-para-instalacion-de-contrachapa-magnetica-en-puertas-de-vidrio-sin-marco-compatible-con-cerradura-magnetica-con-modelo-lm200led-clave-zkt0850002\/","title":{"rendered":"ZKTECO LMB200U &#8211; Soporte en U para instalaci\u00f3n de contrachapa magn\u00e9tica en puertas de vidrio sin marco compatible con cerradura magn\u00e9tica con Modelo LM200LED clave ZKT0850002"},"content":{"rendered":"<div class=\"row aling-items-center padding-bottom-2x\">\n<div class=\"col-lg-12\">\n<h5 class=\"card-title text-center\">Descripci\u00f3n<\/h5>\n<p>Soporte tipo U para puertas de vidrio sin marco modelo\u00a0<strong>LMB200U<\/strong>, de la marca\u00a0<strong>ZKTeco,\u00a0<\/strong>compatible con las chapas de 200 Kg.<\/p>\n<p><img decoding=\"async\" class=\"overview-center-img-web\" src=\"https:\/\/tvc.mx\/media\/386863\/Soporte-de-fijaci%C3%B3n-en-U-para-montaje-en-puerta-de-cristal-sin-marco-de-contrachapa-magn%C3%A9tica-LMB200U-ZKTeco-TVC-O1.png\" alt=\"\" \/><\/div>\n<\/div>\n<div class=\"row align-items-center padding-bottom-2x\">\n<div class=\"col-md-5\"><img decoding=\"async\" class=\"d-block m-auto img-thumbnail\" src=\"https:\/\/tvc.mx\/media\/386855\/Soporte-de-fijaci%C3%B3n-en-U-para-montaje-en-puerta-de-cristal-sin-marco-de-contrachapa-magn%C3%A9tica-LMB200U-ZKTeco-TVC-O2.1.png\" alt=\" \" \/><\/div>\n<div class=\"col-md-7 text-md-left text-center\">\n<h2>Funci\u00f3n<\/h2>\n<p class=\"text-muted\">\n<p class=\"ql-align-justify\">El soporte U es\u00a0especialmente recomendadas para sujetar la placa sobre puertas de vidrio que normalmente no tiene marco, as\u00ed que se encaja sobre la base del vidrio.<\/p>\n<p>&nbsp;<\/p>\n<\/div>\n<\/div>\n<hr class=\"padding-bottom-2x\" \/>\n<div class=\"row align-items-center padding-bottom-2x\">\n<div class=\"col-md-5 order-md-2\"><img decoding=\"async\" class=\"d-block m-auto img-thumbnail\" src=\"https:\/\/tvc.mx\/media\/386843\/Soporte-de-fijaci%C3%B3n-en-U-para-montaje-en-puerta-de-cristal-sin-marco-de-contrachapa-magn%C3%A9tica-LMB200U-ZKTeco-TVC-O3.png\" alt=\" \" \/><\/div>\n<div class=\"col-md-7 order-md-1 text-md-left text-center\">\n<h2>Especificaciones t\u00e9cnicas<\/h2>\n<p class=\"text-muted\">\n<ul>\n<li>Adecuado para:\u00a0LM200<\/li>\n<li>Dimensiones de la placa: 180L * 38A * 11D mm<\/li>\n<li>Material: Aluminio anodizado<\/li>\n<li>Adecuado para puerta: puerta<\/li>\n<li>Modo abierto: puerta 90 grados.<\/li>\n<li>Adecuado para bloqueo magn\u00e9tico de 200 KG.<\/li>\n<\/ul>\n<p>&nbsp;<\/p>\n<\/div>\n<\/div>\n<hr class=\"padding-bottom-2x\" \/>\n<div class=\"row align-items-center padding-bottom-2x\">\n<div class=\"col-md-5\"><img decoding=\"async\" class=\"d-block m-auto img-thumbnail\" src=\"https:\/\/tvc.mx\/media\/386815\/Soporte-de-fijaci%C3%B3n-en-U-para-montaje-en-puerta-de-cristal-sin-marco-de-contrachapa-magn%C3%A9tica-LMB200U-ZKTeco-TVC-O4.png\" alt=\" \" \/><\/div>\n<div class=\"col-md-7 text-md-left text-center\">\n<h2>Incluye<\/h2>\n<p class=\"text-muted\">\n<ul>\n<li>Soporte met\u00e1lico U<\/li>\n<\/ul>\n<\/div>\n<\/div>\n","protected":false},"excerpt":{"rendered":"<p>Descripci\u00f3n Soporte tipo U para puertas de vidrio sin marco modelo\u00a0LMB200U, de la marca\u00a0ZKTeco,\u00a0compatible con las chapas de 200 Kg. Funci\u00f3n El soporte U es\u00a0especialmente recomendadas para sujetar la placa sobre puertas de vidrio que normalmente no tiene marco, as\u00ed que se encaja sobre la&hellip;<\/p>\n","protected":false},"featured_media":8074,"comment_status":"open","ping_status":"closed","template":"","meta":{"om_disable_all_campaigns":false,"_monsterinsights_skip_tracking":false,"_monsterinsights_sitenote_active":false,"_monsterinsights_sitenote_note":"","_monsterinsights_sitenote_category":0},"product_brand":[],"product_cat":[737],"product_tag":[81,727,730,66,731,728,729],"class_list":{"0":"post-8075","1":"product","2":"type-product","3":"status-publish","4":"has-post-thumbnail","6":"product_cat-accesorios-cerraduras-zkteco-acceso-asistencia","7":"product_tag-acceso-y-asistencia","8":"product_tag-cerraduras","9":"product_tag-commax-wulian","10":"product_tag-dahua","11":"product_tag-wejoin","12":"product_tag-yli","13":"product_tag-zkteco","15":"first","16":"instock","17":"sale","18":"taxable","19":"shipping-taxable","20":"purchasable","21":"product-type-simple"},"aioseo_notices":[],"_links":{"self":[{"href":"https:\/\/tecsecmty.com\/index.php\/wp-json\/wp\/v2\/product\/8075","targetHints":{"allow":["GET"]}}],"collection":[{"href":"https:\/\/tecsecmty.com\/index.php\/wp-json\/wp\/v2\/product"}],"about":[{"href":"https:\/\/tecsecmty.com\/index.php\/wp-json\/wp\/v2\/types\/product"}],"replies":[{"embeddable":true,"href":"https:\/\/tecsecmty.com\/index.php\/wp-json\/wp\/v2\/comments?post=8075"}],"version-history":[{"count":0,"href":"https:\/\/tecsecmty.com\/index.php\/wp-json\/wp\/v2\/product\/8075\/revisions"}],"wp:featuredmedia":[{"embeddable":true,"href":"https:\/\/tecsecmty.com\/index.php\/wp-json\/wp\/v2\/media\/8074"}],"wp:attachment":[{"href":"https:\/\/tecsecmty.com\/index.php\/wp-json\/wp\/v2\/media?parent=8075"}],"wp:term":[{"taxonomy":"product_brand","embeddable":true,"href":"https:\/\/tecsecmty.com\/index.php\/wp-json\/wp\/v2\/product_brand?post=8075"},{"taxonomy":"product_cat","embeddable":true,"href":"https:\/\/tecsecmty.com\/index.php\/wp-json\/wp\/v2\/product_cat?post=8075"},{"taxonomy":"product_tag","embeddable":true,"href":"https:\/\/tecsecmty.com\/index.php\/wp-json\/wp\/v2\/product_tag?post=8075"}],"curies":[{"name":"wp","href":"https:\/\/api.w.org\/{rel}","templated":true}]}}