{"id":808,"date":"2023-02-15T23:19:06","date_gmt":"2023-02-15T23:19:06","guid":{"rendered":"https:\/\/tecsecmty.com\/index.php\/producto\/turret-turbohd-3k-5mp-micrufono-integrado-lente-2-8-mm-imagen-a-color-24-7-20-mts-luz-blanca-exterior-ip67-dwdr-4-tecnologias\/"},"modified":"2023-03-22T23:20:40","modified_gmt":"2023-03-23T05:20:40","slug":"turret-turbohd-3k-5mp-microfono-integrado-lente-2-8-mm-imagen-a-color-24-7-20-mts-luz-blanca-exterior-ip67-dwdr-4-tecnologias","status":"publish","type":"product","link":"https:\/\/tecsecmty.com\/index.php\/producto\/turret-turbohd-3k-5mp-microfono-integrado-lente-2-8-mm-imagen-a-color-24-7-20-mts-luz-blanca-exterior-ip67-dwdr-4-tecnologias\/","title":{"rendered":"Turret TURBOHD  3K (5MP) \/ Microfono Integrado \/ Lente 2.8 mm \/ Imagen a color 24\/7 \/ 20 mts Luz Blanca \/ Exterior IP67 \/ dWDR \/ 4 Tecnologias"},"content":{"rendered":"<div class=\"container\">\n<div class=\"row\">\n<div class=\"col-md-12\">\n<div class=\"row\">\n<div class=\"row\">\n<div class=\"col-md-12\">\n<h4 class=\"text-primary center info-text\" style=\"text-align: center\">Informaci\u00f3n de Producto<\/h4>\n<\/div>\n<\/div>\n<div class=\"row\" style=\"text-align: center\">\n<div class=\"col-md-12\">\n<h3>Turret TURBOHD 3K (5MP) \/ Micr\u00f3fono Integrado \/ Lente 2.8 mm \/ Imagen a color 24\/7 \/ 20 mts Luz Blanca \/ Exterior IP67 \/ dWDR \/ 4 Tecnolog\u00edas<\/h3>\n<\/div>\n<\/div>\n<div id=\"producto_container\" class=\"row\" style=\"text-align: center\">\n<div class=\"col-md-4\">\n<p><img decoding=\"async\" class=\"img-responsive center-block\" src=\"https:\/\/ftp3.syscom.mx\/usuarios\/fotos\/BancoFotografiasSyscom\/HIKVISION\/DS2CE70KF0TMFS\/DS2CE70KF0TMFS-p.PNG\" alt=\"DS-2CE70KF0T-MFS\" \/><\/p>\n<div class=\"row\">\n<div id=\"galerias\" class=\"col-sm-12\"><\/div>\n<\/div>\n<\/div>\n<div class=\"col-md-4\">\n<div><img decoding=\"async\" class=\"img-responsive img-thumbnail\" src=\"https:\/\/ftp3.syscom.mx\/usuarios\/fotos\/logotipos\/hikvision.png\" \/><\/div>\n<div><img decoding=\"async\" class=\"icono_info_product\" src=\"https:\/\/ftp3.syscom.mx\/usuarios\/fotos\/colorvu1.png?v=1619143772?v=1619450981?v=1620775934?v=1620838950?v=1620839073\" \/><img decoding=\"async\" class=\"icono_info_product\" src=\"https:\/\/ftp3.syscom.mx\/usuarios\/ftp\/syscom_mx\/2-16-55-5-microfotint.png?v=1620775997?v=1620838950?v=1620839073\" \/><img decoding=\"async\" class=\"icono_info_product\" src=\"https:\/\/ftp3.syscom.mx\/usuarios\/fotos\/t_4.png?v=1543017237?v=1543542402?v=1620776036?v=1620838950?v=1620839073\" \/><\/div>\n<div>\n<p>Modelo:\u00a0<span class=\"modelo-marca\">DS-2CE70KF0T-MFS<\/span><\/p>\n<p>Marca:\u00a0<span class=\"modelo-marca\">HIKVISION<\/span><\/p>\n<\/div>\n<\/div>\n<\/div>\n<\/div>\n<div class=\"row \" style=\"text-align: center\">\n<div class=\"col-md-12\">\n<div class=\"row\">\n<h3 class=\"text-primary\">Especificaciones:<\/h3>\n<\/div>\n<div class=\"row well\">\n<p><img decoding=\"async\" class=\"fr-fic fr-dii\" src=\"https:\/\/ftp3.syscom.mx\/usuarios\/xguereque\/Imagenes\/hikvision\/colorvu-2.jpg\" \/><\/p>\n<p><strong>Audio, Video y Datos por el Mismo Cable<br \/>\n<\/strong><img decoding=\"async\" src=\"https:\/\/ftp3.syscom.mx\/usuarios\/jsosa\/HIKVISION\/imagenes\/coaxitron\/coaxitron.jpg\" width=\"100%\" \/><\/p>\n<p>&nbsp;<\/p>\n<div class=\"row default_margin_bottom\">\n<h1 class=\"text-primary\">Las c\u00e1maras<strong>\u00a03K<\/strong>\u00a0Permiten tener una mejor imagen con un aspecto (16:9)<br \/>\n<strong>VS<br \/>\n<\/strong>Una c\u00e1mara tradicional de\u00a0<strong>5 MP\u00a0<\/strong>(4:3)<\/h1>\n<div class=\"col-sm-6\"><img decoding=\"async\" class=\"img-responsive\" src=\"http:\/\/ftp3.syscom.mx\/usuarios\/nicolas.jimenez\/3K.png\" width=\"100%\" height=\"100%\" \/><\/div>\n<div class=\"col-sm-6\"><img decoding=\"async\" class=\"img-responsive\" src=\"http:\/\/ftp3.syscom.mx\/usuarios\/nicolas.jimenez\/5MP.png\" width=\"100%\" height=\"100%\" \/><\/div>\n<\/div>\n<h1 class=\"text-primary\">V\u00eddeo Comparaci\u00f3n\u00a0<strong>3K\u00a0<\/strong>(16:9)<br \/>\n<strong>VS<br \/>\n<\/strong><strong>5 MP\u00a0<\/strong>(4:3)<\/h1>\n<div class=\"row default_margin_bottom\">\n<div class=\"col-sm-6\"><\/div>\n<div class=\"col-sm-6\"><\/div>\n<\/div>\n<div class=\"row\">\n<div class=\"col-sm-6 col-md-4\">\n<div class=\"embed-responsive embed-responsive-16by9\">\n<p><a href=\"https:\/\/ftp3.syscom.mx\/usuarios\/jsosa\/HIKVISION\/imagenes\/colorvu\/1.png\"><img decoding=\"async\" class=\"fr-fic fr-dii\" src=\"https:\/\/ftp3.syscom.mx\/usuarios\/jsosa\/HIKVISION\/imagenes\/colorvu\/1.png\" height=\"236\" \/><\/a><\/p>\n<\/div>\n<\/div>\n<div class=\"col-sm-6 col-md-4\">\n<div class=\"embed-responsive embed-responsive-16by9\">\n<p><a href=\"https:\/\/ftp3.syscom.mx\/usuarios\/jsosa\/HIKVISION\/imagenes\/colorvu\/4.png\"><img decoding=\"async\" class=\"fr-fic fr-dii\" src=\"https:\/\/ftp3.syscom.mx\/usuarios\/jsosa\/HIKVISION\/imagenes\/colorvu\/4.png\" height=\"236\" \/><\/a><\/p>\n<\/div>\n<\/div>\n<div class=\"col-sm-6 col-md-4\">\n<div class=\"embed-responsive embed-responsive-16by9\">\n<p><a href=\"https:\/\/ftp3.syscom.mx\/usuarios\/jsosa\/HIKVISION\/imagenes\/colorvu\/3.png\"><img decoding=\"async\" class=\"fr-fic fr-dii\" src=\"https:\/\/ftp3.syscom.mx\/usuarios\/jsosa\/HIKVISION\/imagenes\/colorvu\/3.png\" height=\"236\" \/><\/a><\/p>\n<\/div>\n<\/div>\n<\/div>\n<p>&nbsp;<\/p>\n<div class=\"row\">\n<div class=\"col-sm-6 col-md-4\">\n<div class=\"embed-responsive embed-responsive-16by9\">\n<p><a href=\"https:\/\/ftp3.syscom.mx\/usuarios\/jsosa\/HIKVISION\/imagenes\/colorvu\/2.png\"><img decoding=\"async\" class=\"fr-fic fr-dii\" src=\"https:\/\/ftp3.syscom.mx\/usuarios\/jsosa\/HIKVISION\/imagenes\/colorvu\/2.png\" height=\"236\" \/><\/a><\/p>\n<\/div>\n<\/div>\n<div class=\"col-sm-6 col-md-4\">\n<div class=\"embed-responsive embed-responsive-16by9\">\n<p><a href=\"https:\/\/ftp3.syscom.mx\/usuarios\/jsosa\/HIKVISION\/imagenes\/colorvu\/5.png\"><img decoding=\"async\" class=\"fr-fic fr-dii\" src=\"https:\/\/ftp3.syscom.mx\/usuarios\/jsosa\/HIKVISION\/imagenes\/colorvu\/5.png\" height=\"236\" \/><\/a><\/p>\n<\/div>\n<\/div>\n<div class=\"col-sm-6 col-md-4\">\n<div class=\"embed-responsive embed-responsive-16by9\">\n<p><a href=\"https:\/\/ftp3.syscom.mx\/usuarios\/jsosa\/HIKVISION\/imagenes\/colorvu\/6.png\"><img decoding=\"async\" class=\"fr-fic fr-dii\" src=\"https:\/\/ftp3.syscom.mx\/usuarios\/jsosa\/HIKVISION\/imagenes\/colorvu\/6.png\" height=\"236\" \/><\/a><\/p>\n<\/div>\n<\/div>\n<\/div>\n<p>&nbsp;<\/p>\n<div class=\"row\">\n<div class=\"col-sm-4\">\n<div>\n<p><strong>Caracter\u00edsticas principales:<\/strong><\/p>\n<ul>\n<li>Resoluci\u00f3n M\u00e1xima: 3K (5 Megapixel) (2960 x 1665)<\/li>\n<li>Iluminaci\u00f3n minima: 0.001 Lux @ (F1.0, AGC ON)<\/li>\n<li>Lente fijo: 2.8mm (Angulo de apertura 102\u00b0)<\/li>\n<li>20 Metros de luz blanca (Ayuda a iluminar el sitio para mantener la imagen siempre a color)<\/li>\n<li>Soporta 4 Tecnologias, selecci\u00f3nable en el mazo de cables (HD-TVI, HD-CVI, AHD,CVBS Analogico 1200TVL\u00b4s)<\/li>\n<li>dWDR<\/li>\n<li><strong>Microfono Integrado<\/strong><\/li>\n<\/ul>\n<p><strong>Accesorios:<\/strong><\/p>\n<ul>\n<li><strong>Caja de conexiones, modelo:\u00a0<\/strong><a href=\"https:\/\/www.syscom.mx\/producto\/DS-1280ZJ-XS-HIKVISION-84491.html\">DS-1280ZJ-XS<\/a><\/li>\n<li><strong>Montaje de pared, modelo:\u00a0<\/strong><a href=\"https:\/\/www.syscom.mx\/producto\/DS-1272ZJ-110-TRS-HIKVISION-139817.html\">DS-1272ZJ-110-TRS<\/a><\/li>\n<li><strong>Montaje de poste vertical, modelo:\u00a0<\/strong><a href=\"https:\/\/www.syscom.mx\/producto\/DS-1275ZJ-SUS-HIKVISION-156172.html\">DS-1275ZJ-SUS<\/a><\/li>\n<li><strong>Montaje de esquina, modelo:\u00a0<\/strong><a href=\"https:\/\/www.syscom.mx\/producto\/DS-1276ZJ-SUS-HIKVISION-156173.html\">DS-1276ZJ-SUS<\/a><\/li>\n<\/ul>\n<\/div>\n<\/div>\n<div class=\"col-sm-4\">\n<div>\n<p><strong>Caracter\u00edsticas F\u00edsicas y El\u00e9ctricas:<\/strong><\/p>\n<ul>\n<li>Temperatura de Operaci\u00f3n: &#8211; 40\u00b0C a 60\u00b0C.<\/li>\n<li>Alimentaci\u00f3n: 12Vcc \/ 2.5 Watts.<\/li>\n<li>Protecci\u00f3n: Interior \/ Exterior IP67.<\/li>\n<li>Fabricado en material de metal.<\/li>\n<li>Dimensi\u00f3nes: 85.1 x 77.62 mm.<\/li>\n<li>Peso: 328 gramos.<\/li>\n<li>Garant\u00eda de 2 a\u00f1os.<\/li>\n<\/ul>\n<\/div>\n<\/div>\n<div class=\"col-sm-4\">\n<div>\n<p><strong>Caracter\u00edsticas Destacadas:<\/strong>Las c\u00e1maras ColorVu cuentan con F stop ajustado a 1.0, lo que le permite una mayor captaci\u00f3n y aprovechamiento de la luz, su luz blanca permite iluminar los ambientes muy oscuros para brindar una imagen a color 24\/7, es por ello que ColorVu se encuentra entre las\u00a0<strong>m\u00e1s selecci\u00f3nadas por los clientes en ambientes como bares, tiendas, hogar, oficina, hospitales, perimetrales, Evidencias con m\u00e1s informaci\u00f3n, son evidencias m\u00e1s utiles, el color es una de ellas.<\/strong><\/p>\n<\/div>\n<\/div>\n<\/div>\n<div class=\"row\">\n<div class=\"col-sm-4\">\n<div>\n<p><strong>Consideraciones:<\/strong><\/p>\n<ul>\n<li>El audio por coaxitron se env\u00eda \u00fanicamente por tecnolog\u00eda TVI.<\/li>\n<li>El cambio de tecnolog\u00eda (TVI-AHD-CVBS-CVI) se puede realizar \u00fanicamente cuando la c\u00e1mara est\u00e1 en su resoluci\u00f3n m\u00e1xima, no se puede cambiar la tecnolog\u00eda si la c\u00e1mara no esta en su resoluci\u00f3n m\u00e1xima.<\/li>\n<\/ul>\n<p><strong>Grabadores compatibles:<\/strong><\/p>\n<p><strong>Los grabadores compatibles a 3k lite con version de firmware 4.71.001 son:<\/strong><\/p>\n<ul>\n<li><strong>IDS7204HQHIM1\/S(C)<\/strong><\/li>\n<li><strong>IDS7208HQHIM1\/S(C)<\/strong><\/li>\n<li><strong>IDS7216HQHIM1\/S(C)<\/strong><\/li>\n<\/ul>\n<p><strong>Los grabadores compatibles a 3k reales son:<\/strong><\/p>\n<ul>\n<li><strong>iDS-7204HUHI-M1\/S\/A(C)<\/strong><\/li>\n<li><strong>iDS-7208HUHI-M2\/S\/A<\/strong><\/li>\n<li><strong>iDS-7216HUHI-M2\/S(C)<\/strong><\/li>\n<li><strong>IDS-7216HUHI-M2\/S\/A(C)<\/strong><\/li>\n<li><strong>iDS-7204HUHI-M1\/S(C)<\/strong><\/li>\n<\/ul>\n<p><strong>Modelos epcom, unicamente compatibles aquellos que se adquirieron como nuevos despues del 25\/10\/2021<\/strong><\/p>\n<ul>\n<li><strong>EV-8008TURBO-D<\/strong><\/li>\n<li><strong>EV-8016TURBO-D<\/strong><\/li>\n<\/ul>\n<\/div>\n<\/div>\n<\/div>\n<p>&nbsp;<\/p>\n<p>&nbsp;<\/p>\n<h1><strong>Recursos<\/strong><\/h1>\n<p>&nbsp;<\/p>\n<div class=\"row default_margin_bottom\">\n<div class=\"col-sm-4\"><a href=\"https:\/\/www.hikvision.com\/es-la\/support\/download\/software\/ivms4200-series\/?q=serie%20ivms4200&amp;position=1\" target=\"_blank\" rel=\"noopener\"><img decoding=\"async\" class=\"img-responsive\" src=\"https:\/\/ftp3.syscom.mx\/usuarios\/gmagos\/HIK\/IP\/IPC\/Imagenes%20pagina\/Descargas%20IVMS4200.jpg\" \/><\/a><\/div>\n<div class=\"col-sm-4\"><a href=\"https:\/\/appstore.hikvision.com\/\" target=\"_blank\" rel=\"noopener\"><img decoding=\"async\" class=\"img-responsive\" src=\"https:\/\/ftp3.syscom.mx\/usuarios\/gmagos\/HIK\/IP\/IPC\/Imagenes%20pagina\/Descargas%20de%20app.jpg\" \/><\/a><\/div>\n<div class=\"col-sm-4\"><a href=\"https:\/\/ftp3.syscom.mx\/usuarios\/ftp\/2021\/08\/03\/e5213\/Especificaci%C3%B3nes%20T%C3%A9cnicas%20-%20%20DS-2CE70KF0T-MFS.pdf\" target=\"_blank\" rel=\"noopener\"><img decoding=\"async\" class=\"img-responsive\" src=\"https:\/\/ftp3.syscom.mx\/usuarios\/gmagos\/HIK\/IP\/IPC\/Imagenes%20pagina\/Descarga%20de%20PDF.jpg\" \/><\/a><\/div>\n<\/div>\n<p>&nbsp;<\/p>\n<p>&nbsp;<\/p>\n<p><img decoding=\"async\" class=\"img-responsive\" src=\"https:\/\/ftp3.syscom.mx\/usuarios\/gmagos\/HIK\/TURBO\/imagenes%20\/3k.1.png\" \/><\/p>\n<\/div>\n<\/div>\n<\/div>\n<\/div>\n<\/div>\n<\/div>\n<p><img decoding=\"async\" class=\"aligncenter\" src=\"https:\/\/tracker.metricool.com\/c3po.jpg?hash=95c94f37730bb8f54dd4308f1f878f9\" \/><\/p>\n","protected":false},"excerpt":{"rendered":"<p>Informaci\u00f3n de Producto Turret TURBOHD 3K (5MP) \/ Micr\u00f3fono Integrado \/ Lente 2.8 mm \/ Imagen a color 24\/7 \/ 20 mts Luz Blanca \/ Exterior IP67 \/ dWDR \/ 4 Tecnolog\u00edas Modelo:\u00a0DS-2CE70KF0T-MFS Marca:\u00a0HIKVISION Especificaciones: Audio, Video y Datos por el Mismo Cable &nbsp; Las&hellip;<\/p>\n","protected":false},"featured_media":1594,"comment_status":"open","ping_status":"closed","template":"","meta":{"om_disable_all_campaigns":false,"_monsterinsights_skip_tracking":false,"_monsterinsights_sitenote_active":false,"_monsterinsights_sitenote_note":"","_monsterinsights_sitenote_category":0},"product_brand":[],"product_cat":[45],"product_tag":[42,38,46,37],"class_list":{"0":"post-808","1":"product","2":"type-product","3":"status-publish","4":"has-post-thumbnail","6":"product_cat-domo","7":"product_tag-camaras","8":"product_tag-camaras-de-seguridad","9":"product_tag-camaras-domo","10":"product_tag-hikvision","12":"first","13":"instock","14":"taxable","15":"shipping-taxable","16":"product-type-simple"},"aioseo_notices":[],"_links":{"self":[{"href":"https:\/\/tecsecmty.com\/index.php\/wp-json\/wp\/v2\/product\/808","targetHints":{"allow":["GET"]}}],"collection":[{"href":"https:\/\/tecsecmty.com\/index.php\/wp-json\/wp\/v2\/product"}],"about":[{"href":"https:\/\/tecsecmty.com\/index.php\/wp-json\/wp\/v2\/types\/product"}],"replies":[{"embeddable":true,"href":"https:\/\/tecsecmty.com\/index.php\/wp-json\/wp\/v2\/comments?post=808"}],"version-history":[{"count":3,"href":"https:\/\/tecsecmty.com\/index.php\/wp-json\/wp\/v2\/product\/808\/revisions"}],"predecessor-version":[{"id":1596,"href":"https:\/\/tecsecmty.com\/index.php\/wp-json\/wp\/v2\/product\/808\/revisions\/1596"}],"wp:featuredmedia":[{"embeddable":true,"href":"https:\/\/tecsecmty.com\/index.php\/wp-json\/wp\/v2\/media\/1594"}],"wp:attachment":[{"href":"https:\/\/tecsecmty.com\/index.php\/wp-json\/wp\/v2\/media?parent=808"}],"wp:term":[{"taxonomy":"product_brand","embeddable":true,"href":"https:\/\/tecsecmty.com\/index.php\/wp-json\/wp\/v2\/product_brand?post=808"},{"taxonomy":"product_cat","embeddable":true,"href":"https:\/\/tecsecmty.com\/index.php\/wp-json\/wp\/v2\/product_cat?post=808"},{"taxonomy":"product_tag","embeddable":true,"href":"https:\/\/tecsecmty.com\/index.php\/wp-json\/wp\/v2\/product_tag?post=808"}],"curies":[{"name":"wp","href":"https:\/\/api.w.org\/{rel}","templated":true}]}}