{"id":8081,"date":"2023-02-23T22:17:19","date_gmt":"2023-02-24T04:17:19","guid":{"rendered":"https:\/\/tecsecmty.com\/index.php\/producto\/zkteco-psmmf-modulo-inteligente-de-ahorro-de-energia-mifare-control-de-energia-para-habitaciones-de-hotel-controla-energia-con-uso-de-tarjetas-mifare\/"},"modified":"2023-03-22T23:25:31","modified_gmt":"2023-03-23T05:25:31","slug":"zkteco-psmmf-modulo-inteligente-de-ahorro-de-energia-mifare-control-de-energia-para-habitaciones-de-hotel-controla-energia-con-uso-de-tarjetas-mifare","status":"publish","type":"product","link":"https:\/\/tecsecmty.com\/index.php\/producto\/zkteco-psmmf-modulo-inteligente-de-ahorro-de-energia-mifare-control-de-energia-para-habitaciones-de-hotel-controla-energia-con-uso-de-tarjetas-mifare\/","title":{"rendered":"ZKTECO PSMMF &#8211; Modulo Inteligente de Ahorro de Energ\u00eda MIFARE \/ Control de Energ\u00eda para Habitaciones de Hotel \/ Controla Energ\u00eda con uso de Tarjetas Mifare"},"content":{"rendered":"<div class=\"row aling-items-center padding-bottom-2x\">\n<div class=\"col-lg-12\">\n<h5 class=\"card-title text-center\">Informaci\u00f3n general<\/h5>\n<p class=\"ql-align-justify\">Este m\u00f3dulo inteligente ahorrador de energ\u00eda\u00a0<strong>PSMMF\u00a0<\/strong>permite ser controlada\u00a0\u00fanicamente con\u00a0<strong>tarjetas MIFARE<\/strong>, que lo hace\u00a0<strong>ideal para proyectos con cerraduras hoteleros ZKTeco<\/strong>, debido a que el hospedador podr\u00e1 tener acceso a la energ\u00eda el\u00e9ctrica de su habitaci\u00f3n \u00fanicamente cuando coloque su tarjeta\u00a0<strong>MIFARE\u00a0<\/strong>en la ranura del m\u00f3dulo\u00a0<strong>PSMMF<\/strong>.<\/p>\n<p class=\"ql-align-justify\"><strong>\u00bfC\u00f3mo funciona?<\/strong><\/p>\n<p class=\"ql-align-justify\">Cuando un hospedador salga de su habitaci\u00f3n, se ver\u00e1 con la necesidad de retirar su tarjeta MIFARE del m\u00f3dulo\u00a0<strong>PSMMF.<\/strong><\/p>\n<p class=\"ql-align-justify\">Al no detectar la tarjeta MIFARE el m\u00f3dulo en autom\u00e1tico cortar\u00e1 la energ\u00eda el\u00e9ctrica de su habitaci\u00f3n, hasta que nuevamente el hospedador retorne y coloque su tarjeta en el modulo\u00a0<strong>PSMMF<\/strong>.<\/p>\n<p class=\"ql-align-justify\">Este m\u00f3dulo nos ayuda al ahorro de energ\u00eda y a controlar el acceso al uso de la energ\u00eda de una habitaci\u00f3n de un hotel o departamento. Regularmente, se instala cercano a la puerta de su habitaci\u00f3n en el interior.<\/p>\n<p><img decoding=\"async\" class=\"overview-center-img-web\" src=\"https:\/\/tvc.mx\/media\/501332\/Modulo-Inteligente-Ahorro-Energia-Habitaciones-Hotel-Tarjeta-Mifare-ZAS069002-ZKT-TVC-Primario-2.1.png\" alt=\"\" \/><\/div>\n<\/div>\n<div class=\"row align-items-center padding-bottom-2x\">\n<div class=\"col-md-5\"><img decoding=\"async\" class=\"d-block m-auto img-thumbnail\" src=\"https:\/\/tvc.mx\/media\/501258\/Modulo-inteligente-ahorro-de-energia-para-habitaciones-de-hotel-ZKTeco-TVC-O3.3.png\" alt=\" \" \/><\/div>\n<div class=\"col-md-7 text-md-left text-center\">\n<h2>Caracter\u00edsticas:<\/h2>\n<p class=\"text-muted\">\n<p class=\"ql-align-justify\">El\u00a0<strong>PSMMF\u00a0<\/strong>funciona\u00a0<strong>\u00fanicamente con tarjetas MIFARE.<\/strong><\/p>\n<p class=\"ql-align-justify\">Este equipo es compatible en cualquier lugar que se maneje 110V CA, ya sean habitaciones, oficinas, site, etc.<\/p>\n<p>&nbsp;<\/p>\n<\/div>\n<\/div>\n<hr class=\"padding-bottom-2x\" \/>\n<div class=\"row align-items-center padding-bottom-2x\">\n<div class=\"col-md-5 order-md-2\"><img decoding=\"async\" class=\"d-block m-auto img-thumbnail\" src=\"https:\/\/tvc.mx\/media\/501256\/Modulo-inteligente-ahorro-de-energia-para-habitaciones-de-hotel-ZKTeco-TVC-O3.2.png\" alt=\" \" \/><\/div>\n<div class=\"col-md-7 order-md-1 text-md-left text-center\">\n<h2>Especificaciones T\u00e9cnicas:<\/h2>\n<p class=\"text-muted\">\n<ul>\n<li class=\"ql-align-center\">Voltaje de trabajo: 110V CA.<\/li>\n<li class=\"ql-align-center\">Corriente de trabajo: 30 Amperes.<\/li>\n<li class=\"ql-align-center\">Fuente: 22 Watts.<\/li>\n<li class=\"ql-align-center\">Corriente est\u00e1tica: 100 ma.<\/li>\n<li class=\"ql-align-center\">Tiempo de retardo: 12s segundos.<\/li>\n<li class=\"ql-align-center\">Tipo: Cualquier tarjeta, que obstruya el sensor \u00f3ptico.<\/li>\n<li class=\"ql-align-center\">Material: PC.<\/li>\n<li class=\"ql-align-center\">Dimensi\u00f3n: 86mm x 86mm x 44mm.<\/li>\n<li class=\"ql-align-center\">Peso:147.7 g.<\/li>\n<li><\/li>\n<\/ul>\n<p>&nbsp;<\/p>\n<\/div>\n<\/div>\n<hr class=\"padding-bottom-2x\" \/>\n<div class=\"row align-items-center padding-bottom-2x\">\n<div class=\"col-md-5\"><img decoding=\"async\" class=\"d-block m-auto img-thumbnail\" src=\"https:\/\/tvc.mx\/media\/501254\/Modulo-inteligente-ahorro-de-energia-para-habitaciones-de-hotel-ZKTeco-TVC-O3.1.png\" alt=\" \" \/><\/div>\n<div class=\"col-md-7 text-md-left text-center\">\n<h2>Incluye<\/h2>\n<p class=\"text-muted\">\n<ul>\n<li>M\u00f3dulo PSMMF o ahorrador de energ\u00eda &#8211; MIFARE<\/li>\n<\/ul>\n<\/div>\n<\/div>\n","protected":false},"excerpt":{"rendered":"<p>Informaci\u00f3n general Este m\u00f3dulo inteligente ahorrador de energ\u00eda\u00a0PSMMF\u00a0permite ser controlada\u00a0\u00fanicamente con\u00a0tarjetas MIFARE, que lo hace\u00a0ideal para proyectos con cerraduras hoteleros ZKTeco, debido a que el hospedador podr\u00e1 tener acceso a la energ\u00eda el\u00e9ctrica de su habitaci\u00f3n \u00fanicamente cuando coloque su tarjeta\u00a0MIFARE\u00a0en la ranura del m\u00f3dulo\u00a0PSMMF.&hellip;<\/p>\n","protected":false},"featured_media":8080,"comment_status":"open","ping_status":"closed","template":"","meta":{"om_disable_all_campaigns":false,"_monsterinsights_skip_tracking":false,"_monsterinsights_sitenote_active":false,"_monsterinsights_sitenote_note":"","_monsterinsights_sitenote_category":0},"product_brand":[],"product_cat":[737],"product_tag":[81,727,730,66,731,728,729],"class_list":{"0":"post-8081","1":"product","2":"type-product","3":"status-publish","4":"has-post-thumbnail","6":"product_cat-accesorios-cerraduras-zkteco-acceso-asistencia","7":"product_tag-acceso-y-asistencia","8":"product_tag-cerraduras","9":"product_tag-commax-wulian","10":"product_tag-dahua","11":"product_tag-wejoin","12":"product_tag-yli","13":"product_tag-zkteco","15":"first","16":"instock","17":"sale","18":"taxable","19":"shipping-taxable","20":"purchasable","21":"product-type-simple"},"aioseo_notices":[],"_links":{"self":[{"href":"https:\/\/tecsecmty.com\/index.php\/wp-json\/wp\/v2\/product\/8081","targetHints":{"allow":["GET"]}}],"collection":[{"href":"https:\/\/tecsecmty.com\/index.php\/wp-json\/wp\/v2\/product"}],"about":[{"href":"https:\/\/tecsecmty.com\/index.php\/wp-json\/wp\/v2\/types\/product"}],"replies":[{"embeddable":true,"href":"https:\/\/tecsecmty.com\/index.php\/wp-json\/wp\/v2\/comments?post=8081"}],"version-history":[{"count":0,"href":"https:\/\/tecsecmty.com\/index.php\/wp-json\/wp\/v2\/product\/8081\/revisions"}],"wp:featuredmedia":[{"embeddable":true,"href":"https:\/\/tecsecmty.com\/index.php\/wp-json\/wp\/v2\/media\/8080"}],"wp:attachment":[{"href":"https:\/\/tecsecmty.com\/index.php\/wp-json\/wp\/v2\/media?parent=8081"}],"wp:term":[{"taxonomy":"product_brand","embeddable":true,"href":"https:\/\/tecsecmty.com\/index.php\/wp-json\/wp\/v2\/product_brand?post=8081"},{"taxonomy":"product_cat","embeddable":true,"href":"https:\/\/tecsecmty.com\/index.php\/wp-json\/wp\/v2\/product_cat?post=8081"},{"taxonomy":"product_tag","embeddable":true,"href":"https:\/\/tecsecmty.com\/index.php\/wp-json\/wp\/v2\/product_tag?post=8081"}],"curies":[{"name":"wp","href":"https:\/\/api.w.org\/{rel}","templated":true}]}}