{"id":8085,"date":"2023-02-23T22:17:22","date_gmt":"2023-02-24T04:17:22","guid":{"rendered":"https:\/\/tecsecmty.com\/index.php\/producto\/yli-yb300-cerradura-electrica-de-perno-para-control-de-acceso-funcion-no-voltaje-12-y-24-vdc-retardo-36-y-9-segundos-fail-secure-compatible-con-controles-de-acceso-compatible-soporte-de\/"},"modified":"2023-03-22T23:25:03","modified_gmt":"2023-03-23T05:25:03","slug":"yli-yb300-cerradura-electrica-de-perno-para-control-de-acceso-funcion-no-voltaje-12-y-24-vdc-retardo-36-y-9-segundos-fail-secure-compatible-con-controles-de-acceso-compatible-soporte-de","status":"publish","type":"product","link":"https:\/\/tecsecmty.com\/index.php\/producto\/yli-yb300-cerradura-electrica-de-perno-para-control-de-acceso-funcion-no-voltaje-12-y-24-vdc-retardo-36-y-9-segundos-fail-secure-compatible-con-controles-de-acceso-compatible-soporte-de\/","title":{"rendered":"YLI YB300 &#8211; Cerradura El\u00e9ctrica de perno para Control de Acceso \/ Funci\u00f3n NO \/ Voltaje 12 y 24 VDC \/ Retardo 3,6 y 9 segundos \/ Fail Secure \/ Compatible con controles de acceso \/ Compatible Soporte de fijaci\u00f3n BBK600"},"content":{"rendered":"<h5 class=\"card-title text-center\">Descripci\u00f3n<\/h5>\n<p class=\"ql-align-justify\">La cerradura el\u00e9ctrica de inducci\u00f3n magn\u00e9tica multifunci\u00f3n YB-300 (tambi\u00e9n llamada \u00abcerradura de \u00e1nodo\u00bb) est\u00e1 dise\u00f1ada para puertas de vidrio en general, puertas de madera, puertas de metal, etc. Los productos de la compa\u00f1\u00eda son completos, puertas de vidrio sin marco hacia arriba y hacia abajo, puertas de marco estrecho abiertas por dentro y por fuera, etc. Se proporcionan todos los accesorios, y el dise\u00f1o especial de control fotoel\u00e9ctrico de temperatura ultrabaja y eficiencia ultrabaja puede hacer que la automatizaci\u00f3n del control de acceso sea m\u00e1s segura y la cerradura el\u00e9ctrica m\u00e1s duradera.<\/p>\n<p class=\"ql-align-justify\"><strong>Par\u00e1metros del producto:<\/strong><\/p>\n<ul>\n<li>Tipo de seguridad &#8211; Desbloquear autom\u00e1ticamente cuando se apaga<\/li>\n<li>Tama\u00f1o del cuerpo de la cerradura &#8211; Longitud 205x ancho 35x espesor 40 (mm)<\/li>\n<li>Tama\u00f1o de tabla corta &#8211; Longitud 90x ancho 25x espesor 2 (mm)<\/li>\n<li>Voltaje de trabajo &#8211; 12-24VDC+10% rango<\/li>\n<li>Corriente de arranque &#8211; 12V \/ 900mA, 24V \/ 730mA (momento de inicio)<\/li>\n<li>Corriente de trabajo &#8211; 12V \/ 100mA, 24V \/ 70mA (completamente bloqueado)<\/li>\n<li>Bloquear la fuerza del n\u00facleo Pulido de acero inoxidable, soporta 800 kg de presi\u00f3n<\/li>\n<li>Elegir tipo de puerta &#8211; Puerta de madera, puerta de cristal, puerta de metal, puerta cortafuego<\/li>\n<li>Funci\u00f3n de retraso &#8211; 0\/3\/6\/9 segundos ajustable<\/li>\n<li>Salida de se\u00f1al &#8211; Salida de se\u00f1al de estado de puerta NO, contacto COM<\/li>\n<li>Bloquee la temperatura de la superficie del cuerpo &#8211; Baja temperatura<\/li>\n<li>Distancia de inducci\u00f3n magn\u00e9tica de espacio de puerta &#8211; 8mm<\/li>\n<li>Usar temperatura ambiente &#8211; -10 \uff5e + 55 \u2103 (14 ~ 131F)<\/li>\n<li>Usar humedad ambiental &#8211; 0 \uff5e 90% de humedad relativa<\/li>\n<li>Dise\u00f1o duradero de cerradura el\u00e9ctrica. &#8211; Dise\u00f1o profesional de material electromagn\u00e9tico, durabilidad de 500,000 veces<\/li>\n<li>Dise\u00f1o de material de panel &#8211; Aleaci\u00f3n de aluminio de alta resistencia, tratamiento de astillado japon\u00e9s.<\/li>\n<li class=\"ql-align-justify\">Peso del producto &#8211; 0.74kg.<\/li>\n<\/ul>\n<p class=\"ql-align-justify\"><strong>Ventajas del producto:<\/strong><\/p>\n<ul>\n<li>Tecnolog\u00eda de control fotoel\u00e9ctrico, dise\u00f1o de temperatura ultrabaja paraevitar fallas mec\u00e1nicas, dise\u00f1o de consumo de energ\u00eda ultrabajam\u00e1s seguro y duradero, m\u00e1s duradero y m\u00e1s respetuoso con el medio ambiente 500,000 veces de durabilidad de bloqueo de encendido.<\/li>\n<li>Configuraci\u00f3n de chip \u00fanico inteligente de corriente inversa, dispositivo preventivo (MOV) incorporado, tres niveles aplicaci\u00f3n actual cuerpo de bloqueo de aleaci\u00f3n de aluminio de alta resistencia, especificaciones de producto deleng\u00fceta de bloqueo de acero inoxidable, soporte completo, adecuado para todo tipo de configuraciones de retardo de instalaci\u00f3n de cerradura de puerta: 0\/3\/6\/9 segundos.<\/li>\n<li>El rendimiento de protecci\u00f3najustablecon configuraci\u00f3n inteligente de un solo chip puede evitar da\u00f1o por fuerza externa, funci\u00f3n de protecci\u00f3n contra sobretensiones incorporada, protecci\u00f3n contra sobrecarga,funci\u00f3n de protecci\u00f3n contrasobrecarga de corriente doble.<\/li>\n<li>El contacto del bot\u00f3n de salida de apertura de la puerta de acoplamiento \u00f3ptico incorporado se bloquear\u00e1 autom\u00e1ticamente si la puerta no se abre en 5 segundos.<\/li>\n<li class=\"ql-align-justify\">El producto ha pasado la fotoelectricidadcalificadapor laCE de la Uni\u00f3n Europea y la certificaci\u00f3n MA de Chinadesarrollada por Yilin Electronics El control de la cerradura de embutir el\u00e9ctrica del tipo de temperatura ultrabaja es el verdadero significado de la funci\u00f3n de temperatura ultrabaja<\/li>\n<\/ul>\n<p><img decoding=\"async\" class=\"overview-center-img-web\" src=\"https:\/\/tvc.mx\/media\/43701\/CEXT2097---Terminal-de-salida.png\" alt=\"\" \/><\/p>\n","protected":false},"excerpt":{"rendered":"<p>Descripci\u00f3n La cerradura el\u00e9ctrica de inducci\u00f3n magn\u00e9tica multifunci\u00f3n YB-300 (tambi\u00e9n llamada \u00abcerradura de \u00e1nodo\u00bb) est\u00e1 dise\u00f1ada para puertas de vidrio en general, puertas de madera, puertas de metal, etc. Los productos de la compa\u00f1\u00eda son completos, puertas de vidrio sin marco hacia arriba y hacia&hellip;<\/p>\n","protected":false},"featured_media":8084,"comment_status":"open","ping_status":"closed","template":"","meta":{"om_disable_all_campaigns":false,"_monsterinsights_skip_tracking":false,"_monsterinsights_sitenote_active":false,"_monsterinsights_sitenote_note":"","_monsterinsights_sitenote_category":0},"product_brand":[],"product_cat":[738],"product_tag":[81,727,730,66,731,728,729],"class_list":{"0":"post-8085","1":"product","2":"type-product","3":"status-publish","4":"has-post-thumbnail","6":"product_cat-de-perno","7":"product_tag-acceso-y-asistencia","8":"product_tag-cerraduras","9":"product_tag-commax-wulian","10":"product_tag-dahua","11":"product_tag-wejoin","12":"product_tag-yli","13":"product_tag-zkteco","15":"first","16":"instock","17":"sale","18":"taxable","19":"shipping-taxable","20":"purchasable","21":"product-type-simple"},"aioseo_notices":[],"_links":{"self":[{"href":"https:\/\/tecsecmty.com\/index.php\/wp-json\/wp\/v2\/product\/8085","targetHints":{"allow":["GET"]}}],"collection":[{"href":"https:\/\/tecsecmty.com\/index.php\/wp-json\/wp\/v2\/product"}],"about":[{"href":"https:\/\/tecsecmty.com\/index.php\/wp-json\/wp\/v2\/types\/product"}],"replies":[{"embeddable":true,"href":"https:\/\/tecsecmty.com\/index.php\/wp-json\/wp\/v2\/comments?post=8085"}],"version-history":[{"count":0,"href":"https:\/\/tecsecmty.com\/index.php\/wp-json\/wp\/v2\/product\/8085\/revisions"}],"wp:featuredmedia":[{"embeddable":true,"href":"https:\/\/tecsecmty.com\/index.php\/wp-json\/wp\/v2\/media\/8084"}],"wp:attachment":[{"href":"https:\/\/tecsecmty.com\/index.php\/wp-json\/wp\/v2\/media?parent=8085"}],"wp:term":[{"taxonomy":"product_brand","embeddable":true,"href":"https:\/\/tecsecmty.com\/index.php\/wp-json\/wp\/v2\/product_brand?post=8085"},{"taxonomy":"product_cat","embeddable":true,"href":"https:\/\/tecsecmty.com\/index.php\/wp-json\/wp\/v2\/product_cat?post=8085"},{"taxonomy":"product_tag","embeddable":true,"href":"https:\/\/tecsecmty.com\/index.php\/wp-json\/wp\/v2\/product_tag?post=8085"}],"curies":[{"name":"wp","href":"https:\/\/api.w.org\/{rel}","templated":true}]}}