{"id":8087,"date":"2023-02-23T22:17:24","date_gmt":"2023-02-24T04:17:24","guid":{"rendered":"https:\/\/tecsecmty.com\/index.php\/producto\/yli-yb300pack-paquete-de-cerradura-de-perno-para-control-de-acceso-de-puertas-con-retardo-configurable-de-3-6-y-9-segundos-incluye-soporte-de-instalacion-modelo-ym600-voltaje-dual-12-o-24-vdc\/"},"modified":"2023-03-22T23:25:03","modified_gmt":"2023-03-23T05:25:03","slug":"yli-yb300pack-paquete-de-cerradura-de-perno-para-control-de-acceso-de-puertas-con-retardo-configurable-de-3-6-y-9-segundos-incluye-soporte-de-instalacion-modelo-ym600-voltaje-dual-12-o-24-vdc","status":"publish","type":"product","link":"https:\/\/tecsecmty.com\/index.php\/producto\/yli-yb300pack-paquete-de-cerradura-de-perno-para-control-de-acceso-de-puertas-con-retardo-configurable-de-3-6-y-9-segundos-incluye-soporte-de-instalacion-modelo-ym600-voltaje-dual-12-o-24-vdc\/","title":{"rendered":"YLI YB300PACK &#8211; Paquete de cerradura de perno para control de acceso de puertas con retardo configurable de 3, 6 y 9 segundos incluye soporte de instalacion modelo YM600\/ Voltaje dual 12 o 24 VDC"},"content":{"rendered":"<div class=\"row aling-items-center padding-bottom-2x\">\n<div class=\"col-lg-12\">\n<h5 class=\"card-title text-center\">Informaci\u00f3n general<\/h5>\n<p>Paquete de cerradura de perno para control de acceso\u00a0<strong>YLI YB300PACK<\/strong><\/p>\n<p><strong>El paquete incluye lo siguiente:<\/strong><\/p>\n<ul>\n<li>1 Cerradura el\u00e9ctrica de perno de la marca YLI modelo YB300<\/li>\n<li>1 Soporte especial para cerraduras de perno de la marca YLI modelo YM600<\/li>\n<\/ul>\n<p><img decoding=\"async\" class=\"overview-center-img-web\" src=\"https:\/\/tvc.mx\/media\/116777\/YLE0880001-2.jpg\" alt=\"\" \/><\/div>\n<\/div>\n<div class=\"row align-items-center padding-bottom-2x\">\n<div class=\"col-md-5\"><img decoding=\"async\" class=\"d-block m-auto img-thumbnail\" src=\"https:\/\/tvc.mx\/media\/116793\/YLE0880001-3.jpg\" alt=\" \" \/><\/div>\n<div class=\"col-md-7 text-md-left text-center\">\n<h2>Descripci\u00f3n YB300<\/h2>\n<p class=\"text-muted\">\n<p>La cerradura el\u00e9ctrica de inducci\u00f3n magn\u00e9tica multifunci\u00f3n YB-300 (tambi\u00e9n llamada \u00abcerradura de \u00e1nodo\u00bb) est\u00e1 dise\u00f1ada para puertas de vidrio en general, puertas de madera, puertas de metal, etc. Los productos de la compa\u00f1\u00eda son completos, puertas de vidrio sin marco hacia arriba y hacia abajo, puertas de marco estrecho abiertas por dentro y por fuera, etc. Se proporcionan todos los accesorios, y el dise\u00f1o especial de control fotoel\u00e9ctrico de temperatura ultrabaja y eficiencia ultrabaja puede hacer que la automatizaci\u00f3n del control de acceso sea m\u00e1s segura y la cerradura el\u00e9ctrica m\u00e1s duradera.<\/p>\n<p>&nbsp;<\/p>\n<\/div>\n<\/div>\n<hr class=\"padding-bottom-2x\" \/>\n<div class=\"row align-items-center padding-bottom-2x\">\n<div class=\"col-md-5 order-md-2\"><img decoding=\"async\" class=\"d-block m-auto img-thumbnail\" src=\"https:\/\/tvc.mx\/media\/116797\/YLE0880001-4.jpg\" alt=\" \" \/><\/div>\n<div class=\"col-md-7 order-md-1 text-md-left text-center\">\n<h2>Par\u00e1metros t\u00e9cnicos<\/h2>\n<p class=\"text-muted\">\n<ul>\n<li>Tipo de seguridad &#8211; Desbloquear autom\u00e1ticamente cuando se apaga<\/li>\n<li>Tama\u00f1o del cuerpo de la cerradura &#8211; Longitud 205x ancho 35x espesor 40 (mm)<\/li>\n<li>Tama\u00f1o de tabla corta &#8211; Longitud 90x ancho 25x espesor 2 (mm)<\/li>\n<li>Voltaje de trabajo &#8211; 12-24VDC+10% rango<\/li>\n<li>Corriente de arranque &#8211; 12V \/ 900mA, 24V \/ 730mA (momento de inicio)<\/li>\n<li>Corriente de trabajo &#8211; 12V \/ 100mA, 24V \/ 70mA (completamente bloqueado)<\/li>\n<li>Bloquear la fuerza del n\u00facleo Pulido de acero inoxidable, soporta 800 kg de presi\u00f3n<\/li>\n<li>Elegir tipo de puerta &#8211; Puerta de madera, puerta de cristal, puerta de metal, puerta cortafuego<\/li>\n<li>Funci\u00f3n de retraso &#8211; 0\/3\/6\/9 segundos ajustable<\/li>\n<li>Salida de se\u00f1al &#8211; Salida de se\u00f1al de estado de puerta NO, contacto COM<\/li>\n<li>Bloquee la temperatura de la superficie del cuerpo &#8211; Baja temperatura<\/li>\n<li>Distancia de inducci\u00f3n magn\u00e9tica de espacio de puerta &#8211; 8mm<\/li>\n<li>Usar temperatura ambiente &#8211; -10 \uff5e + 55 \u2103 (14 ~ 131F)<\/li>\n<li>Usar humedad ambiental &#8211; 0 \uff5e 90% de humedad relativa<\/li>\n<li>Dise\u00f1o duradero de cerradura el\u00e9ctrica. &#8211; Dise\u00f1o profesional de material electromagn\u00e9tico, durabilidad de 500,000 veces<\/li>\n<li>Dise\u00f1o de material de panel &#8211; Aleaci\u00f3n de aluminio de alta resistencia, tratamiento de astillado japon\u00e9s.<\/li>\n<li>Peso del producto &#8211; 0.74kg.<\/li>\n<\/ul>\n<p>&nbsp;<\/p>\n<\/div>\n<\/div>\n<hr class=\"padding-bottom-2x\" \/>\n<div class=\"row align-items-center padding-bottom-2x\">\n<div class=\"col-md-5\"><img decoding=\"async\" class=\"d-block m-auto img-thumbnail\" src=\"https:\/\/tvc.mx\/media\/116801\/YLE0880001-5.jpg\" alt=\" \" \/><\/div>\n<div class=\"col-md-7 text-md-left text-center\">\n<h2>Ventajas<\/h2>\n<p class=\"text-muted\">\n<ul>\n<li>Tecnolog\u00eda de control fotoel\u00e9ctrico, dise\u00f1o de temperatura ultra baja para evitar fallas mec\u00e1nicas, dise\u00f1o de consumo de energ\u00eda ultra baja m\u00e1s seguro y duradero, m\u00e1s duradero y m\u00e1s respetuoso con el medio ambiente 500,000 veces de durabilidad de bloqueo de encendido.<\/li>\n<li>Configuraci\u00f3n de chip \u00fanico inteligente de corriente inversa, dispositivo preventivo (MOV) incorporado, tres niveles aplicaci\u00f3n actual cuerpo de bloqueo de aleaci\u00f3n de aluminio de alta resistencia, especificaciones de producto de perno de bloqueo de acero inoxidable, soporte completo, adecuado para todo tipo de configuraciones de retardo de instalaci\u00f3n de cerradura de puerta: 0\/3\/6\/9 segundos.<\/li>\n<li>El rendimiento de protecci\u00f3n ajustable con configuraci\u00f3n inteligente de un solo chip puede evitar da\u00f1o por fuerza externa, funci\u00f3n de protecci\u00f3n contra sobretensiones incorporada, protecci\u00f3n contra sobrecarga, funci\u00f3n de protecci\u00f3n contra sobrecarga de corriente doble.<\/li>\n<li>El contacto del bot\u00f3n de salida de apertura de la puerta de acoplamiento \u00f3ptico incorporado se bloquear\u00e1 autom\u00e1ticamente si la puerta no se abre en 5 segundos.<\/li>\n<li class=\"ql-align-justify\">El producto ha pasado la fotoelectricidad calificada por la CE de la Uni\u00f3n Europea y la certificaci\u00f3n MA de China desarrollada por YLI Electronics El control de la cerradura de embutir el\u00e9ctrica del tipo de temperatura ultra baja es el verdadero significado de la funci\u00f3n de temperatura ultra baja<\/li>\n<\/ul>\n<p>&nbsp;<\/p>\n<\/div>\n<\/div>\n<hr class=\"padding-bottom-2x\" \/>\n<div class=\"row align-items-center padding-bottom-2x\">\n<div class=\"col-md-5 order-md-2\"><img decoding=\"async\" class=\"d-block m-auto img-thumbnail\" src=\"https:\/\/tvc.mx\/media\/116805\/YLE0880001-6.jpg\" alt=\" \" \/><\/div>\n<div class=\"col-md-7 order-md-1 text-md-left text-center\">\n<h2>Descripci\u00f3n<\/h2>\n<p class=\"text-muted\">\n<p class=\"ql-align-justify\">La\u00a0YM600U\u00a0es un soporte para cerradura de perno el\u00e9ctrica para puertas de vidrio. Material seleccionado de aluminio tipo especial, es consistente y duradera. Son productos designados para proyectos de control de acceso profesional.<\/p>\n<p>&nbsp;<\/p>\n<\/div>\n<\/div>\n<hr class=\"padding-bottom-2x\" \/>\n<div class=\"row align-items-center padding-bottom-2x\">\n<div class=\"col-md-5\"><img decoding=\"async\" class=\"d-block m-auto img-thumbnail\" src=\"https:\/\/tvc.mx\/media\/116809\/YLE0880001-7.jpg\" alt=\" \" \/><\/div>\n<div class=\"col-md-7 text-md-left text-center\">\n<h2>Especificaciones<\/h2>\n<p class=\"text-muted\">\n<ul>\n<li class=\"ql-align-justify\">Estructura normal: Aleaci\u00f3n de aluminio<\/li>\n<li class=\"ql-align-justify\">Conveniente para puerta de vidrio sin marco especialmente.<\/li>\n<li class=\"ql-align-justify\">Grosor del vidrio: 10-15 mm.<\/li>\n<li class=\"ql-align-justify\">Abrir puerta por: 90\u00b0 \/ 180 \u00b0<\/li>\n<li class=\"ql-align-justify\">Sobrecubierta: Chapado.<\/li>\n<li class=\"ql-align-justify\">Peso de la cerradura: 0.3kg.<\/li>\n<\/ul>\n<p>&nbsp;<\/p>\n<\/div>\n<\/div>\n<hr class=\"padding-bottom-2x\" \/>\n<div class=\"row align-items-center padding-bottom-2x\">\n<div class=\"col-md-5 order-md-2\"><img decoding=\"async\" class=\"d-block m-auto img-thumbnail\" src=\"https:\/\/tvc.mx\/media\/116813\/YLE0880001-8.jpg\" alt=\" \" \/><\/div>\n<div class=\"col-md-7 order-md-1 text-md-left text-center\">\n<h2>Funciones<\/h2>\n<p class=\"text-muted\">\n<ul>\n<li class=\"ql-align-justify\">Soporte para cerraduras YB300.<\/li>\n<li class=\"ql-align-justify\">F\u00e1cil instalaci\u00f3n.<\/li>\n<li class=\"ql-align-justify\">Montaje para puertas de vidrio o aluminio.<\/li>\n<\/ul>\n<\/div>\n<\/div>\n","protected":false},"excerpt":{"rendered":"<p>Informaci\u00f3n general Paquete de cerradura de perno para control de acceso\u00a0YLI YB300PACK El paquete incluye lo siguiente: 1 Cerradura el\u00e9ctrica de perno de la marca YLI modelo YB300 1 Soporte especial para cerraduras de perno de la marca YLI modelo YM600 Descripci\u00f3n YB300 La cerradura&hellip;<\/p>\n","protected":false},"featured_media":8086,"comment_status":"open","ping_status":"closed","template":"","meta":{"om_disable_all_campaigns":false,"_monsterinsights_skip_tracking":false,"_monsterinsights_sitenote_active":false,"_monsterinsights_sitenote_note":"","_monsterinsights_sitenote_category":0},"product_brand":[],"product_cat":[738],"product_tag":[81,727,730,66,731,728,729],"class_list":{"0":"post-8087","1":"product","2":"type-product","3":"status-publish","4":"has-post-thumbnail","6":"product_cat-de-perno","7":"product_tag-acceso-y-asistencia","8":"product_tag-cerraduras","9":"product_tag-commax-wulian","10":"product_tag-dahua","11":"product_tag-wejoin","12":"product_tag-yli","13":"product_tag-zkteco","15":"first","16":"instock","17":"sale","18":"taxable","19":"shipping-taxable","20":"purchasable","21":"product-type-simple"},"aioseo_notices":[],"_links":{"self":[{"href":"https:\/\/tecsecmty.com\/index.php\/wp-json\/wp\/v2\/product\/8087","targetHints":{"allow":["GET"]}}],"collection":[{"href":"https:\/\/tecsecmty.com\/index.php\/wp-json\/wp\/v2\/product"}],"about":[{"href":"https:\/\/tecsecmty.com\/index.php\/wp-json\/wp\/v2\/types\/product"}],"replies":[{"embeddable":true,"href":"https:\/\/tecsecmty.com\/index.php\/wp-json\/wp\/v2\/comments?post=8087"}],"version-history":[{"count":0,"href":"https:\/\/tecsecmty.com\/index.php\/wp-json\/wp\/v2\/product\/8087\/revisions"}],"wp:featuredmedia":[{"embeddable":true,"href":"https:\/\/tecsecmty.com\/index.php\/wp-json\/wp\/v2\/media\/8086"}],"wp:attachment":[{"href":"https:\/\/tecsecmty.com\/index.php\/wp-json\/wp\/v2\/media?parent=8087"}],"wp:term":[{"taxonomy":"product_brand","embeddable":true,"href":"https:\/\/tecsecmty.com\/index.php\/wp-json\/wp\/v2\/product_brand?post=8087"},{"taxonomy":"product_cat","embeddable":true,"href":"https:\/\/tecsecmty.com\/index.php\/wp-json\/wp\/v2\/product_cat?post=8087"},{"taxonomy":"product_tag","embeddable":true,"href":"https:\/\/tecsecmty.com\/index.php\/wp-json\/wp\/v2\/product_tag?post=8087"}],"curies":[{"name":"wp","href":"https:\/\/api.w.org\/{rel}","templated":true}]}}