{"id":8094,"date":"2023-02-23T22:17:31","date_gmt":"2023-02-24T04:17:31","guid":{"rendered":"https:\/\/tecsecmty.com\/index.php\/producto\/dahua-dhi-asf601a-cerradura-electrica-inteligente-con-cierre-automatico-12-vdc-bidireccional-izquierda-o-derecha-aplicaciones-en-puerta-de-madera-metal-emergencia-etc-compatible-con-videopo\/"},"modified":"2023-03-22T23:22:31","modified_gmt":"2023-03-23T05:22:31","slug":"dahua-dhi-asf601a-cerradura-electrica-inteligente-con-cierre-automatico-12-vdc-bidireccional-izquierda-o-derecha-aplicaciones-en-puerta-de-madera-metal-emergencia-etc-compatible-con-videopo","status":"publish","type":"product","link":"https:\/\/tecsecmty.com\/index.php\/producto\/dahua-dhi-asf601a-cerradura-electrica-inteligente-con-cierre-automatico-12-vdc-bidireccional-izquierda-o-derecha-aplicaciones-en-puerta-de-madera-metal-emergencia-etc-compatible-con-videopo\/","title":{"rendered":"DAHUA DHI-ASF601A &#8211; Cerradura Electrica Inteligente con Cierre Automatico\/ 12 VDC\/ Bidireccional (Izquierda o Derecha)\/ Aplicaciones en Puerta de Madera, Metal, Emergencia, Etc\/ Compatible con Videoporteros y Controles de Acceso\/"},"content":{"rendered":"<div class=\"row aling-items-center padding-bottom-2x\">\n<div class=\"col-lg-12\">\n<h5 class=\"card-title text-center\">Informaci\u00f3n General<\/h5>\n<p>Con esta cerradura Dahua DHI-ASF601A no se requiere especificar el tipo de apertura de la puerta, ya que es integrable para para apertura izquierda y derecha, tanto para puertas interiores como exteriores.<\/p>\n<p>Contempla un cierre autom\u00e1tico ya que si no se abre la puerta, genera el bloqueo autom\u00e1ticamente despu\u00e9s de 15 segundos de su apertura.<\/p>\n<p>El cierre del pestillo se hace autom\u00e1ticamente con un m\u00ednimo ruido. Siendo una de las cerraduras mas silenciosas en su tipo. Tiene un bajo consumo de energ\u00eda y una vida \u00fatil de hasta 350000 aperturas.<\/p>\n<p><img decoding=\"async\" class=\"overview-center-img-web\" src=\"https:\/\/tvc.mx\/media\/475046\/Cerradura_Electrica_Cierre_Automatico_Izq_o_Der_Dahua_Info_Geral.png\" alt=\"\" \/><\/div>\n<\/div>\n<div class=\"row align-items-center padding-bottom-2x\">\n<div class=\"col-md-5\"><img decoding=\"async\" class=\"d-block m-auto img-thumbnail\" src=\"https:\/\/tvc.mx\/media\/475072\/Cerradura_Electrica_Cierre_Automatico_Izq_o_Der_Dahua_Ppal_Caract.png\" alt=\" \" \/><\/div>\n<div class=\"col-md-7 text-md-left text-center\">\n<h2>Principales Caracter\u00edsticas<\/h2>\n<p class=\"text-muted\">\n<ul>\n<li>Voltaje de Trabajo DC12V<\/li>\n<li>Alimentaci\u00f3n de trabajo 20mA<\/li>\n<li>Alimentaci\u00f3n de Arranque 300mA<\/li>\n<li>Longitud del perno 22mm<\/li>\n<li>Peso 1.25kg<\/li>\n<li>Condiciones de Humedad de trabajo 10%~95% HR<\/li>\n<li>Condiciones de Temperatura de trabajo -30\u00b0C ~ +60\u00b0C<\/li>\n<\/ul>\n<\/div>\n<\/div>\n","protected":false},"excerpt":{"rendered":"<p>Informaci\u00f3n General Con esta cerradura Dahua DHI-ASF601A no se requiere especificar el tipo de apertura de la puerta, ya que es integrable para para apertura izquierda y derecha, tanto para puertas interiores como exteriores. Contempla un cierre autom\u00e1tico ya que si no se abre la&hellip;<\/p>\n","protected":false},"featured_media":1202,"comment_status":"open","ping_status":"closed","template":"","meta":{"om_disable_all_campaigns":false,"_monsterinsights_skip_tracking":false,"_monsterinsights_sitenote_active":false,"_monsterinsights_sitenote_note":"","_monsterinsights_sitenote_category":0},"product_brand":[],"product_cat":[742],"product_tag":[81,727,730,66,731,728,729],"class_list":{"0":"post-8094","1":"product","2":"type-product","3":"status-publish","4":"has-post-thumbnail","6":"product_cat-electrica-cerraduras-dahua-acceso-asistencia","7":"product_tag-acceso-y-asistencia","8":"product_tag-cerraduras","9":"product_tag-commax-wulian","10":"product_tag-dahua","11":"product_tag-wejoin","12":"product_tag-yli","13":"product_tag-zkteco","15":"first","16":"instock","17":"sale","18":"taxable","19":"shipping-taxable","20":"purchasable","21":"product-type-simple"},"aioseo_notices":[],"_links":{"self":[{"href":"https:\/\/tecsecmty.com\/index.php\/wp-json\/wp\/v2\/product\/8094","targetHints":{"allow":["GET"]}}],"collection":[{"href":"https:\/\/tecsecmty.com\/index.php\/wp-json\/wp\/v2\/product"}],"about":[{"href":"https:\/\/tecsecmty.com\/index.php\/wp-json\/wp\/v2\/types\/product"}],"replies":[{"embeddable":true,"href":"https:\/\/tecsecmty.com\/index.php\/wp-json\/wp\/v2\/comments?post=8094"}],"version-history":[{"count":0,"href":"https:\/\/tecsecmty.com\/index.php\/wp-json\/wp\/v2\/product\/8094\/revisions"}],"wp:featuredmedia":[{"embeddable":true,"href":"https:\/\/tecsecmty.com\/index.php\/wp-json\/wp\/v2\/media\/1202"}],"wp:attachment":[{"href":"https:\/\/tecsecmty.com\/index.php\/wp-json\/wp\/v2\/media?parent=8094"}],"wp:term":[{"taxonomy":"product_brand","embeddable":true,"href":"https:\/\/tecsecmty.com\/index.php\/wp-json\/wp\/v2\/product_brand?post=8094"},{"taxonomy":"product_cat","embeddable":true,"href":"https:\/\/tecsecmty.com\/index.php\/wp-json\/wp\/v2\/product_cat?post=8094"},{"taxonomy":"product_tag","embeddable":true,"href":"https:\/\/tecsecmty.com\/index.php\/wp-json\/wp\/v2\/product_tag?post=8094"}],"curies":[{"name":"wp","href":"https:\/\/api.w.org\/{rel}","templated":true}]}}