{"id":8098,"date":"2023-02-23T22:17:34","date_gmt":"2023-02-24T04:17:34","guid":{"rendered":"https:\/\/tecsecmty.com\/index.php\/producto\/yli-abk702br-cerradura-electrica-derecha-carcasa-metalica-apertura-con-boton-llave-12vdc-uso-interior-compatible-con-controles-de-acceso\/"},"modified":"2023-03-22T23:24:59","modified_gmt":"2023-03-23T05:24:59","slug":"yli-abk702br-cerradura-electrica-derecha-carcasa-metalica-apertura-con-boton-llave-12vdc-uso-interior-compatible-con-controles-de-acceso","status":"publish","type":"product","link":"https:\/\/tecsecmty.com\/index.php\/producto\/yli-abk702br-cerradura-electrica-derecha-carcasa-metalica-apertura-con-boton-llave-12vdc-uso-interior-compatible-con-controles-de-acceso\/","title":{"rendered":"YLI ABK702BR &#8211; Cerradura El\u00e9ctrica Derecha \/ Carcasa Met\u00e1lica \/ Apertura con Bot\u00f3n, Llave \/ 12VDC \/ Uso Interior \/ Compatible con Controles de Acceso"},"content":{"rendered":"<div class=\"row aling-items-center padding-bottom-2x\">\n<div class=\"col-lg-12\">\n<h5 class=\"card-title text-center\">INFORMACION GENERAL<\/h5>\n<p class=\"ql-align-justify\">La cerradura de control el\u00e9ctrica de doble extremo se puede abrir con dispositivos el\u00e9ctricos, girando el bot\u00f3n o la llave. Desbloquee cuando est\u00e9 energizado. Est\u00e1 altamente asegurado con la funci\u00f3n de antirrobo para evitar que alguien abra la cerradura con otras herramientas.<\/p>\n<p><img decoding=\"async\" class=\"overview-center-img-web\" src=\"https:\/\/tvc.mx\/media\/626071\/YLI--ABL702BR--banner.png\" alt=\"\" \/><\/div>\n<\/div>\n<div class=\"row align-items-center padding-bottom-2x\">\n<div class=\"col-md-5\"><img decoding=\"async\" class=\"d-block m-auto img-thumbnail\" src=\"https:\/\/tvc.mx\/media\/701157\/br-cerradura-electrica-derecha-tvc.png\" alt=\" \" \/><\/div>\n<div class=\"col-md-7 text-md-left text-center\">\n<h2>Especificaciones t\u00e9cnicas<\/h2>\n<p class=\"text-muted\">\n<ul>\n<li><strong>Tama\u00f1o de la cerradura:<\/strong>\u00a0126L X 102A X 34.5P (mm).<\/li>\n<li><strong>Apertura de la puerta:\u00a0<\/strong>puerta derecha especial.<\/li>\n<li><strong>Fuente de alimentaci\u00f3n:<\/strong>\u00a0DC 12V \u00b1 10%<\/li>\n<li><strong>Corriente:<\/strong>\u00a01.5 &#8211; 3A<\/li>\n<li><strong>Seguro de falla Bloqueado<\/strong>: cuando est\u00e1 energizado<\/li>\n<li><strong>Temperatura<\/strong>: -40 \u2103 ~ + 50\u00b0<\/li>\n<li><strong>Tiempo de desbloqueo<\/strong>: 1S<\/li>\n<li><strong>Leng\u00fceta de bloqueo:<\/strong>\u00a0longitud 13mm<\/li>\n<li><strong>Aprob\u00f3 la prueba de durabilidad:<\/strong>\u00a0300,000 ciclos.<\/li>\n<li><strong>Material:\u00a0<\/strong>de hierro, dibujo de superficie.<\/li>\n<li><strong>\u00c1mbito de aplicaci\u00f3n:<\/strong>\u00a0aplicable a edificios residenciales, oficinas, escuelas, f\u00e1bricas, almacenes, etc., y se puede utilizar con puertas de seguridad antirrobo controladas electr\u00f3nicamente.<\/li>\n<li>Apertura hacia Afuera<\/li>\n<\/ul>\n<p>&nbsp;<\/p>\n<\/div>\n<\/div>\n<hr class=\"padding-bottom-2x\" \/>\n<div class=\"row aling-items-center padding-bottom-2x\">\n<div class=\"col-lg-12\">\n<h5 class=\"card-title text-center\">Nota Informativa<\/h5>\n<p><strong>CERRADURA DERECHA<\/strong><\/p>\n<p>DEREHA ADENTRO: Abre empujando hacia adentro y las bisagras est\u00e1n del lado derecho<\/p>\n<p>DERECHA AFUERA: Abre tirando hacia afuera y las bisagras est\u00e1n del lado derecho<\/p>\n<\/div>\n<div class=\"col-md-5 order-md-2\"><img decoding=\"async\" class=\"d-block m-auto img-thumbnail\" src=\"https:\/\/tvc.mx\/media\/701172\/yliabk702br-cerradura-derecha-compatible-con-controles-de-acceso-tvc-.png\" alt=\" \" \/><\/div>\n<div class=\"col-md-7 order-md-1 text-md-left text-center\">\n<h2>Ventajas de uso<\/h2>\n<p class=\"text-muted\">\n<ul>\n<li class=\"ql-align-justify\">Nuestro bloqueo de control el\u00e9ctrico ha utilizado las habilidades de producci\u00f3n m\u00e1s avanzadas de Taiwan y las mejores tecnolog\u00edas de producci\u00f3n.<\/li>\n<li class=\"ql-align-justify\">La cerradura puede abrirse con dispositivos el\u00e9ctricos, girando el bot\u00f3n o la llave. Es altamente seguro y antirrobo. Tambi\u00e9n puede evitar que alguien abra la cerradura con otras herramientas.<\/li>\n<li class=\"ql-align-justify\">Esta cerradura se puede utilizar para las puertas de edificios residenciales, especialmente la puerta p\u00fablica de la residencia, edificios gubernamentales, escuelas, hoteles, almacenes de f\u00e1brica, etc. Tambi\u00e9n es compatible con la puerta de control el\u00e9ctrico.<\/li>\n<li class=\"ql-align-justify\">La bobina dentro de la cerradura es ign\u00edfuga. No funcionar\u00e1 durante mucho tiempo. Si est\u00e1 encendido, pero la cerradura no puede funcionar, verifique la instalaci\u00f3n o env\u00edela al agente para que la repare.<\/li>\n<li class=\"ql-align-justify\">La estructura interna de este bloqueo ha sido mejorada, lo que evitar\u00e1 que se abra el golpe al golpearlo. esto te har\u00e1 m\u00e1s seguro.<\/li>\n<\/ul>\n<\/div>\n<\/div>\n<hr class=\"padding-bottom-2x\" \/>\n<div class=\"row align-items-center padding-bottom-2x\">\n<div class=\"col-md-5\"><img decoding=\"async\" class=\"d-block m-auto img-thumbnail\" src=\"https:\/\/tvc.mx\/media\/701197\/CONEXION-CERRADURA-ELECTRICA-DERECHA-TVC.png\" alt=\" \" \/><\/div>\n<div class=\"col-md-7 text-md-left text-center\">\n<h2>Conexi\u00f3n<\/h2>\n<p class=\"text-muted\">\n<p>la conexi\u00f3n corresponde a una instalaci\u00f3n solamente con bot\u00f3n liberador<\/p>\n<p>esta conexi\u00f3n es variable de acuerdo al equipo en el que se instale<\/p>\n<p>&nbsp;<\/p>\n<\/div>\n<\/div>\n<hr class=\"padding-bottom-2x\" \/>\n<div class=\"row align-items-center padding-bottom-2x\">\n<div class=\"col-md-5 order-md-2\"><img decoding=\"async\" class=\"d-block m-auto img-thumbnail\" src=\"https:\/\/tvc.mx\/media\/555091\/YLI--ABK702BR--Cerradura--Metalica--derecha.png\" alt=\" \" \/><\/div>\n<div class=\"col-md-7 order-md-1 text-md-left text-center\">\n<h2>Instalaci\u00f3n<\/h2>\n<p class=\"text-muted\">\n<p>En la imagen podemos observar donde se ubica la instalaci\u00f3n.<\/p>\n<p>&nbsp;<\/p>\n<\/div>\n<\/div>\n<hr class=\"padding-bottom-2x\" \/>\n<div class=\"row align-items-center padding-bottom-2x\">\n<div class=\"col-md-5 order-md-2\"><img decoding=\"async\" class=\"d-block m-auto img-thumbnail\" src=\"https:\/\/tvc.mx\/media\/701202\/Sin-t%C3%ADtulo-1YLIABK702BL-CERRADURA-ELECTRICA-IZQUIERDA-METALICA-ACCESORIOS-TVC.png\" alt=\" \" \/><\/div>\n<div class=\"col-md-7 order-md-1 text-md-left text-center\">\n<h2>Incluye<\/h2>\n<p class=\"text-muted\">\n<ul>\n<li>Tres llaves<\/li>\n<li>Cerrojo<\/li>\n<li>Torniller\u00eda<\/li>\n<\/ul>\n<\/div>\n<\/div>\n","protected":false},"excerpt":{"rendered":"<p>INFORMACION GENERAL La cerradura de control el\u00e9ctrica de doble extremo se puede abrir con dispositivos el\u00e9ctricos, girando el bot\u00f3n o la llave. Desbloquee cuando est\u00e9 energizado. Est\u00e1 altamente asegurado con la funci\u00f3n de antirrobo para evitar que alguien abra la cerradura con otras herramientas. Especificaciones&hellip;<\/p>\n","protected":false},"featured_media":8097,"comment_status":"open","ping_status":"closed","template":"","meta":{"om_disable_all_campaigns":false,"_monsterinsights_skip_tracking":false,"_monsterinsights_sitenote_active":false,"_monsterinsights_sitenote_note":"","_monsterinsights_sitenote_category":0},"product_brand":[],"product_cat":[739],"product_tag":[81,727,730,66,731,728,729],"class_list":{"0":"post-8098","1":"product","2":"type-product","3":"status-publish","4":"has-post-thumbnail","6":"product_cat-electrica-cerraduras-yli-acceso-asistencia","7":"product_tag-acceso-y-asistencia","8":"product_tag-cerraduras","9":"product_tag-commax-wulian","10":"product_tag-dahua","11":"product_tag-wejoin","12":"product_tag-yli","13":"product_tag-zkteco","15":"first","16":"instock","17":"sale","18":"taxable","19":"shipping-taxable","20":"purchasable","21":"product-type-simple"},"aioseo_notices":[],"_links":{"self":[{"href":"https:\/\/tecsecmty.com\/index.php\/wp-json\/wp\/v2\/product\/8098","targetHints":{"allow":["GET"]}}],"collection":[{"href":"https:\/\/tecsecmty.com\/index.php\/wp-json\/wp\/v2\/product"}],"about":[{"href":"https:\/\/tecsecmty.com\/index.php\/wp-json\/wp\/v2\/types\/product"}],"replies":[{"embeddable":true,"href":"https:\/\/tecsecmty.com\/index.php\/wp-json\/wp\/v2\/comments?post=8098"}],"version-history":[{"count":0,"href":"https:\/\/tecsecmty.com\/index.php\/wp-json\/wp\/v2\/product\/8098\/revisions"}],"wp:featuredmedia":[{"embeddable":true,"href":"https:\/\/tecsecmty.com\/index.php\/wp-json\/wp\/v2\/media\/8097"}],"wp:attachment":[{"href":"https:\/\/tecsecmty.com\/index.php\/wp-json\/wp\/v2\/media?parent=8098"}],"wp:term":[{"taxonomy":"product_brand","embeddable":true,"href":"https:\/\/tecsecmty.com\/index.php\/wp-json\/wp\/v2\/product_brand?post=8098"},{"taxonomy":"product_cat","embeddable":true,"href":"https:\/\/tecsecmty.com\/index.php\/wp-json\/wp\/v2\/product_cat?post=8098"},{"taxonomy":"product_tag","embeddable":true,"href":"https:\/\/tecsecmty.com\/index.php\/wp-json\/wp\/v2\/product_tag?post=8098"}],"curies":[{"name":"wp","href":"https:\/\/api.w.org\/{rel}","templated":true}]}}