{"id":8102,"date":"2023-02-23T22:17:37","date_gmt":"2023-02-24T04:17:37","guid":{"rendered":"https:\/\/tecsecmty.com\/index.php\/producto\/yli-yeh210-cerradura-electrica-de-gancho-para-puerta-corrediza-o-ventanas-sobre-riel\/"},"modified":"2023-03-22T23:25:04","modified_gmt":"2023-03-23T05:25:04","slug":"yli-yeh210-cerradura-electrica-de-gancho-para-puerta-corrediza-o-ventanas-sobre-riel","status":"publish","type":"product","link":"https:\/\/tecsecmty.com\/index.php\/producto\/yli-yeh210-cerradura-electrica-de-gancho-para-puerta-corrediza-o-ventanas-sobre-riel\/","title":{"rendered":"YLI YEH210 &#8211; Cerradura electrica de gancho \/ Para puerta corrediza o ventanas sobre riel"},"content":{"rendered":"<h5 class=\"card-title text-center\">DESCRIPCI\u00d3N<\/h5>\n<p class=\"ql-align-justify\">La YLI modelo\u00a0<strong>YEH-210<\/strong>\u00a0es una cerradura de gancho el\u00e9ctrico dedicada para puertas y ventanas huecas de metal y pl\u00e1stico-acero Cierre de gancho el\u00e9ctrico adecuado s para instalar en la circunstancia de la temperatura entre -40\u00b0C ~ + 50\u00b0C, la fuerza de retenci\u00f3n es superior a 300kg, es un tipo de bloqueo de gancho el\u00e9ctrico dedicado efectivamente se aplican a izquierda y derecha push-pull puertas correderas y ventanas.<\/p>\n<p class=\"ql-align-justify\"><strong>ESPECIFICACIONES<\/strong><\/p>\n<ul>\n<li class=\"ql-align-justify\">Dimensi\u00f3n&#8230;&#8230;&#8230;&#8230;&#8230;&#8230;&#8230;&#8230;&#8230;&#8230;&#8230;&#8230;&#8230;&#8230;&#8230;&#8230;&#8230;&#8230;&#8230;&#8230;&#8230;&#8230;&#8230;&#8230;&#8230;&#8230;&#8230;&#8230;&#8230;&#8230;..79Lx45.5Wx34.3H (mm)<\/li>\n<li class=\"ql-align-justify\">Pestillo de puerta&#8230;&#8230;&#8230;&#8230;&#8230;&#8230;&#8230;&#8230;&#8230;&#8230;&#8230;&#8230;&#8230;&#8230;&#8230;&#8230;&#8230;&#8230;&#8230;&#8230;&#8230;&#8230;&#8230;&#8230;&#8230;&#8230;&#8230;91Lx30Wx25.85H (mm)<\/li>\n<li class=\"ql-align-justify\">Voltaje&#8230;&#8230;&#8230;&#8230;&#8230;&#8230;&#8230;&#8230;&#8230;&#8230;&#8230;&#8230;&#8230;&#8230;&#8230;&#8230;&#8230;&#8230;&#8230;&#8230;&#8230;&#8230;&#8230;&#8230;&#8230;&#8230;&#8230;&#8230;&#8230;&#8230;&#8230;&#8230;..12VDC<\/li>\n<li class=\"ql-align-justify\">Corriente&#8230;&#8230;&#8230;&#8230;&#8230;&#8230;&#8230;&#8230;&#8230;&#8230;&#8230;&#8230;&#8230;&#8230;&#8230;&#8230;&#8230;&#8230;&#8230;&#8230;&#8230;&#8230;&#8230;&#8230;&#8230;&#8230;&#8230;&#8230;&#8230;&#8230;&#8230;.100mA<\/li>\n<li class=\"ql-align-justify\">Fuerza de retenci\u00f3n&#8230;&#8230;&#8230;&#8230;&#8230;&#8230;&#8230;&#8230;&#8230;&#8230;&#8230;&#8230;&#8230;&#8230;&#8230;&#8230;&#8230;&#8230;&#8230;&#8230;&#8230;&#8230;&#8230;&#8230;&#8230;..300kg<\/li>\n<li class=\"ql-align-justify\">Temperatura&#8230;&#8230;&#8230;&#8230;&#8230;&#8230;&#8230;&#8230;&#8230;&#8230;&#8230;&#8230;&#8230;&#8230;&#8230;&#8230;&#8230;&#8230;&#8230;&#8230;&#8230;&#8230;&#8230;&#8230;&#8230;&#8230;&#8230;&#8230;&#8230;-10\u00b0C + 50\u00b0C<\/li>\n<li class=\"ql-align-justify\">Humedad&#8230;&#8230;&#8230;&#8230;&#8230;&#8230;&#8230;&#8230;&#8230;&#8230;&#8230;&#8230;&#8230;&#8230;&#8230;&#8230;&#8230;&#8230;&#8230;&#8230;&#8230;&#8230;&#8230;&#8230;&#8230;&#8230;&#8230;&#8230;&#8230;&#8230;&gt; 95%<\/li>\n<li class=\"ql-align-justify\">Peso&#8230;&#8230;&#8230;&#8230;&#8230;&#8230;&#8230;&#8230;&#8230;&#8230;&#8230;&#8230;&#8230;&#8230;&#8230;&#8230;&#8230;&#8230;&#8230;&#8230;&#8230;&#8230;&#8230;&#8230;&#8230;&#8230;&#8230;&#8230;&#8230;&#8230;&#8230;&#8230;&#8230; 0.35Kg<\/li>\n<\/ul>\n<p class=\"ql-align-justify\"><strong>FUNCIONES<\/strong><\/p>\n<ul>\n<li class=\"ql-align-justify\">Instalado en puertas met\u00e1licas huecas, puertas de pl\u00e1stico-acero y otras puertas y ventanas tipo carril corredizo.<\/li>\n<li class=\"ql-align-justify\">La apariencia est\u00e1ndar de la estructura se aplica a varias hueco de metal de la marca y puertas y ventanas de pl\u00e1stico-acero.<\/li>\n<li class=\"ql-align-justify\">Las piezas fijas de la instalaci\u00f3n se pueden instalar en el marco, los conjuntos cil\u00edndricos incorporan en el marco, f\u00e1cil instalar.<\/li>\n<li class=\"ql-align-justify\">Hay protecci\u00f3n contra el revestimiento anticorrosivo de los componentes del perno de retenci\u00f3n y el perno de bloqueo.<\/li>\n<li class=\"ql-align-justify\">El dise\u00f1o de caracter\u00edstica de falla segura, se encuentran con la demanda de salida de emergencia.<\/li>\n<li class=\"ql-align-justify\">El uso especial, durante el ciclo de vida del producto, no es necesario hacer mantenimiento preventivo y lubricante, etc.<\/li>\n<\/ul>\n<p class=\"ql-align-justify\"><strong>NOTA:\u00a0<\/strong>El equipo funciona como NC (Normalmente Cerrado)<\/p>\n<p class=\"ql-align-justify\">Despu\u00e9s de la eliminaci\u00f3n de voltaje, la desactivaci\u00f3n libera el bloqueador<\/p>\n<p><img decoding=\"async\" class=\"overview-center-img-web\" src=\"https:\/\/tvc.mx\/media\/67626\/CENTRAL.png\" alt=\"\" \/><\/p>\n","protected":false},"excerpt":{"rendered":"<p>DESCRIPCI\u00d3N La YLI modelo\u00a0YEH-210\u00a0es una cerradura de gancho el\u00e9ctrico dedicada para puertas y ventanas huecas de metal y pl\u00e1stico-acero Cierre de gancho el\u00e9ctrico adecuado s para instalar en la circunstancia de la temperatura entre -40\u00b0C ~ + 50\u00b0C, la fuerza de retenci\u00f3n es superior a&hellip;<\/p>\n","protected":false},"featured_media":8101,"comment_status":"open","ping_status":"closed","template":"","meta":{"om_disable_all_campaigns":false,"_monsterinsights_skip_tracking":false,"_monsterinsights_sitenote_active":false,"_monsterinsights_sitenote_note":"","_monsterinsights_sitenote_category":0},"product_brand":[],"product_cat":[739],"product_tag":[81,727,730,66,731,728,729],"class_list":{"0":"post-8102","1":"product","2":"type-product","3":"status-publish","4":"has-post-thumbnail","6":"product_cat-electrica-cerraduras-yli-acceso-asistencia","7":"product_tag-acceso-y-asistencia","8":"product_tag-cerraduras","9":"product_tag-commax-wulian","10":"product_tag-dahua","11":"product_tag-wejoin","12":"product_tag-yli","13":"product_tag-zkteco","15":"first","16":"instock","17":"sale","18":"taxable","19":"shipping-taxable","20":"purchasable","21":"product-type-simple"},"aioseo_notices":[],"_links":{"self":[{"href":"https:\/\/tecsecmty.com\/index.php\/wp-json\/wp\/v2\/product\/8102","targetHints":{"allow":["GET"]}}],"collection":[{"href":"https:\/\/tecsecmty.com\/index.php\/wp-json\/wp\/v2\/product"}],"about":[{"href":"https:\/\/tecsecmty.com\/index.php\/wp-json\/wp\/v2\/types\/product"}],"replies":[{"embeddable":true,"href":"https:\/\/tecsecmty.com\/index.php\/wp-json\/wp\/v2\/comments?post=8102"}],"version-history":[{"count":0,"href":"https:\/\/tecsecmty.com\/index.php\/wp-json\/wp\/v2\/product\/8102\/revisions"}],"wp:featuredmedia":[{"embeddable":true,"href":"https:\/\/tecsecmty.com\/index.php\/wp-json\/wp\/v2\/media\/8101"}],"wp:attachment":[{"href":"https:\/\/tecsecmty.com\/index.php\/wp-json\/wp\/v2\/media?parent=8102"}],"wp:term":[{"taxonomy":"product_brand","embeddable":true,"href":"https:\/\/tecsecmty.com\/index.php\/wp-json\/wp\/v2\/product_brand?post=8102"},{"taxonomy":"product_cat","embeddable":true,"href":"https:\/\/tecsecmty.com\/index.php\/wp-json\/wp\/v2\/product_cat?post=8102"},{"taxonomy":"product_tag","embeddable":true,"href":"https:\/\/tecsecmty.com\/index.php\/wp-json\/wp\/v2\/product_tag?post=8102"}],"curies":[{"name":"wp","href":"https:\/\/api.w.org\/{rel}","templated":true}]}}