{"id":8104,"date":"2023-02-23T22:17:39","date_gmt":"2023-02-24T04:17:39","guid":{"rendered":"https:\/\/tecsecmty.com\/index.php\/producto\/yli-ys130no-cerradura-electrica-para-control-de-acceso-funcion-no-12-vdc-compatible-con-controles-de-acceso-fail-secure\/"},"modified":"2023-03-22T23:25:07","modified_gmt":"2023-03-23T05:25:07","slug":"yli-ys130no-cerradura-electrica-para-control-de-acceso-funcion-no-12-vdc-compatible-con-controles-de-acceso-fail-secure","status":"publish","type":"product","link":"https:\/\/tecsecmty.com\/index.php\/producto\/yli-ys130no-cerradura-electrica-para-control-de-acceso-funcion-no-12-vdc-compatible-con-controles-de-acceso-fail-secure\/","title":{"rendered":"YLI YS130NO &#8211; Cerradura El\u00e9ctrica para Control de Acceso \/ Funci\u00f3n NO \/ 12 VDC \/ Compatible con controles de acceso \/ Fail Secure"},"content":{"rendered":"<h5 class=\"card-title text-center\">DESCRIPCI\u00d3N<\/h5>\n<p class=\"ql-align-justify\">La cerradura el\u00e9ctrica est\u00e1ndar\u00a0<strong>YS-130NO\u00a0<\/strong>est\u00e1 dise\u00f1ada para puertas de madera en general, puertas met\u00e1licas, puertas de PVC, etc. Los productos de la compa\u00f1\u00eda est\u00e1n totalmente equipados. La cerradura el\u00e9ctrica est\u00e1 bloqueada o desbloqueada por el principio de funcionamiento generado por la palanca de liberaci\u00f3n o empuje electromagn\u00e9tico. En t\u00e9rminos generales, las cerraduras el\u00e9ctricas generalmente funcionan con la fuerza electromagn\u00e9tica generada por el electromagn\u00e9tico. Existen dos m\u00e9todos de trabajo para el bloqueo el\u00e9ctrico: el tipo de bloqueo de apagado, es decir, la leng\u00fceta de bloqueo no se puede abrir cuando no se enciende la alimentaci\u00f3n y, por el contrario, se desbloquea; De lo contrario, enci\u00e9ndalo y bloqu\u00e9elo.<\/p>\n<p><strong>ESPECIFICACIONES<\/strong><\/p>\n<ul>\n<li>Tama\u00f1o del cuerpo de la cerradura Longitud 150x ancho 39.5x altura 33.5 (mm)<\/li>\n<li>Estructura de la lengua de bloqueo Fundici\u00f3n de precisi\u00f3n de acero inoxidable<\/li>\n<li>Tensi\u00f3n del oso 500 kg de empuje<\/li>\n<li>Voltaje de entrada DC12V<\/li>\n<li>Corriente de trabajo 12V \/ 240mA<\/li>\n<li>Tipo de seguridad Apagado y bloqueo (YS-130NO)<\/li>\n<li>Tipo de puerta aplicable Puerta de madera, puerta de metal, puerta de PVC<\/li>\n<li>Temperatura de la superficie Por debajo de la temperatura ambiente + 20 \u2103<\/li>\n<li>Temperatura aplicable -10 ~ + 55 \u2103 (14-131F)<\/li>\n<li>Humedad aplicable 0 ~ 95% (humedad relativa)<\/li>\n<li>Procesamiento del cuerpo de la cerradura Pintura de alta temperatura<\/li>\n<li>Procesamiento de lengua de bloqueo Pulido de acero inoxidable pulido<\/li>\n<li>Rendimiento de protecci\u00f3n Absorbedor de sobretensi\u00f3n externo (MOV)<\/li>\n<li>Peso del producto 0.4kg<\/li>\n<\/ul>\n<p><strong>FUNCIONES<\/strong><\/p>\n<ul>\n<li>Conexi\u00f3n Normalmente Abierto (NO: Normally Open).<\/li>\n<li>Se puede conectar con controles de acceso con relevador Normalmente Abierto (NO: Normally Open).<\/li>\n<li>Dise\u00f1o compacto.<\/li>\n<li class=\"ql-align-justify\">Para cualquier tipo de instalaci\u00f3n.<\/li>\n<li>Alimentar con una fuente de poder 12v m\u00ednimo 3.0 amper (no incluida).<\/li>\n<li>Utilizar bot\u00f3n liberador Normalmente abierto.<\/li>\n<li class=\"ql-align-justify\">Se recomienda un UPS 12v.<\/li>\n<\/ul>\n<p><img decoding=\"async\" class=\"overview-center-img-web\" src=\"https:\/\/tvc.mx\/media\/62703\/CENTRAL.png\" alt=\"\" \/><\/p>\n","protected":false},"excerpt":{"rendered":"<p>DESCRIPCI\u00d3N La cerradura el\u00e9ctrica est\u00e1ndar\u00a0YS-130NO\u00a0est\u00e1 dise\u00f1ada para puertas de madera en general, puertas met\u00e1licas, puertas de PVC, etc. Los productos de la compa\u00f1\u00eda est\u00e1n totalmente equipados. La cerradura el\u00e9ctrica est\u00e1 bloqueada o desbloqueada por el principio de funcionamiento generado por la palanca de liberaci\u00f3n o&hellip;<\/p>\n","protected":false},"featured_media":8103,"comment_status":"open","ping_status":"closed","template":"","meta":{"om_disable_all_campaigns":false,"_monsterinsights_skip_tracking":false,"_monsterinsights_sitenote_active":false,"_monsterinsights_sitenote_note":"","_monsterinsights_sitenote_category":0},"product_brand":[],"product_cat":[739],"product_tag":[81,727,730,66,731,728,729],"class_list":{"0":"post-8104","1":"product","2":"type-product","3":"status-publish","4":"has-post-thumbnail","6":"product_cat-electrica-cerraduras-yli-acceso-asistencia","7":"product_tag-acceso-y-asistencia","8":"product_tag-cerraduras","9":"product_tag-commax-wulian","10":"product_tag-dahua","11":"product_tag-wejoin","12":"product_tag-yli","13":"product_tag-zkteco","15":"first","16":"instock","17":"sale","18":"taxable","19":"shipping-taxable","20":"purchasable","21":"product-type-simple"},"aioseo_notices":[],"_links":{"self":[{"href":"https:\/\/tecsecmty.com\/index.php\/wp-json\/wp\/v2\/product\/8104","targetHints":{"allow":["GET"]}}],"collection":[{"href":"https:\/\/tecsecmty.com\/index.php\/wp-json\/wp\/v2\/product"}],"about":[{"href":"https:\/\/tecsecmty.com\/index.php\/wp-json\/wp\/v2\/types\/product"}],"replies":[{"embeddable":true,"href":"https:\/\/tecsecmty.com\/index.php\/wp-json\/wp\/v2\/comments?post=8104"}],"version-history":[{"count":0,"href":"https:\/\/tecsecmty.com\/index.php\/wp-json\/wp\/v2\/product\/8104\/revisions"}],"wp:featuredmedia":[{"embeddable":true,"href":"https:\/\/tecsecmty.com\/index.php\/wp-json\/wp\/v2\/media\/8103"}],"wp:attachment":[{"href":"https:\/\/tecsecmty.com\/index.php\/wp-json\/wp\/v2\/media?parent=8104"}],"wp:term":[{"taxonomy":"product_brand","embeddable":true,"href":"https:\/\/tecsecmty.com\/index.php\/wp-json\/wp\/v2\/product_brand?post=8104"},{"taxonomy":"product_cat","embeddable":true,"href":"https:\/\/tecsecmty.com\/index.php\/wp-json\/wp\/v2\/product_cat?post=8104"},{"taxonomy":"product_tag","embeddable":true,"href":"https:\/\/tecsecmty.com\/index.php\/wp-json\/wp\/v2\/product_tag?post=8104"}],"curies":[{"name":"wp","href":"https:\/\/api.w.org\/{rel}","templated":true}]}}