{"id":8110,"date":"2023-02-23T22:17:45","date_gmt":"2023-02-24T04:17:45","guid":{"rendered":"https:\/\/tecsecmty.com\/index.php\/producto\/commax-cdl800wl-cerradura-biometrica-inteligente-con-capacidad-para-100-huellas-teclado-touch-para-4-passwords-y-facil-instalacion\/"},"modified":"2023-03-22T23:22:14","modified_gmt":"2023-03-23T05:22:14","slug":"commax-cdl800wl-cerradura-biometrica-inteligente-con-capacidad-para-100-huellas-teclado-touch-para-4-passwords-y-facil-instalacion","status":"publish","type":"product","link":"https:\/\/tecsecmty.com\/index.php\/producto\/commax-cdl800wl-cerradura-biometrica-inteligente-con-capacidad-para-100-huellas-teclado-touch-para-4-passwords-y-facil-instalacion\/","title":{"rendered":"COMMAX CDL800WL &#8211; Cerradura biom\u00e9trica inteligente con capacidad para 100 huellas, teclado touch para 4 passwords y f\u00e1cil instalaci\u00f3n"},"content":{"rendered":"<div class=\"row align-items-center padding-bottom-2x\">\n<div class=\"col-md-5\"><img decoding=\"async\" class=\"d-block m-auto img-thumbnail\" src=\"https:\/\/tvc.mx\/media\/1650\/CHIN.jpg\" alt=\" \" \/><\/div>\n<div class=\"col-md-7 text-md-left text-center\">\n<h2>INFORMACION GENERAL<\/h2>\n<p class=\"text-muted\">\n<ul>\n<li>Con la cerradura Inteligente de Commax ahora podr\u00e1s dar acceso y controlar a qui\u00e9n puede o no tener acceso a tus instalaciones, casa u oficina, de modo que puedes registrar usuarios con su huella digital o contrase\u00f1a .<\/li>\n<\/ul>\n<p>&nbsp;<\/p>\n<\/div>\n<\/div>\n<hr class=\"padding-bottom-2x\" \/>\n<div class=\"row aling-items-center padding-bottom-2x\">\n<div class=\"col-lg-12\">\n<h5 class=\"card-title text-center\">PRINCIPALES CARACTERISTICAS<\/h5>\n<ul>\n<li>Unidad de medida: 1 pc.<\/li>\n<li>Dimensiones (mm): 95Wx95Hx71D.<\/li>\n<li>Peso (kg): 1.80.<\/li>\n<li>N\u00famero de huellas dactilares soportadas 100.<\/li>\n<li>Memoria no vol\u00e1til incorporada.<\/li>\n<li>Fuente de alimentaci\u00f3n: 1.5V x 4 pzas. bater\u00edas AA est\u00e1ndar (cuando se usan 10 veces al d\u00eda, la vida \u00fatil de la bater\u00eda es de 10 meses).<\/li>\n<li>Indicaci\u00f3n de sonido \/ luz.<\/li>\n<li>Instalaci\u00f3n en el espesor de la puerta de\u00a0<strong>35 a 50 mm<\/strong>.<\/li>\n<li>Temperatura de funcionamiento: + 5\u00b0C + 40\u00b0C.<\/li>\n<li>Material del cuerpo: Aleaci\u00f3n de aluminio.<\/li>\n<li>Color del cuerpo: plata.<\/li>\n<\/ul>\n<p><img decoding=\"async\" class=\"overview-center-img-\" src=\"https:\/\/tvc.mx\/media\/1649\/cdl8003.jpg\" alt=\"\" \/><\/div>\n<\/div>\n<div class=\"row align-items-center padding-bottom-2x\">\n<div class=\"col-md-5\"><img decoding=\"async\" class=\"d-block m-auto img-thumbnail\" src=\"https:\/\/tvc.mx\/media\/1647\/cdl8001.jpg\" alt=\" \" \/><\/div>\n<div class=\"col-md-7 text-md-left text-center\">\n<h2>FUNCIONES<\/h2>\n<p class=\"text-muted\">\n<ul>\n<li>M\u00e9todos de ACCESO a 2 V\u00cdAS (n\u00famero de pin, huella digital).<\/li>\n<li>Cuerpo duradero con material met\u00e1lico para protecci\u00f3n contra altas temperaturas y golpes.<\/li>\n<li>Alta temperatura. Detecci\u00f3n, alerta y desbloqueo autom\u00e1tico.<\/li>\n<li>Autenticaci\u00f3n multicapa (n\u00famero de pin, huella).<\/li>\n<li>Funciones de bloqueo autom\u00e1tico \/ rebloqueo \/ bloqueo doble.<\/li>\n<li>Sistema anti alta tensi\u00f3n \/ antiincendios \/ anti-hacking.<\/li>\n<li>Conectividad con sistema de red dom\u00e9stica mediante control remoto (opcional).<\/li>\n<li>Alimentaci\u00f3n de emergencia (bater\u00eda cuadrada de 9V).<\/li>\n<\/ul>\n<p>&nbsp;<\/p>\n<\/div>\n<\/div>\n<hr class=\"padding-bottom-2x\" \/>\n<div class=\"row aling-items-center padding-bottom-2x\">\n<div class=\"col-lg-12\">\n<h5 class=\"card-title text-center\">ESPECIFICACIONES<\/h5>\n<ul>\n<li>Hasta 100 huellas dactilares de usuario.<\/li>\n<li>Contrase\u00f1a de 4 a 12 d\u00edgitos.<\/li>\n<li>Autenticaci\u00f3n dual (huella digital y \/ o contrase\u00f1a de 4 a 12 d\u00edgitos).<\/li>\n<li>Protecci\u00f3n de alto voltaje.<\/li>\n<li>Funci\u00f3n t\u00e1ctil 3D (funci\u00f3n de usar n\u00fameros imaginarios).<\/li>\n<li>Alarma y desbloqueo autom\u00e1tico de la cerradura cuando la temperatura sube +60\u00b0C \u00b1 10\u00b0C.<\/li>\n<li>Funci\u00f3n de doble bloqueo (este modo evita que la puerta se abra desde el exterior).<\/li>\n<li>Funci\u00f3n de indicaci\u00f3n de estado de bloqueo (abierto \/ cerrado).<\/li>\n<li>Cambiar la direcci\u00f3n de la manija de bloqueo.<\/li>\n<li>Funci\u00f3n de indicaci\u00f3n de bater\u00eda baja.<\/li>\n<li>Funci\u00f3n de ajuste de sonido.<\/li>\n<li>Fuente de alimentaci\u00f3n de emergencia con MICRO USB 5 pin.<\/li>\n<li>Instalaci\u00f3n en una puerta de 35 a 55 mm de espesor.<\/li>\n<\/ul>\n<p><img decoding=\"async\" class=\"overview-center-img-\" src=\"https:\/\/tvc.mx\/media\/1648\/cdl8002.jpg\" alt=\"\" \/><\/div>\n<\/div>\n<div class=\"row aling-items-center padding-bottom-2x\">\n<div class=\"col-lg-12\">\n<h5 class=\"card-title text-center\">INSTALACION<\/h5>\n<p>En la siguiente imagen podemos observar como realizar la instalaci\u00f3n de nuestra cerradura inteligente.<\/p>\n<p><img decoding=\"async\" class=\"overview-center-img-\" src=\"https:\/\/tvc.mx\/media\/1646\/CDL800-diagrama.jpg\" alt=\"\" \/><\/div>\n<\/div>\n","protected":false},"excerpt":{"rendered":"<p>INFORMACION GENERAL Con la cerradura Inteligente de Commax ahora podr\u00e1s dar acceso y controlar a qui\u00e9n puede o no tener acceso a tus instalaciones, casa u oficina, de modo que puedes registrar usuarios con su huella digital o contrase\u00f1a . &nbsp; PRINCIPALES CARACTERISTICAS Unidad de&hellip;<\/p>\n","protected":false},"featured_media":8109,"comment_status":"open","ping_status":"closed","template":"","meta":{"om_disable_all_campaigns":false,"_monsterinsights_skip_tracking":false,"_monsterinsights_sitenote_active":false,"_monsterinsights_sitenote_note":"","_monsterinsights_sitenote_category":0},"product_brand":[],"product_cat":[746],"product_tag":[81,727,730,66,731,728,729],"class_list":{"0":"post-8110","1":"product","2":"type-product","3":"status-publish","4":"has-post-thumbnail","6":"product_cat-inteligente","7":"product_tag-acceso-y-asistencia","8":"product_tag-cerraduras","9":"product_tag-commax-wulian","10":"product_tag-dahua","11":"product_tag-wejoin","12":"product_tag-yli","13":"product_tag-zkteco","15":"first","16":"instock","17":"sale","18":"taxable","19":"shipping-taxable","20":"purchasable","21":"product-type-simple"},"aioseo_notices":[],"_links":{"self":[{"href":"https:\/\/tecsecmty.com\/index.php\/wp-json\/wp\/v2\/product\/8110","targetHints":{"allow":["GET"]}}],"collection":[{"href":"https:\/\/tecsecmty.com\/index.php\/wp-json\/wp\/v2\/product"}],"about":[{"href":"https:\/\/tecsecmty.com\/index.php\/wp-json\/wp\/v2\/types\/product"}],"replies":[{"embeddable":true,"href":"https:\/\/tecsecmty.com\/index.php\/wp-json\/wp\/v2\/comments?post=8110"}],"version-history":[{"count":0,"href":"https:\/\/tecsecmty.com\/index.php\/wp-json\/wp\/v2\/product\/8110\/revisions"}],"wp:featuredmedia":[{"embeddable":true,"href":"https:\/\/tecsecmty.com\/index.php\/wp-json\/wp\/v2\/media\/8109"}],"wp:attachment":[{"href":"https:\/\/tecsecmty.com\/index.php\/wp-json\/wp\/v2\/media?parent=8110"}],"wp:term":[{"taxonomy":"product_brand","embeddable":true,"href":"https:\/\/tecsecmty.com\/index.php\/wp-json\/wp\/v2\/product_brand?post=8110"},{"taxonomy":"product_cat","embeddable":true,"href":"https:\/\/tecsecmty.com\/index.php\/wp-json\/wp\/v2\/product_cat?post=8110"},{"taxonomy":"product_tag","embeddable":true,"href":"https:\/\/tecsecmty.com\/index.php\/wp-json\/wp\/v2\/product_tag?post=8110"}],"curies":[{"name":"wp","href":"https:\/\/api.w.org\/{rel}","templated":true}]}}