{"id":8112,"date":"2023-02-23T22:17:48","date_gmt":"2023-02-24T04:17:48","guid":{"rendered":"https:\/\/tecsecmty.com\/index.php\/producto\/wulian-smartbernlock-cerradura-biometrica-inteligente-password-huella-digital-genere-usuarios-temporales-y-limite-el-tiempo-de-acceso\/"},"modified":"2023-03-22T23:24:58","modified_gmt":"2023-03-23T05:24:58","slug":"wulian-smartbernlock-cerradura-biometrica-inteligente-password-huella-digital-genere-usuarios-temporales-y-limite-el-tiempo-de-acceso","status":"publish","type":"product","link":"https:\/\/tecsecmty.com\/index.php\/producto\/wulian-smartbernlock-cerradura-biometrica-inteligente-password-huella-digital-genere-usuarios-temporales-y-limite-el-tiempo-de-acceso\/","title":{"rendered":"WULIAN SMARTBERNLOCK &#8211; Cerradura Biometrica Inteligente \/ Password \/ Huella Digital \/ Genere Usuarios Temporales y limite el Tiempo de Acceso"},"content":{"rendered":"<div class=\"row aling-items-center padding-bottom-2x\">\n<div class=\"col-lg-12\">\n<h5 class=\"card-title text-center\">Descripci\u00f3n<\/h5>\n<p class=\"ql-align-justify\">La Cerradura\u00a0<strong>Bern Lock<\/strong>\u00a0o\u00a0<strong>Smart Hotel Lock<\/strong>\u00a0es la nueva cerradura de wulian que nos permite tener desbloqueo remoto por medio de una app en nuestro celular Smartphone. Cuenta con la funci\u00f3n de adici\u00f3n de usuarios temporales (5 max). Cuenta con un dise\u00f1o impecable y con un teclado touch, su dise\u00f1o nos permite adecuarla a cualquier tipo de decoraci\u00f3n. La cerradura opera con 6V CD y su dise\u00f1o permite colocar 8 pilas alcalinas AA, aun as\u00ed, cuenta con la capacidad de seguir operando con 4 pilas en caso de emergencia. Cuenta tambi\u00e9n con un bot\u00f3n de escena el cual podemos configurar para activar y desactivar una escena al salir de casa.<\/p>\n<p><img decoding=\"async\" class=\"overview-center-img-web\" src=\"https:\/\/tvc.mx\/media\/588475\/WULIAN-SMARTBERNLOCK-CERRADURA-BIOMETRICA-INTELIGENTE-BANER1-TVC.png\" alt=\"\" \/><\/div>\n<\/div>\n<div class=\"row align-items-center padding-bottom-2x\">\n<div class=\"col-md-5\"><img decoding=\"async\" class=\"d-block m-auto img-thumbnail\" src=\"https:\/\/tvc.mx\/media\/299419\/Cerradura-inteligente-SMARTBERNLOCK-WULIAN-TVC-Overview1.png\" alt=\" \" \/><\/div>\n<div class=\"col-md-7 text-md-left text-center\">\n<h2>Especificaciones t\u00e9cnicas:<\/h2>\n<p class=\"text-muted\">\n<ul>\n<li class=\"ql-align-justify\"><strong>Nombre del Producto:\u00a0<\/strong>Cerradura Serial IOT<\/li>\n<li class=\"ql-align-justify\"><strong>Color:<\/strong>\u00a0Plata<\/li>\n<li class=\"ql-align-justify\"><strong>Formas de Desbloqueo :<\/strong>Huella \/ Contrase\u00f1a \/ APP \/ Llave<\/li>\n<li class=\"ql-align-justify\"><strong>Identificaci\u00f3n Dactilar:\u00a0<\/strong>Esc\u00e1ner de Capacitores Semiconductores<\/li>\n<li class=\"ql-align-justify\"><strong>Tasa de rechazo falso:<\/strong>\u00a0&lt; 0.1%<\/li>\n<li class=\"ql-align-justify\"><strong>Tasas de aceptaci\u00f3n falsa:<\/strong>\u00a0&lt; 0.001%<\/li>\n<li class=\"ql-align-justify\"><strong>Capacidad de Usuarios:\u00a0<\/strong>60<\/li>\n<li class=\"ql-align-justify\"><strong>Capacidad por Usuario:\u00a0<\/strong>6 Huellas \/ 1 Contrase\u00f1a\/<\/li>\n<li class=\"ql-align-justify\"><strong>Vida de Bater\u00eda:\u00a0<\/strong>12 meses (10 veces\/D\u00eda ) 8 Bater\u00edas AA<\/li>\n<li class=\"ql-align-justify\"><strong>Suministro de Emergencia:<\/strong>\u00a0Micro USB<\/li>\n<li class=\"ql-align-justify\"><strong>Corriente en StandBy:\u00a0<\/strong>&lt; 40 \u03bcA<\/li>\n<li class=\"ql-align-justify\"><strong>Corriente de Operaci\u00f3n:<\/strong>\u00a0&lt; 400 mA<\/li>\n<li class=\"ql-align-justify\"><strong>Temperatura de Operaci\u00f3n:<\/strong>\u00a0-20\u2103~50\u2103<\/li>\n<li class=\"ql-align-justify\"><strong>Humedad de Operaci\u00f3n:\u00a0<\/strong>15~90%RH<\/li>\n<li class=\"ql-align-justify\"><strong>Material de la Cubierta:\u00a0<\/strong>Aleaci\u00f3n de Zinc<\/li>\n<li class=\"ql-align-justify\"><strong>Chapado el\u00e9ctrico:\u00a0<\/strong>Barniz horneado<\/li>\n<li class=\"ql-align-justify\"><strong>Material del Cuerpo:<\/strong>\u00a0Acero Inoxidable 3004<\/li>\n<li class=\"ql-align-justify\"><strong>T\u00e9cnica de fabricaci\u00f3n:<\/strong>\u00a0Fundici\u00f3n a presi\u00f3n \/ Chapado el\u00e9ctrico<\/li>\n<\/ul>\n<p>&nbsp;<\/p>\n<\/div>\n<\/div>\n<hr class=\"padding-bottom-2x\" \/>\n<div class=\"row aling-items-center padding-bottom-2x\">\n<div class=\"col-lg-12\">\n<h5 class=\"card-title text-center\">Funci\u00f3n<\/h5>\n<ul>\n<li class=\"ql-align-justify\">Contrase\u00f1a de desbloqueo: Toque la cerradura para encenderla; ingrese su contrase\u00f1a y a continuaci\u00f3n presione \u201c#\u201d para confirmar el desbloqueo.<\/li>\n<li class=\"ql-align-justify\">Desbloqueo por Huella: Presione con la yema de su dedo el \u00e1rea de lectura de huella y desbloquee la cerradura despu\u00e9s de la correcta identificaci\u00f3n de su identidad.<\/li>\n<li class=\"ql-align-justify\">Desbloqueado Smartphone: Ingrese su contrase\u00f1a en la aplicaci\u00f3n de Smart Home para desbloquear la puerta.<\/li>\n<li class=\"ql-align-justify\">Por sus m\u00e9todos m\u00faltiples de desbloqueo la convierte en una opci\u00f3n segura para habitaciones de hotel y del hogar.<\/li>\n<li class=\"ql-align-justify\">Contrase\u00f1a: nivel de milisegundos de retroalimentaci\u00f3n t\u00e1ctil Huella digital: la tecnolog\u00eda de reconocimiento biol\u00f3gico permite el desbloqueo en un segundo, la aceptaci\u00f3n falsa es menor al 0.001%, los dedos secos y h\u00famedos pueden tratarse ambos adecuadamente<\/li>\n<li class=\"ql-align-justify\">Control remoto de la aplicaci\u00f3n: haga clic en el tel\u00e9fono, permita que amigos o miembros de la familia entren a casa aunque usted no est\u00e9 en casa.<\/li>\n<li class=\"ql-align-justify\">Llave mec\u00e1nica: un m\u00e9todo de desbloqueo de respaldo.<\/li>\n<li class=\"ql-align-justify\">Desbloquee la puerta a trav\u00e9s de cualquier m\u00e9todo que le parezca conveniente<\/li>\n<\/ul>\n<p><img decoding=\"async\" class=\"overview-center-img-web\" src=\"https:\/\/tvc.mx\/media\/589811\/Cerradura-inteligente-SMARTBERNLOCK-WULIAN-TVCbaner1.png\" alt=\"\" \/><\/div>\n<\/div>\n<div class=\"row align-items-center padding-bottom-2x\">\n<div class=\"col-md-5\"><img decoding=\"async\" class=\"d-block m-auto img-thumbnail\" src=\"https:\/\/tvc.mx\/media\/377643\/Cerradura-inteligente-SMARTBERNLOCK-WULIAN-TVC-Overviewinc.png\" alt=\" \" \/><\/div>\n<div class=\"col-md-7 text-md-left text-center\">\n<h2>Incluye<\/h2>\n<p class=\"text-muted\">\n<ul>\n<li>Parte Frontal<\/li>\n<li>Parte trasera<\/li>\n<li>Llave<\/li>\n<li>Manual de usuario<\/li>\n<li>Plantilla para perforaciones<\/li>\n<li>Perno de Conexi\u00f3n<\/li>\n<li>Cable de conexi\u00f3n con parte frontal y trasera<\/li>\n<li>Tornillos para la placa de la cerradura<\/li>\n<li>Cuerpo de la cerradura<\/li>\n<li>Resorte para el perno cuadrado grande<\/li>\n<li>Eje cuadrado 5&#215;5<\/li>\n<li>Tornillo de fijaci\u00f3n interior<\/li>\n<li>Tapa de tornillos<\/li>\n<li>Tornillo de fijaci\u00f3n central<\/li>\n<li>Tapa para bater\u00edas<\/li>\n<li>1 Perno de largo de 12 cm<\/li>\n<li>1 Perno de largo de 9.5 cm<\/li>\n<\/ul>\n<p>&nbsp;<\/p>\n<\/div>\n<\/div>\n<hr class=\"padding-bottom-2x\" \/>\n<div class=\"row align-items-center padding-bottom-2x\">\n<div class=\"col-md-5 order-md-2\"><img decoding=\"async\" class=\"d-block m-auto img-thumbnail\" src=\"https:\/\/tvc.mx\/media\/500834\/WULIAN-CERRADURA-PRINCIPAL-MEDIDAS.png\" alt=\" \" \/><\/div>\n<div class=\"col-md-7 order-md-1 text-md-left text-center\">\n<h2>Medidas<\/h2>\n<p class=\"text-muted\">\n<p>Largo: 34.5 cm<\/p>\n<p>Ancho: 7.5 cm<\/p>\n<\/div>\n<\/div>\n","protected":false},"excerpt":{"rendered":"<p>Descripci\u00f3n La Cerradura\u00a0Bern Lock\u00a0o\u00a0Smart Hotel Lock\u00a0es la nueva cerradura de wulian que nos permite tener desbloqueo remoto por medio de una app en nuestro celular Smartphone. Cuenta con la funci\u00f3n de adici\u00f3n de usuarios temporales (5 max). Cuenta con un dise\u00f1o impecable y con un&hellip;<\/p>\n","protected":false},"featured_media":8111,"comment_status":"open","ping_status":"closed","template":"","meta":{"om_disable_all_campaigns":false,"_monsterinsights_skip_tracking":false,"_monsterinsights_sitenote_active":false,"_monsterinsights_sitenote_note":"","_monsterinsights_sitenote_category":0},"product_brand":[],"product_cat":[749],"product_tag":[81,727,730,66,731,728,729],"class_list":{"0":"post-8112","1":"product","2":"type-product","3":"status-publish","4":"has-post-thumbnail","6":"product_cat-inteligente-cerraduras-wulian-acceso-asistencia","7":"product_tag-acceso-y-asistencia","8":"product_tag-cerraduras","9":"product_tag-commax-wulian","10":"product_tag-dahua","11":"product_tag-wejoin","12":"product_tag-yli","13":"product_tag-zkteco","15":"first","16":"instock","17":"sale","18":"taxable","19":"shipping-taxable","20":"purchasable","21":"product-type-simple"},"aioseo_notices":[],"_links":{"self":[{"href":"https:\/\/tecsecmty.com\/index.php\/wp-json\/wp\/v2\/product\/8112","targetHints":{"allow":["GET"]}}],"collection":[{"href":"https:\/\/tecsecmty.com\/index.php\/wp-json\/wp\/v2\/product"}],"about":[{"href":"https:\/\/tecsecmty.com\/index.php\/wp-json\/wp\/v2\/types\/product"}],"replies":[{"embeddable":true,"href":"https:\/\/tecsecmty.com\/index.php\/wp-json\/wp\/v2\/comments?post=8112"}],"version-history":[{"count":0,"href":"https:\/\/tecsecmty.com\/index.php\/wp-json\/wp\/v2\/product\/8112\/revisions"}],"wp:featuredmedia":[{"embeddable":true,"href":"https:\/\/tecsecmty.com\/index.php\/wp-json\/wp\/v2\/media\/8111"}],"wp:attachment":[{"href":"https:\/\/tecsecmty.com\/index.php\/wp-json\/wp\/v2\/media?parent=8112"}],"wp:term":[{"taxonomy":"product_brand","embeddable":true,"href":"https:\/\/tecsecmty.com\/index.php\/wp-json\/wp\/v2\/product_brand?post=8112"},{"taxonomy":"product_cat","embeddable":true,"href":"https:\/\/tecsecmty.com\/index.php\/wp-json\/wp\/v2\/product_cat?post=8112"},{"taxonomy":"product_tag","embeddable":true,"href":"https:\/\/tecsecmty.com\/index.php\/wp-json\/wp\/v2\/product_tag?post=8112"}],"curies":[{"name":"wp","href":"https:\/\/api.w.org\/{rel}","templated":true}]}}