{"id":8116,"date":"2023-02-23T22:17:52","date_gmt":"2023-02-24T04:17:52","guid":{"rendered":"https:\/\/tecsecmty.com\/index.php\/producto\/zkteco-al10db-cerradura-inteligente-con-teclado-tactil-100-tarjetas-mf-13-56-mhz-100-contrasenas-izquierda-y-derecha-app-smartkey-genera-contrasenas-temporales-para-tus-departamentos\/"},"modified":"2023-03-22T23:25:11","modified_gmt":"2023-03-23T05:25:11","slug":"zkteco-al10db-cerradura-inteligente-con-teclado-tactil-100-tarjetas-mf-13-56-mhz-100-contrasenas-izquierda-y-derecha-app-smartkey-genera-contrasenas-temporales-para-tus-departamentos","status":"publish","type":"product","link":"https:\/\/tecsecmty.com\/index.php\/producto\/zkteco-al10db-cerradura-inteligente-con-teclado-tactil-100-tarjetas-mf-13-56-mhz-100-contrasenas-izquierda-y-derecha-app-smartkey-genera-contrasenas-temporales-para-tus-departamentos\/","title":{"rendered":"ZKTECO AL10DB &#8211; Cerradura inteligente con teclado t\u00e1ctil \/ 100 tarjetas MF 13.56 Mhz\/ 100 contrase\u00f1as \/ Izquierda y derecha\/ APP Smartkey Genera contrase\u00f1as temporales para tus departamentos"},"content":{"rendered":"<div class=\"row aling-items-center padding-bottom-2x\">\n<div class=\"col-lg-12\">\n<h5 class=\"card-title text-center\">Descripci\u00f3n<\/h5>\n<p>\u00a1Olvidar las llaves ya no tiene que ser un problema con nuestras cerraduras inteligentes!<\/p>\n<p>Realiza la apertura desde tu celular con la nueva AL10DB con pantalla touch,\u00a0MF 13.56\u00a0Mhz\u00a0y bluetooth.<\/p>\n<p><img decoding=\"async\" class=\"overview-center-img-web\" src=\"https:\/\/tvc.mx\/media\/358951\/ZKTECO-AL10DB-Cerradura-inteligente-TVC-Overviews1.png\" alt=\"\" \/><\/div>\n<\/div>\n<div class=\"row align-items-center padding-bottom-2x\">\n<div class=\"col-md-5\"><img decoding=\"async\" class=\"d-block m-auto img-thumbnail\" src=\"https:\/\/tvc.mx\/media\/358955\/ZKTECO-AL10DB-Cerradura-inteligente-TVC-Overviews2.png\" alt=\" \" \/><\/div>\n<div class=\"col-md-7 text-md-left text-center\">\n<h2>Caracter\u00edsticas<\/h2>\n<p class=\"text-muted\">\n<ul>\n<li>Voz Gu\u00eda.<\/li>\n<li>Ajuste de Volumen.<\/li>\n<li>Bluetooth 4.0.<\/li>\n<li>Contrase\u00f1a Aleatoria.<\/li>\n<li>Dise\u00f1o Bidireccional.<\/li>\n<li>Modo Privacidad.<\/li>\n<li>Alarma.<\/li>\n<li>Bater\u00eda de Respaldo.<\/li>\n<\/ul>\n<p>&nbsp;<\/p>\n<\/div>\n<\/div>\n<hr class=\"padding-bottom-2x\" \/>\n<div class=\"row align-items-center padding-bottom-2x\">\n<div class=\"col-md-5 order-md-2\"><img decoding=\"async\" class=\"d-block m-auto img-thumbnail\" src=\"https:\/\/tvc.mx\/media\/358959\/ZKTECO-AL10DB-Cerradura-inteligente-TVC-Overviews2.1.png\" alt=\" \" \/><\/div>\n<div class=\"col-md-7 order-md-1 text-md-left text-center\">\n<h2>Especificaciones t\u00e9cnicas<\/h2>\n<p class=\"text-muted\">\n<ul>\n<li>Material: Aleaci\u00f3n de Zinc<\/li>\n<li>Est\u00e1ndar: Alem\u00e1n (AL10DB)<\/li>\n<li>Grosor de Puerta: 30-54 mm (est\u00e1ndar)<\/li>\n<li>Capacidad de Usuarios: 100 Contrase\u00f1as<\/li>\n<li>100 Tarjetas<\/li>\n<li>Comunicaci\u00f3n Bluetooth 4.0<\/li>\n<li>Fuente de Alimentaci\u00f3n: 4 Bater\u00edas Alcalinas AA (No Incluidas)<\/li>\n<li>Dimensiones: Frente &#8211; 73 \u00d7 179 \u00d7 37 mm<\/li>\n<li>Reverso &#8211; 73 \u00d7 179 \u00d7 27 mm<\/li>\n<\/ul>\n<p>&nbsp;<\/p>\n<\/div>\n<\/div>\n<hr class=\"padding-bottom-2x\" \/>\n<div class=\"row aling-items-center padding-bottom-2x\">\n<div class=\"col-lg-12\">\n<h5 class=\"card-title text-center\">Dimensiones<\/h5>\n<p>&nbsp;<\/p>\n<p><img decoding=\"async\" class=\"overview-center-img-web\" src=\"https:\/\/tvc.mx\/media\/358963\/ZKTECO-AL10DB-Cerradura-inteligente-TVC-Overviews3.png\" alt=\"\" \/><\/div>\n<\/div>\n","protected":false},"excerpt":{"rendered":"<p>Descripci\u00f3n \u00a1Olvidar las llaves ya no tiene que ser un problema con nuestras cerraduras inteligentes! Realiza la apertura desde tu celular con la nueva AL10DB con pantalla touch,\u00a0MF 13.56\u00a0Mhz\u00a0y bluetooth. Caracter\u00edsticas Voz Gu\u00eda. Ajuste de Volumen. Bluetooth 4.0. Contrase\u00f1a Aleatoria. Dise\u00f1o Bidireccional. Modo Privacidad. Alarma.&hellip;<\/p>\n","protected":false},"featured_media":8115,"comment_status":"open","ping_status":"closed","template":"","meta":{"om_disable_all_campaigns":false,"_monsterinsights_skip_tracking":false,"_monsterinsights_sitenote_active":false,"_monsterinsights_sitenote_note":"","_monsterinsights_sitenote_category":0},"product_brand":[],"product_cat":[750],"product_tag":[81,727,730,66,731,728,729],"class_list":{"0":"post-8116","1":"product","2":"type-product","3":"status-publish","4":"has-post-thumbnail","6":"product_cat-inteligente-cerraduras-zkteco-acceso-asistencia","7":"product_tag-acceso-y-asistencia","8":"product_tag-cerraduras","9":"product_tag-commax-wulian","10":"product_tag-dahua","11":"product_tag-wejoin","12":"product_tag-yli","13":"product_tag-zkteco","15":"first","16":"instock","17":"sale","18":"taxable","19":"shipping-taxable","20":"purchasable","21":"product-type-simple"},"aioseo_notices":[],"_links":{"self":[{"href":"https:\/\/tecsecmty.com\/index.php\/wp-json\/wp\/v2\/product\/8116","targetHints":{"allow":["GET"]}}],"collection":[{"href":"https:\/\/tecsecmty.com\/index.php\/wp-json\/wp\/v2\/product"}],"about":[{"href":"https:\/\/tecsecmty.com\/index.php\/wp-json\/wp\/v2\/types\/product"}],"replies":[{"embeddable":true,"href":"https:\/\/tecsecmty.com\/index.php\/wp-json\/wp\/v2\/comments?post=8116"}],"version-history":[{"count":0,"href":"https:\/\/tecsecmty.com\/index.php\/wp-json\/wp\/v2\/product\/8116\/revisions"}],"wp:featuredmedia":[{"embeddable":true,"href":"https:\/\/tecsecmty.com\/index.php\/wp-json\/wp\/v2\/media\/8115"}],"wp:attachment":[{"href":"https:\/\/tecsecmty.com\/index.php\/wp-json\/wp\/v2\/media?parent=8116"}],"wp:term":[{"taxonomy":"product_brand","embeddable":true,"href":"https:\/\/tecsecmty.com\/index.php\/wp-json\/wp\/v2\/product_brand?post=8116"},{"taxonomy":"product_cat","embeddable":true,"href":"https:\/\/tecsecmty.com\/index.php\/wp-json\/wp\/v2\/product_cat?post=8116"},{"taxonomy":"product_tag","embeddable":true,"href":"https:\/\/tecsecmty.com\/index.php\/wp-json\/wp\/v2\/product_tag?post=8116"}],"curies":[{"name":"wp","href":"https:\/\/api.w.org\/{rel}","templated":true}]}}