{"id":8120,"date":"2023-02-23T22:17:56","date_gmt":"2023-02-24T04:17:56","guid":{"rendered":"https:\/\/tecsecmty.com\/index.php\/producto\/zkteco-lh3000l-cerradura-izquierda-para-hotel-mifare-13-56-mhz-40-55-mm-grosor-2-pestillos-acero-inoxidable-224-eventos\/"},"modified":"2023-03-22T23:25:24","modified_gmt":"2023-03-23T05:25:24","slug":"zkteco-lh3000l-cerradura-izquierda-para-hotel-mifare-13-56-mhz-40-55-mm-grosor-2-pestillos-acero-inoxidable-224-eventos","status":"publish","type":"product","link":"https:\/\/tecsecmty.com\/index.php\/producto\/zkteco-lh3000l-cerradura-izquierda-para-hotel-mifare-13-56-mhz-40-55-mm-grosor-2-pestillos-acero-inoxidable-224-eventos\/","title":{"rendered":"ZKTECO LH3000L &#8211; Cerradura Izquierda para Hotel \/ Mifare 13.56 Mhz \/ 40 &#8211; 55 mm Grosor \/ 2 Pestillos \/ Acero Inoxidable \/ 224 Eventos"},"content":{"rendered":"<div class=\"row aling-items-center padding-bottom-2x\">\n<div class=\"col-lg-12\">\n<h5 class=\"card-title text-center\">Descripci\u00f3n<\/h5>\n<h3 class=\"ql-align-justify\">La cerradura hotelera\u00a0<strong>LH3000\u00a0<\/strong>RFID es una gran soluci\u00f3n para los hoteles gracias a su tecnolog\u00eda avanzada de tarjeta Mifare de 13.56 Mhz. Cuenta con mortaja est\u00e1ndar americana de 2 pestillos y su carcasa de acero inoxidable ofrece una gran est\u00e9tica y seguridad.<\/h3>\n<p><img decoding=\"async\" class=\"overview-center-img-web\" src=\"https:\/\/tvc.mx\/media\/428159\/Cerradura-izquierda-para-hotel-2-pesitllos-224-eventos-Mifare-13.png\" alt=\"\" \/><\/div>\n<\/div>\n<div class=\"row align-items-center padding-bottom-2x\">\n<div class=\"col-md-5\"><img decoding=\"async\" class=\"d-block m-auto img-thumbnail\" src=\"https:\/\/tvc.mx\/media\/385907\/Cerradura-izquierda-para-hotel-2-pesitllos-224-eventos-Mifare-13.56-Mhz-LH3000L-ZKTeco-TVC-O3.PNG\" alt=\" \" \/><\/div>\n<div class=\"col-md-7 text-md-left text-center\">\n<h2>Especificaciones t\u00e9cnicas<\/h2>\n<p class=\"text-muted\">\n<ul>\n<li>Temperatura de operaci\u00f3n 0\u00b0c a 45\u00b0C.<\/li>\n<li>Dimensiones del paquete 410 x 218 x145 mm.<\/li>\n<li>Peso neto 3 KG.<\/li>\n<li>Grosor de puerta 40 &#8211; 55 mm.<\/li>\n<li>Alimentaci\u00f3n a 6V CD, se alimenta con 4 pilas alcalinas AA (no incluidas).<\/li>\n<\/ul>\n<p>&nbsp;<\/p>\n<\/div>\n<\/div>\n<hr class=\"padding-bottom-2x\" \/>\n<div class=\"row align-items-center padding-bottom-2x\">\n<div class=\"col-md-5\"><img decoding=\"async\" class=\"d-block m-auto img-thumbnail\" src=\"https:\/\/tvc.mx\/media\/385931\/Cerradura-izquierda-para-hotel-2-pesitllos-224-eventos-Mifare-13.png\" alt=\" \" \/><\/div>\n<div class=\"col-md-7 text-md-left text-center\">\n<h2>Incluye<\/h2>\n<p class=\"text-muted\">\n<ul>\n<li>Cerradura hotelera izquierda.<\/li>\n<li>Accesorios de instalaci\u00f3n.<\/li>\n<li>Llaves mec\u00e1nicas para apertura tradicional.<\/li>\n<\/ul>\n<p>&nbsp;<\/p>\n<\/div>\n<\/div>\n<hr class=\"padding-bottom-2x\" \/>\n<div class=\"row align-items-center padding-bottom-2x\">\n<div class=\"col-md-5\"><img decoding=\"async\" class=\"d-block m-auto img-thumbnail\" src=\"https:\/\/tvc.mx\/media\/281175\/ZKTECO-LH3000L-Cerradura-para-Hotel-Mifare-13.56-Mhz-ZTL062002-ZKT-TVC-Overviews4.png\" alt=\" \" \/><\/div>\n<div class=\"col-md-7 text-md-left text-center\">\n<h2>\u00bfQu\u00e9 necesito para su funcionamiento?<\/h2>\n<p class=\"text-muted\">\n<p class=\"ql-align-justify\">Para poder trabajar con la cerradura se requiere tarjetas\u00a0<strong>Mifare de 13.56 Mhz<\/strong>, un enrolador para tarjetas Mifare modelo\u00a0<strong>ZK CR60W (ZAS199001)<\/strong>\u00a0y debes contar con software de administraci\u00f3n hotelera como\u00a0<strong>ZK Biolock<\/strong>\u00a0o bien\u00a0<strong>ZKBioSecurity<\/strong>\u00a0con m\u00f3dulo hotelero, para su alimentaci\u00f3n requieres 4 bater\u00edas alcalinas AA (no incluidas).<\/p>\n<p class=\"ql-align-justify\"><strong>TVC en linea.com<\/strong>\u00a0pone a tu disposici\u00f3n los softwares y te proporciona licenciamiento gratuito al adquirir cerraduras para tu proyecto (solic\u00edtalo con tu ejecutivo de ventas).<\/p>\n<\/div>\n<\/div>\n","protected":false},"excerpt":{"rendered":"<p>Descripci\u00f3n La cerradura hotelera\u00a0LH3000\u00a0RFID es una gran soluci\u00f3n para los hoteles gracias a su tecnolog\u00eda avanzada de tarjeta Mifare de 13.56 Mhz. Cuenta con mortaja est\u00e1ndar americana de 2 pestillos y su carcasa de acero inoxidable ofrece una gran est\u00e9tica y seguridad. Especificaciones t\u00e9cnicas Temperatura&hellip;<\/p>\n","protected":false},"featured_media":8119,"comment_status":"open","ping_status":"closed","template":"","meta":{"om_disable_all_campaigns":false,"_monsterinsights_skip_tracking":false,"_monsterinsights_sitenote_active":false,"_monsterinsights_sitenote_note":"","_monsterinsights_sitenote_category":0},"product_brand":[],"product_cat":[750],"product_tag":[81,727,730,66,731,728,729],"class_list":{"0":"post-8120","1":"product","2":"type-product","3":"status-publish","4":"has-post-thumbnail","6":"product_cat-inteligente-cerraduras-zkteco-acceso-asistencia","7":"product_tag-acceso-y-asistencia","8":"product_tag-cerraduras","9":"product_tag-commax-wulian","10":"product_tag-dahua","11":"product_tag-wejoin","12":"product_tag-yli","13":"product_tag-zkteco","15":"first","16":"instock","17":"sale","18":"taxable","19":"shipping-taxable","20":"purchasable","21":"product-type-simple"},"aioseo_notices":[],"_links":{"self":[{"href":"https:\/\/tecsecmty.com\/index.php\/wp-json\/wp\/v2\/product\/8120","targetHints":{"allow":["GET"]}}],"collection":[{"href":"https:\/\/tecsecmty.com\/index.php\/wp-json\/wp\/v2\/product"}],"about":[{"href":"https:\/\/tecsecmty.com\/index.php\/wp-json\/wp\/v2\/types\/product"}],"replies":[{"embeddable":true,"href":"https:\/\/tecsecmty.com\/index.php\/wp-json\/wp\/v2\/comments?post=8120"}],"version-history":[{"count":0,"href":"https:\/\/tecsecmty.com\/index.php\/wp-json\/wp\/v2\/product\/8120\/revisions"}],"wp:featuredmedia":[{"embeddable":true,"href":"https:\/\/tecsecmty.com\/index.php\/wp-json\/wp\/v2\/media\/8119"}],"wp:attachment":[{"href":"https:\/\/tecsecmty.com\/index.php\/wp-json\/wp\/v2\/media?parent=8120"}],"wp:term":[{"taxonomy":"product_brand","embeddable":true,"href":"https:\/\/tecsecmty.com\/index.php\/wp-json\/wp\/v2\/product_brand?post=8120"},{"taxonomy":"product_cat","embeddable":true,"href":"https:\/\/tecsecmty.com\/index.php\/wp-json\/wp\/v2\/product_cat?post=8120"},{"taxonomy":"product_tag","embeddable":true,"href":"https:\/\/tecsecmty.com\/index.php\/wp-json\/wp\/v2\/product_tag?post=8120"}],"curies":[{"name":"wp","href":"https:\/\/api.w.org\/{rel}","templated":true}]}}