{"id":8126,"date":"2023-02-23T22:18:00","date_gmt":"2023-02-24T04:18:00","guid":{"rendered":"https:\/\/tecsecmty.com\/index.php\/producto\/zkteco-lh3600r-cerradura-derecha-para-hotel-mifare-13-56-mhz-35-a-55-mm-de-grosor-de-puerta-2-pestillos\/"},"modified":"2023-03-22T23:25:24","modified_gmt":"2023-03-23T05:25:24","slug":"zkteco-lh3600r-cerradura-derecha-para-hotel-mifare-13-56-mhz-35-a-55-mm-de-grosor-de-puerta-2-pestillos","status":"publish","type":"product","link":"https:\/\/tecsecmty.com\/index.php\/producto\/zkteco-lh3600r-cerradura-derecha-para-hotel-mifare-13-56-mhz-35-a-55-mm-de-grosor-de-puerta-2-pestillos\/","title":{"rendered":"ZKTECO LH3600R &#8211; Cerradura Derecha para Hotel \/ Mifare 13.56 Mhz \/ 35 A 55 mm de Grosor de Puerta \/ 2 Pestillos"},"content":{"rendered":"<div class=\"row aling-items-center padding-bottom-2x\">\n<div class=\"col-lg-12\">\n<h5 class=\"card-title text-center\">Descripci\u00f3n<\/h5>\n<p>La cerradura\u00a0<strong>LH3600R\u00a0<\/strong>para sistemas de cerradura inteligente para Hotel ofreciendo una soluci\u00f3n que satisface todas las demandas de seguridad y gesti\u00f3n de un hotel, cuenta con tecnolog\u00eda de tarjeta Mifare de 13,56 MHz. El estilo y el color de la cerradura se adapta a cualquier tipo de hotel. El bloque es hecho por aleaci\u00f3n de zinc que es fuerte lo suficiente para proteger al sistema de cualquier impacto considerable. La cerradura debe ser energizada por cuatro bater\u00edas alcalinas AA, permitiendo alto desempe\u00f1o en las actividades de apertura o desbloqueo.<\/p>\n<p><img decoding=\"async\" class=\"overview-center-img-web\" src=\"https:\/\/tvc.mx\/media\/389739\/ZKTECO-LH3600R-Cerradura-para-Hotel-Mifare-13.56-Mhz-ZKT-TVC-O1.png\" alt=\"\" \/><\/div>\n<\/div>\n<div class=\"row align-items-center padding-bottom-2x\">\n<div class=\"col-md-5\"><img decoding=\"async\" class=\"d-block m-auto img-thumbnail\" src=\"https:\/\/tvc.mx\/media\/389747\/ZKTECO-LH3600R-Cerradura-para-Hotel-Mifare-13.56-Mhz-ZKT-TVC-O3.png\" alt=\" \" \/><\/div>\n<div class=\"col-md-7 text-md-left text-center\">\n<h2>Especificaciones t\u00e9cnicas:<\/h2>\n<p class=\"text-muted\">\n<ul>\n<li class=\"ql-align-justify\">Con la m\u00e1s avanzada tecnolog\u00eda en tarjetas MIFARE de 13.56 Mhz<\/li>\n<li class=\"ql-align-justify\">Temperatura de operaci\u00f3n: 0\u00b0c a 45\u00b0c<\/li>\n<li class=\"ql-align-justify\">Dimensiones del paquete: 410 x 218 x145 mm<\/li>\n<li class=\"ql-align-justify\">Peso neto: 3 kg<\/li>\n<li class=\"ql-align-justify\">Grosor de puerta: 35 &#8211; 55 mm<\/li>\n<\/ul>\n<p>&nbsp;<\/p>\n<\/div>\n<\/div>\n<hr class=\"padding-bottom-2x\" \/>\n<div class=\"row align-items-center padding-bottom-2x\">\n<div class=\"col-md-5\"><img decoding=\"async\" class=\"d-block m-auto img-thumbnail\" src=\"https:\/\/tvc.mx\/media\/389751\/ZKTECO-LH3600R-Cerradura-para-Hotel-Mifare-13.56-Mhz-ZKT-TVC-O4.png\" alt=\" \" \/><\/div>\n<div class=\"col-md-7 text-md-left text-center\">\n<h2>Incluye<\/h2>\n<p class=\"text-muted\">\n<ul>\n<li>Cerradura hotelera derecha<\/li>\n<li>Accesorios de instalaci\u00f3n<\/li>\n<li>Llaves mec\u00e1nicas para apertura tradicional<\/li>\n<\/ul>\n<p>&nbsp;<\/p>\n<\/div>\n<\/div>\n<hr class=\"padding-bottom-2x\" \/>\n<div class=\"row align-items-center padding-bottom-2x\">\n<div class=\"col-md-5\"><img decoding=\"async\" class=\"d-block m-auto img-thumbnail\" src=\"https:\/\/tvc.mx\/media\/389755\/ZKTECO-LH3600R-Cerradura-para-Hotel-Mifare-13.56-Mhz-ZKT-TVC-O4.1.png\" alt=\" \" \/><\/div>\n<div class=\"col-md-7 text-md-left text-center\">\n<h2>\u00bfQu\u00e9 necesito para que mi equipo funcione?<\/h2>\n<p class=\"text-muted\">\n<h3 class=\"ql-align-justify\">Para poder trabajar con la cerradura se requiere tarjetas\u00a0<strong>Mifare de 13.56 Mhz<\/strong>, un enrolador para tarjetas Mifare modelo\u00a0<strong>ZK CR60W\u00a0<\/strong>(ZAS199001)\u00a0y debes contar con software de administraci\u00f3n hotelera como\u00a0<strong>ZK Biolock<\/strong>\u00a0o bien\u00a0<strong>ZKBioSecurity\u00a0<\/strong>con m\u00f3dulo hotelero y 4 pilas alcalinas AA.<\/h3>\n<h3 class=\"ql-align-justify\"><\/h3>\n<h3 class=\"ql-align-justify\">TVC en linea.com\u00a0pone a tu disposici\u00f3n los softwares y te proporciona licenciamiento gratuito al adquirir cerraduras para tu proyecto (solic\u00edtalo con tu ejecutivo de ventas).<\/h3>\n<\/div>\n<\/div>\n","protected":false},"excerpt":{"rendered":"<p>Descripci\u00f3n La cerradura\u00a0LH3600R\u00a0para sistemas de cerradura inteligente para Hotel ofreciendo una soluci\u00f3n que satisface todas las demandas de seguridad y gesti\u00f3n de un hotel, cuenta con tecnolog\u00eda de tarjeta Mifare de 13,56 MHz. El estilo y el color de la cerradura se adapta a cualquier&hellip;<\/p>\n","protected":false},"featured_media":8125,"comment_status":"open","ping_status":"closed","template":"","meta":{"om_disable_all_campaigns":false,"_monsterinsights_skip_tracking":false,"_monsterinsights_sitenote_active":false,"_monsterinsights_sitenote_note":"","_monsterinsights_sitenote_category":0},"product_brand":[],"product_cat":[750],"product_tag":[81,727,730,66,731,728,729],"class_list":{"0":"post-8126","1":"product","2":"type-product","3":"status-publish","4":"has-post-thumbnail","6":"product_cat-inteligente-cerraduras-zkteco-acceso-asistencia","7":"product_tag-acceso-y-asistencia","8":"product_tag-cerraduras","9":"product_tag-commax-wulian","10":"product_tag-dahua","11":"product_tag-wejoin","12":"product_tag-yli","13":"product_tag-zkteco","15":"first","16":"instock","17":"sale","18":"taxable","19":"shipping-taxable","20":"purchasable","21":"product-type-simple"},"aioseo_notices":[],"_links":{"self":[{"href":"https:\/\/tecsecmty.com\/index.php\/wp-json\/wp\/v2\/product\/8126","targetHints":{"allow":["GET"]}}],"collection":[{"href":"https:\/\/tecsecmty.com\/index.php\/wp-json\/wp\/v2\/product"}],"about":[{"href":"https:\/\/tecsecmty.com\/index.php\/wp-json\/wp\/v2\/types\/product"}],"replies":[{"embeddable":true,"href":"https:\/\/tecsecmty.com\/index.php\/wp-json\/wp\/v2\/comments?post=8126"}],"version-history":[{"count":0,"href":"https:\/\/tecsecmty.com\/index.php\/wp-json\/wp\/v2\/product\/8126\/revisions"}],"wp:featuredmedia":[{"embeddable":true,"href":"https:\/\/tecsecmty.com\/index.php\/wp-json\/wp\/v2\/media\/8125"}],"wp:attachment":[{"href":"https:\/\/tecsecmty.com\/index.php\/wp-json\/wp\/v2\/media?parent=8126"}],"wp:term":[{"taxonomy":"product_brand","embeddable":true,"href":"https:\/\/tecsecmty.com\/index.php\/wp-json\/wp\/v2\/product_brand?post=8126"},{"taxonomy":"product_cat","embeddable":true,"href":"https:\/\/tecsecmty.com\/index.php\/wp-json\/wp\/v2\/product_cat?post=8126"},{"taxonomy":"product_tag","embeddable":true,"href":"https:\/\/tecsecmty.com\/index.php\/wp-json\/wp\/v2\/product_tag?post=8126"}],"curies":[{"name":"wp","href":"https:\/\/api.w.org\/{rel}","templated":true}]}}