{"id":8128,"date":"2023-02-23T22:18:02","date_gmt":"2023-02-24T04:18:02","guid":{"rendered":"https:\/\/tecsecmty.com\/index.php\/producto\/zkteco-lh6800l-cerradura-izquierda-para-hotel-mifare-13-56-mhz-35-a-45-mm-grosor-de-puerta-aleacion-de-zinc-224-eventos\/"},"modified":"2023-03-22T23:25:24","modified_gmt":"2023-03-23T05:25:24","slug":"zkteco-lh6800l-cerradura-izquierda-para-hotel-mifare-13-56-mhz-35-a-45-mm-grosor-de-puerta-aleacion-de-zinc-224-eventos","status":"publish","type":"product","link":"https:\/\/tecsecmty.com\/index.php\/producto\/zkteco-lh6800l-cerradura-izquierda-para-hotel-mifare-13-56-mhz-35-a-45-mm-grosor-de-puerta-aleacion-de-zinc-224-eventos\/","title":{"rendered":"ZKTECO LH6800L- Cerradura izquierda para hotel \/ MIFARE 13.56 Mhz \/ 35 a 45 mm grosor de puerta \/ Aleacion de Zinc \/ 224 eventos"},"content":{"rendered":"<div class=\"row aling-items-center padding-bottom-2x\">\n<div class=\"col-lg-12\">\n<h5 class=\"card-title text-center\">Informaci\u00f3n General<\/h5>\n<p>LH6800L es una elegante cerradura especialmente para hoteles, cuenta con un dise\u00f1o moderno y elegante, compatible con el sistema de administraci\u00f3n de hoteles Zk Biolock y Biosecurity m\u00f3dulo de hotel.<\/p>\n<p>\u00bfQu\u00e9 necesito para que mi equipo funcione? Para poder trabajar con la cerradura se requiere tarjetas Mifare de 13.56 Mhz, un enrolador para tarjetas Mifare modelo ZK CR60W (ZAS199001) y debes contar con software de administraci\u00f3n hotelera como ZK Biolock o bien ZKBioSecurity con m\u00f3dulo hotelero, para su alimentaci\u00f3n requieres 4 bater\u00edas alcalinas AA (no incluidas).<\/p>\n<p><img decoding=\"async\" class=\"overview-center-img-web\" src=\"https:\/\/tvc.mx\/media\/359039\/ZKTECO-Cerradura-izquierda-para-hotel-LH6800L-ZKT-Overviews1.png\" alt=\"\" \/><\/div>\n<\/div>\n<div class=\"row align-items-center padding-bottom-2x\">\n<div class=\"col-md-5 order-md-2\"><img decoding=\"async\" class=\"d-block m-auto img-thumbnail\" src=\"https:\/\/tvc.mx\/media\/359043\/ZKTECO-Cerradura-izquierda-para-hotel-LH6800L-ZKT-Overviews2.png\" alt=\" \" \/><\/div>\n<div class=\"col-md-7 order-md-1 text-md-left text-center\">\n<h2>Principales Caracter\u00edsticas<\/h2>\n<p class=\"text-muted\">\n<ul>\n<li>Con tecnolog\u00eda MIFARE\u00ae de 13.56MHz.<\/li>\n<li>Est\u00e1ndar americano de 2 pestillos.<\/li>\n<li>Con software profesional de gesti\u00f3n hotelera &#8211; Instalaciones con un solo clic.<\/li>\n<li>Hasta 224 registros de eventos.<\/li>\n<li>Con avisos de advertencia de bater\u00eda baja<\/li>\n<\/ul>\n<p>&nbsp;<\/p>\n<\/div>\n<\/div>\n<hr class=\"padding-bottom-2x\" \/>\n<div class=\"row align-items-center padding-bottom-2x\">\n<div class=\"col-md-5\"><img decoding=\"async\" class=\"d-block m-auto img-thumbnail\" src=\"https:\/\/tvc.mx\/media\/359047\/ZKTECO-Cerradura-izquierda-para-hotel-LH6800L-ZKT-Overviews3.png\" alt=\" \" \/><\/div>\n<div class=\"col-md-7 text-md-left text-center\">\n<h2>Especificaciones T\u00e9cnicas<\/h2>\n<p class=\"text-muted\">\n<ul>\n<li>Material: Aleaci\u00f3n de Zinc.<\/li>\n<li>Tipo de tarjeta: ISO14443 (RFID) Type-A S50 1KB \/ S70 4KB.<\/li>\n<li>Software: ZKBiolock Hotel Lock System y Biosecurity.<\/li>\n<li>Grosor de puerta: 35-45mm.<\/li>\n<\/ul>\n<p>Nota: Bater\u00edas no incluidas<\/p>\n<p>&nbsp;<\/p>\n<\/div>\n<\/div>\n<hr class=\"padding-bottom-2x\" \/>\n<div class=\"row align-items-center padding-bottom-2x\">\n<div class=\"col-md-5\"><img decoding=\"async\" class=\"d-block m-auto img-thumbnail\" src=\"https:\/\/tvc.mx\/media\/499632\/Cerradura-Izq-para-hotel-LH6800R-ZKT-TVC-P4.png\" alt=\" \" \/><\/div>\n<div class=\"col-md-7 text-md-left text-center\">\n<h2>Incluye<\/h2>\n<p class=\"text-muted\">\n<ul>\n<li>Cerradura hotelera Izquierda.<\/li>\n<li>Accesorios de instalaci\u00f3n.<\/li>\n<li>Llaves mec\u00e1nicas para apertura tradicional.<\/li>\n<\/ul>\n<\/div>\n<\/div>\n","protected":false},"excerpt":{"rendered":"<p>Informaci\u00f3n General LH6800L es una elegante cerradura especialmente para hoteles, cuenta con un dise\u00f1o moderno y elegante, compatible con el sistema de administraci\u00f3n de hoteles Zk Biolock y Biosecurity m\u00f3dulo de hotel. \u00bfQu\u00e9 necesito para que mi equipo funcione? Para poder trabajar con la cerradura&hellip;<\/p>\n","protected":false},"featured_media":8127,"comment_status":"open","ping_status":"closed","template":"","meta":{"om_disable_all_campaigns":false,"_monsterinsights_skip_tracking":false,"_monsterinsights_sitenote_active":false,"_monsterinsights_sitenote_note":"","_monsterinsights_sitenote_category":0},"product_brand":[],"product_cat":[750],"product_tag":[81,727,730,66,731,728,729],"class_list":{"0":"post-8128","1":"product","2":"type-product","3":"status-publish","4":"has-post-thumbnail","6":"product_cat-inteligente-cerraduras-zkteco-acceso-asistencia","7":"product_tag-acceso-y-asistencia","8":"product_tag-cerraduras","9":"product_tag-commax-wulian","10":"product_tag-dahua","11":"product_tag-wejoin","12":"product_tag-yli","13":"product_tag-zkteco","15":"first","16":"instock","17":"sale","18":"taxable","19":"shipping-taxable","20":"purchasable","21":"product-type-simple"},"aioseo_notices":[],"_links":{"self":[{"href":"https:\/\/tecsecmty.com\/index.php\/wp-json\/wp\/v2\/product\/8128","targetHints":{"allow":["GET"]}}],"collection":[{"href":"https:\/\/tecsecmty.com\/index.php\/wp-json\/wp\/v2\/product"}],"about":[{"href":"https:\/\/tecsecmty.com\/index.php\/wp-json\/wp\/v2\/types\/product"}],"replies":[{"embeddable":true,"href":"https:\/\/tecsecmty.com\/index.php\/wp-json\/wp\/v2\/comments?post=8128"}],"version-history":[{"count":0,"href":"https:\/\/tecsecmty.com\/index.php\/wp-json\/wp\/v2\/product\/8128\/revisions"}],"wp:featuredmedia":[{"embeddable":true,"href":"https:\/\/tecsecmty.com\/index.php\/wp-json\/wp\/v2\/media\/8127"}],"wp:attachment":[{"href":"https:\/\/tecsecmty.com\/index.php\/wp-json\/wp\/v2\/media?parent=8128"}],"wp:term":[{"taxonomy":"product_brand","embeddable":true,"href":"https:\/\/tecsecmty.com\/index.php\/wp-json\/wp\/v2\/product_brand?post=8128"},{"taxonomy":"product_cat","embeddable":true,"href":"https:\/\/tecsecmty.com\/index.php\/wp-json\/wp\/v2\/product_cat?post=8128"},{"taxonomy":"product_tag","embeddable":true,"href":"https:\/\/tecsecmty.com\/index.php\/wp-json\/wp\/v2\/product_tag?post=8128"}],"curies":[{"name":"wp","href":"https:\/\/api.w.org\/{rel}","templated":true}]}}