{"id":8132,"date":"2023-02-23T22:18:06","date_gmt":"2023-02-24T04:18:06","guid":{"rendered":"https:\/\/tecsecmty.com\/index.php\/producto\/zkteco-lh6800rpsmmfpak-paquete-hotelero-con-cerradura-inteligente-y-ahorrador-de-energia-con-tecnologia-mifare-13-56-mhz\/"},"modified":"2023-03-22T23:25:25","modified_gmt":"2023-03-23T05:25:25","slug":"zkteco-lh6800rpsmmfpak-paquete-hotelero-con-cerradura-inteligente-y-ahorrador-de-energia-con-tecnologia-mifare-13-56-mhz","status":"publish","type":"product","link":"https:\/\/tecsecmty.com\/index.php\/producto\/zkteco-lh6800rpsmmfpak-paquete-hotelero-con-cerradura-inteligente-y-ahorrador-de-energia-con-tecnologia-mifare-13-56-mhz\/","title":{"rendered":"ZKTECO LH6800RPSMMFPAK &#8211; Paquete hotelero con cerradura inteligente y ahorrador de energ\u00eda con tecnolog\u00eda Mifare 13.56 Mhz"},"content":{"rendered":"<div class=\"row aling-items-center padding-bottom-2x\">\n<div class=\"col-lg-12\">\n<h5 class=\"card-title text-center\">Descripci\u00f3n del paquete<\/h5>\n<p>El paquete ZKTeco LH6800RPSMMFPAK incluye lo siguiente:<\/p>\n<ul>\n<li>1 Cerradura inteligente LH6800R de la serie LH.<\/li>\n<li>1 M\u00f3dulo inteligente ahorrador de energia para habitaci\u00f3nes de hotel.<\/li>\n<\/ul>\n<p><img decoding=\"async\" class=\"overview-center-img-web\" src=\"https:\/\/tvc.mx\/media\/491070\/Paquete-LH6800RPSMMFPAK-M%C3%B3dulo-Inteligente-Ahorro-Energia-Cerradura-derecha-para-hotel-LH6800R-ZKT-TVC-O1.png\" alt=\"\" \/><\/div>\n<\/div>\n<div class=\"row aling-items-center padding-bottom-2x\">\n<div class=\"col-lg-12\">\n<h5 class=\"card-title text-center\">Descripci\u00f3n de la cerradura LH6800R<\/h5>\n<p class=\"ql-align-justify\"><strong>LH6800R\u00a0<\/strong>es una elegante cerradura especialmente para hoteles, cuenta con un dise\u00f1o moderno y elegante compatible con el software de administraci\u00f3n Zk Biolock \u00f3 Biosecurity m\u00f3dulo de hotel. La cerradura\u00a0<strong>LH6800R\u00a0<\/strong>para sistemas ofrece una soluci\u00f3n que satisface todas las demandas de seguridad y gesti\u00f3n de un hotel, cuenta con tecnolog\u00eda de tarjeta Mifare de 13,56 MHz. El bloque es hecho por aleaci\u00f3n de zinc que es fuerte lo suficiente para proteger al sistema de cualquier impacto considerable. La cerradura debe ser energizada por cuatro bater\u00edas alcalinas AA, permitiendo alto desempe\u00f1o en las actividades de apertura o desbloqueo.<\/p>\n<p><img decoding=\"async\" class=\"overview-center-img-web\" src=\"https:\/\/tvc.mx\/media\/491050\/ZKTECO-Cerradura-derecha-para-hotel-LH6800R-ZKT-O2.png\" alt=\"\" \/><\/div>\n<\/div>\n<div class=\"row align-items-center padding-bottom-2x\">\n<div class=\"col-md-5 order-md-2\"><img decoding=\"async\" class=\"d-block m-auto img-thumbnail\" src=\"https:\/\/tvc.mx\/media\/491020\/ZKTECO-Cerradura-izquierda-para-hotel-LH6800L-ZKT-O2.png\" alt=\" \" \/><\/div>\n<div class=\"col-md-7 order-md-1 text-md-left text-center\">\n<h2>LH6800R &#8211; Especificaciones t\u00e9cnicas<\/h2>\n<p class=\"text-muted\">\n<ul>\n<li>Material: Aleaci\u00f3n de Zinc.<\/li>\n<li>Tipo de tarjeta: ISO14443 (RFID) Type-A S50 1KB \/ S70 4KB.<\/li>\n<li>Software: ZKBiolock Hotel Lock System y Biosecurity.<\/li>\n<li>Grosor de puerta: 35-45mm.<\/li>\n<\/ul>\n<p>&nbsp;<\/p>\n<\/div>\n<\/div>\n<hr class=\"padding-bottom-2x\" \/>\n<div class=\"row aling-items-center padding-bottom-2x\">\n<div class=\"col-lg-12\">\n<h5 class=\"card-title text-center\">Descripci\u00f3n del m\u00f3dulo ahorrador de energ\u00eda PSMMF<\/h5>\n<p class=\"ql-align-justify\"><strong>PSMMF\u00a0<\/strong>es un m\u00f3dulo inteligente ahorrador de energ\u00eda que permite ser controlada\u00a0\u00fanicamente con\u00a0tarjetas MIFARE, siendo ideal para proyectos con cerraduras hoteleros ZKTeco, debido a que el hospedador podr\u00e1 tener acceso a la energ\u00eda el\u00e9ctrica de su habitaci\u00f3n \u00fanicamente cuando coloque su tarjeta\u00a0MIFARE\u00a0en la ranura del m\u00f3dulo\u00a0PSMMF. Cuando un hospedador salga de su habitaci\u00f3n, se ver\u00e1 con la necesidad de retirar su tarjeta MIFARE del m\u00f3dulo\u00a0PSMMF. Al no detectar la tarjeta MIFARE el m\u00f3dulo en autom\u00e1tico cortar\u00e1 la energ\u00eda el\u00e9ctrica de su habitaci\u00f3n, hasta que nuevamente el hospedador retorne y coloque su tarjeta en el m\u00f3dulo\u00a0<strong>PSMMF<\/strong>. Este m\u00f3dulo nos ayuda al ahorro de energ\u00eda y a controlar el acceso al uso de la energ\u00eda de una habitaci\u00f3n de un hotel o departamento. Regularmente, se instala cercano a la puerta de su habitaci\u00f3n en el interior.<\/p>\n<p class=\"ql-align-justify\">\n<p><img decoding=\"async\" class=\"overview-center-img-web\" src=\"https:\/\/tvc.mx\/media\/491024\/Modulo-Inteligente-Ahorro-Energia-Habitaciones-Hotel-Tarjeta-Mifare-ZAS069002-ZKT-TVC-Primario-2.1.png\" alt=\"\" \/><\/div>\n<\/div>\n<div class=\"row align-items-center padding-bottom-2x\">\n<div class=\"col-md-5\"><img decoding=\"async\" class=\"d-block m-auto img-thumbnail\" src=\"https:\/\/tvc.mx\/media\/490988\/Modulo-inteligente-ahorro-de-energia-para-habitaciones-de-hotel-ZKTeco-TVC-O1.png\" alt=\" \" \/><\/div>\n<div class=\"col-md-7 text-md-left text-center\">\n<h2>PSMMF &#8211; Especificaciones t\u00e9cnicas<\/h2>\n<p class=\"text-muted\">\n<ul>\n<li>Voltaje de trabajo: 110 y 220 AC.<\/li>\n<li>Corriente de trabajo: 30 Amperes.<\/li>\n<li>Fuente: 22 Watts.<\/li>\n<li>Corriente est\u00e1tica: 100 ma.<\/li>\n<li>Tiempo de retardo: 12s segundos.<\/li>\n<li>Tipo: Cualquier tarjeta, que obstruya el sensor \u00f3ptico.<\/li>\n<li>Material: PC.<\/li>\n<li>Dimensi\u00f3n: 86mm x 86mm x 44mm.<\/li>\n<li>Peso: 147.7 g.<\/li>\n<\/ul>\n<\/div>\n<\/div>\n","protected":false},"excerpt":{"rendered":"<p>Descripci\u00f3n del paquete El paquete ZKTeco LH6800RPSMMFPAK incluye lo siguiente: 1 Cerradura inteligente LH6800R de la serie LH. 1 M\u00f3dulo inteligente ahorrador de energia para habitaci\u00f3nes de hotel. Descripci\u00f3n de la cerradura LH6800R LH6800R\u00a0es una elegante cerradura especialmente para hoteles, cuenta con un dise\u00f1o moderno&hellip;<\/p>\n","protected":false},"featured_media":8131,"comment_status":"open","ping_status":"closed","template":"","meta":{"om_disable_all_campaigns":false,"_monsterinsights_skip_tracking":false,"_monsterinsights_sitenote_active":false,"_monsterinsights_sitenote_note":"","_monsterinsights_sitenote_category":0},"product_brand":[],"product_cat":[750],"product_tag":[81,727,730,66,731,728,729],"class_list":{"0":"post-8132","1":"product","2":"type-product","3":"status-publish","4":"has-post-thumbnail","6":"product_cat-inteligente-cerraduras-zkteco-acceso-asistencia","7":"product_tag-acceso-y-asistencia","8":"product_tag-cerraduras","9":"product_tag-commax-wulian","10":"product_tag-dahua","11":"product_tag-wejoin","12":"product_tag-yli","13":"product_tag-zkteco","15":"first","16":"instock","17":"sale","18":"taxable","19":"shipping-taxable","20":"purchasable","21":"product-type-simple"},"aioseo_notices":[],"_links":{"self":[{"href":"https:\/\/tecsecmty.com\/index.php\/wp-json\/wp\/v2\/product\/8132","targetHints":{"allow":["GET"]}}],"collection":[{"href":"https:\/\/tecsecmty.com\/index.php\/wp-json\/wp\/v2\/product"}],"about":[{"href":"https:\/\/tecsecmty.com\/index.php\/wp-json\/wp\/v2\/types\/product"}],"replies":[{"embeddable":true,"href":"https:\/\/tecsecmty.com\/index.php\/wp-json\/wp\/v2\/comments?post=8132"}],"version-history":[{"count":0,"href":"https:\/\/tecsecmty.com\/index.php\/wp-json\/wp\/v2\/product\/8132\/revisions"}],"wp:featuredmedia":[{"embeddable":true,"href":"https:\/\/tecsecmty.com\/index.php\/wp-json\/wp\/v2\/media\/8131"}],"wp:attachment":[{"href":"https:\/\/tecsecmty.com\/index.php\/wp-json\/wp\/v2\/media?parent=8132"}],"wp:term":[{"taxonomy":"product_brand","embeddable":true,"href":"https:\/\/tecsecmty.com\/index.php\/wp-json\/wp\/v2\/product_brand?post=8132"},{"taxonomy":"product_cat","embeddable":true,"href":"https:\/\/tecsecmty.com\/index.php\/wp-json\/wp\/v2\/product_cat?post=8132"},{"taxonomy":"product_tag","embeddable":true,"href":"https:\/\/tecsecmty.com\/index.php\/wp-json\/wp\/v2\/product_tag?post=8132"}],"curies":[{"name":"wp","href":"https:\/\/api.w.org\/{rel}","templated":true}]}}