{"id":8134,"date":"2023-02-23T22:18:09","date_gmt":"2023-02-24T04:18:09","guid":{"rendered":"https:\/\/tecsecmty.com\/index.php\/producto\/zkteco-lh7500l-cerradura-izquierda-para-hotel-mifare-13-56-mhz-aleacion-de-zinc\/"},"modified":"2023-03-22T23:25:25","modified_gmt":"2023-03-23T05:25:25","slug":"zkteco-lh7500l-cerradura-izquierda-para-hotel-mifare-13-56-mhz-aleacion-de-zinc","status":"publish","type":"product","link":"https:\/\/tecsecmty.com\/index.php\/producto\/zkteco-lh7500l-cerradura-izquierda-para-hotel-mifare-13-56-mhz-aleacion-de-zinc\/","title":{"rendered":"ZKTECO LH7500L- Cerradura Izquierda para hotel \/ MIFARE 13.56 Mhz \/ Aleaci\u00f3n de Zinc"},"content":{"rendered":"<div class=\"row aling-items-center padding-bottom-2x\">\n<div class=\"col-lg-12\">\n<h5 class=\"card-title text-center\">Descripci\u00f3n<\/h5>\n<p>La cerradura hotelera\u00a0<strong>LH7500\u00a0<\/strong>es una gran soluci\u00f3n para los hoteles gracias a su tecnolog\u00eda avanzada de tarjeta Mifare de 13.56 Mhz. Cuenta con mortaja est\u00e1ndar europeo de 2 pestillos, su dise\u00f1o elaborado en acero inoxidable ofrece una gran\u00a0dise\u00f1o minimalista y delgado.<\/p>\n<p><img decoding=\"async\" class=\"overview-center-img-web\" src=\"https:\/\/tvc.mx\/media\/531447\/Cerradura-izquierda-para-hotel-doble-cerrojo-estand%C3%A1r-europeo-Mifare-13.56-Mhz-LH7500L-ZKTeco-TVC-O1.png\" alt=\"\" \/><\/div>\n<\/div>\n<div class=\"row align-items-center padding-bottom-2x\">\n<div class=\"col-md-5\"><img decoding=\"async\" class=\"d-block m-auto img-thumbnail\" src=\"https:\/\/tvc.mx\/media\/536347\/Cerradura-izquierda-para-hotel-doble-cerrojo-estand%C3%A1r-europeo-Mifare-13.56-Mhz-LH7500L-ZKTeco-TVC-O5.png\" alt=\" \" \/><\/div>\n<div class=\"col-md-7 text-md-left text-center\">\n<h2>Funci\u00f3n<\/h2>\n<p class=\"text-muted\">\n<ul>\n<li class=\"ql-align-justify\">Dise\u00f1o dividido.<\/li>\n<li class=\"ql-align-justify\">Crea tarjeta de eventos para descargar los registros.<\/li>\n<li class=\"ql-align-justify\">Mayor seguridad con doble cerrojo.<\/li>\n<li class=\"ql-align-justify\">Tecnolog\u00eda avanzada de tarjeta MIFARE 13.56 MHz.<\/li>\n<li class=\"ql-align-justify\">Software gratuito para gesti\u00f3n hotelera.<\/li>\n<li class=\"ql-align-justify\">Est\u00e1ndar Europeo.<\/li>\n<\/ul>\n<p>&nbsp;<\/p>\n<\/div>\n<\/div>\n<hr class=\"padding-bottom-2x\" \/>\n<div class=\"row align-items-center padding-bottom-2x\">\n<div class=\"col-md-5 order-md-2\"><img decoding=\"async\" class=\"d-block m-auto img-thumbnail\" src=\"https:\/\/tvc.mx\/media\/536279\/Cerradura-izquierda-para-hotel-doble-cerrojo-estand%C3%A1r-europeo-Mifare-13.56-Mhz-LH7500L-ZKTeco-TVC-O2.PNG\" alt=\" \" \/><\/div>\n<div class=\"col-md-7 order-md-1 text-md-left text-center\">\n<h2>Especificaciones t\u00e9cnicas<\/h2>\n<p class=\"text-muted\">\n<ul>\n<li>Material: Aleaci\u00f3n de Zinc.<\/li>\n<li>Softwares: ZKBiolock \u00f3 ZKBioSecurity.<\/li>\n<li>Grosor de puerta: 38 &#8211; 48 mm.<\/li>\n<\/ul>\n<p>&nbsp;<\/p>\n<\/div>\n<\/div>\n<hr class=\"padding-bottom-2x\" \/>\n<div class=\"row align-items-center padding-bottom-2x\">\n<div class=\"col-md-5\"><img decoding=\"async\" class=\"d-block m-auto img-thumbnail\" src=\"https:\/\/tvc.mx\/media\/536287\/Cerradura-izquierda-para-hotel-doble-cerrojo-estand%C3%A1r-europeo-Mifare-13.56-Mhz-LH7500L-ZKTeco-TVC-O3.PNG\" alt=\" \" \/><\/div>\n<div class=\"col-md-7 text-md-left text-center\">\n<h2>Incluye<\/h2>\n<p class=\"text-muted\">\n<ul>\n<li>Cerradura hotelera LH7500L derecha.<\/li>\n<li>Accesorios de instalaci\u00f3n.<\/li>\n<li>Llaves mec\u00e1nicas para apertura tradicional.<\/li>\n<\/ul>\n<\/div>\n<\/div>\n","protected":false},"excerpt":{"rendered":"<p>Descripci\u00f3n La cerradura hotelera\u00a0LH7500\u00a0es una gran soluci\u00f3n para los hoteles gracias a su tecnolog\u00eda avanzada de tarjeta Mifare de 13.56 Mhz. Cuenta con mortaja est\u00e1ndar europeo de 2 pestillos, su dise\u00f1o elaborado en acero inoxidable ofrece una gran\u00a0dise\u00f1o minimalista y delgado. Funci\u00f3n Dise\u00f1o dividido. Crea&hellip;<\/p>\n","protected":false},"featured_media":8133,"comment_status":"open","ping_status":"closed","template":"","meta":{"om_disable_all_campaigns":false,"_monsterinsights_skip_tracking":false,"_monsterinsights_sitenote_active":false,"_monsterinsights_sitenote_note":"","_monsterinsights_sitenote_category":0},"product_brand":[],"product_cat":[750],"product_tag":[81,727,730,66,731,728,729],"class_list":{"0":"post-8134","1":"product","2":"type-product","3":"status-publish","4":"has-post-thumbnail","6":"product_cat-inteligente-cerraduras-zkteco-acceso-asistencia","7":"product_tag-acceso-y-asistencia","8":"product_tag-cerraduras","9":"product_tag-commax-wulian","10":"product_tag-dahua","11":"product_tag-wejoin","12":"product_tag-yli","13":"product_tag-zkteco","15":"first","16":"instock","17":"sale","18":"taxable","19":"shipping-taxable","20":"purchasable","21":"product-type-simple"},"aioseo_notices":[],"_links":{"self":[{"href":"https:\/\/tecsecmty.com\/index.php\/wp-json\/wp\/v2\/product\/8134","targetHints":{"allow":["GET"]}}],"collection":[{"href":"https:\/\/tecsecmty.com\/index.php\/wp-json\/wp\/v2\/product"}],"about":[{"href":"https:\/\/tecsecmty.com\/index.php\/wp-json\/wp\/v2\/types\/product"}],"replies":[{"embeddable":true,"href":"https:\/\/tecsecmty.com\/index.php\/wp-json\/wp\/v2\/comments?post=8134"}],"version-history":[{"count":0,"href":"https:\/\/tecsecmty.com\/index.php\/wp-json\/wp\/v2\/product\/8134\/revisions"}],"wp:featuredmedia":[{"embeddable":true,"href":"https:\/\/tecsecmty.com\/index.php\/wp-json\/wp\/v2\/media\/8133"}],"wp:attachment":[{"href":"https:\/\/tecsecmty.com\/index.php\/wp-json\/wp\/v2\/media?parent=8134"}],"wp:term":[{"taxonomy":"product_brand","embeddable":true,"href":"https:\/\/tecsecmty.com\/index.php\/wp-json\/wp\/v2\/product_brand?post=8134"},{"taxonomy":"product_cat","embeddable":true,"href":"https:\/\/tecsecmty.com\/index.php\/wp-json\/wp\/v2\/product_cat?post=8134"},{"taxonomy":"product_tag","embeddable":true,"href":"https:\/\/tecsecmty.com\/index.php\/wp-json\/wp\/v2\/product_tag?post=8134"}],"curies":[{"name":"wp","href":"https:\/\/api.w.org\/{rel}","templated":true}]}}