{"id":8138,"date":"2023-02-23T22:18:13","date_gmt":"2023-02-24T04:18:13","guid":{"rendered":"https:\/\/tecsecmty.com\/index.php\/producto\/zkteco-ml10id-cerradura-inteligente-60-huellas-tarjetas-id-125khz\/"},"modified":"2023-03-22T23:25:28","modified_gmt":"2023-03-23T05:25:28","slug":"zkteco-ml10id-cerradura-inteligente-60-huellas-tarjetas-id-125khz","status":"publish","type":"product","link":"https:\/\/tecsecmty.com\/index.php\/producto\/zkteco-ml10id-cerradura-inteligente-60-huellas-tarjetas-id-125khz\/","title":{"rendered":"ZKTECO ML10ID &#8211; Cerradura inteligente \/ 60 huellas \/ tarjetas ID 125khz"},"content":{"rendered":"<div class=\"row aling-items-center padding-bottom-2x\">\n<div class=\"col-lg-12\">\n<h5 class=\"card-title text-center\">Descripci\u00f3n<\/h5>\n<p>La cerradura\u00a0<strong>ML10ID\u00a0<\/strong>integra reconocimiento biom\u00e9trico mediante huella dactilar y tarjetas ID, proporcionando una apertura y administraci\u00f3n segura. Una de las caracter\u00edsticas principales de la ML10ID, es que fue dise\u00f1ada para instalarse de una manera muy sencilla y r\u00e1pida.<\/p>\n<p><img decoding=\"async\" class=\"overview-center-img-web\" src=\"https:\/\/tvc.mx\/media\/575223\/Cerradura-inteligente-con-verificacion-por-tarjeta-ID-125-Khz-huella-ML10ID-ZKTeco-TVC-O1.png\" alt=\"\" \/><\/div>\n<\/div>\n<div class=\"row align-items-center padding-bottom-2x\">\n<div class=\"col-md-5\"><img decoding=\"async\" class=\"d-block m-auto img-thumbnail\" src=\"https:\/\/tvc.mx\/media\/577115\/Cerradura-inteligente-con-verificacion-por-tarjeta-ID-125-Khz-huella-ML10ID-ZKTeco-TVC-O4.png\" alt=\" \" \/><\/div>\n<div class=\"col-md-7 text-md-left text-center\">\n<h2>Funci\u00f3n<\/h2>\n<p class=\"text-muted\">\n<p>La cerradura\u00a0<strong>ML10ID<\/strong>, integra 3 m\u00e9todos de desbloqueo: huella digital, tarjeta ID y llave mec\u00e1nica para una apertura tradicional. En su dise\u00f1o integra un pestillo con est\u00e1ndar americano, permitiendo una sencilla instalaci\u00f3n. Adem\u00e1s, permite ser adaptada a cualquier direcci\u00f3n de apertura tanto derecha o izquierda.<\/p>\n<p>&nbsp;<\/p>\n<\/div>\n<\/div>\n<hr class=\"padding-bottom-2x\" \/>\n<div class=\"row align-items-center padding-bottom-2x\">\n<div class=\"col-md-5 order-md-2\"><img decoding=\"async\" class=\"d-block m-auto img-thumbnail\" src=\"https:\/\/tvc.mx\/media\/577135\/Cerradura-inteligente-con-verificacion-por-tarjeta-ID-125-Khz-huella-ML10ID-ZKTeco-TVC-O5.png\" alt=\" \" \/><\/div>\n<div class=\"col-md-7 order-md-1 text-md-left text-center\">\n<h2>Especificaciones t\u00e9cnicas:<\/h2>\n<p class=\"text-muted\">\n<ul>\n<li>Material: Aleaci\u00f3n de Zinc.<\/li>\n<li>Capacidad de Usuarios: 60.<\/li>\n<li>Temperatura de operaci\u00f3n: -20\u00b0C a 55\u00b0C.<\/li>\n<li>Fuente de alimentaci\u00f3n: 4 Bater\u00edas Alcalinas AA.<\/li>\n<li>Apertura de emergencia: Llave Mec\u00e1nica y Bater\u00eda de 9V.<\/li>\n<li>Grosor de puerta:\u00a030 &#8211; 38mm (Opcional) \/ 39 &#8211; 46mm (Est\u00e1ndar) \/ 47 &#8211; 54mm (est\u00e1ndar) \/ 55 &#8211; 60mm (Opcional).<\/li>\n<li>Dimensiones: Frente &#8211; 69 x 155 x 35mm\u00a0\/ Trasera &#8211; 69 x 155 x 25mm.<\/li>\n<\/ul>\n<p>&nbsp;<\/p>\n<\/div>\n<\/div>\n<hr class=\"padding-bottom-2x\" \/>\n<div class=\"row align-items-center padding-bottom-2x\">\n<div class=\"col-md-5\"><img decoding=\"async\" class=\"d-block m-auto img-thumbnail\" src=\"https:\/\/tvc.mx\/media\/575235\/Cerradura-inteligente-con-verificacion-por-tarjeta-ID-125-Khz-huella-ML10ID-ZKTeco-TVC-O3.png\" alt=\" \" \/><\/div>\n<div class=\"col-md-7 text-md-left text-center\">\n<h2>Incluye<\/h2>\n<p class=\"text-muted\">\n<ul>\n<li>Cerradura ML10ID.<\/li>\n<li>Accesorios de instalaci\u00f3n.<\/li>\n<li>1 par de llaves mec\u00e1nicas para apertura tradicional.<\/li>\n<li>Plantilla de instalaci\u00f3n.<\/li>\n<li>Manual de instalaci\u00f3n.<\/li>\n<\/ul>\n<\/div>\n<\/div>\n","protected":false},"excerpt":{"rendered":"<p>Descripci\u00f3n La cerradura\u00a0ML10ID\u00a0integra reconocimiento biom\u00e9trico mediante huella dactilar y tarjetas ID, proporcionando una apertura y administraci\u00f3n segura. Una de las caracter\u00edsticas principales de la ML10ID, es que fue dise\u00f1ada para instalarse de una manera muy sencilla y r\u00e1pida. Funci\u00f3n La cerradura\u00a0ML10ID, integra 3 m\u00e9todos de&hellip;<\/p>\n","protected":false},"featured_media":8137,"comment_status":"open","ping_status":"closed","template":"","meta":{"om_disable_all_campaigns":false,"_monsterinsights_skip_tracking":false,"_monsterinsights_sitenote_active":false,"_monsterinsights_sitenote_note":"","_monsterinsights_sitenote_category":0},"product_brand":[],"product_cat":[750],"product_tag":[81,727,730,66,731,728,729],"class_list":{"0":"post-8138","1":"product","2":"type-product","3":"status-publish","4":"has-post-thumbnail","6":"product_cat-inteligente-cerraduras-zkteco-acceso-asistencia","7":"product_tag-acceso-y-asistencia","8":"product_tag-cerraduras","9":"product_tag-commax-wulian","10":"product_tag-dahua","11":"product_tag-wejoin","12":"product_tag-yli","13":"product_tag-zkteco","15":"first","16":"instock","17":"sale","18":"taxable","19":"shipping-taxable","20":"purchasable","21":"product-type-simple"},"aioseo_notices":[],"_links":{"self":[{"href":"https:\/\/tecsecmty.com\/index.php\/wp-json\/wp\/v2\/product\/8138","targetHints":{"allow":["GET"]}}],"collection":[{"href":"https:\/\/tecsecmty.com\/index.php\/wp-json\/wp\/v2\/product"}],"about":[{"href":"https:\/\/tecsecmty.com\/index.php\/wp-json\/wp\/v2\/types\/product"}],"replies":[{"embeddable":true,"href":"https:\/\/tecsecmty.com\/index.php\/wp-json\/wp\/v2\/comments?post=8138"}],"version-history":[{"count":0,"href":"https:\/\/tecsecmty.com\/index.php\/wp-json\/wp\/v2\/product\/8138\/revisions"}],"wp:featuredmedia":[{"embeddable":true,"href":"https:\/\/tecsecmty.com\/index.php\/wp-json\/wp\/v2\/media\/8137"}],"wp:attachment":[{"href":"https:\/\/tecsecmty.com\/index.php\/wp-json\/wp\/v2\/media?parent=8138"}],"wp:term":[{"taxonomy":"product_brand","embeddable":true,"href":"https:\/\/tecsecmty.com\/index.php\/wp-json\/wp\/v2\/product_brand?post=8138"},{"taxonomy":"product_cat","embeddable":true,"href":"https:\/\/tecsecmty.com\/index.php\/wp-json\/wp\/v2\/product_cat?post=8138"},{"taxonomy":"product_tag","embeddable":true,"href":"https:\/\/tecsecmty.com\/index.php\/wp-json\/wp\/v2\/product_tag?post=8138"}],"curies":[{"name":"wp","href":"https:\/\/api.w.org\/{rel}","templated":true}]}}