{"id":8142,"date":"2023-02-23T22:18:16","date_gmt":"2023-02-24T04:18:16","guid":{"rendered":"https:\/\/tecsecmty.com\/index.php\/producto\/zkteco-ml300-cerradura-inteligente-con-teclado-y-verificacion-de-huella-bluetooth-100-usuarios-compatible-con-app-zsmart-cerraduras\/"},"modified":"2023-03-22T23:25:28","modified_gmt":"2023-03-23T05:25:28","slug":"zkteco-ml300-cerradura-inteligente-con-teclado-y-verificacion-de-huella-bluetooth-100-usuarios-compatible-con-app-zsmart-cerraduras","status":"publish","type":"product","link":"https:\/\/tecsecmty.com\/index.php\/producto\/zkteco-ml300-cerradura-inteligente-con-teclado-y-verificacion-de-huella-bluetooth-100-usuarios-compatible-con-app-zsmart-cerraduras\/","title":{"rendered":"ZKTECO ML300 &#8211; Cerradura inteligente con teclado y verificaci\u00f3n de huella \/ Bluetooth \/ 100 Usuarios \/ Compatible con app Zsmart \/ #Cerraduras"},"content":{"rendered":"<div class=\"row aling-items-center padding-bottom-2x\">\n<div class=\"col-lg-12\">\n<h5 class=\"card-title text-center\">Descripci\u00f3n<\/h5>\n<p class=\"ql-align-justify\">La cerradura\u00a0<strong>ML300\u00a0<\/strong>es una nueva cerradura inteligente que integra verificaci\u00f3n por huella dactilar y teclado digital, adem\u00e1s permite administrarlo desde la app ZSmart mediante su conexi\u00f3n Bluetooth. Es de muy f\u00e1cil instalaci\u00f3n sustituyendo tu cerradura tradicional cerrojo est\u00e1ndar americano y la configuraci\u00f3n se finaliza en solo unos pocos minutos. Permite desbloquear la cerradura de la puerta de forma remota mediante comunicaci\u00f3n Bluetooth, verificar el historial de registro y compartir el c\u00f3digo de acceso temporal o din\u00e1mico a trav\u00e9s de la aplicaci\u00f3n ZSmart. ML300 es una buena elecci\u00f3n para casas privadas, apartamentos para j\u00f3venes y alquileres a corto plazo; crea vidas m\u00e1s sencillas, inteligentes y c\u00f3modas.<\/p>\n<p class=\"ql-align-justify\"><strong>Caracter\u00edsticas principales:<\/strong><\/p>\n<ul>\n<li>Sensor de huella digital capacitivo.<\/li>\n<li>Sencilla instalaci\u00f3n.<\/li>\n<li>Acceso desde tu m\u00f3vil mediante Bluetooth con la app gratuita ZSmart.<\/li>\n<li>Puerto micro-usb para aperturas de emergencia.<\/li>\n<li>Bajo consumo de energ\u00eda.<\/li>\n<\/ul>\n<p><img decoding=\"async\" class=\"overview-center-img-web\" src=\"https:\/\/tvc.mx\/media\/407455\/Cerradura-inteligente-con-teclado-y-verificaci%C3%B3n-de-huella-conexi%C3%B3n-mediante-Bluetooth-100-Usuarios-ZKTeco-ML300-O1.png\" alt=\"\" \/><\/div>\n<\/div>\n<div class=\"row align-items-center padding-bottom-2x\">\n<div class=\"col-md-5 order-md-2\"><img decoding=\"async\" class=\"d-block m-auto img-thumbnail\" src=\"https:\/\/tvc.mx\/media\/250207\/Cerradura-inteligente-con-verificaci%C3%B3n-huella-teclado-Bluetooth-100-Usuarios-ML300-ZKT-TVC-OV1.png\" alt=\" \" \/><\/div>\n<div class=\"col-md-7 order-md-1 text-md-left text-center\">\n<h2>Especificaciones t\u00e9cnicas<\/h2>\n<p class=\"text-muted\">\n<ul>\n<li>M\u00e9todos de verificaci\u00f3n: Huella \/ Contrase\u00f1a \/ APP\/ Llave.<\/li>\n<li>Alimentaci\u00f3n 4 pilas alcalinas AA (no incluidas).<\/li>\n<li>Est\u00e1ndar de la cerradura: Cerrojo Americano.<\/li>\n<li>Capacidad de usuarios totales: 100.<\/li>\n<li>Comunicaci\u00f3n Bluetooth 5.0.<\/li>\n<li>Bater\u00eda Hasta 1,5 a\u00f1os.<\/li>\n<li>Temperatura de funcionamiento -20\u00b0C to 55\u00b0C.<\/li>\n<li>Espesor de puerta 30-60 mm (est\u00e1ndar).<\/li>\n<li>Dimensiones (W*L*D) Frente &#8211; 75 * 138 * 23 (mm).<\/li>\n<li>Certificaciones CE-RED, FCC ID.<\/li>\n<\/ul>\n<p>&nbsp;<\/p>\n<\/div>\n<\/div>\n<hr class=\"padding-bottom-2x\" \/>\n<div class=\"row align-items-center padding-bottom-2x\">\n<div class=\"col-md-5\"><img decoding=\"async\" class=\"d-block m-auto img-thumbnail\" src=\"https:\/\/tvc.mx\/media\/407319\/Cerradura-inteligente-con-teclado-y-verificaci%C3%B3n-de-huella-conexi%C3%B3n-mediante-Bluetooth-100-Usuarios-ZKTeco-ML300-O5.png\" alt=\" \" \/><\/div>\n<div class=\"col-md-7 text-md-left text-center\">\n<h2>\u00bfQu\u00e9 necesito para que mi equipo funcione?<\/h2>\n<p class=\"text-muted\">\n<p class=\"ql-align-justify\">Para poder trabajar con la cerradura\u00a0ML300,\u00a0\u00fanicamente requieres 4 pilas alcalinas AA, y solo necesitar\u00e1s agregar usuarios de forma directa con cualquier m\u00e9todo de verificaci\u00f3n (huella \/ teclado).<\/p>\n<p class=\"ql-align-justify\">*Obt\u00e9n una mejor experiencia descargando la aplicaci\u00f3n gratuita de ZKTeco \u00abZSmart\u00bb compatible con Apple \/ Android, y controla en su totalidad a la cerradura mediante su conexi\u00f3n Bluetooth desde tu celular. Te permitir\u00e1 dar acceso, registrar usuarios, eliminar usuarios, ver los registros de accesos, dar accesos temporales.<\/p>\n<p class=\"ql-align-justify\">Informaci\u00f3n de inter\u00e9s (opcional):<\/p>\n<p class=\"ql-align-justify\">S\u00ed deseas controlar tu cerradura en su totalidad desde cualquier lugar que te encuentres,<strong>\u00a0debes adquirir el m\u00f3dulo Gateway SLG200<\/strong>\u00a0(<strong>ZKT0890002<\/strong>) y utilizar la aplicaci\u00f3n gratuita ZSmart de ZKTeco compatible con Apple y Android. Te permitir\u00e1 dar accesos remotos, registrar usuarios a distancia, realizar aperturas con asistentes de voz como (Alexa \/ Google Asistente), ver los registros de accesos permitidos, todo en tiempo real.<\/p>\n<p>&nbsp;<\/p>\n<\/div>\n<\/div>\n<hr class=\"padding-bottom-2x\" \/>\n<div class=\"row align-items-center padding-bottom-2x\">\n<div class=\"col-md-5\"><img decoding=\"async\" class=\"d-block m-auto img-thumbnail\" src=\"https:\/\/tvc.mx\/media\/499732\/Cerradura-inteligente-con-verificaci%C3%B3n-huella-teclado-Bluetooth-100-Usuarios-ML300-ZKT-TVC-O1.png\" alt=\" \" \/><\/div>\n<div class=\"col-md-7 text-md-left text-center\">\n<h2>Incluye<\/h2>\n<p class=\"text-muted\">\n<ul>\n<li>Cerradura ML300.<\/li>\n<li>Accesorios de instalaci\u00f3n.<\/li>\n<li>Llaves mec\u00e1nicas para apertura tradicional.<\/li>\n<\/ul>\n<\/div>\n<\/div>\n","protected":false},"excerpt":{"rendered":"<p>Descripci\u00f3n La cerradura\u00a0ML300\u00a0es una nueva cerradura inteligente que integra verificaci\u00f3n por huella dactilar y teclado digital, adem\u00e1s permite administrarlo desde la app ZSmart mediante su conexi\u00f3n Bluetooth. Es de muy f\u00e1cil instalaci\u00f3n sustituyendo tu cerradura tradicional cerrojo est\u00e1ndar americano y la configuraci\u00f3n se finaliza en&hellip;<\/p>\n","protected":false},"featured_media":8141,"comment_status":"open","ping_status":"closed","template":"","meta":{"om_disable_all_campaigns":false,"_monsterinsights_skip_tracking":false,"_monsterinsights_sitenote_active":false,"_monsterinsights_sitenote_note":"","_monsterinsights_sitenote_category":0},"product_brand":[],"product_cat":[750],"product_tag":[81,727,730,66,731,728,729],"class_list":{"0":"post-8142","1":"product","2":"type-product","3":"status-publish","4":"has-post-thumbnail","6":"product_cat-inteligente-cerraduras-zkteco-acceso-asistencia","7":"product_tag-acceso-y-asistencia","8":"product_tag-cerraduras","9":"product_tag-commax-wulian","10":"product_tag-dahua","11":"product_tag-wejoin","12":"product_tag-yli","13":"product_tag-zkteco","15":"first","16":"instock","17":"sale","18":"taxable","19":"shipping-taxable","20":"purchasable","21":"product-type-simple"},"aioseo_notices":[],"_links":{"self":[{"href":"https:\/\/tecsecmty.com\/index.php\/wp-json\/wp\/v2\/product\/8142","targetHints":{"allow":["GET"]}}],"collection":[{"href":"https:\/\/tecsecmty.com\/index.php\/wp-json\/wp\/v2\/product"}],"about":[{"href":"https:\/\/tecsecmty.com\/index.php\/wp-json\/wp\/v2\/types\/product"}],"replies":[{"embeddable":true,"href":"https:\/\/tecsecmty.com\/index.php\/wp-json\/wp\/v2\/comments?post=8142"}],"version-history":[{"count":0,"href":"https:\/\/tecsecmty.com\/index.php\/wp-json\/wp\/v2\/product\/8142\/revisions"}],"wp:featuredmedia":[{"embeddable":true,"href":"https:\/\/tecsecmty.com\/index.php\/wp-json\/wp\/v2\/media\/8141"}],"wp:attachment":[{"href":"https:\/\/tecsecmty.com\/index.php\/wp-json\/wp\/v2\/media?parent=8142"}],"wp:term":[{"taxonomy":"product_brand","embeddable":true,"href":"https:\/\/tecsecmty.com\/index.php\/wp-json\/wp\/v2\/product_brand?post=8142"},{"taxonomy":"product_cat","embeddable":true,"href":"https:\/\/tecsecmty.com\/index.php\/wp-json\/wp\/v2\/product_cat?post=8142"},{"taxonomy":"product_tag","embeddable":true,"href":"https:\/\/tecsecmty.com\/index.php\/wp-json\/wp\/v2\/product_tag?post=8142"}],"curies":[{"name":"wp","href":"https:\/\/api.w.org\/{rel}","templated":true}]}}