{"id":8144,"date":"2023-02-23T22:18:18","date_gmt":"2023-02-24T04:18:18","guid":{"rendered":"https:\/\/tecsecmty.com\/index.php\/producto\/zkteco-pl10-cerradura-biometrica-standalone-90-huellas-izquierda-y-derecha\/"},"modified":"2023-03-22T23:25:29","modified_gmt":"2023-03-23T05:25:29","slug":"zkteco-pl10-cerradura-biometrica-standalone-90-huellas-izquierda-y-derecha","status":"publish","type":"product","link":"https:\/\/tecsecmty.com\/index.php\/producto\/zkteco-pl10-cerradura-biometrica-standalone-90-huellas-izquierda-y-derecha\/","title":{"rendered":"ZKTECO PL10 &#8211; Cerradura Biometrica Standalone \/ 90 Huellas \/Izquierda y Derecha"},"content":{"rendered":"<div class=\"row aling-items-center padding-bottom-2x\">\n<div class=\"col-lg-12\">\n<h5 class=\"card-title text-center\">Descripci\u00f3n<\/h5>\n<p>La cerradura\u00a0PL10\u00a0aut\u00f3noma cuenta con tecnolog\u00eda para verificar mediante huella dactilar. Su dise\u00f1o permite reemplazar tu cerradura tradicional con est\u00e1ndar americano de manera f\u00e1cil y r\u00e1pida.<\/p>\n<p><img decoding=\"async\" class=\"overview-center-img-web\" src=\"https:\/\/tvc.mx\/media\/571783\/Cerradura-standalone-aut%C3%B3noma-con-verificaci%C3%B3n-por-huella-PL10-ZKTeco-TVC-O1.png\" alt=\"\" \/><\/div>\n<\/div>\n<div class=\"row align-items-center padding-bottom-2x\">\n<div class=\"col-md-5 order-md-2\"><img decoding=\"async\" class=\"d-block m-auto img-thumbnail\" src=\"https:\/\/tvc.mx\/media\/571807\/Cerradura-standalone-aut%C3%B3noma-con-verificaci%C3%B3n-por-huella-PL10-ZKTeco-TVC-O4.png\" alt=\" \" \/><\/div>\n<div class=\"col-md-7 order-md-1 text-md-left text-center\">\n<h2>Funci\u00f3n<\/h2>\n<p class=\"text-muted\">\n<ul>\n<li>Dise\u00f1o compacto, resistente y elegante.<\/li>\n<li>Est\u00e1ndar americano de un pestillo para una sencilla instalaci\u00f3n y reemplazo.<\/li>\n<li>Apertura de emergencia por medio de llave (oculta) o bater\u00eda de 9V CD.<\/li>\n<li>Indicador audiovisual.<\/li>\n<li>Backset de 60 mm o 70 mm (ajustable).<\/li>\n<\/ul>\n<p>&nbsp;<\/p>\n<\/div>\n<\/div>\n<hr class=\"padding-bottom-2x\" \/>\n<div class=\"row align-items-center padding-bottom-2x\">\n<div class=\"col-md-5\"><img decoding=\"async\" class=\"d-block m-auto img-thumbnail\" src=\"https:\/\/tvc.mx\/media\/571811\/Cerradura-standalone-aut%C3%B3noma-con-verificaci%C3%B3n-por-huella-PL10-ZKTeco-TVC-O3.png\" alt=\" \" \/><\/div>\n<div class=\"col-md-7 text-md-left text-center\">\n<h2>Especificaciones t\u00e9cnicas<\/h2>\n<p class=\"text-muted\">\n<ul>\n<li>Capacidad de Usuarios: 100.<\/li>\n<li>M\u00e9todos de verificaci\u00f3n: Huella dactilar \/ Llave.<\/li>\n<li>Temperatura de Operaci\u00f3n: -20\u00b0c hasta 55\u00b0C.<\/li>\n<li>Fuente de alimentaci\u00f3n: 4 Bater\u00edas Alcalinas AA.<\/li>\n<li>Apertura de emergencia: Llave mec\u00e1nica y bater\u00eda de 9V CD.<\/li>\n<li>Grosor de puerta: 30 &#8211; 38mm (Opcional) \/ 39 &#8211; 46mm (Est\u00e1ndar) \/ 47 &#8211; 54mm (Est\u00e1ndar) \/ 55 &#8211; 60mm (Opcional).<\/li>\n<li>Dimensiones: Frontal &#8211; 69 x 155 x 35mm \/ Trasera &#8211; 69 x 155 x 25mm.<\/li>\n<\/ul>\n<p>&nbsp;<\/p>\n<\/div>\n<\/div>\n<hr class=\"padding-bottom-2x\" \/>\n<div class=\"row align-items-center padding-bottom-2x\">\n<div class=\"col-md-5 order-md-2\"><img decoding=\"async\" class=\"d-block m-auto img-thumbnail\" src=\"https:\/\/tvc.mx\/media\/571815\/Cerradura-standalone-aut%C3%B3noma-con-verificaci%C3%B3n-por-huella-PL10-ZKTeco-TVC-O2.png\" alt=\" \" \/><\/div>\n<div class=\"col-md-7 order-md-1 text-md-left text-center\">\n<h2>Incluye<\/h2>\n<p class=\"text-muted\">\n<ul>\n<li>Cerradura\u00a0<strong>PL10<\/strong>.<\/li>\n<li>Accesorios de instalaci\u00f3n.<\/li>\n<li>Llaves mec\u00e1nicas para apertura tradicional.<\/li>\n<\/ul>\n<\/div>\n<\/div>\n","protected":false},"excerpt":{"rendered":"<p>Descripci\u00f3n La cerradura\u00a0PL10\u00a0aut\u00f3noma cuenta con tecnolog\u00eda para verificar mediante huella dactilar. Su dise\u00f1o permite reemplazar tu cerradura tradicional con est\u00e1ndar americano de manera f\u00e1cil y r\u00e1pida. Funci\u00f3n Dise\u00f1o compacto, resistente y elegante. Est\u00e1ndar americano de un pestillo para una sencilla instalaci\u00f3n y reemplazo. Apertura de&hellip;<\/p>\n","protected":false},"featured_media":8143,"comment_status":"open","ping_status":"closed","template":"","meta":{"om_disable_all_campaigns":false,"_monsterinsights_skip_tracking":false,"_monsterinsights_sitenote_active":false,"_monsterinsights_sitenote_note":"","_monsterinsights_sitenote_category":0},"product_brand":[],"product_cat":[750],"product_tag":[81,727,730,66,731,728,729],"class_list":{"0":"post-8144","1":"product","2":"type-product","3":"status-publish","4":"has-post-thumbnail","6":"product_cat-inteligente-cerraduras-zkteco-acceso-asistencia","7":"product_tag-acceso-y-asistencia","8":"product_tag-cerraduras","9":"product_tag-commax-wulian","10":"product_tag-dahua","11":"product_tag-wejoin","12":"product_tag-yli","13":"product_tag-zkteco","15":"first","16":"instock","17":"sale","18":"taxable","19":"shipping-taxable","20":"purchasable","21":"product-type-simple"},"aioseo_notices":[],"_links":{"self":[{"href":"https:\/\/tecsecmty.com\/index.php\/wp-json\/wp\/v2\/product\/8144","targetHints":{"allow":["GET"]}}],"collection":[{"href":"https:\/\/tecsecmty.com\/index.php\/wp-json\/wp\/v2\/product"}],"about":[{"href":"https:\/\/tecsecmty.com\/index.php\/wp-json\/wp\/v2\/types\/product"}],"replies":[{"embeddable":true,"href":"https:\/\/tecsecmty.com\/index.php\/wp-json\/wp\/v2\/comments?post=8144"}],"version-history":[{"count":0,"href":"https:\/\/tecsecmty.com\/index.php\/wp-json\/wp\/v2\/product\/8144\/revisions"}],"wp:featuredmedia":[{"embeddable":true,"href":"https:\/\/tecsecmty.com\/index.php\/wp-json\/wp\/v2\/media\/8143"}],"wp:attachment":[{"href":"https:\/\/tecsecmty.com\/index.php\/wp-json\/wp\/v2\/media?parent=8144"}],"wp:term":[{"taxonomy":"product_brand","embeddable":true,"href":"https:\/\/tecsecmty.com\/index.php\/wp-json\/wp\/v2\/product_brand?post=8144"},{"taxonomy":"product_cat","embeddable":true,"href":"https:\/\/tecsecmty.com\/index.php\/wp-json\/wp\/v2\/product_cat?post=8144"},{"taxonomy":"product_tag","embeddable":true,"href":"https:\/\/tecsecmty.com\/index.php\/wp-json\/wp\/v2\/product_tag?post=8144"}],"curies":[{"name":"wp","href":"https:\/\/api.w.org\/{rel}","templated":true}]}}