{"id":8146,"date":"2023-02-23T22:18:20","date_gmt":"2023-02-24T04:18:20","guid":{"rendered":"https:\/\/tecsecmty.com\/index.php\/producto\/zkteco-tl300b-cerradura-inteligente-con-bluetooth-100-huellas-100-tarjetas-100-password-izquierda-y-derecha\/"},"modified":"2023-03-22T23:25:33","modified_gmt":"2023-03-23T05:25:33","slug":"zkteco-tl300b-cerradura-inteligente-con-bluetooth-100-huellas-100-tarjetas-100-password-izquierda-y-derecha","status":"publish","type":"product","link":"https:\/\/tecsecmty.com\/index.php\/producto\/zkteco-tl300b-cerradura-inteligente-con-bluetooth-100-huellas-100-tarjetas-100-password-izquierda-y-derecha\/","title":{"rendered":"ZKTECO TL300B &#8211; Cerradura inteligente con bluetooth \/ 100 huellas \/ 100 tarjetas \/ 100 password \/ Izquierda y Derecha"},"content":{"rendered":"<div class=\"row aling-items-center padding-bottom-2x\">\n<div class=\"col-lg-12\">\n<h5 class=\"card-title text-center\">Descripci\u00f3n<\/h5>\n<p class=\"ql-align-justify\"><strong>TL300B<\/strong>\u00a0es una cerradura de huella digital con gu\u00eda por medio de voz lo que permite un manejo m\u00e1s r\u00e1pido y sencillo. La cerradura es considerada anti-robo ya que cuenta con un pestillo y dos cerrojos de seguridad, que permiten al usuario bloquear la puerta tanto desde el exterior como del interior, lo que proporciona alta seguridad al hogar.<\/p>\n<p class=\"ql-align-justify\"><strong>TL300B<\/strong>\u00a0cuenta con diferentes m\u00e9todos para realizar la apertura como huella digital, contrase\u00f1a, tarjeta y llave.<\/p>\n<p><img decoding=\"async\" class=\"overview-center-img-web\" src=\"https:\/\/tvc.mx\/media\/474840\/Cerradura-inteligente-inalambrica-TL300B-ZKT-TVC-01.png\" alt=\"\" \/><\/div>\n<\/div>\n<div class=\"row align-items-center padding-bottom-2x\">\n<div class=\"col-md-5 order-md-2\"><img decoding=\"async\" class=\"d-block m-auto img-thumbnail\" src=\"https:\/\/tvc.mx\/media\/362583\/Cerradura-inteligente-inalambrica-TL300B-ZKT-TVC-O6.png\" alt=\" \" \/><\/div>\n<div class=\"col-md-7 order-md-1 text-md-left text-center\">\n<h2>Funci\u00f3n<\/h2>\n<p class=\"text-muted\">\n<ul>\n<li><strong>Gu\u00eda de Voz:\u00a0<\/strong>F\u00e1cil de operar; apoyo ingl\u00e9s, espa\u00f1ol y portugu\u00e9s<\/li>\n<li><strong>Bajo consumo de energ\u00eda:\u00a0<\/strong>Su hardware permite hasta 3 a\u00f1os de duraci\u00f3n en bater\u00eda.<\/li>\n<li><strong>Administraci\u00f3n desde m\u00f3vil:\u00a0<\/strong>Administre su bloqueo con aplicaci\u00f3n ZK SmartKey.<\/li>\n<li><strong>Modo de bloqueo:\u00a0<\/strong>Todos los usuarios normales (excepto el administrador) ser\u00e1n bloqueados.<\/li>\n<li><strong>Dise\u00f1o reversible:\u00a0<\/strong>Apta para todas las direcciones de apertura de puertas.<\/li>\n<li><strong>Tipo:\u00a0<\/strong>Cerradura inteligente, antivand\u00e1lica.<\/li>\n<li><strong>Panel:\u00a0<\/strong>Teclado touch con vidrio templado.<\/li>\n<li><strong>Gu\u00eda de voz:\u00a0<\/strong>Permite una operaci\u00f3n m\u00e1s sencilla.<\/li>\n<li><strong>Seguridad de contrase\u00f1a:\u00a0<\/strong>Permite ser aleatoria para aumentar la seguridad.<\/li>\n<li><strong>Iluminaci\u00f3n:\u00a0<\/strong>Teclado retroiluminado para uso en ambientes oscuros.<\/li>\n<li><strong>Cuatro formas de desbloqueo:\u00a0<\/strong>huella, contrase\u00f1a, tarjeta y llave.<\/li>\n<li><strong>Manija:\u00a0<\/strong>Dise\u00f1o de manija inactiva que evita la entrada por la fuerza.<\/li>\n<li><strong>Tipo de bloqueo:\u00a0<\/strong>La manija gira hacia arriba para bloquear el cerrojo.<\/li>\n<li><strong>Apertura de emergencia:\u00a0<\/strong>Por medio de llave (oculta) o bater\u00eda de 9v.<\/li>\n<\/ul>\n<p>&nbsp;<\/p>\n<\/div>\n<\/div>\n<hr class=\"padding-bottom-2x\" \/>\n<div class=\"row align-items-center padding-bottom-2x\">\n<div class=\"col-md-5 order-md-2\"><img decoding=\"async\" class=\"d-block m-auto img-thumbnail\" src=\"https:\/\/tvc.mx\/media\/362587\/Cerradura-inteligente-inalambrica-TL300B-ZKT-TVC-O5.png\" alt=\" \" \/><\/div>\n<div class=\"col-md-7 order-md-1 text-md-left text-center\">\n<h2>Especificaciones t\u00e9cnicas<\/h2>\n<p class=\"text-muted\">\n<ul>\n<li>Material: Aleaci\u00f3n de zinc.<\/li>\n<li>Capacidad total de usuarios: 100.<\/li>\n<li>Comunicaci\u00f3n: BLE4.0.<\/li>\n<li>Sensor de huellas dactilares: Semiconductor (silicio).<\/li>\n<li>Lector de tarjetas: Compatible con tarjeta Mifare.<\/li>\n<li>Idioma: Ingl\u00e9s \/ Espa\u00f1ol \/ Portugu\u00e9s.<\/li>\n<li>Fuente de alimentaci\u00f3n: 8 pilas alcalinas AA (no incluidas).<\/li>\n<li>Temperatura: -20 \u00b0C a 55 \u00b0C.<\/li>\n<li>Grosor de la puerta: 38 &#8211; 60 mm (est\u00e1ndar).<\/li>\n<li>Dimensiones: Frente: A78 * L 340 * P31 (mm) Atr\u00e1s: 78 * 340 * 27 (mm).<\/li>\n<\/ul>\n<p>&nbsp;<\/p>\n<\/div>\n<\/div>\n<hr class=\"padding-bottom-2x\" \/>\n<div class=\"row aling-items-center padding-bottom-2x\">\n<div class=\"col-lg-12\">\n<h5 class=\"card-title text-center\">Verificaci\u00f3n en direcci\u00f3n de apertura<\/h5>\n<p>La cerradura\u00a0<strong>TL300B<\/strong>\u00a0tiene la bondad de ser instalada en cualquier direcci\u00f3n de apertura.<\/p>\n<p><img decoding=\"async\" class=\"overview-center-img-web\" src=\"https:\/\/tvc.mx\/media\/362559\/Cerradura-inteligente-inalambrica-TL300B-ZKT-TVC-O2.png\" alt=\"\" \/><\/div>\n<\/div>\n<div class=\"row aling-items-center padding-bottom-2x\">\n<div class=\"col-lg-12\">\n<h5 class=\"card-title text-center\">Direcci\u00f3n del mango<\/h5>\n<p>Nuestra cerradura\u00a0<strong>TL300B<\/strong>\u00a0permite un cambio de direcci\u00f3n f\u00e1cil, adapt\u00e1ndose a cualquier direcci\u00f3n de apertura ya sea izquierda o derecha.<\/p>\n<p><img decoding=\"async\" class=\"overview-center-img-web\" src=\"https:\/\/tvc.mx\/media\/362579\/Cerradura-inteligente-inalambrica-TL300B-ZKT-TVC-O4.png\" alt=\"\" \/><\/div>\n<\/div>\n<div class=\"row align-items-center padding-bottom-2x\">\n<div class=\"col-md-5\"><img decoding=\"async\" class=\"d-block m-auto img-thumbnail\" src=\"https:\/\/tvc.mx\/media\/362563\/Cerradura-inteligente-inalambrica-TL300B-ZKT-TVC-O3.1.png\" alt=\" \" \/><\/div>\n<div class=\"col-md-7 text-md-left text-center\">\n<h2>Apertura mediante llave<\/h2>\n<p class=\"text-muted\">\n<p>La cerradura\u00a0<strong>TL300B<\/strong>\u00a0incluye un par de llaves mec\u00e1nicas para realizar aperturas de forma tradicional, solo giramos a 90\u00b0 la llave y jalamos hacia abajo el mango de la cerradura para hacer la apertura.<\/p>\n<p>&nbsp;<\/p>\n<\/div>\n<\/div>\n<hr class=\"padding-bottom-2x\" \/>\n<div class=\"row align-items-center padding-bottom-2x\">\n<div class=\"col-md-5 order-md-2\"><img decoding=\"async\" class=\"d-block m-auto img-thumbnail\" src=\"https:\/\/tvc.mx\/media\/363043\/Cerradura-inteligente-inalambrica-TL300B-ZKT-TVC-O7.png\" alt=\" \" \/><\/div>\n<div class=\"col-md-7 order-md-1 text-md-left text-center\">\n<h2>Aplicaci\u00f3n compatible iOS\/Android<\/h2>\n<p class=\"text-muted\">\n<p>La aplicaci\u00f3n\u00a0<strong>SmartKey<\/strong>\u00a0de ZKT es un software de gesti\u00f3n de cerraduras de puertas para dispositivos m\u00f3viles, que es compatible con tel\u00e9fonos Apple y Android.\u00a0Se utiliza para abrir puertas con tel\u00e9fonos m\u00f3viles, gesti\u00f3n de usuarios m\u00f3viles y revisi\u00f3n de informaci\u00f3n de usuarios, etc.<\/p>\n<p>&nbsp;<\/p>\n<\/div>\n<\/div>\n<hr class=\"padding-bottom-2x\" \/>\n<div class=\"row align-items-center padding-bottom-2x\">\n<div class=\"col-md-5 order-md-2\"><img decoding=\"async\" class=\"d-block m-auto img-thumbnail\" src=\"https:\/\/tvc.mx\/media\/560599\/Cerradura-inteligente-inalambrica-TL300B-ZKT-TVC-07.png\" alt=\" \" \/><\/div>\n<div class=\"col-md-7 order-md-1 text-md-left text-center\">\n<h2>Incluye<\/h2>\n<p class=\"text-muted\">\n<ul>\n<li>Cerradura TL300B.<\/li>\n<li>Accesorios de instalaci\u00f3n.<\/li>\n<li>5 Llaves mec\u00e1nicas para apertura tradicional.<\/li>\n<li>2 llaveros de tag MIFARE.<\/li>\n<li>Plantilla de instalaci\u00f3n.<\/li>\n<li>Manual de instalaci\u00f3n.<\/li>\n<\/ul>\n<\/div>\n<\/div>\n","protected":false},"excerpt":{"rendered":"<p>Descripci\u00f3n TL300B\u00a0es una cerradura de huella digital con gu\u00eda por medio de voz lo que permite un manejo m\u00e1s r\u00e1pido y sencillo. La cerradura es considerada anti-robo ya que cuenta con un pestillo y dos cerrojos de seguridad, que permiten al usuario bloquear la puerta&hellip;<\/p>\n","protected":false},"featured_media":8145,"comment_status":"open","ping_status":"closed","template":"","meta":{"om_disable_all_campaigns":false,"_monsterinsights_skip_tracking":false,"_monsterinsights_sitenote_active":false,"_monsterinsights_sitenote_note":"","_monsterinsights_sitenote_category":0},"product_brand":[],"product_cat":[750],"product_tag":[81,727,730,66,731,728,729],"class_list":{"0":"post-8146","1":"product","2":"type-product","3":"status-publish","4":"has-post-thumbnail","6":"product_cat-inteligente-cerraduras-zkteco-acceso-asistencia","7":"product_tag-acceso-y-asistencia","8":"product_tag-cerraduras","9":"product_tag-commax-wulian","10":"product_tag-dahua","11":"product_tag-wejoin","12":"product_tag-yli","13":"product_tag-zkteco","15":"first","16":"instock","17":"sale","18":"taxable","19":"shipping-taxable","20":"purchasable","21":"product-type-simple"},"aioseo_notices":[],"_links":{"self":[{"href":"https:\/\/tecsecmty.com\/index.php\/wp-json\/wp\/v2\/product\/8146","targetHints":{"allow":["GET"]}}],"collection":[{"href":"https:\/\/tecsecmty.com\/index.php\/wp-json\/wp\/v2\/product"}],"about":[{"href":"https:\/\/tecsecmty.com\/index.php\/wp-json\/wp\/v2\/types\/product"}],"replies":[{"embeddable":true,"href":"https:\/\/tecsecmty.com\/index.php\/wp-json\/wp\/v2\/comments?post=8146"}],"version-history":[{"count":0,"href":"https:\/\/tecsecmty.com\/index.php\/wp-json\/wp\/v2\/product\/8146\/revisions"}],"wp:featuredmedia":[{"embeddable":true,"href":"https:\/\/tecsecmty.com\/index.php\/wp-json\/wp\/v2\/media\/8145"}],"wp:attachment":[{"href":"https:\/\/tecsecmty.com\/index.php\/wp-json\/wp\/v2\/media?parent=8146"}],"wp:term":[{"taxonomy":"product_brand","embeddable":true,"href":"https:\/\/tecsecmty.com\/index.php\/wp-json\/wp\/v2\/product_brand?post=8146"},{"taxonomy":"product_cat","embeddable":true,"href":"https:\/\/tecsecmty.com\/index.php\/wp-json\/wp\/v2\/product_cat?post=8146"},{"taxonomy":"product_tag","embeddable":true,"href":"https:\/\/tecsecmty.com\/index.php\/wp-json\/wp\/v2\/product_tag?post=8146"}],"curies":[{"name":"wp","href":"https:\/\/api.w.org\/{rel}","templated":true}]}}