{"id":8156,"date":"2023-02-23T22:18:30","date_gmt":"2023-02-24T04:18:30","guid":{"rendered":"https:\/\/tecsecmty.com\/index.php\/producto\/yli-ym180ndled-chapa-magnetica-doble-de-750-lbs-de-sujecion-total-con-indicador-led-voltaje-de-12vdc-nc-y-no-compatible-con-soporte-yli-mbk180nlc-y-yli-mbk180ndzl\/"},"modified":"2023-03-22T23:25:04","modified_gmt":"2023-03-23T05:25:04","slug":"yli-ym180ndled-chapa-magnetica-doble-de-750-lbs-de-sujecion-total-con-indicador-led-voltaje-de-12vdc-nc-y-no-compatible-con-soporte-yli-mbk180nlc-y-yli-mbk180ndzl","status":"publish","type":"product","link":"https:\/\/tecsecmty.com\/index.php\/producto\/yli-ym180ndled-chapa-magnetica-doble-de-750-lbs-de-sujecion-total-con-indicador-led-voltaje-de-12vdc-nc-y-no-compatible-con-soporte-yli-mbk180nlc-y-yli-mbk180ndzl\/","title":{"rendered":"YLI YM180NDLED &#8211; Chapa magn\u00e9tica doble de 750 lbs de sujeci\u00f3n total con indicador LED\/ voltaje de 12VDC \/ NC y NO \/ Compatible con soporte YLI MBK180NLC y YLI MBK180NDZL"},"content":{"rendered":"<div class=\"row aling-items-center padding-bottom-2x\">\n<div class=\"col-lg-12\">\n<h5 class=\"card-title text-center\">Descripci\u00f3n general<\/h5>\n<p><strong>Cerradura magn\u00e9tica de doble puerta con una se\u00f1al de salida luz LED<\/strong><\/p>\n<p class=\"ql-align-justify\">La cerradura magn\u00e9tica de doble puerta montada en la superficie YM-180ND (LED) con salida de se\u00f1al est\u00e1 dise\u00f1ada para puertas de vidrio en general, puertas de madera, puertas cortafuegos, puertas corredizas, y hay un contacto NO \/ NC \/ COM para la salida de se\u00f1al de estado de la cerradura. Las puertas, las puertas de vidrio sin marco, los marcos estrechos, etc. est\u00e1n equipados con accesorios. El dise\u00f1o magn\u00e9tico antirresidual especial hace que la automatizaci\u00f3n del control de acceso sea m\u00e1s segura.<\/p>\n<p><img decoding=\"async\" class=\"overview-center-img-web\" src=\"https:\/\/tvc.mx\/media\/80092\/YLI0850001-1.jpg\" alt=\"\" \/><\/div>\n<\/div>\n<div class=\"row align-items-center padding-bottom-2x\">\n<div class=\"col-md-5\"><img decoding=\"async\" class=\"d-block m-auto img-thumbnail\" src=\"https:\/\/tvc.mx\/media\/80096\/YLI0850001-2.jpg\" alt=\" \" \/><\/div>\n<div class=\"col-md-7 text-md-left text-center\">\n<h2>Ventajas de uso<\/h2>\n<p class=\"text-muted\">\n<p class=\"ql-align-justify\">180kg (350Lbs) La tensi\u00f3n lineal est\u00e1tica X2 se puede configurar por s\u00ed sola 12VDC o 24VDC El voltaje est\u00e1ndar de f\u00e1brica se establece en 12VDC. Dispositivo de protecci\u00f3n de corriente inversa (MOV) incorporado. Salida de se\u00f1al de estado de bloqueo (NO, NC, COM)<\/p>\n<p class=\"ql-align-justify\">Adecuado para puertas de madera, puertas de vidrio, metal puertas contra incendios de dise\u00f1o magn\u00e9tico residual anti, de selecci\u00f3n de anti-desgaste del material c\u00e1scara de la aleaci\u00f3n de aluminio con alta resistencia, anodizado cerradura magn\u00e9tica sin fallo mec\u00e1nico, completa con el trabajo electromagn\u00e9tica de succi\u00f3n para aumentar la succi\u00f3n electromagn\u00e9tica, dise\u00f1o profesional, el bloqueo doble aislamiento\u00a0del producto por Certificado CE de la UE y MA de China.<\/p>\n<p>&nbsp;<\/p>\n<\/div>\n<\/div>\n<hr class=\"padding-bottom-2x\" \/>\n<div class=\"row align-items-center padding-bottom-2x\">\n<div class=\"col-md-5 order-md-2\"><img decoding=\"async\" class=\"d-block m-auto img-thumbnail\" src=\"https:\/\/tvc.mx\/media\/80100\/YLI0850001-3.jpg\" alt=\" \" \/><\/div>\n<div class=\"col-md-7 order-md-1 text-md-left text-center\">\n<h2>Especificaciones<\/h2>\n<p class=\"text-muted\">\n<ul>\n<li>Par\u00e1metros del producto Descripci\u00f3n del par\u00e1metro<\/li>\n<li>Tama\u00f1o del cuerpo de la cerradura Longitud 390x ancho 42.8x espesor 22.4 (mm)<\/li>\n<li>Tama\u00f1o de la placa de succi\u00f3n 130 x ancho 32 x altura 10 (mm)<\/li>\n<li>Fuerza de tracci\u00f3n 180 kg (350 lb) de tensi\u00f3n recta X 2<\/li>\n<li>Voltaje de entrada DC12V (DC24V ajustable)<\/li>\n<li>Corriente de trabajo 12V \/ 400mA (\u00b1 10%) X 2; 24V \/ 200mA (\u00b1 10%) X 2<\/li>\n<li>Salida de se\u00f1al de bloqueo Salida de se\u00f1al de estado de bloqueo contacto NA \/ NC \/ COM<\/li>\n<li>Pantalla LED Luz verde (estado de puerta abierta); luz roja (estado bloqueado)<\/li>\n<li>Tipo de puerta aplicable Puerta de madera, puerta de vidrio, puerta de metal, puerta cortafuego<\/li>\n<li>Temperatura de la superficie Por debajo de la temperatura ambiente + 20 \u2103<\/li>\n<li>Temperatura aplicable -20 \u2103 ~ + 55 \u2103 (-4\u2014131 \u00b0 F)<\/li>\n<li>Humedad aplicable Protecci\u00f3n del medio ambiente galvanizado 0 ~ 90% de humedad relativa<\/li>\n<li>Procesamiento de Shell Recubrimiento anodizado<\/li>\n<li>Peso del producto 2,4 kg<\/li>\n<\/ul>\n<\/div>\n<\/div>\n","protected":false},"excerpt":{"rendered":"<p>Descripci\u00f3n general Cerradura magn\u00e9tica de doble puerta con una se\u00f1al de salida luz LED La cerradura magn\u00e9tica de doble puerta montada en la superficie YM-180ND (LED) con salida de se\u00f1al est\u00e1 dise\u00f1ada para puertas de vidrio en general, puertas de madera, puertas cortafuegos, puertas corredizas,&hellip;<\/p>\n","protected":false},"featured_media":8155,"comment_status":"open","ping_status":"closed","template":"","meta":{"om_disable_all_campaigns":false,"_monsterinsights_skip_tracking":false,"_monsterinsights_sitenote_active":false,"_monsterinsights_sitenote_note":"","_monsterinsights_sitenote_category":0},"product_brand":[],"product_cat":[752],"product_tag":[81,727,730,66,731,728,729],"class_list":{"0":"post-8156","1":"product","2":"type-product","3":"status-publish","4":"has-post-thumbnail","6":"product_cat-magnetica-cerraduras-yli-acceso-asistencia","7":"product_tag-acceso-y-asistencia","8":"product_tag-cerraduras","9":"product_tag-commax-wulian","10":"product_tag-dahua","11":"product_tag-wejoin","12":"product_tag-yli","13":"product_tag-zkteco","15":"first","16":"instock","17":"sale","18":"taxable","19":"shipping-taxable","20":"purchasable","21":"product-type-simple"},"aioseo_notices":[],"_links":{"self":[{"href":"https:\/\/tecsecmty.com\/index.php\/wp-json\/wp\/v2\/product\/8156","targetHints":{"allow":["GET"]}}],"collection":[{"href":"https:\/\/tecsecmty.com\/index.php\/wp-json\/wp\/v2\/product"}],"about":[{"href":"https:\/\/tecsecmty.com\/index.php\/wp-json\/wp\/v2\/types\/product"}],"replies":[{"embeddable":true,"href":"https:\/\/tecsecmty.com\/index.php\/wp-json\/wp\/v2\/comments?post=8156"}],"version-history":[{"count":0,"href":"https:\/\/tecsecmty.com\/index.php\/wp-json\/wp\/v2\/product\/8156\/revisions"}],"wp:featuredmedia":[{"embeddable":true,"href":"https:\/\/tecsecmty.com\/index.php\/wp-json\/wp\/v2\/media\/8155"}],"wp:attachment":[{"href":"https:\/\/tecsecmty.com\/index.php\/wp-json\/wp\/v2\/media?parent=8156"}],"wp:term":[{"taxonomy":"product_brand","embeddable":true,"href":"https:\/\/tecsecmty.com\/index.php\/wp-json\/wp\/v2\/product_brand?post=8156"},{"taxonomy":"product_cat","embeddable":true,"href":"https:\/\/tecsecmty.com\/index.php\/wp-json\/wp\/v2\/product_cat?post=8156"},{"taxonomy":"product_tag","embeddable":true,"href":"https:\/\/tecsecmty.com\/index.php\/wp-json\/wp\/v2\/product_tag?post=8156"}],"curies":[{"name":"wp","href":"https:\/\/api.w.org\/{rel}","templated":true}]}}