{"id":816,"date":"2023-02-15T23:19:09","date_gmt":"2023-02-15T23:19:09","guid":{"rendered":"https:\/\/tecsecmty.com\/index.php\/producto\/turret-turbohd-2-megapixeles-1080p-imagen-a-color-24-7-lente-2-8-mm-luz-blanca-20-mts-exterior-ip67-wdr-130db-sensor-pir-sirena-integrada-estrobo-rojo-azul-micrufono-integrado\/"},"modified":"2023-03-22T23:20:41","modified_gmt":"2023-03-23T05:20:41","slug":"turret-turbohd-2-megapixeles-1080p-imagen-a-color-24-7-lente-2-8-mm-luz-blanca-20-mts-exterior-ip67-wdr-130db-sensor-pir-sirena-integrada-estrobo-rojo-azul-microfono-integrado","status":"publish","type":"product","link":"https:\/\/tecsecmty.com\/index.php\/producto\/turret-turbohd-2-megapixeles-1080p-imagen-a-color-24-7-lente-2-8-mm-luz-blanca-20-mts-exterior-ip67-wdr-130db-sensor-pir-sirena-integrada-estrobo-rojo-azul-microfono-integrado\/","title":{"rendered":"Turret TURBOHD 2 Megapixeles (1080p) \/ Imagen a color 24\/7 \/ Lente 2.8 mm \/ Luz Blanca 20 mts \/ Exterior IP67 \/ WDR 130dB \/ Sensor PIR \/ Sirena Integrada \/ Estrobo ROJO &#8211; AZUL \/ Microfono Integrado"},"content":{"rendered":"<div class=\"container\">\n<div class=\"row\">\n<div class=\"col-md-12\">\n<div class=\"row\">\n<div class=\"row\">\n<div class=\"col-md-12\">\n<h4 class=\"text-primary center info-text\">Informaci\u00f3n de Producto<\/h4>\n<\/div>\n<\/div>\n<div class=\"row\">\n<div class=\"col-md-12\">\n<h3>Turret TURBOHD 2 Megapixeles (1080p) \/ Imagen a color 24\/7 \/ Lente 2.8 mm \/ Luz Blanca 20 mts \/ Exterior IP67 \/ WDR 130dB \/ Sensor PIR \/ Sirena Integrada \/ Estrobo ROJO &#8211; AZUL \/ Micr\u00f3fono Integrado<\/h3>\n<\/div>\n<\/div>\n<div id=\"producto_container\" class=\"row\">\n<div class=\"col-md-4\">\n<p><img decoding=\"async\" class=\"img-responsive center-block\" src=\"https:\/\/ftp3.syscom.mx\/usuarios\/fotos\/BancoFotografiasSyscom\/HIKVISION\/DS2CE72DF3TPIRXOS\/DS2CE72DF3TPIRXOS-p.PNG\" alt=\"DS-2CE72DF3T-PIRXOS\" \/><\/p>\n<div class=\"row\">\n<div id=\"galerias\" class=\"col-sm-12\"><\/div>\n<\/div>\n<\/div>\n<div class=\"col-md-4\">\n<div><img decoding=\"async\" class=\"img-responsive img-thumbnail\" src=\"https:\/\/ftp3.syscom.mx\/usuarios\/fotos\/logotipos\/hikvision.png\" \/><\/div>\n<div><img decoding=\"async\" class=\"icono_info_product\" src=\"https:\/\/ftp3.syscom.mx\/cdn-cgi\/image\/format=auto,width=75\/usuarios\/ftp\/syscom_mx\/6-14-2-17-sirena-integrada.png\" \/><img decoding=\"async\" class=\"icono_info_product\" src=\"https:\/\/ftp3.syscom.mx\/cdn-cgi\/image\/format=auto,width=75\/usuarios\/fotos\/colorvu1.png\" \/><img decoding=\"async\" class=\"icono_info_product\" src=\"https:\/\/ftp3.syscom.mx\/cdn-cgi\/image\/format=auto,width=75\/usuarios\/ftp\/syscom_mx\/1-10-45-7-estrobo.png?v=1586970620\" \/><\/div>\n<div>\n<p>Modelo:\u00a0<span class=\"modelo-marca\">DS-2CE72DF3T-PIRXOS<\/span><\/p>\n<p>Marca:\u00a0<span class=\"modelo-marca\">HIKVISION<\/span><\/p>\n<\/div>\n<\/div>\n<\/div>\n<\/div>\n<div class=\"row \">\n<div class=\"col-md-12\">\n<div class=\"row\">\n<h3 class=\"text-primary\">Especificaciones:<\/h3>\n<\/div>\n<div class=\"row well\">\n<p><img decoding=\"async\" src=\"https:\/\/www.google.com\/url?q=https:\/\/ftp3.syscom.mx\/usuarios\/jsosa\/banners\/colorvu-2.jpg&amp;sa=D&amp;source=hangouts&amp;ust=1576162823022000&amp;usg=AFQjCNF9asAF45aLr0ovSlEyB7ECI1mBOw\" alt=\"\" \/><img decoding=\"async\" src=\"https:\/\/ftp3.syscom.mx\/usuarios\/xguereque\/Imagenes\/hikvision\/colorvu-2.jpg\" alt=\"\" width=\"100%\" \/><\/p>\n<p>&nbsp;<\/p>\n<p>&nbsp;<\/p>\n<div class=\"row\">\n<div class=\"col-sm-6 col-md-4\">\n<div class=\"embed-responsive embed-responsive-16by9\">\n<p><a href=\"https:\/\/ftp3.syscom.mx\/usuarios\/jsosa\/HIKVISION\/imagenes\/colorvu\/1.png\"><img decoding=\"async\" class=\"fr-fic fr-dii\" src=\"https:\/\/ftp3.syscom.mx\/usuarios\/jsosa\/HIKVISION\/imagenes\/colorvu\/1.png\" height=\"236\" \/><\/a><\/p>\n<\/div>\n<\/div>\n<div class=\"col-sm-6 col-md-4\">\n<div class=\"embed-responsive embed-responsive-16by9\">\n<p><a href=\"https:\/\/ftp3.syscom.mx\/usuarios\/jsosa\/HIKVISION\/imagenes\/colorvu\/4.png\"><img decoding=\"async\" class=\"fr-fic fr-dii\" src=\"https:\/\/ftp3.syscom.mx\/usuarios\/jsosa\/HIKVISION\/imagenes\/colorvu\/4.png\" height=\"236\" \/><\/a><\/p>\n<\/div>\n<\/div>\n<div class=\"col-sm-6 col-md-4\">\n<div class=\"embed-responsive embed-responsive-16by9\">\n<p><a href=\"https:\/\/ftp3.syscom.mx\/usuarios\/jsosa\/HIKVISION\/imagenes\/colorvu\/3.png\"><img decoding=\"async\" class=\"fr-fic fr-dii\" src=\"https:\/\/ftp3.syscom.mx\/usuarios\/jsosa\/HIKVISION\/imagenes\/colorvu\/3.png\" height=\"236\" \/><\/a><\/p>\n<\/div>\n<\/div>\n<\/div>\n<p>&nbsp;<\/p>\n<div class=\"row\">\n<div class=\"col-sm-6 col-md-4\">\n<div class=\"embed-responsive embed-responsive-16by9\">\n<p><a href=\"https:\/\/ftp3.syscom.mx\/usuarios\/jsosa\/HIKVISION\/imagenes\/colorvu\/2.png\"><img decoding=\"async\" class=\"fr-fic fr-dii\" src=\"https:\/\/ftp3.syscom.mx\/usuarios\/jsosa\/HIKVISION\/imagenes\/colorvu\/2.png\" height=\"236\" \/><\/a><\/p>\n<\/div>\n<\/div>\n<div class=\"col-sm-6 col-md-4\">\n<div class=\"embed-responsive embed-responsive-16by9\">\n<p><a href=\"https:\/\/ftp3.syscom.mx\/usuarios\/jsosa\/HIKVISION\/imagenes\/colorvu\/5.png\"><img decoding=\"async\" class=\"fr-fic fr-dii\" src=\"https:\/\/ftp3.syscom.mx\/usuarios\/jsosa\/HIKVISION\/imagenes\/colorvu\/5.png\" height=\"236\" \/><\/a><\/p>\n<\/div>\n<\/div>\n<div class=\"col-sm-6 col-md-4\">\n<div class=\"embed-responsive embed-responsive-16by9\">\n<p><a href=\"https:\/\/ftp3.syscom.mx\/usuarios\/jsosa\/HIKVISION\/imagenes\/colorvu\/6.png\"><img decoding=\"async\" class=\"fr-fic fr-dii\" src=\"https:\/\/ftp3.syscom.mx\/usuarios\/jsosa\/HIKVISION\/imagenes\/colorvu\/6.png\" height=\"236\" \/><\/a><\/p>\n<\/div>\n<\/div>\n<\/div>\n<div class=\"row\">\n<p>&nbsp;<\/p>\n<p><strong>Audio, Video y Datos por el Mismo Cable<\/strong><\/p>\n<p><img decoding=\"async\" class=\"fr-fic fr-dii\" src=\"https:\/\/ftp3.syscom.mx\/usuarios\/jsosa\/HIKVISION\/imagenes\/coaxitron\/coaxitron.jpg\" \/><\/p>\n<p>&nbsp;<\/p>\n<div class=\"row\">\n<div class=\"col-sm-4\">\n<div>\n<p><strong>Caracter\u00edsticas principales:<\/strong><\/p>\n<ul>\n<li>Resoluci\u00f3n M\u00e1xima 2 Megapixel (1920 x 1080)<\/li>\n<li>Iluminaci\u00f3n minima: 0.0005 Lux @ (F1.0, AGC ON, 0 Lux con IR)<\/li>\n<li>Lente fijo: 2.8 mm (\u00e1ngulo de apertura 98\u00b0)<\/li>\n<li>20 Metros de luz blanca (ayuda a iluminar el sitio para mantener la imagen siempre a color).<\/li>\n<li>WDR de 130dB<\/li>\n<li>Funciones: BLC \/ HLC \/ Global \/ HLS \/ 3D DNR \/ Mirror.<\/li>\n<li><strong>Sensor PIR integrado para evitar falsas alarmas por movimiento.<\/strong><\/li>\n<li><strong>Rango del sensor PIR: \u00e1ngulo 110\u00ba, rango 11 mts.<\/strong><\/li>\n<li><strong>Luz blanca integrada que se activa cuando el sensor PIR detecte movimiento.<\/strong><\/li>\n<li><strong>Sirena integrada para alertar (93.5 dB a 1 metro de distancia).<\/strong><\/li>\n<li><strong>Salida de audio en c\u00e1mara para conectar una bocina preamplificada<\/strong><\/li>\n<li><strong>Estrobo color rojo y azul para alertar.<\/strong><\/li>\n<li><strong>Micr\u00f3fono integrado.\u00a0<\/strong><\/li>\n<li><strong>Audio de alerta personalizable video demostrativo\u00a0<a href=\"https:\/\/soporte.syscom.mx\/es\/articles\/5345148-hikvision-configuracion-de-audio-personalizado-en-camaras-pirxos\" target=\"_blank\" rel=\"noopener\">aqu\u00ed<\/a><\/strong><strong>\u00a0\/ Clic\u00a0<a href=\"https:\/\/soporte.syscom.mx\/es\/articles\/5388108-hikvision-configuracion-de-audio-personalizado-camaras-df3\" target=\"_blank\" rel=\"noopener\">aqu\u00ed<\/a>\u00a0gu\u00eda de configuraci\u00f3n<br \/>\nEste modelo NO tiene salida de alarma<\/strong><\/li>\n<\/ul>\n<p><strong>Accesorios:<\/strong><\/p>\n<ul>\n<li><strong>Caja de conexiones, modelo:\u00a0<\/strong><a href=\"https:\/\/www.syscom.mx\/producto\/DS-1280ZJ-S-HIKVISION-84927.html\">DS-1280ZJ-S\u00a0<\/a><\/li>\n<li><strong>Montaje de techo inclinado, modelo:\u00a0<\/strong><a href=\"https:\/\/www.syscom.mx\/producto\/DS-1281ZJ-S-HIKVISION-93443.html\">DS-1281ZJ-S\u00a0<\/a><\/li>\n<li><strong>Montaje de pared, modelo:\u00a0<\/strong><a href=\"https:\/\/www.syscom.mx\/producto\/DS-1272ZJ-110-TRS-HIKVISION-139817.html\">DS-1272ZJ-110-TRS\u00a0<\/a><\/li>\n<li><strong>Montaje de poste vertical, modelo:\u00a0<\/strong><a href=\"https:\/\/www.syscom.mx\/producto\/DS-1275ZJ-SUS-HIKVISION-156172.html\">DS-1275ZJ-SUS\u00a0<\/a><\/li>\n<li><strong>Montaje de esquina, modelo:\u00a0<\/strong><a href=\"https:\/\/www.syscom.mx\/producto\/DS-1276ZJ-SUS-HIKVISION-156173.html\">DS-1276ZJ-SUS\u00a0<\/a><\/li>\n<li><strong>Caja de conexiones, modelo:\u00a0<\/strong><a href=\"https:\/\/ftp3.syscom.mx\/usuarios\/jsosa\/HIKVISION\/specs\/analogcam\/colorvu\/DS2CE72DF3TPIRXOS\/DS-2CE72DF3T-PIRXOS%20V1.0%2020200730.pdf\">DS-1280ZJ-TR13\u00a0<\/a><\/li>\n<\/ul>\n<\/div>\n<\/div>\n<div class=\"col-sm-4\">\n<div>\n<p><strong>Caracter\u00edsticas Destacadas:<\/strong>Las c\u00e1maras ColorVu cuentan con F stop ajustando a 1.0, lo que le permite una mayor captaci\u00f3n y aprovechamiento de la luz, su luz blanca permite iluminar los ambientes muy oscuros para brindar una imagen a color 24\/7, es por ello que ColorVu se encuentra entre las\u00a0<strong>m\u00e1s selecci\u00f3nadas por los clientes en ambientes como bares, tiendas, hogar, oficina, hospitales, perimetrales.<\/strong><\/p>\n<p>Las c\u00e1maras cuentan con un sensor PIR, este\u00a0<strong>\u00fanicamente<\/strong>\u00a0se activa cuando hay detecci\u00f3n de una persona o masa:<\/p>\n<ul>\n<li>Evitar falsas alarmas por polvo, viento o cambios de iluminaci\u00f3n.<\/li>\n<li>Evitar falsas alarmas por movimiento de objetos como cortinas, \u00e1rboles, animales peque\u00f1os.<\/li>\n<\/ul>\n<\/div>\n<\/div>\n<div class=\"col-sm-4\">\n<div>\n<p><strong>Caracter\u00edsticas F\u00edsicas y El\u00e9ctricas:<\/strong><\/p>\n<ul>\n<li>Temperatura de Operaci\u00f3n: &#8211; 40\u00b0C a 60\u00b0C.<\/li>\n<li>Alimentaci\u00f3n: 12Vcc \/ 9.6 Watts.<\/li>\n<li>Protecci\u00f3n: Interior \/ Exterior IP67.<\/li>\n<li>Fabricado en material de metal y policarbonato.<\/li>\n<li>Dimensi\u00f3nes: 109.82 x 93.66 mm.<\/li>\n<li>Peso: 396 gramos.<\/li>\n<li>Garant\u00eda de 2 a\u00f1os.<\/li>\n<li>Usar grabadores TURBOHD que soporten H.265+ para la compatibilidad de la opci\u00f3n de PIR para evitar falsas alarmas.<\/li>\n<li>Se recomienda utilizar el sensor PIR para ambientes controlados ya que puede generar falsas alarmas en condiciones adversas, se recomienda usar el PIR para uso en interior.<\/li>\n<\/ul>\n<\/div>\n<\/div>\n<\/div>\n<\/div>\n<p>&nbsp;<\/p>\n<p>&nbsp;<\/p>\n<h1><strong>Recursos<\/strong><\/h1>\n<p>&nbsp;<\/p>\n<div class=\"row default_margin_bottom\">\n<div class=\"col-sm-4\"><a href=\"https:\/\/www.hikvision.com\/es-la\/support\/download\/software\/ivms4200-series\/?q=serie%20ivms4200&amp;position=1\" target=\"_blank\" rel=\"noopener\"><img decoding=\"async\" class=\"img-responsive\" src=\"https:\/\/ftp3.syscom.mx\/usuarios\/gmagos\/HIK\/IP\/IPC\/Imagenes%20pagina\/Descargas%20IVMS4200.jpg\" \/><\/a><\/div>\n<div class=\"col-sm-4\"><a href=\"https:\/\/appstore.hikvision.com\/\" target=\"_blank\" rel=\"noopener\"><img decoding=\"async\" class=\"img-responsive\" src=\"https:\/\/ftp3.syscom.mx\/usuarios\/gmagos\/HIK\/IP\/IPC\/Imagenes%20pagina\/Descargas%20de%20app.jpg\" \/><\/a><\/div>\n<div class=\"col-sm-4\"><a href=\"https:\/\/ftp3.syscom.mx\/usuarios\/jsosa\/HIKVISION\/specs\/analogcam\/colorvu\/DS2CE72DF3TPIRXOS\/DS-2CE72DF3T-PIRXOS%20V1.0%2020200730.pdf\" target=\"_blank\" rel=\"noopener\"><img decoding=\"async\" class=\"img-responsive\" src=\"https:\/\/ftp3.syscom.mx\/usuarios\/gmagos\/HIK\/IP\/IPC\/Imagenes%20pagina\/Descarga%20de%20PDF.jpg\" \/><\/a><\/div>\n<\/div>\n<p>&nbsp;<\/p>\n<p><img decoding=\"async\" class=\"fr-fic fr-dii\" src=\"https:\/\/ftp3.syscom.mx\/usuarios\/jsosa\/HIKVISION\/imagenes\/colorvu\/F3T-PIRXOS%201.png\" \/><\/p>\n<p>&nbsp;<\/p>\n<p><img decoding=\"async\" class=\"fr-fic fr-dii\" src=\"https:\/\/ftp3.syscom.mx\/usuarios\/jsosa\/HIKVISION\/imagenes\/colorvu\/F3T-PIRXOS%202.png\" \/><\/p>\n<p>&nbsp;<\/p>\n<p><img decoding=\"async\" class=\"fr-fic fr-dii\" src=\"https:\/\/ftp3.syscom.mx\/usuarios\/jsosa\/HIKVISION\/imagenes\/banners\/solution%20complete.png\" \/><\/p>\n<p>&nbsp;<\/p>\n<\/div>\n<\/div>\n<\/div>\n<\/div>\n<\/div>\n<\/div>\n<p><img decoding=\"async\" src=\"https:\/\/tracker.metricool.com\/c3po.jpg?hash=95c94f37730bb8f54dd4308f1f878f9\" \/><\/p>\n","protected":false},"excerpt":{"rendered":"<p>Informaci\u00f3n de Producto Turret TURBOHD 2 Megapixeles (1080p) \/ Imagen a color 24\/7 \/ Lente 2.8 mm \/ Luz Blanca 20 mts \/ Exterior IP67 \/ WDR 130dB \/ Sensor PIR \/ Sirena Integrada \/ Estrobo ROJO &#8211; AZUL \/ Micr\u00f3fono Integrado Modelo:\u00a0DS-2CE72DF3T-PIRXOS Marca:\u00a0HIKVISION Especificaciones:&hellip;<\/p>\n","protected":false},"featured_media":1624,"comment_status":"open","ping_status":"closed","template":"","meta":{"om_disable_all_campaigns":false,"_monsterinsights_skip_tracking":false,"_monsterinsights_sitenote_active":false,"_monsterinsights_sitenote_note":"","_monsterinsights_sitenote_category":0},"product_brand":[],"product_cat":[45],"product_tag":[42,38,46,37],"class_list":{"0":"post-816","1":"product","2":"type-product","3":"status-publish","4":"has-post-thumbnail","6":"product_cat-domo","7":"product_tag-camaras","8":"product_tag-camaras-de-seguridad","9":"product_tag-camaras-domo","10":"product_tag-hikvision","12":"first","13":"instock","14":"taxable","15":"shipping-taxable","16":"product-type-simple"},"aioseo_notices":[],"_links":{"self":[{"href":"https:\/\/tecsecmty.com\/index.php\/wp-json\/wp\/v2\/product\/816","targetHints":{"allow":["GET"]}}],"collection":[{"href":"https:\/\/tecsecmty.com\/index.php\/wp-json\/wp\/v2\/product"}],"about":[{"href":"https:\/\/tecsecmty.com\/index.php\/wp-json\/wp\/v2\/types\/product"}],"replies":[{"embeddable":true,"href":"https:\/\/tecsecmty.com\/index.php\/wp-json\/wp\/v2\/comments?post=816"}],"version-history":[{"count":3,"href":"https:\/\/tecsecmty.com\/index.php\/wp-json\/wp\/v2\/product\/816\/revisions"}],"predecessor-version":[{"id":1626,"href":"https:\/\/tecsecmty.com\/index.php\/wp-json\/wp\/v2\/product\/816\/revisions\/1626"}],"wp:featuredmedia":[{"embeddable":true,"href":"https:\/\/tecsecmty.com\/index.php\/wp-json\/wp\/v2\/media\/1624"}],"wp:attachment":[{"href":"https:\/\/tecsecmty.com\/index.php\/wp-json\/wp\/v2\/media?parent=816"}],"wp:term":[{"taxonomy":"product_brand","embeddable":true,"href":"https:\/\/tecsecmty.com\/index.php\/wp-json\/wp\/v2\/product_brand?post=816"},{"taxonomy":"product_cat","embeddable":true,"href":"https:\/\/tecsecmty.com\/index.php\/wp-json\/wp\/v2\/product_cat?post=816"},{"taxonomy":"product_tag","embeddable":true,"href":"https:\/\/tecsecmty.com\/index.php\/wp-json\/wp\/v2\/product_tag?post=816"}],"curies":[{"name":"wp","href":"https:\/\/api.w.org\/{rel}","templated":true}]}}