{"id":8160,"date":"2023-02-23T22:18:33","date_gmt":"2023-02-24T04:18:33","guid":{"rendered":"https:\/\/tecsecmty.com\/index.php\/producto\/yli-ym180nled-cerradura-magnetica-con-indicador-led-para-control-de-acceso-fuerza-de-sujecion-180-kg-o-350-lb-compatible-con-soporte-yli-mbk180nlc-para-puerta-de-madera-vidrio-o-metal\/"},"modified":"2023-03-22T23:25:04","modified_gmt":"2023-03-23T05:25:04","slug":"yli-ym180nled-cerradura-magnetica-con-indicador-led-para-control-de-acceso-fuerza-de-sujecion-180-kg-o-350-lb-compatible-con-soporte-yli-mbk180nlc-para-puerta-de-madera-vidrio-o-metal","status":"publish","type":"product","link":"https:\/\/tecsecmty.com\/index.php\/producto\/yli-ym180nled-cerradura-magnetica-con-indicador-led-para-control-de-acceso-fuerza-de-sujecion-180-kg-o-350-lb-compatible-con-soporte-yli-mbk180nlc-para-puerta-de-madera-vidrio-o-metal\/","title":{"rendered":"YLI YM180NLED Cerradura Magn\u00e9tica con indicador led para Control de Acceso \/ Fuerza de Sujeci\u00f3n 180 Kg o 350 LB \/ Compatible con Soporte YLI MBK180NLC \/ Para puerta de madera, vidrio o metal"},"content":{"rendered":"<div class=\"row aling-items-center padding-bottom-2x\">\n<div class=\"col-lg-12\">\n<h5 class=\"card-title text-center\">Informaci\u00f3n general<\/h5>\n<p><strong>Modelo: YM180NLED<\/strong><\/p>\n<p>Cerradura Magn\u00e9tica con indicador led, fuerza de sujeci\u00f3n de 350 Libras y\/o 180kg, Compatible con cualquier control de acceso. El indicador led se muestra en rojo cuando esta bloqueada y en verde cuando esta desbloqueda.<\/p>\n<p><img decoding=\"async\" class=\"overview-center-img-web\" src=\"https:\/\/tvc.mx\/media\/702907\/cerradura-magnetica-YLE0850017-para-control-de-acceso-banner--tvc.png\" alt=\"\" \/><\/div>\n<\/div>\n<div class=\"row align-items-center padding-bottom-2x\">\n<div class=\"col-md-5 order-md-2\"><img decoding=\"async\" class=\"d-block m-auto img-thumbnail\" src=\"https:\/\/tvc.mx\/media\/525559\/YM180NLEDR.png\" alt=\" \" \/><\/div>\n<div class=\"col-md-7 order-md-1 text-md-left text-center\">\n<h2>Datos t\u00e9cnicos<\/h2>\n<p class=\"text-muted\">\n<ul>\n<li>Tama\u00f1o: 185Lx41.8Wx22.4H (mil\u00edmetro)<\/li>\n<li>Dimensi\u00f3n de la placa de armadura: 130Lx33Wx9.3Hmm)<\/li>\n<li>Fuerza de retenci\u00f3n: 180kg (350Lbs)<\/li>\n<li>Voltaje de entrada 12VDC\/24VDC<\/li>\n<li>Actual: 12V\/400mA o 24V\/200mA<\/li>\n<li>Estado del Led: Rojo muestra bloqueado; Estado verde desbloqueado<\/li>\n<li>Salida de se\u00f1al: Se\u00f1al de bloqueo (NO\/NC\/COM)<\/li>\n<li>Adecuado: Puerta de madera, Puerta de vidrio, Puerta de metal, Puerta ign\u00edfuga<\/li>\n<li>Peso: 1.2 kg<\/li>\n<li>Humedad: 0- 95% (sin condensaci\u00f3n)<\/li>\n<li>Certificado: MA CE-EMC-CE-LVD FCC RoHS REACH WEEE<\/li>\n<\/ul>\n<p>&nbsp;<\/p>\n<\/div>\n<\/div>\n<hr class=\"padding-bottom-2x\" \/>\n<div class=\"row align-items-center padding-bottom-2x\">\n<div class=\"col-md-5 order-md-2\"><img decoding=\"async\" class=\"d-block m-auto img-thumbnail\" src=\"https:\/\/tvc.mx\/media\/525567\/YM180NLEDd.png\" alt=\" \" \/><\/div>\n<div class=\"col-md-7 order-md-1 text-md-left text-center\">\n<h2>Vista de instalaci\u00f3n<\/h2>\n<p class=\"text-muted\">\n<p>Como podemos observar los diferentes tipos de instalaci\u00f3n que le podremos dar a nuestra chapa magn\u00e9tica.<\/p>\n<p>&nbsp;<\/p>\n<\/div>\n<\/div>\n<hr class=\"padding-bottom-2x\" \/>\n<div class=\"row align-items-center padding-bottom-2x\">\n<div class=\"col-md-5 order-md-2\"><img decoding=\"async\" class=\"d-block m-auto img-thumbnail\" src=\"https:\/\/tvc.mx\/media\/525591\/YM180NLED1.png\" alt=\" \" \/><\/div>\n<div class=\"col-md-7 order-md-1 text-md-left text-center\">\n<h2>Diagrama de conexi\u00f3n<\/h2>\n<p class=\"text-muted\">\n<p>En la imagen observamos el diagrama de conexi\u00f3n de la chapa magn\u00e9tica.<\/p>\n<p>Compatible con soporte\u00a0<strong>YLI MBK180NLC<\/strong><\/p>\n<\/div>\n<\/div>\n","protected":false},"excerpt":{"rendered":"<p>Informaci\u00f3n general Modelo: YM180NLED Cerradura Magn\u00e9tica con indicador led, fuerza de sujeci\u00f3n de 350 Libras y\/o 180kg, Compatible con cualquier control de acceso. El indicador led se muestra en rojo cuando esta bloqueada y en verde cuando esta desbloqueda. Datos t\u00e9cnicos Tama\u00f1o: 185Lx41.8Wx22.4H (mil\u00edmetro) Dimensi\u00f3n&hellip;<\/p>\n","protected":false},"featured_media":8159,"comment_status":"open","ping_status":"closed","template":"","meta":{"om_disable_all_campaigns":false,"_monsterinsights_skip_tracking":false,"_monsterinsights_sitenote_active":false,"_monsterinsights_sitenote_note":"","_monsterinsights_sitenote_category":0},"product_brand":[],"product_cat":[752],"product_tag":[81,727,730,66,731,728,729],"class_list":{"0":"post-8160","1":"product","2":"type-product","3":"status-publish","4":"has-post-thumbnail","6":"product_cat-magnetica-cerraduras-yli-acceso-asistencia","7":"product_tag-acceso-y-asistencia","8":"product_tag-cerraduras","9":"product_tag-commax-wulian","10":"product_tag-dahua","11":"product_tag-wejoin","12":"product_tag-yli","13":"product_tag-zkteco","15":"first","16":"instock","17":"sale","18":"taxable","19":"shipping-taxable","20":"purchasable","21":"product-type-simple"},"aioseo_notices":[],"_links":{"self":[{"href":"https:\/\/tecsecmty.com\/index.php\/wp-json\/wp\/v2\/product\/8160","targetHints":{"allow":["GET"]}}],"collection":[{"href":"https:\/\/tecsecmty.com\/index.php\/wp-json\/wp\/v2\/product"}],"about":[{"href":"https:\/\/tecsecmty.com\/index.php\/wp-json\/wp\/v2\/types\/product"}],"replies":[{"embeddable":true,"href":"https:\/\/tecsecmty.com\/index.php\/wp-json\/wp\/v2\/comments?post=8160"}],"version-history":[{"count":0,"href":"https:\/\/tecsecmty.com\/index.php\/wp-json\/wp\/v2\/product\/8160\/revisions"}],"wp:featuredmedia":[{"embeddable":true,"href":"https:\/\/tecsecmty.com\/index.php\/wp-json\/wp\/v2\/media\/8159"}],"wp:attachment":[{"href":"https:\/\/tecsecmty.com\/index.php\/wp-json\/wp\/v2\/media?parent=8160"}],"wp:term":[{"taxonomy":"product_brand","embeddable":true,"href":"https:\/\/tecsecmty.com\/index.php\/wp-json\/wp\/v2\/product_brand?post=8160"},{"taxonomy":"product_cat","embeddable":true,"href":"https:\/\/tecsecmty.com\/index.php\/wp-json\/wp\/v2\/product_cat?post=8160"},{"taxonomy":"product_tag","embeddable":true,"href":"https:\/\/tecsecmty.com\/index.php\/wp-json\/wp\/v2\/product_tag?post=8160"}],"curies":[{"name":"wp","href":"https:\/\/api.w.org\/{rel}","templated":true}]}}