{"id":8162,"date":"2023-02-23T22:18:34","date_gmt":"2023-02-24T04:18:34","guid":{"rendered":"https:\/\/tecsecmty.com\/index.php\/producto\/yli-ym180pack-paquete-de-cerradura-magnetica-para-interior-ym180n-y-soporte-de-fijacion-tipo-zl-fuerza-de-sujecion-180kg-350lb-para-puertas-de-madera-vidrio-y-metalicas\/"},"modified":"2023-03-22T23:25:04","modified_gmt":"2023-03-23T05:25:04","slug":"yli-ym180pack-paquete-de-cerradura-magnetica-para-interior-ym180n-y-soporte-de-fijacion-tipo-zl-fuerza-de-sujecion-180kg-350lb-para-puertas-de-madera-vidrio-y-metalicas","status":"publish","type":"product","link":"https:\/\/tecsecmty.com\/index.php\/producto\/yli-ym180pack-paquete-de-cerradura-magnetica-para-interior-ym180n-y-soporte-de-fijacion-tipo-zl-fuerza-de-sujecion-180kg-350lb-para-puertas-de-madera-vidrio-y-metalicas\/","title":{"rendered":"YLI YM180PACK &#8211; Paquete de Cerradura Magn\u00e9tica para interior YM180N y Soporte de Fijaci\u00f3n tipo ZL \/ Fuerza de Sujeci\u00f3n 180kg (350LB) \/ Para puertas de madera, vidrio y met\u00e1licas"},"content":{"rendered":"<div class=\"row aling-items-center padding-bottom-2x\">\n<div class=\"col-lg-12\">\n<h5 class=\"card-title text-center\">Informaci\u00f3n general<\/h5>\n<p><strong>Paquete YLI YM180PACK<\/strong><\/p>\n<p>El paquete incluye lo siguiente:<\/p>\n<ul>\n<li>1 Chapa magn\u00e9tica de 180kg o 350 lb de sujecion, para interiores.<\/li>\n<li>1 Soporte de fijaci\u00f3n ZL.<\/li>\n<\/ul>\n<p><img decoding=\"async\" class=\"overview-center-img-web\" src=\"https:\/\/tvc.mx\/media\/94849\/YLI0850009-1.jpg\" alt=\"\" \/><\/div>\n<\/div>\n<div class=\"row align-items-center padding-bottom-2x\">\n<div class=\"col-md-5\"><img decoding=\"async\" class=\"d-block m-auto img-thumbnail\" src=\"https:\/\/tvc.mx\/media\/94877\/YLI0850009-8.jpg\" alt=\" \" \/><\/div>\n<div class=\"col-md-7 text-md-left text-center\">\n<h2>Chapa magn\u00e9tica<\/h2>\n<p class=\"text-muted\">\n<p>El nombre completo de la chapa magn\u00e9tica es cerradura electromagn\u00e9tica de puerta. Este producto hace uso del principio de que la electricidad produce energ\u00eda magn\u00e9tica, por lo que cuando la electricidad pasa la hoja de acero al silicio, acero especial fabricado para poseer determinadas propiedades magn\u00e9ticas; la cerradura magn\u00e9tica mantendr\u00e1 la hoja de hierro tan unida como para bloquear la puerta. Si se cortara la electricidad, la cerradura se abrir\u00e1, solo si el sistema de control de acceso reconoce a una persona y permite este corte de energ\u00eda.<\/p>\n<p>Todas estas cerraduras electromagn\u00e9ticas\u00a0son de tipo \u201cFail Safe\u201d (A prueba de fallos) lo que significa que se mantienen cerradas solo mientras exista corriente el\u00e9ctrica a diferencia de los otros tipos de cerraduras el\u00e9ctricas,las cuales funcionan de modo contrario cuando no hay electricidad se mantienen cerradas.<\/p>\n<p>Por lo que las cerraduras electromagn\u00e9ticas se recomiendan para ser usadas en puertas internas que no requieran grandes niveles de seguridad aunque siempre recomendamos que los sistemas de control de acceso que utilicen este tipo de cerraduras tengan fuentes de energ\u00eda de respaldo como UPS o bater\u00edas de respaldo.<\/p>\n<p>&nbsp;<\/p>\n<\/div>\n<\/div>\n<hr class=\"padding-bottom-2x\" \/>\n<div class=\"row align-items-center padding-bottom-2x\">\n<div class=\"col-md-5 order-md-2\"><img decoding=\"async\" class=\"d-block m-auto img-thumbnail\" src=\"https:\/\/tvc.mx\/media\/94881\/YLI0850009-9.jpg\" alt=\" \" \/><\/div>\n<div class=\"col-md-7 order-md-1 text-md-left text-center\">\n<h2>Especificaciones<\/h2>\n<p class=\"text-muted\">\n<ul>\n<li>Tama\u00f1o 170Lx41.4Wx20.5H (mm)<\/li>\n<li>Dimensi\u00f3n de placa 130Lx33Wx9.3H (mm)<\/li>\n<li>Fuerza de retenci\u00f3n 180kg (350 libras)<\/li>\n<li>Voltaje de entrada 12\/24 VCC + 10%<\/li>\n<li>Corriente 12V \/ 300mA 24V \/ 150mA<\/li>\n<li>Adecuado Puerta de madera, puerta de cristal, puerta de metal, puerta a prueba de fuego<\/li>\n<li>Temperatura de superficie \u2264 + 20 \u00e2\u201e\u0192<\/li>\n<li>Temperatura de funcionamiento -10 ~ + 55 \u00e2\u201e\u0192 (14-131F)<\/li>\n<li>Humedad 0 ~ 90% (sin condensaci\u00f3n)<\/li>\n<li>Cubierta Acabado Aluminio anodizado<\/li>\n<li>Peso 1,2 kg<\/li>\n<\/ul>\n<p>&nbsp;<\/p>\n<\/div>\n<\/div>\n<hr class=\"padding-bottom-2x\" \/>\n<div class=\"row align-items-center padding-bottom-2x\">\n<div class=\"col-md-5\"><img decoding=\"async\" class=\"d-block m-auto img-thumbnail\" src=\"https:\/\/tvc.mx\/media\/94885\/YLI0850009-10.jpg\" alt=\" \" \/><\/div>\n<div class=\"col-md-7 text-md-left text-center\">\n<h2>Funciones<\/h2>\n<p class=\"text-muted\">\n<ul>\n<li class=\"ql-align-justify\">Como la cerradura magn\u00e9tica tiene una estructura mec\u00e1nica simple, se puede instalar incluso en las puertas de uso de salida de emergencia y se aplica extensamente a las puertas de paso en lugares como los estadios, salas de eventos, teatros, aeropuerto, aduana, metro, f\u00e1brica, escuela, hotel, zona residencial, gobierno, telecomunicaciones, entidad financiera, etc.<\/li>\n<\/ul>\n<ul>\n<li class=\"ql-align-justify\">La Cerradura Electromagn\u00e9tica se utiliza\u00a0como medio de apertura en lugares donde la entrada debe ser limitada con alg\u00fan control de acceso. El ejemplo m\u00e1s claro es una empresa, donde la recepcionista, ante el sonido del timbre, contesta; y si la persona que se encuentra en la entrada puede recibir autorizaci\u00f3n para ingresar, entra en juego este dispositivo para la apertura de la puerta.<\/li>\n<\/ul>\n<p>&nbsp;<\/p>\n<\/div>\n<\/div>\n<hr class=\"padding-bottom-2x\" \/>\n<div class=\"row align-items-center padding-bottom-2x\">\n<div class=\"col-md-5 order-md-2\"><img decoding=\"async\" class=\"d-block m-auto img-thumbnail\" src=\"https:\/\/tvc.mx\/media\/94857\/YLI0850009-2.jpg\" alt=\" \" \/><\/div>\n<div class=\"col-md-7 order-md-1 text-md-left text-center\">\n<h2>Soporte YLI YM180ZL<\/h2>\n<p class=\"text-muted\">\n<p>Esta pieza,la cual es fabricada con aluminio de alta resistencia sirve para anclar la chapa magn\u00e9tica modelo: YM-180 brind\u00e1ndole un fuerte soporte al electro-im\u00e1n. Est\u00e1 compuesta de dos partes, las cuales deben ir\u00a0posicionadas hacia el interior de la puerta.<\/p>\n<p>Ust\u00e9d podr\u00e1 elegir entre los modelos: MBK-180 ZL , MBK-280 ZL , MBK-350 ZL , MBK-500ZL , MBK-750ZL.<\/p>\n<p>&nbsp;<\/p>\n<\/div>\n<\/div>\n<hr class=\"padding-bottom-2x\" \/>\n<div class=\"row align-items-center padding-bottom-2x\">\n<div class=\"col-md-5\"><img decoding=\"async\" class=\"d-block m-auto img-thumbnail\" src=\"https:\/\/tvc.mx\/media\/94861\/YLI0850009-3.jpg\" alt=\" \" \/><\/div>\n<div class=\"col-md-7 text-md-left text-center\">\n<h2>Especificaciones<\/h2>\n<p class=\"text-muted\">\n<ul>\n<li class=\"ql-align-justify\">Material\u00a0\u00a0Aluminio de alta resistencia<\/li>\n<li class=\"ql-align-justify\">Adecuaciones\u00a0\u00a0Puerta estrecha<\/li>\n<li class=\"ql-align-justify\">Modo de apertura\u00a0\u00a0Puerta de 90 grados 9<\/li>\n<li class=\"ql-align-justify\">Acabado\u00a0\u00a0Aluminio anodizado<\/li>\n<li class=\"ql-align-justify\">Peso\u00a0\u00a00.4kg\/0.75kg\/0.82kg\/1.3kg\/1.6kg<\/li>\n<\/ul>\n<p>&nbsp;<\/p>\n<\/div>\n<\/div>\n<hr class=\"padding-bottom-2x\" \/>\n<div class=\"row align-items-center padding-bottom-2x\">\n<div class=\"col-md-5 order-md-2\"><img decoding=\"async\" class=\"d-block m-auto img-thumbnail\" src=\"https:\/\/tvc.mx\/media\/94865\/YLI0850009-4.jpg\" alt=\" \" \/><\/div>\n<div class=\"col-md-7 order-md-1 text-md-left text-center\">\n<h2>Funciones<\/h2>\n<p class=\"text-muted\">\n<ul>\n<li class=\"ql-align-justify\">Soporte para electroim\u00e1n.<\/li>\n<li class=\"ql-align-justify\">En forma de \u00abZ&amp;L\u00bb.<\/li>\n<li class=\"ql-align-justify\">Puerta con apertura hacia el interior.<\/li>\n<li class=\"ql-align-justify\">Modelos compatibles: YM-180.<\/li>\n<li class=\"ql-align-justify\">Adecuado para puertas de madera y puertas met\u00e1licas.<\/li>\n<li class=\"ql-align-justify\">Material: Aluminio.<\/li>\n<li class=\"ql-align-justify\">180 Kg de sujeci\u00f3n.<\/li>\n<\/ul>\n<\/div>\n<\/div>\n","protected":false},"excerpt":{"rendered":"<p>Informaci\u00f3n general Paquete YLI YM180PACK El paquete incluye lo siguiente: 1 Chapa magn\u00e9tica de 180kg o 350 lb de sujecion, para interiores. 1 Soporte de fijaci\u00f3n ZL. Chapa magn\u00e9tica El nombre completo de la chapa magn\u00e9tica es cerradura electromagn\u00e9tica de puerta. Este producto hace uso&hellip;<\/p>\n","protected":false},"featured_media":8161,"comment_status":"open","ping_status":"closed","template":"","meta":{"om_disable_all_campaigns":false,"_monsterinsights_skip_tracking":false,"_monsterinsights_sitenote_active":false,"_monsterinsights_sitenote_note":"","_monsterinsights_sitenote_category":0},"product_brand":[],"product_cat":[752],"product_tag":[81,727,730,66,731,728,729],"class_list":{"0":"post-8162","1":"product","2":"type-product","3":"status-publish","4":"has-post-thumbnail","6":"product_cat-magnetica-cerraduras-yli-acceso-asistencia","7":"product_tag-acceso-y-asistencia","8":"product_tag-cerraduras","9":"product_tag-commax-wulian","10":"product_tag-dahua","11":"product_tag-wejoin","12":"product_tag-yli","13":"product_tag-zkteco","15":"first","16":"instock","17":"sale","18":"taxable","19":"shipping-taxable","20":"purchasable","21":"product-type-simple"},"aioseo_notices":[],"_links":{"self":[{"href":"https:\/\/tecsecmty.com\/index.php\/wp-json\/wp\/v2\/product\/8162","targetHints":{"allow":["GET"]}}],"collection":[{"href":"https:\/\/tecsecmty.com\/index.php\/wp-json\/wp\/v2\/product"}],"about":[{"href":"https:\/\/tecsecmty.com\/index.php\/wp-json\/wp\/v2\/types\/product"}],"replies":[{"embeddable":true,"href":"https:\/\/tecsecmty.com\/index.php\/wp-json\/wp\/v2\/comments?post=8162"}],"version-history":[{"count":0,"href":"https:\/\/tecsecmty.com\/index.php\/wp-json\/wp\/v2\/product\/8162\/revisions"}],"wp:featuredmedia":[{"embeddable":true,"href":"https:\/\/tecsecmty.com\/index.php\/wp-json\/wp\/v2\/media\/8161"}],"wp:attachment":[{"href":"https:\/\/tecsecmty.com\/index.php\/wp-json\/wp\/v2\/media?parent=8162"}],"wp:term":[{"taxonomy":"product_brand","embeddable":true,"href":"https:\/\/tecsecmty.com\/index.php\/wp-json\/wp\/v2\/product_brand?post=8162"},{"taxonomy":"product_cat","embeddable":true,"href":"https:\/\/tecsecmty.com\/index.php\/wp-json\/wp\/v2\/product_cat?post=8162"},{"taxonomy":"product_tag","embeddable":true,"href":"https:\/\/tecsecmty.com\/index.php\/wp-json\/wp\/v2\/product_tag?post=8162"}],"curies":[{"name":"wp","href":"https:\/\/api.w.org\/{rel}","templated":true}]}}